{"id":4365,"date":"2022-01-10T11:32:01","date_gmt":"2022-01-10T11:32:01","guid":{"rendered":"https:\/\/www.ub.edu\/grapa\/?page_id=4365"},"modified":"2022-01-25T09:22:49","modified_gmt":"2022-01-25T09:22:49","slug":"links","status":"publish","type":"page","link":"https:\/\/www.ub.edu\/grapa\/resultats\/links\/","title":{"rendered":"Enlla\u00e7os d&#8217;inter\u00e8s"},"content":{"rendered":"\n[et_pb_section fb_built=\u00bb1&#8243; _builder_version=\u00bb4.13.1&#8243; _module_preset=\u00bbdefault\u00bb global_colors_info=\u00bb{}\u00bb theme_builder_area=\u00bbpost_content\u00bb admin_label=\u00bbSecci\u00f3n\u00bb][et_pb_row _builder_version=\u00bb4.13.1&#8243; _module_preset=\u00bbdefault\u00bb width=\u00bb100%\u00bb width_tablet=\u00bb100%\u00bb width_phone=\u00bb100%\u00bb width_last_edited=\u00bbon|phone\u00bb global_colors_info=\u00bb{}\u00bb theme_builder_area=\u00bbpost_content\u00bb admin_label=\u00bbLinks\u00bb][et_pb_column type=\u00bb4_4&#8243; _builder_version=\u00bb4.13.1&#8243; _module_preset=\u00bbdefault\u00bb global_colors_info=\u00bb{}\u00bb theme_builder_area=\u00bbpost_content\u00bb][et_pb_text _builder_version=\u00bb4.13.1&#8243; _module_preset=\u00bbdefault\u00bb hover_enabled=\u00bb0&#8243; global_colors_info=\u00bb{}\u00bb theme_builder_area=\u00bbpost_content\u00bb admin_label=\u00bbOrganismes\u00bb module_id=\u00bborganismes\u00bb sticky_enabled=\u00bb0&#8243;]<h2>ORGANISMES INSTITUCIONALS\u200b\u200b<\/h2>\n<ul>\n<li><a href=\"http:\/\/www.ceo.gencat.cat\/\" target=\"_blank\" rel=\"noopener\">Centre d\u2019Estudis d\u2019Opini\u00f3<\/a> (CEO)<\/li>\n<li><a href=\"http:\/\/www.cepc.gob.es\/\" target=\"_blank\" rel=\"noopener\">Centro de\u00a0Estudios\u00a0Pol\u00edticos\u00a0y\u00a0Constitucionales<\/a><\/li>\n<li><a href=\"http:\/\/www.cis.es\/\" target=\"_blank\" rel=\"noopener\">Centro de Investigaciones Sociol\u00f3gicas<\/a> (CIS)<\/li>\n<li><a href=\"http:\/\/goo.gl\/y33Nh\" target=\"_blank\" rel=\"noopener\">Espai d\u2019An\u00e0lisi de l\u2019Ocupaci\u00f3 P\u00fablica<\/a> \u2013 Generalitat de Catalunya<\/li>\n<li><a href=\"http:\/\/www.idescat.cat\/\" target=\"_blank\" rel=\"noopener\">Institut d\u2019Estad\u00edstica de Catalunya<\/a> (IDESCAT)<\/li>\n<li><a href=\"http:\/\/www20.gencat.cat\/portal\/site\/icip\" target=\"_blank\" rel=\"noopener\">Institut\u00a0Catal\u00e0\u00a0Internacional\u00a0per la\u00a0Pau<\/a><\/li>\n<li><a href=\"http:\/\/www20.gencat.cat\/portal\/site\/interior\/menuitem.fe6eb085120d73d5c366ec10b0c0e1a0\/?vgnextoid=fc617c20eed58210VgnVCM1000008d0c1e0aRCRD&amp;vgnextchannel=fc617c20eed58210VgnVCM1000008d0c1e0aRCRD\" target=\"_blank\" rel=\"noopener\">Institut\u00a0de\u00a0Seguretat\u00a0P\u00fablica\u00a0de\u00a0Catalunya<\/a><\/li>\n<li><a href=\"http:\/\/www.ine.es\/\" target=\"_blank\" rel=\"noopener\">Instituto Nacional de Estad\u00edstica<\/a> (INE)<\/li>\n<li><a href=\"http:\/\/www20.gencat.cat\/portal\/site\/observatoritreball\" target=\"_blank\" rel=\"noopener\">Observatori d\u2019Empresa i Ocupaci\u00f3<\/a> \u2013 Generalitat de Catalunya<\/li>\n<li><a href=\"http:\/\/www.oecd.org\/statistics\/\" target=\"_blank\" rel=\"noopener\">The Organisation for Economic Co-operation and Development<\/a> (OCDE)<\/li>\n<\/ul>\n<ul><\/ul>[\/et_pb_text][et_pb_text _builder_version=\u00bb4.13.1&#8243; _module_preset=\u00bbdefault\u00bb hover_enabled=\u00bb0&#8243; global_colors_info=\u00bb{}\u00bb theme_builder_area=\u00bbpost_content\u00bb admin_label=\u00bbRecerca\u00bb sticky_enabled=\u00bb0&#8243; module_id=\u00bbrecerca\u00bb]<h2>RECERCA &#8211; ACAD\u00c8MIA &#8211; THINK THANKS<\/h2>\n<ul>\n<li><a href=\"http:\/\/www.aecpa.es\/\" target=\"_blank\" rel=\"noopener\">Asociaci\u00f3n Espa\u00f1ola de Ciencia Pol\u00edtica y de la Administraci\u00f3n<\/a> (AECPA)<\/li>\n<li><a href=\"http:\/\/www.acgp.net\/\" target=\"_blank\" rel=\"noopener\">Associaci\u00f3 Catalana de Gesti\u00f3 P\u00fablica<\/a> (ACGP)<\/li>\n<li><a href=\"http:\/\/www.cidob.org\/\" target=\"_blank\" rel=\"noopener\">Barcelona Centre for International Affairs<\/a>\u00a0(CIDOB)<\/li>\n<li><a href=\"http:\/\/www.ceec.cat\/catala\/\" target=\"_blank\" rel=\"noopener\">Centre\u00a0d&#8217;Estudis\u00a0Estrat\u00e8gics\u00a0de\u00a0Catalunya<\/a>\u00a0(CEEC)<\/li>\n<li><a href=\"http:\/\/www.colpis.cat\/\" target=\"_blank\" rel=\"noopener\">Col\u00b7legi de Polit\u00f2legs i Soci\u00f2legs de Catalunya<\/a> (COLPIS)<\/li>\n<li><a href=\"http:\/\/escolapau.uab.cat\/index.php\" target=\"_blank\" rel=\"noopener\">Escola\u00a0de\u00a0Cultura\u00a0de\u00a0Pau<\/a><\/li>\n<li><a href=\"http:\/\/www.estudiconsultoria.com\/\" target=\"_blank\" rel=\"noopener\">Estudi Consultoria Sector P\u00fablic S. L. \/ Estudi de Dret P\u00fablic<\/a><\/li>\n<li><a href=\"http:\/\/www.pisunyer.org\/\" target=\"_blank\" rel=\"noopener\">Fundaci\u00f3\u00a0Carles\u00a0Pi i\u00a0Sunyer<\/a><\/li>\n<li><a href=\"http:\/\/www.factorhuma.org\/\" target=\"_blank\" rel=\"noopener\">Fundaci\u00f3 Factor Hum\u00e0<\/a><\/li>\n<li><a href=\"http:\/\/www.ortegaygasset.edu\/\" target=\"_blank\" rel=\"noopener\">Fundaci\u00f3n\u00a0Ortega-Mara\u00f1\u00f3n<\/a><\/li>\n<li><a href=\"http:\/\/www.upf.edu\/recerca\/grups\/gr-govern.html\" target=\"_blank\" rel=\"noopener\">Grup\u00a0de\u00a0Recerca\u00a0en Govern,\u00a0Gesti\u00f3\u00a0i\u00a0Pol\u00edtiques\u00a0P\u00fabliques<\/a>\u00a0\u2013\u00a0Universitat\u00a0Pompeu\u00a0Fabra<\/li>\n<li><a href=\"http:\/\/www.gigapp.org\/\" target=\"_blank\" rel=\"noopener\">Grupo\u00a0de\u00a0Investigaci\u00f3n\u00a0en\u00a0Gobierno,\u00a0Administraci\u00f3n\u00a0y\u00a0Pol\u00edticas\u00a0P\u00fablicas<\/a>\u00a0(GIGAPP)<\/li>\n<li><a href=\"http:\/\/www.colpolsoc.org\/\" target=\"_blank\" rel=\"noopener\">Ilustre Colegio Nacional de Doctores y Licenciados en Ciencias Pol\u00edticas y Sociolog\u00eda<\/a><\/li>\n<li><a href=\"http:\/\/www.ibei.org\/\" target=\"_blank\" rel=\"noopener\">Institut\u00a0Barcelona\u00a0d&#8217;Estudis\u00a0Internacionals<\/a>\u00a0(IBEI)<\/li>\n<li><a href=\"http:\/\/www.icps.es\/\" target=\"_blank\" rel=\"noopener\">Institut\u00a0de\u00a0Ci\u00e8ncies\u00a0Pol\u00edtiques\u00a0i Socials<\/a>\u00a0(ICPS)<\/li>\n<li><a href=\"http:\/\/igop.uab.es\/\" target=\"_blank\" rel=\"noopener\">Institut\u00a0de Govern i\u00a0Pol\u00edtiques\u00a0P\u00fabliques<\/a>\u00a0\u2013\u00a0Universitat\u00a0Aut\u00f2noma\u00a0de Barcelona<\/li>\n<li><a href=\"http:\/\/www.esade.edu\/research-webs\/cat\/igdp\" target=\"_blank\" rel=\"noopener\">Institut\u00a0de\u00a0Governan\u00e7a\u00a0i\u00a0Direcci\u00f3\u00a0P\u00fablica<\/a>\u00a0 (IGDP) \u2013\u00a0ESADE<\/li>\n<li><a href=\"http:\/\/www.iris-france.org\/\" target=\"_blank\" rel=\"noopener\">Institut\u00a0de Relations\u00a0Internationales\u00a0et\u00a0Strategiques<\/a>\u00a0(IRIS)<\/li>\n<li><a href=\"http:\/\/www.sipri.org\/\" target=\"_blank\" rel=\"noopener\">Stockholm International Peace Research Institute<\/a>\u00a0(SIPRI)<\/li>\n<li><a href=\"http:\/\/www.xarxaip.cat\/\" target=\"_blank\" rel=\"noopener\">Xarxa d\u2019Innovaci\u00f3 P\u00fablica<\/a> (XIP)<a href=\"http:\/\/www.cepc.gob.es\/publicaciones\/revistas\/revistaselectronicas?IDR=3\" target=\"_blank\" rel=\"noopener\"><\/a><\/li>\n<\/ul>[\/et_pb_text][et_pb_text _builder_version=\u00bb4.13.1&#8243; _module_preset=\u00bbdefault\u00bb hover_enabled=\u00bb0&#8243; global_colors_info=\u00bb{}\u00bb theme_builder_area=\u00bbpost_content\u00bb admin_label=\u00bbEscoles\u00bb module_id=\u00bbescoles\u00bb sticky_enabled=\u00bb0&#8243;]<h2>ESCOLES D&#8217;ADMINISTRACI\u00d3 P\u00daBLICA<\/h2>\n<ul>\n<li><a href=\"http:\/\/www20.gencat.cat\/portal\/site\/eapc\" target=\"_blank\" rel=\"noopener\">Escola d\u2019Administraci\u00f3 P\u00fablica de Catalunya<\/a> (EAPC)<\/li>\n<li><a href=\"http:\/\/egap.xunta.es\/\" target=\"_blank\" rel=\"noopener\">Escola Galega de Administraci\u00f3n P\u00fablica<\/a> (EGAP)<\/li>\n<li><a href=\"http:\/\/www.eclap.jcyl.es\/\" target=\"_blank\" rel=\"noopener\">Escuela de Administraci\u00f3n P\u00fablica de Castilla y Le\u00f3n<\/a><\/li>\n<li><a href=\"http:\/\/www.aragon.es\/DepartamentosOrganismosPublicos\/Organismos\/InstitutoAragonesAdministracionPublica\" target=\"_blank\" rel=\"noopener\">Instituto Aragon\u00e9s de Administraci\u00f3n P\u00fablica<\/a><\/li>\n<li><a href=\"http:\/\/www.inap.map.es\/\" target=\"_blank\" rel=\"noopener\">Instituto Nacional de Administraci\u00f3n P\u00fablica<\/a> (INAP)<\/li>\n<li><a href=\"http:\/\/www.ivap.euskadi.net\/\" target=\"_blank\" rel=\"noopener\">Instituto Vasco de Administraci\u00f3n P\u00fablica<\/a> (IVAP)<a href=\"http:\/\/www.cepc.gob.es\/publicaciones\/revistas\/revistaselectronicas?IDR=3\" target=\"_blank\" rel=\"noopener\"><\/a><\/li>\n<\/ul>[\/et_pb_text][et_pb_text _builder_version=\u00bb4.13.1&#8243; _module_preset=\u00bbdefault\u00bb hover_enabled=\u00bb0&#8243; global_colors_info=\u00bb{}\u00bb theme_builder_area=\u00bbpost_content\u00bb admin_label=\u00bbRevistes\u00bb sticky_enabled=\u00bb0&#8243; module_id=\u00bbrevistes\u00bb]<h2>REVISTES<\/h2>\n<ul>\n<li><a href=\"http:\/\/www.fundamespa.org\/revistabuengob.htm\" target=\"_blank\" rel=\"noopener\">Buen Gobierno\u00a0<\/a><\/li>\n<li><a href=\"http:\/\/revistasonline.inap.es\/index.php?journal=GAPP\" target=\"_blank\" rel=\"noopener\">Gesti\u00f3n y An\u00e1lisis de Pol\u00edticas P\u00fablicas<\/a><\/li>\n<li><a href=\"http:\/\/revistes.eapc.gencat.cat\/index.php\/rcdp\" target=\"_blank\" rel=\"noopener\">Revista Catalana de Dret P\u00fablic<\/a> \/ <a href=\"http:\/\/blocs.gencat.cat\/blocs\/AppPHP\/eapc-rcdp\/\" target=\"_blank\" rel=\"noopener\">Blog de la Revista Catalana de Dret P\u00fablic<\/a><\/li>\n<li><a href=\"http:\/\/www.cidob.org\/es\/publicaciones\/revistas\/revista_cidob_d_afers_internacionals\" target=\"_blank\" rel=\"noopener\">Revista CIDOB d&#8217;Afers Internacionals<\/a><\/li>\n<li><a href=\"http:\/\/www.recp.es\/index.php\/recp\/index\" target=\"_blank\" rel=\"noopener\">Revista Espa\u00f1ola de Ciencia Pol\u00edtica<\/a><\/li>\n<li><a href=\"http:\/\/www.cepc.gob.es\/publicaciones\/revistas\/revistaselectronicas?IDR=3\" target=\"_blank\" rel=\"noopener\">Revista de Estudios Pol\u00edticos<\/a><\/li>\n<\/ul>[\/et_pb_text][\/et_pb_column][\/et_pb_row][\/et_pb_section]\n","protected":false},"excerpt":{"rendered":"<p>ORGANISMES INSTITUCIONALS\u200b\u200b Centre d\u2019Estudis d\u2019Opini\u00f3 (CEO) Centro de\u00a0Estudios\u00a0Pol\u00edticos\u00a0y\u00a0Constitucionales Centro de Investigaciones Sociol\u00f3gicas (CIS) Espai d\u2019An\u00e0lisi de l\u2019Ocupaci\u00f3 P\u00fablica \u2013 Generalitat de Catalunya Institut d\u2019Estad\u00edstica de Catalunya (IDESCAT) Institut\u00a0Catal\u00e0\u00a0Internacional\u00a0per la\u00a0Pau Institut\u00a0de\u00a0Seguretat\u00a0P\u00fablica\u00a0de\u00a0Catalunya Instituto Nacional de Estad\u00edstica (INE) Observatori d\u2019Empresa i Ocupaci\u00f3 \u2013 Generalitat de Catalunya The Organisation for Economic Co-operation and Development (OCDE) RECERCA &#8211; ACAD\u00c8MIA &#8211; [&hellip;]<\/p>\n","protected":false},"author":3,"featured_media":0,"parent":2918,"menu_order":0,"comment_status":"closed","ping_status":"closed","template":"","meta":{"_et_pb_use_builder":"on","_et_pb_old_content":"","_et_gb_content_width":"","footnotes":""},"class_list":["post-4365","page","type-page","status-publish","hentry"],"_links":{"self":[{"href":"https:\/\/www.ub.edu\/grapa\/wp-json\/wp\/v2\/pages\/4365","targetHints":{"allow":["GET"]}}],"collection":[{"href":"https:\/\/www.ub.edu\/grapa\/wp-json\/wp\/v2\/pages"}],"about":[{"href":"https:\/\/www.ub.edu\/grapa\/wp-json\/wp\/v2\/types\/page"}],"author":[{"embeddable":true,"href":"https:\/\/www.ub.edu\/grapa\/wp-json\/wp\/v2\/users\/3"}],"replies":[{"embeddable":true,"href":"https:\/\/www.ub.edu\/grapa\/wp-json\/wp\/v2\/comments?post=4365"}],"version-history":[{"count":1,"href":"https:\/\/www.ub.edu\/grapa\/wp-json\/wp\/v2\/pages\/4365\/revisions"}],"predecessor-version":[{"id":4658,"href":"https:\/\/www.ub.edu\/grapa\/wp-json\/wp\/v2\/pages\/4365\/revisions\/4658"}],"up":[{"embeddable":true,"href":"https:\/\/www.ub.edu\/grapa\/wp-json\/wp\/v2\/pages\/2918"}],"wp:attachment":[{"href":"https:\/\/www.ub.edu\/grapa\/wp-json\/wp\/v2\/media?parent=4365"}],"curies":[{"name":"wp","href":"https:\/\/api.w.org\/{rel}","templated":true}]}}