{"id":5163,"date":"2023-10-07T17:48:02","date_gmt":"2023-10-07T17:48:02","guid":{"rendered":"https:\/\/www.ub.edu\/grapa\/?page_id=5163"},"modified":"2023-10-10T07:21:52","modified_gmt":"2023-10-10T07:21:52","slug":"moussabourekba","status":"publish","type":"page","link":"https:\/\/www.ub.edu\/grapa\/equip\/moussabourekba\/","title":{"rendered":"Fitxa Moussa Bourekba"},"content":{"rendered":"<p>[et_pb_section fb_built=\u00bb1&#8243; admin_label=\u00bbMenu idiomas\u00bb _builder_version=\u00bb4.10.7&#8243; _module_preset=\u00bbdefault\u00bb background_color=\u00bb#000000&#8243; max_height=\u00bb81px\u00bb custom_margin=\u00bb0px|0px|0px|0px|false|false\u00bb custom_padding=\u00bb0px|0px|0px|0px|false|false\u00bb global_colors_info=\u00bb{}\u00bb][et_pb_row _builder_version=\u00bb4.11.4&#8243; _module_preset=\u00bbdefault\u00bb width_tablet=\u00bb90%\u00bb width_phone=\u00bb90%\u00bb width_last_edited=\u00bbon|tablet\u00bb custom_margin=\u00bb0px||0px||false|false\u00bb custom_padding=\u00bb0px||0px||false|false\u00bb global_colors_info=\u00bb{}\u00bb][et_pb_column type=\u00bb4_4&#8243; _builder_version=\u00bb4.10.7&#8243; _module_preset=\u00bbdefault\u00bb global_colors_info=\u00bb{}\u00bb][et_pb_menu menu_id=\u00bb19&#8243; admin_label=\u00bbMen\u00fa idiomas\u00bb module_id=\u00bbmenu-idioma\u00bb _builder_version=\u00bb4.10.7&#8243; _module_preset=\u00bbdefault\u00bb background_color=\u00bbRGBA(0,0,0,0)\u00bb text_orientation=\u00bbright\u00bb global_colors_info=\u00bb{}\u00bb][\/et_pb_menu][\/et_pb_column][\/et_pb_row][\/et_pb_section][et_pb_section fb_built=\u00bb1&#8243; admin_label=\u00bbMenu principal\u00bb _builder_version=\u00bb4.10.7&#8243; _module_preset=\u00bbdefault\u00bb height=\u00bb100px\u00bb height_tablet=\u00bb80px\u00bb height_phone=\u00bb80px\u00bb height_last_edited=\u00bbon|phone\u00bb custom_margin=\u00bb0px|0px|0px|0px|false|false\u00bb custom_padding=\u00bb0px|0px|0px|0px|false|false\u00bb animation_direction=\u00bbtop\u00bb sticky_position=\u00bbtop\u00bb scroll_vertical_motion=\u00bb0|50|50|100|1|1|0&#8243; scroll_fade=\u00bb0|50|50|100|100%|50%|50%\u00bb scroll_scaling=\u00bb0|50|50|100|75%|90%|100%\u00bb scroll_rotating=\u00bb0|50|50|100|90|45\u00b0|0&#8243; motion_trigger_start=\u00bbbottom\u00bb z_index_tablet=\u00bb\u00bb z_index_phone=\u00bb\u00bb z_index_last_edited=\u00bbon|desktop\u00bb sticky_transition_last_edited=\u00bboff|desktop\u00bb custom_css_main_element=\u00bb||\u00bb box_shadow_style=\u00bbpreset3&#8243; box_shadow_vertical=\u00bb2px\u00bb global_colors_info=\u00bb{}\u00bb box_shadow_blur__hover_enabled=\u00bbon|desktop\u00bb][et_pb_row admin_label=\u00bbFila\u00bb _builder_version=\u00bb4.12.1&#8243; _module_preset=\u00bbdefault\u00bb z_index=\u00bb500&#8243; width_tablet=\u00bb90%\u00bb width_phone=\u00bb90%\u00bb width_last_edited=\u00bbon|phone\u00bb custom_margin=\u00bb||||false|false\u00bb custom_padding=\u00bb15px|0px|0px|0px|false|false\u00bb scroll_vertical_motion=\u00bb0|50|50|100|-0.1|0|0&#8243; scroll_scaling=\u00bb0|50|50|100|100%|100%|95%\u00bb global_colors_info=\u00bb{}\u00bb][et_pb_column type=\u00bb4_4&#8243; admin_label=\u00bbColumna\u00bb _builder_version=\u00bb4.10.7&#8243; _module_preset=\u00bbdefault\u00bb custom_padding=\u00bb0px|0px|0px|0px|false|false\u00bb custom_css_main_element=\u00bb||\u00bb global_colors_info=\u00bb{}\u00bb][et_pb_menu logo=\u00bbhttps:\/\/www.ub.edu\/grapa\/wp-content\/uploads\/2022\/01\/logoGRAPA.png\u00bb logo_url=\u00bb@ET-DC@eyJkeW5hbWljIjp0cnVlLCJjb250ZW50IjoiaG9tZV91cmwiLCJzZXR0aW5ncyI6e319@\u00bb logo_max_height=\u00bb50px\u00bb show_search_icon=\u00bbon\u00bb logo_max_height_tablet=\u00bb55px\u00bb logo_max_height_phone=\u00bb35px\u00bb logo_max_height_last_edited=\u00bbon|phone\u00bb admin_label=\u00bbMen\u00fa principal\u00bb module_id=\u00bbmain-menu\u00bb _builder_version=\u00bb4.13.1&#8243; _dynamic_attributes=\u00bblogo_url\u00bb _module_preset=\u00bbdefault\u00bb menu_font=\u00bb|||on|||||\u00bb menu_text_color=\u00bb#3D4756&#8243; menu_font_size=\u00bb15px\u00bb text_orientation=\u00bbright\u00bb scroll_scaling=\u00bb0|50|50|100|20%|100|100&#8243; menu_text_color_tablet=\u00bb\u00bb menu_text_color_phone=\u00bb\u00bb menu_text_color_last_edited=\u00bbon|desktop\u00bb menu_font_size_tablet=\u00bb20px\u00bb menu_font_size_phone=\u00bb20px\u00bb menu_font_size_last_edited=\u00bbon|phone\u00bb menu_line_height_tablet=\u00bb2em\u00bb menu_line_height_phone=\u00bb2em\u00bb menu_line_height_last_edited=\u00bbon|phone\u00bb z_index_tablet=\u00bb\u00bb z_index_phone=\u00bb\u00bb z_index_last_edited=\u00bbon|desktop\u00bb text_orientation_tablet=\u00bbcenter\u00bb text_orientation_phone=\u00bbcenter\u00bb text_orientation_last_edited=\u00bbon|phone\u00bb global_colors_info=\u00bb{}\u00bb menu_text_color__hover_enabled=\u00bbon|hover\u00bb menu_text_color__hover=\u00bb#1972B2&#8243;][\/et_pb_menu][\/et_pb_column][\/et_pb_row][\/et_pb_section][et_pb_section fb_built=\u00bb1&#8243; admin_label=\u00bbFicha miembro\u00bb _builder_version=\u00bb4.13.1&#8243; _module_preset=\u00bbdefault\u00bb global_colors_info=\u00bb{}\u00bb][et_pb_row column_structure=\u00bb1_5,3_5,1_5&#8243; use_custom_gutter=\u00bbon\u00bb gutter_width=\u00bb1&#8243; make_equal=\u00bbon\u00bb admin_label=\u00bbEncabezado\u00bb _builder_version=\u00bb4.13.1&#8243; _module_preset=\u00bbdefault\u00bb background_color=\u00bb#FFFFFF\u00bb width_tablet=\u00bb90%\u00bb width_phone=\u00bb85%\u00bb width_last_edited=\u00bbon|phone\u00bb animation_style=\u00bbfade\u00bb animation_direction=\u00bbtop\u00bb border_width_bottom=\u00bb1px\u00bb border_color_bottom=\u00bb#000000&#8243; border_style_bottom=\u00bbdotted\u00bb collapsed=\u00bboff\u00bb global_colors_info=\u00bb{}\u00bb width__hover_enabled=\u00bboff|desktop\u00bb][et_pb_column type=\u00bb1_5&#8243; admin_label=\u00bbFoto\u00bb _builder_version=\u00bb4.10.7&#8243; _module_preset=\u00bbdefault\u00bb global_colors_info=\u00bb{}\u00bb][et_pb_image src=\u00bbhttps:\/\/www.ub.edu\/grapa\/wp-content\/uploads\/2023\/04\/Foto.cv_.jpg\u00bb alt=\u00bbRafa Mart\u00ednez\u00bb title_text=\u00bbFoto.cv\u00bb align=\u00bbcenter\u00bb align_tablet=\u00bbcenter\u00bb align_phone=\u00bbcenter\u00bb align_last_edited=\u00bbon|tablet\u00bb _builder_version=\u00bb4.13.1&#8243; _module_preset=\u00bbdefault\u00bb max_width=\u00bb200px\u00bb border_radii=\u00bbon|586px|586px|586px|586px\u00bb border_width_all=\u00bb4px\u00bb border_color_all=\u00bb#a8a8a8&#8243; border_style_all=\u00bbdouble\u00bb global_colors_info=\u00bb{}\u00bb][\/et_pb_image][\/et_pb_column][et_pb_column type=\u00bb3_5&#8243; admin_label=\u00bbDatos\u00bb _builder_version=\u00bb4.10.7&#8243; _module_preset=\u00bbdefault\u00bb custom_padding_tablet=\u00bb\u00bb custom_padding_phone=\u00bb\u00bb custom_padding_last_edited=\u00bbon|tablet\u00bb global_colors_info=\u00bb{}\u00bb][et_pb_text admin_label=\u00bbNombre\u00bb _builder_version=\u00bb4.13.1&#8243; _module_preset=\u00bbdefault\u00bb custom_margin_tablet=\u00bb20px||||false|false\u00bb custom_margin_phone=\u00bb\u00bb custom_margin_last_edited=\u00bbon|phone\u00bb text_orientation_tablet=\u00bbcenter\u00bb text_orientation_phone=\u00bbleft\u00bb text_orientation_last_edited=\u00bbon|tablet\u00bb global_colors_info=\u00bb{}\u00bb]<\/p>\n<p><span style=\"font-size: xx-large;\">Moussa Bourekba<\/span><\/p>\n<p>[\/et_pb_text][et_pb_text admin_label=\u00bbCargo\u00bb _builder_version=\u00bb4.13.1&#8243; _module_preset=\u00bbdefault\u00bb text_font=\u00bb|300|||||||\u00bb text_orientation_tablet=\u00bbcenter\u00bb text_orientation_phone=\u00bbleft\u00bb text_orientation_last_edited=\u00bbon|phone\u00bb global_colors_info=\u00bb{}\u00bb]<\/p>\n<p>Investigador principal del CIDOB (Barcelona Centre for International Affairs)<\/p>\n<p>[\/et_pb_text][et_pb_blurb use_icon=\u00bbon\u00bb font_icon=\u00bb&#xe010;||divi||400&#8243; icon_color=\u00bb#FFFFFF\u00bb image_icon_background_color=\u00bb#1972B2&#8243; icon_placement=\u00bbleft\u00bb image_icon_width=\u00bb16px\u00bb admin_label=\u00bbMail\u00bb _builder_version=\u00bb4.13.1&#8243; _module_preset=\u00bbdefault\u00bb image_icon_custom_padding=\u00bb8px|8px|8px|8px|false|false\u00bb max_width=\u00bb35px\u00bb module_alignment=\u00bbleft\u00bb custom_margin=\u00bb10px||||false|false\u00bb custom_padding=\u00bb||||false|false\u00bb custom_padding_tablet=\u00bb|||42%|false|false\u00bb custom_padding_phone=\u00bb|||0%|false|false\u00bb custom_padding_last_edited=\u00bbon|tablet\u00bb hover_transition_duration=\u00bb500ms\u00bb link_option_url=\u00bbmailto:mbourekba@cidob.org\u00bb custom_css_main_element=\u00bbdisplay: inline-block;\u00bb border_radii_image=\u00bbon|100%|100%|100%|100%\u00bb use_circle=\u00bbon\u00bb circle_color=\u00bb#b7b7b7&#8243; circle_color__hover=\u00bb#6090c4&#8243; circle_color__hover_enabled=\u00bbon|desktop\u00bb global_colors_info=\u00bb{}\u00bb icon_color__hover_enabled=\u00bbon|hover\u00bb icon_color__hover=\u00bb#FFFFFF\u00bb image_icon_background_color__hover=\u00bb#62A6EA\u00bb image_icon_background_color__hover_enabled=\u00bbon|desktop\u00bb image_icon_background_color__sticky_enabled=\u00bb#2ea3f2&#8243; image_icon_background_color__sticky=\u00bb#2ea3f2&#8243;][\/et_pb_blurb][et_pb_blurb use_icon=\u00bbon\u00bb font_icon=\u00bb&#xe0e3;||divi||400&#8243; icon_color=\u00bb#FFFFFF\u00bb image_icon_background_color=\u00bb#1972B2&#8243; icon_placement=\u00bbleft\u00bb image_icon_width=\u00bb16px\u00bb admin_label=\u00bbWeb\u00bb _builder_version=\u00bb4.13.1&#8243; _module_preset=\u00bbdefault\u00bb image_icon_custom_padding=\u00bb8px|8px|8px|8px|false|false\u00bb max_width=\u00bb35px\u00bb module_alignment=\u00bbleft\u00bb custom_padding=\u00bb||||false|false\u00bb custom_padding_tablet=\u00bb|||35px|false|false\u00bb custom_padding_phone=\u00bb|||0%|false|false\u00bb custom_padding_last_edited=\u00bbon|tablet\u00bb hover_transition_duration=\u00bb500ms\u00bb link_option_url=\u00bbhttps:\/\/www.researchgate.net\/profile\/Moussa-Bourekba\u00bb link_option_url_new_window=\u00bbon\u00bb custom_css_main_element=\u00bbdisplay: inline-block;\u00bb border_radii_image=\u00bbon|100%|100%|100%|100%\u00bb use_circle=\u00bbon\u00bb circle_color=\u00bb#b7b7b7&#8243; circle_color__hover=\u00bb#6090c4&#8243; circle_color__hover_enabled=\u00bbon|desktop\u00bb global_colors_info=\u00bb{}\u00bb image_icon_background_color__hover=\u00bb#62A6EA\u00bb image_icon_background_color__hover_enabled=\u00bbon|desktop\u00bb image_icon_background_color__sticky_enabled=\u00bb#2ea3f2&#8243; image_icon_background_color__sticky=\u00bb#2ea3f2&#8243;][\/et_pb_blurb][et_pb_blurb use_icon=\u00bbon\u00bb font_icon=\u00bb&#x68;||divi||400&#8243; icon_color=\u00bb#FFFFFF\u00bb image_icon_background_color=\u00bb#1972B2&#8243; icon_placement=\u00bbleft\u00bb image_icon_width=\u00bb16px\u00bb admin_label=\u00bbCurriculum\u00bb _builder_version=\u00bb4.13.1&#8243; _module_preset=\u00bbdefault\u00bb image_icon_custom_padding=\u00bb8px|8px|8px|8px|false|false\u00bb max_width=\u00bb35px\u00bb module_alignment=\u00bbleft\u00bb custom_padding=\u00bb||||false|false\u00bb custom_padding_tablet=\u00bb|||35px|false|false\u00bb custom_padding_phone=\u00bb|||0%|false|false\u00bb custom_padding_last_edited=\u00bbon|tablet\u00bb hover_transition_duration=\u00bb500ms\u00bb custom_css_main_element=\u00bbdisplay: inline-block;\u00bb border_radii_image=\u00bbon|100%|100%|100%|100%\u00bb use_circle=\u00bbon\u00bb circle_color=\u00bb#b7b7b7&#8243; circle_color__hover=\u00bb#6090c4&#8243; circle_color__hover_enabled=\u00bbon|desktop\u00bb global_colors_info=\u00bb{}\u00bb image_icon_background_color__hover=\u00bb#62A6EA\u00bb image_icon_background_color__hover_enabled=\u00bbon|desktop\u00bb image_icon_background_color__sticky_enabled=\u00bb#2ea3f2&#8243; image_icon_background_color__sticky=\u00bb#2ea3f2&#8243;][\/et_pb_blurb][\/et_pb_column][et_pb_column type=\u00bb1_5&#8243; admin_label=\u00bbRelleno\u00bb _builder_version=\u00bb4.10.7&#8243; _module_preset=\u00bbdefault\u00bb global_colors_info=\u00bb{}\u00bb][\/et_pb_column][\/et_pb_row][et_pb_row admin_label=\u00bbCuerpo\u00bb _builder_version=\u00bb4.13.1&#8243; _module_preset=\u00bbdefault\u00bb width_tablet=\u00bb90%\u00bb width_phone=\u00bb85%\u00bb width_last_edited=\u00bbon|phone\u00bb custom_margin_tablet=\u00bb\u00bb custom_margin_phone=\u00bb\u00bb custom_margin_last_edited=\u00bbon|tablet\u00bb animation_style=\u00bbslide\u00bb animation_direction=\u00bbbottom\u00bb animation_delay=\u00bb300ms\u00bb animation_intensity_slide=\u00bb5%\u00bb animation_speed_curve=\u00bbease\u00bb global_colors_info=\u00bb{}\u00bb][et_pb_column type=\u00bb4_4&#8243; admin_label=\u00bbContenido\u00bb _builder_version=\u00bb4.10.7&#8243; _module_preset=\u00bbdefault\u00bb custom_padding=\u00bb50px|80px|50px|80px|true|true\u00bb custom_padding_tablet=\u00bb15px|0px|15px|0px|true|true\u00bb custom_padding_phone=\u00bb10px|0px|10px|0px|true|true\u00bb custom_padding_last_edited=\u00bbon|phone\u00bb global_colors_info=\u00bb{}\u00bb][et_pb_text admin_label=\u00bbBiograf\u00eda\u00bb _builder_version=\u00bb4.13.1&#8243; _module_preset=\u00bbdefault\u00bb text_orientation=\u00bbjustified\u00bb custom_margin=\u00bb||||false|false\u00bb custom_padding=\u00bb||||false|false\u00bb hover_enabled=\u00bb0&#8243; global_colors_info=\u00bb{}\u00bb sticky_enabled=\u00bb0&#8243;]<\/p>\n<p>Moussa Bourekba \u00e9s investigador principal de CIDOB (Barcelona Centre for International Affairs). Tamb\u00e9 \u00e9s professor associat en Relacions Internacionals en la Facultat de Blanquerna (Universitat Ramon Llull). Abans d&#8217;unir-se a CIDOB, era investigador j\u00fanior en l&#8217;Institut Europeu del Mediterrani (IEMed, Barcelona). Tamb\u00e9 va treballar com a consultor per al Institut Fran\u00e7ais donis Relations Internationales (IFRI, Par\u00eds).<\/p>\n<p>En CIDOB, Moussa se centra en les relacions internacionals a Orient Mitj\u00e0 i el Nord d&#8217;\u00c0frica, els processos de democratitzaci\u00f3 en aquesta regi\u00f3, l&#8217;extremisme violent i la islamof\u00f2bia a Europa. Participa en el Projecte Horizon Europe SHAPEDEM-EU- Rethinking and Reshaping the EU\u2019s Democracy Support in its Eastern and Southern Neighbourhood i en la Jean Monnet Network on EU Counterterrorism (https:\/\/eucter.net\/)<\/p>\n<p>M\u00e0ster en Relacions Internacionals, especialitzat la regi\u00f3 Orient Mitj\u00e0 i \u00c0frica del Nord (MENA) per Sciences Po Grenoble, Moussa est\u00e0 completant el seu doctorat sobre les estrat\u00e8gies espanyoles i catalanes de prevenci\u00f3 de l&#8217;extremisme violent en la Universitat de Barcelona. Parla franc\u00e8s, angl\u00e8s, espanyol i \u00e0rab.<\/p>\n<p>[\/et_pb_text][et_pb_tabs admin_label=\u00bbObras y publicaciones\u00bb _builder_version=\u00bb4.13.1&#8243; _module_preset=\u00bbdefault\u00bb custom_margin=\u00bb50px||||false|false\u00bb body_font_size_tablet=\u00bb\u00bb body_font_size_phone=\u00bb12px\u00bb body_font_size_last_edited=\u00bbon|phone\u00bb body_line_height_tablet=\u00bb\u00bb body_line_height_phone=\u00bb\u00bb body_line_height_last_edited=\u00bbon|phone\u00bb body_ul_line_height_tablet=\u00bb\u00bb body_ul_line_height_phone=\u00bb1.5em\u00bb body_ul_line_height_last_edited=\u00bbon|phone\u00bb global_colors_info=\u00bb{}\u00bb][et_pb_tab title=\u00bbPublicacions\u00bb _builder_version=\u00bb4.13.1&#8243; _module_preset=\u00bbdefault\u00bb global_colors_info=\u00bb{}\u00bb]<\/p>\n<p>Consultar <a href=\"https:\/\/www.researchgate.net\/profile\/Moussa-Bourekba\" target=\"_blank\" rel=\"noopener\">https:\/\/www.researchgate.net\/profile\/Moussa-Bourekba<\/a><\/p>\n<p>[\/et_pb_tab][et_pb_tab title=\u00bbTesis en el\u00b7laboraci\u00f3\u00bb _builder_version=\u00bb4.13.1&#8243; _module_preset=\u00bbdefault\u00bb global_colors_info=\u00bb{}\u00bb]<\/p>\n<ul>\n<li><strong>Titol<\/strong>: PREVENTING VIOLENT EXTREMISM IN SPAIN AT NATIONAL, AUTONOMOUS AND LOCAL LEVELS (2015-2020)<br \/><strong>Director<\/strong>: Rafa Mart\u00ednez<br \/><strong>Doctorand<\/strong>: Moussa Bourekba<br \/>Descripci\u00f3n: un an\u00e1lisis de las pol\u00edticas de prevenci\u00f3n del extremismo violento en Espa\u00f1a a nivel nacional, auton\u00f3mico y local.<\/li>\n<\/ul>\n<p>[\/et_pb_tab][\/et_pb_tabs][\/et_pb_column][\/et_pb_row][\/et_pb_section][et_pb_section fb_built=\u00bb1&#8243; admin_label=\u00bbPie de p\u00e1gina\u00bb module_class=\u00bbpie\u00bb _builder_version=\u00bb4.13.1&#8243; _module_preset=\u00bbdefault\u00bb background_color=\u00bbRGBA(0,0,0,0)\u00bb custom_margin=\u00bb-50px||||false|false\u00bb custom_css_main_element=\u00bbpadding: 0px;\u00bb global_colors_info=\u00bb{}\u00bb z_index__sticky_enabled=\u00bbon|sticky\u00bb z_index__sticky=\u00bb0&#8243; vertical_offset__sticky_enabled=\u00bboff|sticky\u00bb][et_pb_row admin_label=\u00bbSombra\u00bb _builder_version=\u00bb4.13.1&#8243; _module_preset=\u00bbdefault\u00bb background_color=\u00bbRGBA(0,0,0,0)\u00bb z_index=\u00bb2&#8243; custom_padding=\u00bb0px|0px|0px|0px|false|false\u00bb custom_css_main_element=\u00bbmax-width: 100%;||width: 100%;||height: 50px;\u00bb box_shadow_style=\u00bbpreset3&#8243; global_colors_info=\u00bb{}\u00bb][et_pb_column type=\u00bb4_4&#8243; _builder_version=\u00bb4.13.1&#8243; _module_preset=\u00bbdefault\u00bb global_colors_info=\u00bb{}\u00bb][\/et_pb_column][\/et_pb_row][et_pb_row admin_label=\u00bbLogo y direcci\u00f3n\u00bb _builder_version=\u00bb4.13.1&#8243; _module_preset=\u00bbdefault\u00bb background_color=\u00bb#f8faff\u00bb z_index=\u00bb1&#8243; custom_css_main_element=\u00bbmax-width:100%;||width: 100%;\u00bb global_colors_info=\u00bb{}\u00bb][et_pb_column type=\u00bb4_4&#8243; admin_label=\u00bbContenido\u00bb _builder_version=\u00bb4.13.1&#8243; _module_preset=\u00bbdefault\u00bb global_colors_info=\u00bb{}\u00bb][et_pb_image src=\u00bbhttps:\/\/www.ub.edu\/grapa\/wp-content\/uploads\/2022\/01\/logoGRAPA_bn.png\u00bb title_text=\u00bblogoGRAPA_bn\u00bb show_bottom_space=\u00bboff\u00bb align=\u00bbcenter\u00bb admin_label=\u00bbLotipo\u00bb _builder_version=\u00bb4.13.1&#8243; _module_preset=\u00bbdefault\u00bb max_height=\u00bb60px\u00bb max_height_tablet=\u00bb60px\u00bb max_height_phone=\u00bb50px\u00bb max_height_last_edited=\u00bbon|desktop\u00bb global_colors_info=\u00bb{}\u00bb][\/et_pb_image][et_pb_text admin_label=\u00bbDepartamento\u00bb _builder_version=\u00bb4.13.1&#8243; _module_preset=\u00bbdefault\u00bb text_font=\u00bb|700|||||||\u00bb text_text_color=\u00bb#808385&#8243; text_font_size=\u00bb12px\u00bb text_line_height=\u00bb1.3em\u00bb text_orientation=\u00bbcenter\u00bb custom_margin=\u00bb10px||2px||false|false\u00bb custom_margin_tablet=\u00bb10px||2px||false|false\u00bb custom_margin_phone=\u00bb|55px||55px|false|true\u00bb custom_margin_last_edited=\u00bbon|phone\u00bb text_font_tablet=\u00bb|700|||||||\u00bb text_font_phone=\u00bb|700|||||||\u00bb text_font_last_edited=\u00bbon|phone\u00bb text_font_size_tablet=\u00bb13px\u00bb text_font_size_phone=\u00bb12px\u00bb text_font_size_last_edited=\u00bbon|phone\u00bb global_colors_info=\u00bb{}\u00bb]<\/p>\n<p>Departamento de Derecho Constitucional y Ciencia Pol\u00edtica<br \/><span style=\"font-size: x-small;\">\u00b7FACULTAD DE DERECHO\u00b7<\/span><\/p>\n<p>[\/et_pb_text][et_pb_text admin_label=\u00bbDireccion\u00bb _builder_version=\u00bb4.13.1&#8243; _module_preset=\u00bbdefault\u00bb text_text_color=\u00bb#808385&#8243; text_font_size=\u00bb13px\u00bb text_line_height=\u00bb1.5em\u00bb link_font=\u00bb||||on||||\u00bb link_text_color=\u00bb#808385&#8243; text_orientation=\u00bbcenter\u00bb text_font_size_tablet=\u00bb13px\u00bb text_font_size_phone=\u00bb12px\u00bb text_font_size_last_edited=\u00bbon|desktop\u00bb text_line_height_tablet=\u00bb1.5em\u00bb text_line_height_phone=\u00bb1.5em\u00bb text_line_height_last_edited=\u00bbon|tablet\u00bb global_colors_info=\u00bb{}\u00bb]Avenida\u00a0Diagonal, 684 &#8211; 08034 Barcelona<br \/>\n(+34) 934 024 409 &#8211; <a href=\"http:\/\/mailto:grapa.ub.edu\/\">grapa@ub.edu<\/a>[\/et_pb_text][\/et_pb_column][\/et_pb_row][et_pb_row admin_label=\u00bbCopy\u00bb _builder_version=\u00bb4.13.1&#8243; _module_preset=\u00bbdefault\u00bb background_color=\u00bb#000000&#8243; custom_css_main_element=\u00bbmax-width: 100%;||width: 100%;||padding: 5px 0px 5px 0px;\u00bb global_colors_info=\u00bb{}\u00bb][et_pb_column type=\u00bb4_4&#8243; _builder_version=\u00bb4.13.1&#8243; _module_preset=\u00bbdefault\u00bb global_colors_info=\u00bb{}\u00bb][et_pb_text _builder_version=\u00bb4.13.1&#8243; _module_preset=\u00bbdefault\u00bb text_font_size=\u00bb12px\u00bb text_orientation=\u00bbcenter\u00bb background_layout=\u00bbdark\u00bb global_colors_info=\u00bb{}\u00bb]\u00a9 2026 GRAPA | <a href=\"http:\/\/www.ub.edu\/\" title=\"http:\/\/www.ub.edu\/\" target=\"_blank\" rel=\"noopener\">Universitat de Barcelona<\/a>[\/et_pb_text][\/et_pb_column][\/et_pb_row][\/et_pb_section]<\/p>\n","protected":false},"excerpt":{"rendered":"<p>Moussa BourekbaInvestigador principal del CIDOB (Barcelona Centre for International Affairs)Moussa Bourekba \u00e9s investigador principal de CIDOB (Barcelona Centre for International Affairs). Tamb\u00e9 \u00e9s professor associat en Relacions Internacionals en la Facultat de Blanquerna (Universitat Ramon Llull). Abans d&#8217;unir-se a CIDOB, era investigador j\u00fanior en l&#8217;Institut Europeu del Mediterrani (IEMed, Barcelona). Tamb\u00e9 va treballar com a [&hellip;]<\/p>\n","protected":false},"author":3,"featured_media":0,"parent":2913,"menu_order":0,"comment_status":"closed","ping_status":"closed","template":"","meta":{"_et_pb_use_builder":"on","_et_pb_old_content":"","_et_gb_content_width":"","footnotes":""},"class_list":["post-5163","page","type-page","status-publish","hentry"],"_links":{"self":[{"href":"https:\/\/www.ub.edu\/grapa\/wp-json\/wp\/v2\/pages\/5163","targetHints":{"allow":["GET"]}}],"collection":[{"href":"https:\/\/www.ub.edu\/grapa\/wp-json\/wp\/v2\/pages"}],"about":[{"href":"https:\/\/www.ub.edu\/grapa\/wp-json\/wp\/v2\/types\/page"}],"author":[{"embeddable":true,"href":"https:\/\/www.ub.edu\/grapa\/wp-json\/wp\/v2\/users\/3"}],"replies":[{"embeddable":true,"href":"https:\/\/www.ub.edu\/grapa\/wp-json\/wp\/v2\/comments?post=5163"}],"version-history":[{"count":7,"href":"https:\/\/www.ub.edu\/grapa\/wp-json\/wp\/v2\/pages\/5163\/revisions"}],"predecessor-version":[{"id":5387,"href":"https:\/\/www.ub.edu\/grapa\/wp-json\/wp\/v2\/pages\/5163\/revisions\/5387"}],"up":[{"embeddable":true,"href":"https:\/\/www.ub.edu\/grapa\/wp-json\/wp\/v2\/pages\/2913"}],"wp:attachment":[{"href":"https:\/\/www.ub.edu\/grapa\/wp-json\/wp\/v2\/media?parent=5163"}],"curies":[{"name":"wp","href":"https:\/\/api.w.org\/{rel}","templated":true}]}}