{"id":5201,"date":"2023-10-08T08:40:59","date_gmt":"2023-10-08T08:40:59","guid":{"rendered":"https:\/\/www.ub.edu\/grapa\/?page_id=5201"},"modified":"2023-10-08T08:44:12","modified_gmt":"2023-10-08T08:44:12","slug":"isabelade","status":"publish","type":"page","link":"https:\/\/www.ub.edu\/grapa\/team\/isabelade\/","title":{"rendered":"Card Isabel Ad\u00e9"},"content":{"rendered":"<p>[et_pb_section fb_built=\u00bb1&#8243; admin_label=\u00bbFicha miembro\u00bb _builder_version=\u00bb4.13.1&#8243; _module_preset=\u00bbdefault\u00bb global_colors_info=\u00bb{}\u00bb theme_builder_area=\u00bbpost_content\u00bb][et_pb_row column_structure=\u00bb1_5,3_5,1_5&#8243; use_custom_gutter=\u00bbon\u00bb gutter_width=\u00bb1&#8243; make_equal=\u00bbon\u00bb admin_label=\u00bbEncabezado\u00bb _builder_version=\u00bb4.13.1&#8243; _module_preset=\u00bbdefault\u00bb background_color=\u00bb#FFFFFF\u00bb width_tablet=\u00bb90%\u00bb width_phone=\u00bb85%\u00bb width_last_edited=\u00bbon|phone\u00bb animation_style=\u00bbfade\u00bb animation_direction=\u00bbtop\u00bb border_width_bottom=\u00bb1px\u00bb border_color_bottom=\u00bb#000000&#8243; border_style_bottom=\u00bbdotted\u00bb collapsed=\u00bboff\u00bb global_colors_info=\u00bb{}\u00bb width__hover_enabled=\u00bboff|desktop\u00bb theme_builder_area=\u00bbpost_content\u00bb][et_pb_column type=\u00bb1_5&#8243; admin_label=\u00bbFoto\u00bb _builder_version=\u00bb4.10.7&#8243; _module_preset=\u00bbdefault\u00bb global_colors_info=\u00bb{}\u00bb theme_builder_area=\u00bbpost_content\u00bb][et_pb_image src=\u00bbhttps:\/\/www.ub.edu\/grapa\/wp-content\/uploads\/2021\/11\/perfil_isabelade.jpg\u00bb alt=\u00bbRafa Mart\u00ednez\u00bb title_text=\u00bbperfil_isabelade\u00bb align=\u00bbcenter\u00bb align_tablet=\u00bbcenter\u00bb align_phone=\u00bbcenter\u00bb align_last_edited=\u00bbon|tablet\u00bb _builder_version=\u00bb4.13.1&#8243; _module_preset=\u00bbdefault\u00bb max_width=\u00bb200px\u00bb hover_enabled=\u00bb0&#8243; border_radii=\u00bbon|586px|586px|586px|586px\u00bb border_width_all=\u00bb4px\u00bb border_color_all=\u00bb#a8a8a8&#8243; border_style_all=\u00bbdouble\u00bb global_colors_info=\u00bb{}\u00bb theme_builder_area=\u00bbpost_content\u00bb sticky_enabled=\u00bb0&#8243;][\/et_pb_image][\/et_pb_column][et_pb_column type=\u00bb3_5&#8243; admin_label=\u00bbDatos\u00bb _builder_version=\u00bb4.10.7&#8243; _module_preset=\u00bbdefault\u00bb custom_padding_tablet=\u00bb\u00bb custom_padding_phone=\u00bb\u00bb custom_padding_last_edited=\u00bbon|tablet\u00bb global_colors_info=\u00bb{}\u00bb theme_builder_area=\u00bbpost_content\u00bb][et_pb_text admin_label=\u00bbNombre\u00bb _builder_version=\u00bb4.13.1&#8243; _module_preset=\u00bbdefault\u00bb custom_margin_tablet=\u00bb20px||||false|false\u00bb custom_margin_phone=\u00bb\u00bb custom_margin_last_edited=\u00bbon|phone\u00bb custom_padding=\u00bb||2px|||\u00bb hover_enabled=\u00bb0&#8243; text_orientation_tablet=\u00bbcenter\u00bb text_orientation_phone=\u00bbleft\u00bb text_orientation_last_edited=\u00bbon|tablet\u00bb global_colors_info=\u00bb{}\u00bb theme_builder_area=\u00bbpost_content\u00bb sticky_enabled=\u00bb0&#8243;]<\/p>\n<p><span style=\"font-size: xx-large;\">Dra. Isabel Ad\u00e9 Portero<\/span><\/p>\n<p>[\/et_pb_text][et_pb_text admin_label=\u00bbCargo\u00bb _builder_version=\u00bb4.13.1&#8243; _module_preset=\u00bbdefault\u00bb text_font=\u00bb|300|||||||\u00bb hover_enabled=\u00bb0&#8243; text_orientation_tablet=\u00bbcenter\u00bb text_orientation_phone=\u00bbleft\u00bb text_orientation_last_edited=\u00bbon|phone\u00bb global_colors_info=\u00bb{}\u00bb theme_builder_area=\u00bbpost_content\u00bb sticky_enabled=\u00bb0&#8243;]<\/p>\n<p class=\"tw-data-text tw-text-large tw-ta\" data-placeholder=\"Traducci\u00f3n\" id=\"tw-target-text\" dir=\"ltr\"><span class=\"Y2IQFc\" lang=\"en\">Phd in&#8230;<\/span><\/p>\n<p>[\/et_pb_text][et_pb_blurb url_new_window=\u00bbon\u00bb use_icon=\u00bbon\u00bb font_icon=\u00bb&#xe010;||divi||400&#8243; icon_color=\u00bb#FFFFFF\u00bb image_icon_background_color=\u00bb#1972B2&#8243; icon_placement=\u00bbleft\u00bb image_icon_width=\u00bb16px\u00bb admin_label=\u00bbMail\u00bb _builder_version=\u00bb4.13.1&#8243; _module_preset=\u00bbdefault\u00bb image_icon_custom_padding=\u00bb8px|8px|8px|8px|false|false\u00bb max_width=\u00bb35px\u00bb module_alignment=\u00bbleft\u00bb custom_margin=\u00bb10px||||false|false\u00bb custom_padding=\u00bb||||false|false\u00bb custom_padding_tablet=\u00bb|||42%|false|false\u00bb custom_padding_phone=\u00bb|||0%|false|false\u00bb custom_padding_last_edited=\u00bbon|tablet\u00bb hover_transition_duration=\u00bb500ms\u00bb link_option_url=\u00bbmailto:\u00bb link_option_url_new_window=\u00bbon\u00bb custom_css_main_element=\u00bbdisplay: inline-block;\u00bb border_radii_image=\u00bbon|100%|100%|100%|100%\u00bb use_circle=\u00bbon\u00bb circle_color=\u00bb#b7b7b7&#8243; circle_color__hover=\u00bb#6090c4&#8243; circle_color__hover_enabled=\u00bbon|desktop\u00bb global_colors_info=\u00bb{}\u00bb icon_color__hover_enabled=\u00bbon|hover\u00bb icon_color__hover=\u00bb#FFFFFF\u00bb image_icon_background_color__hover=\u00bb#62A6EA\u00bb image_icon_background_color__hover_enabled=\u00bbon|desktop\u00bb image_icon_background_color__sticky_enabled=\u00bb#2ea3f2&#8243; image_icon_background_color__sticky=\u00bb#2ea3f2&#8243; theme_builder_area=\u00bbpost_content\u00bb][\/et_pb_blurb][et_pb_blurb use_icon=\u00bbon\u00bb font_icon=\u00bb&#xe0e3;||divi||400&#8243; icon_color=\u00bb#FFFFFF\u00bb image_icon_background_color=\u00bb#1972B2&#8243; icon_placement=\u00bbleft\u00bb image_icon_width=\u00bb16px\u00bb admin_label=\u00bbWeb\u00bb _builder_version=\u00bb4.13.1&#8243; _module_preset=\u00bbdefault\u00bb image_icon_custom_padding=\u00bb8px|8px|8px|8px|false|false\u00bb max_width=\u00bb35px\u00bb module_alignment=\u00bbleft\u00bb custom_padding=\u00bb||||false|false\u00bb custom_padding_tablet=\u00bb|||35px|false|false\u00bb custom_padding_phone=\u00bb|||0%|false|false\u00bb custom_padding_last_edited=\u00bbon|tablet\u00bb hover_transition_duration=\u00bb500ms\u00bb custom_css_main_element=\u00bbdisplay: inline-block;\u00bb border_radii_image=\u00bbon|100%|100%|100%|100%\u00bb use_circle=\u00bbon\u00bb circle_color=\u00bb#b7b7b7&#8243; circle_color__hover=\u00bb#6090c4&#8243; circle_color__hover_enabled=\u00bbon|desktop\u00bb global_colors_info=\u00bb{}\u00bb image_icon_background_color__hover=\u00bb#62A6EA\u00bb image_icon_background_color__hover_enabled=\u00bbon|desktop\u00bb image_icon_background_color__sticky_enabled=\u00bb#2ea3f2&#8243; image_icon_background_color__sticky=\u00bb#2ea3f2&#8243; theme_builder_area=\u00bbpost_content\u00bb][\/et_pb_blurb][et_pb_blurb use_icon=\u00bbon\u00bb font_icon=\u00bb&#x68;||divi||400&#8243; icon_color=\u00bb#FFFFFF\u00bb image_icon_background_color=\u00bb#1972B2&#8243; icon_placement=\u00bbleft\u00bb image_icon_width=\u00bb16px\u00bb admin_label=\u00bbCurriculum\u00bb _builder_version=\u00bb4.13.1&#8243; _module_preset=\u00bbdefault\u00bb image_icon_custom_padding=\u00bb8px|8px|8px|8px|false|false\u00bb max_width=\u00bb35px\u00bb module_alignment=\u00bbleft\u00bb custom_padding=\u00bb||||false|false\u00bb custom_padding_tablet=\u00bb|||35px|false|false\u00bb custom_padding_phone=\u00bb|||0%|false|false\u00bb custom_padding_last_edited=\u00bbon|tablet\u00bb hover_transition_duration=\u00bb500ms\u00bb custom_css_main_element=\u00bbdisplay: inline-block;\u00bb border_radii_image=\u00bbon|100%|100%|100%|100%\u00bb use_circle=\u00bbon\u00bb circle_color=\u00bb#b7b7b7&#8243; circle_color__hover=\u00bb#6090c4&#8243; circle_color__hover_enabled=\u00bbon|desktop\u00bb global_colors_info=\u00bb{}\u00bb image_icon_background_color__hover=\u00bb#62A6EA\u00bb image_icon_background_color__hover_enabled=\u00bbon|desktop\u00bb image_icon_background_color__sticky_enabled=\u00bb#2ea3f2&#8243; image_icon_background_color__sticky=\u00bb#2ea3f2&#8243; theme_builder_area=\u00bbpost_content\u00bb][\/et_pb_blurb][\/et_pb_column][et_pb_column type=\u00bb1_5&#8243; admin_label=\u00bbRelleno\u00bb _builder_version=\u00bb4.10.7&#8243; _module_preset=\u00bbdefault\u00bb global_colors_info=\u00bb{}\u00bb theme_builder_area=\u00bbpost_content\u00bb][\/et_pb_column][\/et_pb_row][et_pb_row admin_label=\u00bbCuerpo\u00bb _builder_version=\u00bb4.13.1&#8243; _module_preset=\u00bbdefault\u00bb width_tablet=\u00bb90%\u00bb width_phone=\u00bb85%\u00bb width_last_edited=\u00bbon|phone\u00bb custom_margin_tablet=\u00bb\u00bb custom_margin_phone=\u00bb\u00bb custom_margin_last_edited=\u00bbon|tablet\u00bb animation_style=\u00bbslide\u00bb animation_direction=\u00bbbottom\u00bb animation_delay=\u00bb300ms\u00bb animation_intensity_slide=\u00bb5%\u00bb animation_speed_curve=\u00bbease\u00bb global_colors_info=\u00bb{}\u00bb theme_builder_area=\u00bbpost_content\u00bb][et_pb_column type=\u00bb4_4&#8243; admin_label=\u00bbContenido\u00bb _builder_version=\u00bb4.10.7&#8243; _module_preset=\u00bbdefault\u00bb custom_padding=\u00bb50px|80px|50px|80px|true|true\u00bb custom_padding_tablet=\u00bb15px|0px|15px|0px|true|true\u00bb custom_padding_phone=\u00bb10px|0px|10px|0px|true|true\u00bb custom_padding_last_edited=\u00bbon|phone\u00bb global_colors_info=\u00bb{}\u00bb theme_builder_area=\u00bbpost_content\u00bb][et_pb_text admin_label=\u00bbBiograf\u00eda\u00bb _builder_version=\u00bb4.13.1&#8243; _module_preset=\u00bbdefault\u00bb text_orientation=\u00bbjustified\u00bb custom_margin=\u00bb||||false|false\u00bb custom_padding=\u00bb||||false|false\u00bb global_colors_info=\u00bb{}\u00bb theme_builder_area=\u00bbpost_content\u00bb]<\/p>\n<p><strong>The English version will be available soon.<\/strong><\/p>\n<p>[\/et_pb_text][et_pb_tabs admin_label=\u00bbObras y publicaciones\u00bb _builder_version=\u00bb4.13.1&#8243; _module_preset=\u00bbdefault\u00bb custom_margin=\u00bb50px||||false|false\u00bb hover_enabled=\u00bb0&#8243; body_font_size_tablet=\u00bb\u00bb body_font_size_phone=\u00bb12px\u00bb body_font_size_last_edited=\u00bbon|phone\u00bb body_line_height_tablet=\u00bb\u00bb body_line_height_phone=\u00bb\u00bb body_line_height_last_edited=\u00bbon|phone\u00bb body_ul_line_height_tablet=\u00bb\u00bb body_ul_line_height_phone=\u00bb1.5em\u00bb body_ul_line_height_last_edited=\u00bbon|phone\u00bb global_colors_info=\u00bb{}\u00bb theme_builder_area=\u00bbpost_content\u00bb sticky_enabled=\u00bb0&#8243;][et_pb_tab title=\u00bbPublications\u00bb _builder_version=\u00bb4.13.1&#8243; _module_preset=\u00bbdefault\u00bb hover_enabled=\u00bb0&#8243; global_colors_info=\u00bb{}\u00bb theme_builder_area=\u00bbpost_content\u00bb sticky_enabled=\u00bb0&#8243;]<\/p>\n<ul>\n<li>Ad\u00e9,\u00a0Isabel, \u00abEl general Guti\u00e9rrez Mellado: retrato de la transici\u00f3n militar\u00bb, en Puell De la Vila, F. y Angel Santano, S.\u00a0(Eds.).,\u00a0El legado del general Guti\u00e9rrez Mellado,\u00a0Ed. Instituto Universitario Guti\u00e9rrez Mellado, Madrid, 2013.<\/li>\n<li>Mart\u00ednez, Rafael;\u00a0Ad\u00e9, Isabel; Dur\u00e1n, Mari\u00e9n; D\u00edaz, Antonio. Nota de\u00a0investigaci\u00f3n:\u00a0\u201cLecciones\u00a0aprendidas\u00a0de la\u00a0participaci\u00f3n\u00a0espa\u00f1ola\u00a0en\u00a0guerras\u00a0asim\u00e9tricas\u00a0(2000-2012)\u201d, en la\u00a0Revista\u00a0Espa\u00f1ola\u00a0de\u00a0Ciencia\u00a0Pol\u00edtica, n\u00ba32,\u00a0julio\u00a0de 2013.<\/li>\n<li>\n<p class=\"rtejustify\">Mart\u00ednez, Rafael\u00a0(Dir.),\u00a0Dur\u00e1n, Mari\u00e9n; D\u00edaz, Antonio; Ad\u00e9, Isabel; Padilla, Fernando\u00a0(2012),\u00a0Lecciones\u00a0aprendidas\u00a0de la participaci\u00f3n\u00a0espa\u00f1ola en guerras\u00a0asim\u00e9tricas (2000-2012).\u00a0Resultats de Recerca 03\/2012, Institut\u00a0Catal\u00e0 Internacional per la Pau, ISSN: 2014-7821.<\/p>\n<\/li>\n<\/ul>\n<p>[\/et_pb_tab][et_pb_tab title=\u00bbCongresses\u00bb _builder_version=\u00bb4.13.1&#8243; _module_preset=\u00bbdefault\u00bb hover_enabled=\u00bb0&#8243; global_colors_info=\u00bb{}\u00bb theme_builder_area=\u00bbpost_content\u00bb sticky_enabled=\u00bb0&#8243;]<\/p>\n<ul>\n<li>\u00abLa\u00a0reforma\u00a0de la\u00a0ense\u00f1anza\u00a0militar\u00a0en\u00a0Espa\u00f1a\u00a0y\u00a0su\u00a0impacto\u00a0en la\u00a0transformaci\u00f3n\u00a0de\u00a0las\u00a0Fuerzas\u00a0Armadas\u00bb, I\u00a0Congreso\u00a0de\u00a0Estudios\u00a0Militares, Universidad de Granada, del 17 al 19 de\u00a0septiembre\u00a0de 2014.<\/li>\n<li>\u201cLa\u00a0ense\u00f1anza\u00a0militar\u00a0en el\u00a0proceso\u00a0de\u00a0consolidaci\u00f3n\u00a0democr\u00e1tica\u00a0de\u00a0las\u00a0fuerzas\u00a0armadas\u201d en el XI\u00a0Congreso\u00a0de la\u00a0Asociaci\u00f3n\u00a0Espa\u00f1ola\u00a0de\u00a0Ciencia\u00a0Pol\u00edtica\u00a0y de la\u00a0Administraci\u00f3n\u00a0(AECPA),\u00a0celebrado\u00a0en la Universidad Pablo de\u00a0Olavide,\u00a0Sevilla,\u00a0Septiembre\u00a02013.<\/li>\n<li>\u201cEl general\u00a0Guti\u00e9rrez\u00a0Mellado:\u00a0retrato\u00a0de la\u00a0transici\u00f3n\u00a0militar\u201d, V\u00a0Congreso\u00a0de\u00a0Historia\u00a0de la\u00a0Defensa: \u201cEl\u00a0legado\u00a0del general\u00a0Guti\u00e9rrez\u00a0Mellado\u201d,\u00a0celebrado\u00a0en el\u00a0Instituto\u00a0Universitario\u00a0General\u00a0Guti\u00e9rrez\u00a0Mellado\u00a0(UNED),\u00a0Octubre\u00a0de 2012.<\/li>\n<li>\n<p class=\"rtejustify\">\u201cLas\u00a0fuerzas\u00a0armadas en\u00a0las\u00a0transiciones\u00a0democr\u00e1ticas: el\u00a0caso\u00a0de\u00a0Espa\u00f1a\u00a0y Chile y\u00a0su\u00a0aplicabilidad\u00a0a los\u00a0pa\u00edses\u00a0\u00e1rabes\u201d\u00a0en el X\u00a0Congreso\u00a0de la\u00a0Asociaci\u00f3n\u00a0Espa\u00f1ola\u00a0de\u00a0Ciencia\u00a0Pol\u00edtica\u00a0y de la\u00a0Administraci\u00f3n\u00a0(AECPA),\u00a0celebrado\u00a0en la Universidad de Murcia,\u00a0Septiembre\u00a02011.<\/p>\n<\/li>\n<\/ul>\n<p>[\/et_pb_tab][et_pb_tab title=\u00bbSeminars\u00bb _builder_version=\u00bb4.13.1&#8243; _module_preset=\u00bbdefault\u00bb theme_builder_area=\u00bbpost_content\u00bb hover_enabled=\u00bb0&#8243; sticky_enabled=\u00bb0&#8243;]<\/p>\n<ul>\n<li class=\"rtejustify\">\n<p>\u00abLa reforma de la ense\u00f1anza militar en Espa\u00f1a: retos y logros en el proceso de consolidaci\u00f3n democr\u00e1tica\u00bb. Seminario impartido en el VII Seminario del Grupo de Investigaci\u00f3n Historia de Nuestro Tiempo, \u2018Le temps qu\u2019on vit\u2019. Universidad de La Rioja, 12 de febrero de 2014.<\/p>\n<\/li>\n<\/ul>\n<p>[\/et_pb_tab][\/et_pb_tabs][\/et_pb_column][\/et_pb_row][\/et_pb_section]<\/p>\n","protected":false},"excerpt":{"rendered":"<p>Dra. Isabel Ad\u00e9 PorteroPhd in&#8230;The English version will be available soon. Ad\u00e9,\u00a0Isabel, \u00abEl general Guti\u00e9rrez Mellado: retrato de la transici\u00f3n militar\u00bb, en Puell De la Vila, F. y Angel Santano, S.\u00a0(Eds.).,\u00a0El legado del general Guti\u00e9rrez Mellado,\u00a0Ed. Instituto Universitario Guti\u00e9rrez Mellado, Madrid, 2013. Mart\u00ednez, Rafael;\u00a0Ad\u00e9, Isabel; Dur\u00e1n, Mari\u00e9n; D\u00edaz, Antonio. Nota de\u00a0investigaci\u00f3n:\u00a0\u201cLecciones\u00a0aprendidas\u00a0de la\u00a0participaci\u00f3n\u00a0espa\u00f1ola\u00a0en\u00a0guerras\u00a0asim\u00e9tricas\u00a0(2000-2012)\u201d, en la\u00a0Revista\u00a0Espa\u00f1ola\u00a0de\u00a0Ciencia\u00a0Pol\u00edtica, n\u00ba32,\u00a0julio\u00a0de [&hellip;]<\/p>\n","protected":false},"author":3,"featured_media":0,"parent":2926,"menu_order":0,"comment_status":"closed","ping_status":"closed","template":"","meta":{"_et_pb_use_builder":"on","_et_pb_old_content":"","_et_gb_content_width":"","footnotes":""},"class_list":["post-5201","page","type-page","status-publish","hentry"],"_links":{"self":[{"href":"https:\/\/www.ub.edu\/grapa\/wp-json\/wp\/v2\/pages\/5201","targetHints":{"allow":["GET"]}}],"collection":[{"href":"https:\/\/www.ub.edu\/grapa\/wp-json\/wp\/v2\/pages"}],"about":[{"href":"https:\/\/www.ub.edu\/grapa\/wp-json\/wp\/v2\/types\/page"}],"author":[{"embeddable":true,"href":"https:\/\/www.ub.edu\/grapa\/wp-json\/wp\/v2\/users\/3"}],"replies":[{"embeddable":true,"href":"https:\/\/www.ub.edu\/grapa\/wp-json\/wp\/v2\/comments?post=5201"}],"version-history":[{"count":2,"href":"https:\/\/www.ub.edu\/grapa\/wp-json\/wp\/v2\/pages\/5201\/revisions"}],"predecessor-version":[{"id":5203,"href":"https:\/\/www.ub.edu\/grapa\/wp-json\/wp\/v2\/pages\/5201\/revisions\/5203"}],"up":[{"embeddable":true,"href":"https:\/\/www.ub.edu\/grapa\/wp-json\/wp\/v2\/pages\/2926"}],"wp:attachment":[{"href":"https:\/\/www.ub.edu\/grapa\/wp-json\/wp\/v2\/media?parent=5201"}],"curies":[{"name":"wp","href":"https:\/\/api.w.org\/{rel}","templated":true}]}}