{"id":5281,"date":"2023-10-08T16:49:35","date_gmt":"2023-10-08T16:49:35","guid":{"rendered":"https:\/\/www.ub.edu\/grapa\/?page_id=5281"},"modified":"2024-11-12T20:20:13","modified_gmt":"2024-11-12T20:20:13","slug":"felixbesio","status":"publish","type":"page","link":"https:\/\/www.ub.edu\/grapa\/team\/felixbesio\/","title":{"rendered":"Card F\u00e9lix Besio"},"content":{"rendered":"<p>[et_pb_section fb_built=\u00bb1&#8243; admin_label=\u00bbFicha miembro\u00bb _builder_version=\u00bb4.16&#8243; _module_preset=\u00bbdefault\u00bb global_colors_info=\u00bb{}\u00bb][et_pb_row column_structure=\u00bb1_5,3_5,1_5&#8243; use_custom_gutter=\u00bbon\u00bb gutter_width=\u00bb1&#8243; make_equal=\u00bbon\u00bb admin_label=\u00bbEncabezado\u00bb _builder_version=\u00bb4.16&#8243; _module_preset=\u00bbdefault\u00bb background_color=\u00bb#FFFFFF\u00bb width_tablet=\u00bb90%\u00bb width_phone=\u00bb85%\u00bb width_last_edited=\u00bbon|phone\u00bb animation_style=\u00bbfade\u00bb animation_direction=\u00bbtop\u00bb border_width_bottom=\u00bb1px\u00bb border_color_bottom=\u00bb#000000&#8243; border_style_bottom=\u00bbdotted\u00bb collapsed=\u00bboff\u00bb global_colors_info=\u00bb{}\u00bb width__hover_enabled=\u00bboff|desktop\u00bb][et_pb_column type=\u00bb1_5&#8243; admin_label=\u00bbFoto\u00bb _builder_version=\u00bb4.16&#8243; _module_preset=\u00bbdefault\u00bb global_colors_info=\u00bb{}\u00bb][et_pb_image src=\u00bbhttps:\/\/www.ub.edu\/grapa\/wp-content\/uploads\/2023\/04\/Foto-1.jpg\u00bb alt=\u00bbRafa Mart\u00ednez\u00bb title_text=\u00bbFoto\u00bb align=\u00bbcenter\u00bb align_tablet=\u00bbcenter\u00bb align_phone=\u00bbcenter\u00bb align_last_edited=\u00bbon|tablet\u00bb _builder_version=\u00bb4.16&#8243; _module_preset=\u00bbdefault\u00bb max_width=\u00bb200px\u00bb border_radii=\u00bbon|586px|586px|586px|586px\u00bb border_width_all=\u00bb4px\u00bb border_color_all=\u00bb#a8a8a8&#8243; border_style_all=\u00bbdouble\u00bb global_colors_info=\u00bb{}\u00bb][\/et_pb_image][\/et_pb_column][et_pb_column type=\u00bb3_5&#8243; admin_label=\u00bbDatos\u00bb _builder_version=\u00bb4.16&#8243; _module_preset=\u00bbdefault\u00bb custom_padding_tablet=\u00bb\u00bb custom_padding_phone=\u00bb\u00bb custom_padding_last_edited=\u00bbon|tablet\u00bb global_colors_info=\u00bb{}\u00bb][et_pb_text admin_label=\u00bbNombre\u00bb _builder_version=\u00bb4.16&#8243; _module_preset=\u00bbdefault\u00bb custom_margin_tablet=\u00bb20px||||false|false\u00bb custom_margin_phone=\u00bb\u00bb custom_margin_last_edited=\u00bbon|phone\u00bb custom_padding=\u00bb||2px|||\u00bb text_orientation_tablet=\u00bbcenter\u00bb text_orientation_phone=\u00bbleft\u00bb text_orientation_last_edited=\u00bbon|tablet\u00bb global_colors_info=\u00bb{}\u00bb]<span style=\"font-size: xx-large;\">Rafael Molina Gabriel<\/span>[\/et_pb_text][et_pb_text admin_label=\u00bbCargo\u00bb _builder_version=\u00bb4.24.2&#8243; _module_preset=\u00bbdefault\u00bb text_font=\u00bb|300|||||||\u00bb hover_enabled=\u00bb0&#8243; text_orientation_tablet=\u00bbcenter\u00bb text_orientation_phone=\u00bbleft\u00bb text_orientation_last_edited=\u00bbon|phone\u00bb global_colors_info=\u00bb{}\u00bb sticky_enabled=\u00bb0&#8243;]<\/p>\n<p class=\"tw-data-text tw-text-large tw-ta\" data-placeholder=\"Traducci\u00f3n\" id=\"tw-target-text\" dir=\"ltr\"><span class=\"Y2IQFc\" lang=\"en\">Researcher<\/span><\/p>\n<p>[\/et_pb_text][et_pb_blurb url_new_window=\u00bbon\u00bb use_icon=\u00bbon\u00bb font_icon=\u00bb&#xe010;||divi||400&#8243; icon_color=\u00bb#FFFFFF\u00bb image_icon_background_color=\u00bb#1972B2&#8243; icon_placement=\u00bbleft\u00bb image_icon_width=\u00bb16px\u00bb admin_label=\u00bbMail\u00bb _builder_version=\u00bb4.16&#8243; _module_preset=\u00bbdefault\u00bb image_icon_custom_padding=\u00bb8px|8px|8px|8px|false|false\u00bb max_width=\u00bb35px\u00bb module_alignment=\u00bbleft\u00bb custom_margin=\u00bb10px||||false|false\u00bb custom_padding=\u00bb||||false|false\u00bb custom_padding_tablet=\u00bb|||42%|false|false\u00bb custom_padding_phone=\u00bb|||0%|false|false\u00bb custom_padding_last_edited=\u00bbon|tablet\u00bb hover_transition_duration=\u00bb500ms\u00bb link_option_url=\u00bbmailto:fabegd@gmail.com\u00bb custom_css_main_element=\u00bbdisplay: inline-block;\u00bb border_radii_image=\u00bbon|100%|100%|100%|100%\u00bb use_circle=\u00bbon\u00bb circle_color=\u00bb#b7b7b7&#8243; circle_color__hover=\u00bb#6090c4&#8243; circle_color__hover_enabled=\u00bbon|desktop\u00bb global_colors_info=\u00bb{}\u00bb icon_color__hover_enabled=\u00bbon|hover\u00bb icon_color__hover=\u00bb#FFFFFF\u00bb image_icon_background_color__hover=\u00bb#62A6EA\u00bb image_icon_background_color__hover_enabled=\u00bbon|desktop\u00bb image_icon_background_color__sticky_enabled=\u00bb#2ea3f2&#8243; image_icon_background_color__sticky=\u00bb#2ea3f2&#8243;][\/et_pb_blurb][et_pb_blurb use_icon=\u00bbon\u00bb font_icon=\u00bb&#xe0e3;||divi||400&#8243; icon_color=\u00bb#FFFFFF\u00bb image_icon_background_color=\u00bb#1972B2&#8243; icon_placement=\u00bbleft\u00bb image_icon_width=\u00bb16px\u00bb admin_label=\u00bbWeb\u00bb _builder_version=\u00bb4.16&#8243; _module_preset=\u00bbdefault\u00bb image_icon_custom_padding=\u00bb8px|8px|8px|8px|false|false\u00bb max_width=\u00bb35px\u00bb module_alignment=\u00bbleft\u00bb custom_padding=\u00bb||||false|false\u00bb custom_padding_tablet=\u00bb|||35px|false|false\u00bb custom_padding_phone=\u00bb|||0%|false|false\u00bb custom_padding_last_edited=\u00bbon|tablet\u00bb hover_transition_duration=\u00bb500ms\u00bb custom_css_main_element=\u00bbdisplay: inline-block;\u00bb border_radii_image=\u00bbon|100%|100%|100%|100%\u00bb use_circle=\u00bbon\u00bb circle_color=\u00bb#b7b7b7&#8243; circle_color__hover=\u00bb#6090c4&#8243; circle_color__hover_enabled=\u00bbon|desktop\u00bb global_colors_info=\u00bb{}\u00bb image_icon_background_color__hover=\u00bb#62A6EA\u00bb image_icon_background_color__hover_enabled=\u00bbon|desktop\u00bb image_icon_background_color__sticky_enabled=\u00bb#2ea3f2&#8243; image_icon_background_color__sticky=\u00bb#2ea3f2&#8243;][\/et_pb_blurb][et_pb_blurb use_icon=\u00bbon\u00bb font_icon=\u00bb&#x68;||divi||400&#8243; icon_color=\u00bb#FFFFFF\u00bb image_icon_background_color=\u00bb#1972B2&#8243; icon_placement=\u00bbleft\u00bb image_icon_width=\u00bb16px\u00bb admin_label=\u00bbCurriculum\u00bb _builder_version=\u00bb4.16&#8243; _module_preset=\u00bbdefault\u00bb image_icon_custom_padding=\u00bb8px|8px|8px|8px|false|false\u00bb max_width=\u00bb35px\u00bb module_alignment=\u00bbleft\u00bb custom_padding=\u00bb||||false|false\u00bb custom_padding_tablet=\u00bb|||35px|false|false\u00bb custom_padding_phone=\u00bb|||0%|false|false\u00bb custom_padding_last_edited=\u00bbon|tablet\u00bb hover_transition_duration=\u00bb500ms\u00bb custom_css_main_element=\u00bbdisplay: inline-block;\u00bb border_radii_image=\u00bbon|100%|100%|100%|100%\u00bb use_circle=\u00bbon\u00bb circle_color=\u00bb#b7b7b7&#8243; circle_color__hover=\u00bb#6090c4&#8243; circle_color__hover_enabled=\u00bbon|desktop\u00bb global_colors_info=\u00bb{}\u00bb image_icon_background_color__hover=\u00bb#62A6EA\u00bb image_icon_background_color__hover_enabled=\u00bbon|desktop\u00bb image_icon_background_color__sticky_enabled=\u00bb#2ea3f2&#8243; image_icon_background_color__sticky=\u00bb#2ea3f2&#8243;][\/et_pb_blurb][\/et_pb_column][et_pb_column type=\u00bb1_5&#8243; admin_label=\u00bbRelleno\u00bb _builder_version=\u00bb4.16&#8243; _module_preset=\u00bbdefault\u00bb global_colors_info=\u00bb{}\u00bb][\/et_pb_column][\/et_pb_row][et_pb_row admin_label=\u00bbCuerpo\u00bb _builder_version=\u00bb4.16&#8243; _module_preset=\u00bbdefault\u00bb width_tablet=\u00bb90%\u00bb width_phone=\u00bb85%\u00bb width_last_edited=\u00bbon|phone\u00bb custom_margin_tablet=\u00bb\u00bb custom_margin_phone=\u00bb\u00bb custom_margin_last_edited=\u00bbon|tablet\u00bb animation_style=\u00bbslide\u00bb animation_direction=\u00bbbottom\u00bb animation_delay=\u00bb300ms\u00bb animation_intensity_slide=\u00bb5%\u00bb animation_speed_curve=\u00bbease\u00bb global_colors_info=\u00bb{}\u00bb][et_pb_column type=\u00bb4_4&#8243; admin_label=\u00bbContenido\u00bb _builder_version=\u00bb4.16&#8243; _module_preset=\u00bbdefault\u00bb custom_padding=\u00bb50px|80px|50px|80px|true|true\u00bb custom_padding_tablet=\u00bb15px|0px|15px|0px|true|true\u00bb custom_padding_phone=\u00bb10px|0px|10px|0px|true|true\u00bb custom_padding_last_edited=\u00bbon|phone\u00bb global_colors_info=\u00bb{}\u00bb][et_pb_text admin_label=\u00bbBiograf\u00eda\u00bb _builder_version=\u00bb4.16&#8243; _module_preset=\u00bbdefault\u00bb text_orientation=\u00bbjustified\u00bb custom_margin=\u00bb||||false|false\u00bb custom_padding=\u00bb||||false|false\u00bb global_colors_info=\u00bb{}\u00bb]<\/p>\n<p><strong>The English version will be available soon.<\/strong><\/p>\n<p>[\/et_pb_text][et_pb_tabs admin_label=\u00bbObras y publicaciones\u00bb _builder_version=\u00bb4.24.2&#8243; _module_preset=\u00bbdefault\u00bb custom_margin=\u00bb50px||||false|false\u00bb hover_enabled=\u00bb0&#8243; body_font_size_tablet=\u00bb\u00bb body_font_size_phone=\u00bb12px\u00bb body_font_size_last_edited=\u00bbon|phone\u00bb body_line_height_tablet=\u00bb\u00bb body_line_height_phone=\u00bb\u00bb body_line_height_last_edited=\u00bbon|phone\u00bb body_ul_line_height_tablet=\u00bb\u00bb body_ul_line_height_phone=\u00bb1.5em\u00bb body_ul_line_height_last_edited=\u00bbon|phone\u00bb global_colors_info=\u00bb{}\u00bb sticky_enabled=\u00bb0&#8243;][et_pb_tab title=\u00bbArticles\u00bb _builder_version=\u00bb4.16&#8243; _module_preset=\u00bbdefault\u00bb global_colors_info=\u00bb{}\u00bb]<\/p>\n<ul>\n<li>Besio, F. (2014) <strong>\u201cLos peligros de una sociedad acr\u00edtica: Los cambios tecnol\u00f3gicos y comunicacionales y su correlato en la formaci\u00f3n ciudadana\u201d<\/strong> Revista Pol\u00edtica y Estrategia, N\u00ba 123. Academia Nacional de Estudios Pol\u00edticos y Estrat\u00e9gicos (Chile).<\/li>\n<li>Besio, F. H. Corujo, M. Bas, S. N\u00fa\u00f1ez (2014) <strong>\u201cProyecciones internas y externas de la Seguridad y la Defensa en Uruguay\u201d<\/strong> Revista Estrategia, v. 3, N\u00ba 5. Centro de Altos Estudios Nacionales (Uruguay).<\/li>\n<li>Besio, F. (2008) <strong>\u201cLas operaciones internacionales de estabilidad bajo el marco de la soberan\u00eda de los Estados\u201d<\/strong> Revista Pol\u00edtica y Estrategia, N\u00ba 109. Academia Nacional de Estudios Pol\u00edticos y Estrat\u00e9gicos (Chile).<\/li>\n<\/ul>\n<p>[\/et_pb_tab][et_pb_tab title=\u00bbProvisions\u00bb _builder_version=\u00bb4.16&#8243; _module_preset=\u00bbdefault\u00bb global_colors_info=\u00bb{}\u00bb]<\/p>\n<ul>\n<li><strong>\u201cLa educaci\u00f3n militar en el Uruguay y su interacci\u00f3n con el sistema educativo general\u201d<\/strong> Congreso Latin American Studies Association (LASA) 2022. Congreso virtual.<\/li>\n<li><strong>\u201cLos cambios estructurales sobre Defensa Nacional en Uruguay. La reforma que quiso ser, pero no pudo\u201d<\/strong> Congreso Latin American Studies Association (LASA) 2016. Nueva York. EEUU.<\/li>\n<li><strong>\u201cEl Debate Nacional sobre defensa en el Uruguay. Consecuencias a ocho a\u00f1os de su realizaci\u00f3n\u201d<\/strong> V Congreso Asociaci\u00f3n Uruguaya de Ciencia Pol\u00edtica. Montevideo. 2014.<\/li>\n<li><strong>\u201cHacia un nuevo modelo de profesionalidad militar\u201d<\/strong> Congreso Latin American Studies Association (LASA) 2013. Washington DC.<\/li>\n<\/ul>\n<p>[\/et_pb_tab][et_pb_tab title=\u00bbPhD theses\u00bb _builder_version=\u00bb4.24.2&#8243; _module_preset=\u00bbdefault\u00bb hover_enabled=\u00bb0&#8243; global_colors_info=\u00bb{}\u00bb sticky_enabled=\u00bb0&#8243;]<\/p>\n<ul>\n<li><strong>\u201cPol\u00edtica de Defensa en Uruguay 1985 \u2013 2019\u201d<\/strong><br \/>An\u00e1lisis de la Pol\u00edtica de Defensa en Uruguay en t\u00e9rminos de control civil desde 1985 (salida de la dictadura) hasta el a\u00f1o 2019, visibilizando su evoluci\u00f3n normativa, sus procesos institucionales y el rol que ha jugado el inter\u00e9s de la ciudadan\u00eda en los temas militares y de Defensa Nacional.<br \/><strong>Director<\/strong>: Rafa Mart\u00ednez<br \/><strong>Doctorando<\/strong>: F\u00e9lix Besio<\/li>\n<\/ul>\n<p>[\/et_pb_tab][\/et_pb_tabs][\/et_pb_column][\/et_pb_row][\/et_pb_section]<\/p>\n","protected":false},"excerpt":{"rendered":"<p>Rafael Molina GabrielResearcherThe English version will be available soon. Besio, F. (2014) \u201cLos peligros de una sociedad acr\u00edtica: Los cambios tecnol\u00f3gicos y comunicacionales y su correlato en la formaci\u00f3n ciudadana\u201d Revista Pol\u00edtica y Estrategia, N\u00ba 123. Academia Nacional de Estudios Pol\u00edticos y Estrat\u00e9gicos (Chile). Besio, F. H. Corujo, M. Bas, S. N\u00fa\u00f1ez (2014) \u201cProyecciones internas [&hellip;]<\/p>\n","protected":false},"author":3,"featured_media":0,"parent":2926,"menu_order":0,"comment_status":"closed","ping_status":"closed","template":"","meta":{"_et_pb_use_builder":"on","_et_pb_old_content":"","_et_gb_content_width":"","footnotes":""},"class_list":["post-5281","page","type-page","status-publish","hentry"],"_links":{"self":[{"href":"https:\/\/www.ub.edu\/grapa\/wp-json\/wp\/v2\/pages\/5281","targetHints":{"allow":["GET"]}}],"collection":[{"href":"https:\/\/www.ub.edu\/grapa\/wp-json\/wp\/v2\/pages"}],"about":[{"href":"https:\/\/www.ub.edu\/grapa\/wp-json\/wp\/v2\/types\/page"}],"author":[{"embeddable":true,"href":"https:\/\/www.ub.edu\/grapa\/wp-json\/wp\/v2\/users\/3"}],"replies":[{"embeddable":true,"href":"https:\/\/www.ub.edu\/grapa\/wp-json\/wp\/v2\/comments?post=5281"}],"version-history":[{"count":4,"href":"https:\/\/www.ub.edu\/grapa\/wp-json\/wp\/v2\/pages\/5281\/revisions"}],"predecessor-version":[{"id":5525,"href":"https:\/\/www.ub.edu\/grapa\/wp-json\/wp\/v2\/pages\/5281\/revisions\/5525"}],"up":[{"embeddable":true,"href":"https:\/\/www.ub.edu\/grapa\/wp-json\/wp\/v2\/pages\/2926"}],"wp:attachment":[{"href":"https:\/\/www.ub.edu\/grapa\/wp-json\/wp\/v2\/media?parent=5281"}],"curies":[{"name":"wp","href":"https:\/\/api.w.org\/{rel}","templated":true}]}}