{"id":12198,"date":"2025-10-11T21:48:04","date_gmt":"2025-10-11T21:48:04","guid":{"rendered":"https:\/\/www.ub.edu\/nouweb_grc_logos\/?page_id=12198"},"modified":"2025-10-11T22:05:40","modified_gmt":"2025-10-11T22:05:40","slug":"phds-theses","status":"publish","type":"page","link":"https:\/\/www.ub.edu\/grc_logos\/people\/phds-theses\/","title":{"rendered":"PhDs Theses"},"content":{"rendered":"\n<div class=\"gb-element-35034102\">\n<p style=\"font-size:14px\"><a href=\"https:\/\/www.ub.edu\/grc_logos\/people\/\" data-type=\"link\" data-id=\"https:\/\/www.ub.edu\/grc_logos\/projects\/\">People<\/a> \u00a0 > \u00a0 <a href=\"https:\/\/www.ub.edu\/grc_logos\/people\/former-members\/\" data-type=\"link\" data-id=\"https:\/\/www.ub.edu\/grc_logos\/projects\/\">Former members<\/a> \u00a0 > \u00a0 <a href=\"https:\/\/www.ub.edu\/grc_logos\/people\/former-members\/#former-students\" data-type=\"link\" data-id=\"https:\/\/www.ub.edu\/grc_logos\/projects\/\">Former students<\/a> \u00a0 > \u00a0 PhDs Theses<\/p>\n<\/div>\n\n\n\n<p><strong>2024<\/strong><\/p>\n\n\n\n<ul class=\"wp-block-list\">\n<li>Nicol\u00f2 D&#8217;Agruma. Thesis: &#8220;An Experimental Defense of the causal-historical theory of reference for proper names&#8221;. Supervised by Genoveva Mart\u00ed.\u00a0<\/li>\n<\/ul>\n\n\n\n<p><strong>2023<\/strong><\/p>\n\n\n\n<ul class=\"wp-block-list\">\n<li>Aar\u00f3n \u00c1lvarez Gonz\u00e1lez. Thesis: \u201cEMOTIONAL EXPERIENCE. Its Nature, its Rationality, and its Epistemology\u201d. Supervised by Esa D\u00edaz Le\u00f3n and Manuel Garc\u00eda-Carpintero S\u00e1nchez Miguel.<\/li>\n\n\n\n<li>Anton Alexandrov. Thesis: \u201cExplication from an Externalist Point of View\u201d, supervised by Manuel Garc\u00eda-Carpintero and Jos\u00e9 Mart\u00ednez Fern\u00e1ndez.<\/li>\n\n\n\n<li>Carlos Benito Monsalvo. Thesis: \u201cLogical Localism in the Context of Combining Logics\u201d, supervised by Jos\u00e9 Mart\u00ednez Fern\u00e1ndez and Elia Zardini.<\/li>\n\n\n\n<li>Mar Alloza. Thesis: \u201cAcerca de la informaci\u00f3n no aseverada sobre el contexto de interpretaci\u00f3n\u201d, supervised by Josep Maci\u00e0 F\u00e0brega and Genoveva Mart\u00ed.<\/li>\n\n\n\n<li>Nasim Mahoozi. Thesis \u201c\u00a8Philosophy of vagueness: a topological perspective&#8221;, supervised by Jos\u00e9 Mart\u00ednez Fern\u00e1ndez and Thomas Mormann.<\/li>\n<\/ul>\n\n\n\n<p><strong>2022<\/strong><\/p>\n\n\n\n<ul class=\"wp-block-list\">\n<li>Javier Poveda. Thesis: &#8220;Computational intractability, artificial intelligence, and the Cold War&#8221;, supervised by Thomas Sturm.<\/li>\n\n\n\n<li>\u00c1lvaro Mozota. Thesis: \u201cQuantum gravity or the problematic quantization of general relativity: a philosophical analysis\u201d, supervised by Silvia de Bianchi and Carl Hoefer.<\/li>\n\n\n\n<li>Andrea Rivadulla. Thesis: &#8220;On the Leaks and Boundaries of Imagination&#8221;, supervised by Manuel Garc\u00eda-Carpintero and Josep Maci\u00e0.<\/li>\n\n\n\n<li>Lisa Vogt. Thesis: &#8220;Essence and Nomicity. On the Foundations of Dispositional Essentialism&#8221;, supervised by Sven Rosenkranz.<\/li>\n<\/ul>\n\n\n\n<p><strong>2021<\/strong><\/p>\n\n\n\n<ul class=\"wp-block-list\">\n<li>Javier Anta Pulido. Thesis: &#8220;Historical and Conceptual Foundations of Information Physics&#8221;, supervised by Carl Hoefer.<\/li>\n\n\n\n<li>Alfonso Garc\u00eda Lape\u00f1a. Thesis: &#8220;Truthlikeness for deterministic and probabilistic laws&#8221;. Supervised by Jos\u00e9 Antonio D\u00edez.<\/li>\n<\/ul>\n\n\n\n<p><strong>2020<\/strong><\/p>\n\n\n\n<ul class=\"wp-block-list\">\n<li>Roger Deulofeu. Thesis: \u201cScientific explanation in biology. Beyond mechanistic explanation\u201d, supervised by Jos\u00e9 Antonio D\u00edez.<br>J.P. \u00a0Grodniewicz. Thesis: &#8220;Themes in linguistic understanding. Cognition and epistemology&#8221;, supervised by Manuel Garc\u00eda-Carpintero and Josep Maci\u00e0.<\/li>\n\n\n\n<li>Alberto Oya. Thesis: &#8220;Unamuno\u2019s Natural Foundation for Religious Faith&#8221;, supervised by Josep Ll. Prades.<\/li>\n\n\n\n<li>Javier Su\u00e1rez. Theis: \u201cMethodological strategies in contemporary symbiosis research and their historical roots: From mechanistic to non-mechanistic modes of explanation\u201d, supervised by Jos\u00e9 Antonio D\u00edez and John Dupr\u00e9.<\/li>\n\n\n\n<li>Matheus Valente. Thesis: \u201cThinking Alike \u2013 Five Essays on the Publicity of Thought\u201d, supervised by Manuel Garc\u00eda-Carpintero and Josep Maci\u00e0.<\/li>\n\n\n\n<li>Pilar Terr\u00e9s. Thesis: \u201cSubstructural logics and pragmatic enrichment\u201d, supervised by Jos\u00e9 Mart\u00ednez Fern\u00e1ndez.<\/li>\n<\/ul>\n\n\n\n<p><strong>2019<\/strong><\/p>\n\n\n\n<ul class=\"wp-block-list\">\n<li>Samuele Chilovi. Thesis: &#8220;Grounding Legal Reality, supervised by Dan L\u00f3pez de Sa and Josep Joan Moreso.<\/li>\n\n\n\n<li>Carlota Serrahima. Thesis: &#8220;My Body is the Subject&#8217;s Body. In Defence of Experientialism about the Sense of Bodily Ownership&#8221;, supervised by Manuel Garc\u00eda-Carpintero and Francesc Perenya.<\/li>\n<\/ul>\n\n\n\n<p><strong>2018<\/strong><\/p>\n\n\n\n<ul class=\"wp-block-list\">\n<li>Laura Delgado Aqueveque. Thesis: &#8220;David, Some Davids, and All Davids: Reference, Category Change, and Bearerhood Of Real-Life Names&#8221;, supervised by Manuel Garc\u00eda-Carpintero.<\/li>\n\n\n\n<li>Romina Zuppone. Thesis: &#8220;The Experimenters\u2019 Regress: A Conceptual and Historical Evaluation&#8221;, supervised by Jos\u00e9 Antonio D\u00edez Calzada.<\/li>\n<\/ul>\n\n\n\n<p><strong>2017<\/strong><\/p>\n\n\n\n<ul class=\"wp-block-list\">\n<li>Aur\u00e9lien Darbellay. Thesis: &#8220;Writing social reality into the book of the world&#8221;, supervised by Dan L\u00f3pez de Sa and Jos\u00e9 Antonio D\u00edez Calzada.<\/li>\n\n\n\n<li>Chiara Panizza. Thesis: &#8220;Fictional Names and Fictional Discourse&#8221;, supervised by Josep Maci\u00e0 and Manuel Garc\u00eda-Carpintero.<\/li>\n\n\n\n<li>Claudia Picazo. Thesis: &#8220;An Approach to Occasion-sensitivity&#8221;, supervised by Manuel P\u00e9rez Otero.<\/li>\n<\/ul>\n\n\n\n<p><strong>2016<\/strong><\/p>\n\n\n\n<ul class=\"wp-block-list\">\n<li>Ivan Milic. Thesis: &#8220;Asserting as Commitment to Knowing. An Essay on the Normativity of Assertion&#8221;, supervised by Manuel Garc\u00eda-Carpintero and Sven Rosenkranz.<\/li>\n\n\n\n<li>Mireia L\u00f3pez Amo.\u00a0Thesis: &#8220;El Dogmatismo y el Problema de la Extrema Liberalidad&#8221;, supervised by Josep Llu\u00eds Prades and Sven Rosenkranz.\u00a0<\/li>\n\n\n\n<li>Giulia Pravato. Thesis: &#8220;The Meaning and Use of Normative Language&#8221;, supervised by Luigi Perissinotto and Max K\u00f6lbel<\/li>\n\n\n\n<li>David Rey. Thesis: &#8220;Expressibility and Multiple Indexing&#8221;, supervised by Max K\u00f6lbel and Josep Maci\u00e0.<\/li>\n\n\n\n<li>Sergi Oms. Thesis: &#8220;On Common Solutions to the Liar and the Sorites&#8221;, supervised by Jos\u00e9 Mart\u00ednez.<\/li>\n<\/ul>\n\n\n\n<p><strong>2015<\/strong><\/p>\n\n\n\n<ul class=\"wp-block-list\">\n<li>John Horden. Thesis: &#8220;Composites&#8221;, supervised by Dan L\u00f3pez de Sa.<\/li>\n\n\n\n<li>Giovanni Merlo. Thesis: &#8220;The World As I Found It: A Subjectivist Metaphysics of the Mental&#8221;, supervised by\u00a0Sven Rosenkranz y John Hawthorne.<\/li>\n\n\n\n<li>Adrian Briciu. Thesis: &#8220;Context and compositionality: An essay in metasemantics&#8221;, supervised by Max K\u00f6lbel.<\/li>\n\n\n\n<li>Andrei Moldovan. Thesis: &#8220;The Literal Meaning of Definite Descriptions&#8221;, supervised by Max K\u00f6lbel.<\/li>\n<\/ul>\n\n\n\n<p><strong>2014<\/strong><\/p>\n\n\n\n<ul class=\"wp-block-list\">\n<li>Stefan Reining. Thesis: &#8220;Apriority and Colour Inclusion&#8221;, supervised by Genoveva Mart\u00ed.<\/li>\n<\/ul>\n\n\n\n<p><strong>2013<\/strong><\/p>\n\n\n\n<ul class=\"wp-block-list\">\n<li>Marc Artiga. Thesis: &#8220;A Naturalistic Theory of Intentional Content&#8221;, supervised by David Pineda.<\/li>\n\n\n\n<li>Fernando Broncano-Berrocal : &#8220;Luck and the Control Theory of Knowledge&#8221;, supervised by Joan Pag\u00e8s and Manuel P\u00e9rez Otero.<\/li>\n\n\n\n<li>Marta Jorba. Thesis: &#8220;Cognitive Phenomenology: A Non-Reductive Account&#8221;, supervised by Manuel Garc\u00eda-Carpintero and Francesc Pere\u00f1a.<\/li>\n\n\n\n<li>Laura Ortega. Thesis: &#8220;La determinaci\u00f3n de la referencia de los t\u00e9rminos para artefactos&#8221;, supervised by Genoveva Mart\u00ed.<\/li>\n\n\n\n<li>Mirja P\u00e9rez de Calleja. Thesis: &#8220;The Problem of Free Will and Determinism: An Incompatibilist-Friendly View&#8221;, supervised by Josep Llu\u00eds Prades.<\/li>\n<\/ul>\n\n\n\n<p><strong>2012<\/strong><\/p>\n\n\n\n<ul class=\"wp-block-list\">\n<li>Gon\u00e7alo Santos. Thesis: &#8220;Reconstructing Generality Relativism&#8221;, supervised by Jos\u00e9 Mart\u00ednez.<\/li>\n\n\n\n<li>Laura\u00a0Natalia\u00a0P\u00e9rez\u00a0P\u00e9rez. Thesis: &#8220;Ascriptions in context. An experimental\u00a0<a href=\"https:\/\/diziay.com\/\">yabanc? dizi izle<\/a>\u00a0Study on the Context-sensitivity of Belief Reports&#8221;, supervised by Genoveva Mart\u00ed<\/li>\n<\/ul>\n\n\n\n<p><strong>2011<\/strong><\/p>\n\n\n\n<ul class=\"wp-block-list\">\n<li>Andi Pietz. Thesis: &#8220;Logics and Falsifications&#8221;, supervised by Genoveva Mart\u00ed, Sven Rosenkranz and Heinrich Wansing.<\/li>\n\n\n\n<li>Fiora Salis. Thesis: &#8220;Fictional Names&#8221;, supervised by Manuel Garc\u00eda-Carpintero.<\/li>\n\n\n\n<li>Miguel A. Sebasti\u00e1n. Thesis: \u201cSelf-involving representationalism (SIR): a naturalistic theory of phenomenal consciousness\u201d, supervised by David Pineda.<\/li>\n\n\n\n<li>David Su\u00e1rez Rivero. Thesis: &#8220;Frege y el fen\u00f3meno del valor cognitivo&#8221;, supervised by Genoveva Mart\u00ed.<\/li>\n\n\n\n<li>Dan Zeman. Thesis: \u201cThe Semantics of Implicit Content\u201d, supervised by Josep Maci\u00e0 and Genoveva Mart\u00ed.<\/li>\n<\/ul>\n\n\n\n<p><strong>2010<\/strong><\/p>\n\n\n\n<ul class=\"wp-block-list\">\n<li>Lorenzo Baravalle. Thesis: \u201cEvoluci\u00f3n cultural y adaptaci\u00f3n&#8221;, supervised by Jos\u00e9 A D\u00edez<\/li>\n\n\n\n<li>Ekain Garmendia. Thesis: \u201cAuto-conocimiento, memoria y racionalidad\u201d, supervised by Manuel P\u00e9rez Otero<\/li>\n\n\n\n<li>Manolo Mart\u00ednez. Thesis: \u201cA Naturalistic Account of Content and an Application to Modal Epistemology\u201d, supervised by David Pineda.<\/li>\n<\/ul>\n\n\n\n<p><strong>2008<\/strong><\/p>\n\n\n\n<ul class=\"wp-block-list\">\n<li>Jos\u00e9 Chaves. Thesis \u201cSem\u00e1ntica, pragm\u00e1tica y racionalidad. La factorizaci\u00f3n del significado\u201d, supervised by Josep Maci\u00e0.<\/li>\n<\/ul>\n\n\n\n<p><strong>2007<\/strong><\/p>\n\n\n\n<ul class=\"wp-block-list\">\n<li>Marta Campdelacreu, \u201cFourdimensionalism Scrutinized\u201d, supervised by Manuel Garc\u00eda-Caprintero.<\/li>\n\n\n\n<li>S\u00f2nia Roca. Thesis: \u201cEssential Properties: Existence and Knowability\u201d, supervised by Manuel Garc\u00eda-Carpintero.<\/li>\n\n\n\n<li>Pablo Rychter, \u201cPersistence Through Time and Temporal Exemplification\u201d, supervised by Manuel Garc\u00eda-Carpintero<\/li>\n<\/ul>\n","protected":false},"excerpt":{"rendered":"<p>People \u00a0 > \u00a0 Former members \u00a0 > \u00a0 Former students \u00a0 > \u00a0 2024 2023 2022 2021 2020 2019 2018 2017 2016 2015 2014 2013 2012 2011 2010 2008 &#8230; <\/p>\n<p class=\"read-more-container\"><a title=\"PhDs Theses\" class=\"read-more button\" href=\"https:\/\/www.ub.edu\/grc_logos\/people\/phds-theses\/#more-12198\" aria-label=\"Read more about PhDs Theses\">Read Moree<\/a><\/p>\n","protected":false},"author":1,"featured_media":0,"parent":7193,"menu_order":0,"comment_status":"closed","ping_status":"closed","template":"","meta":{"_acf_changed":false,"footnotes":""},"class_list":["post-12198","page","type-page","status-publish"],"acf":[],"_links":{"self":[{"href":"https:\/\/www.ub.edu\/grc_logos\/wp-json\/wp\/v2\/pages\/12198","targetHints":{"allow":["GET"]}}],"collection":[{"href":"https:\/\/www.ub.edu\/grc_logos\/wp-json\/wp\/v2\/pages"}],"about":[{"href":"https:\/\/www.ub.edu\/grc_logos\/wp-json\/wp\/v2\/types\/page"}],"author":[{"embeddable":true,"href":"https:\/\/www.ub.edu\/grc_logos\/wp-json\/wp\/v2\/users\/1"}],"replies":[{"embeddable":true,"href":"https:\/\/www.ub.edu\/grc_logos\/wp-json\/wp\/v2\/comments?post=12198"}],"version-history":[{"count":6,"href":"https:\/\/www.ub.edu\/grc_logos\/wp-json\/wp\/v2\/pages\/12198\/revisions"}],"predecessor-version":[{"id":12209,"href":"https:\/\/www.ub.edu\/grc_logos\/wp-json\/wp\/v2\/pages\/12198\/revisions\/12209"}],"up":[{"embeddable":true,"href":"https:\/\/www.ub.edu\/grc_logos\/wp-json\/wp\/v2\/pages\/7193"}],"wp:attachment":[{"href":"https:\/\/www.ub.edu\/grc_logos\/wp-json\/wp\/v2\/media?parent=12198"}],"curies":[{"name":"wp","href":"https:\/\/api.w.org\/{rel}","templated":true}]}}