{"id":13013,"date":"2025-11-03T07:45:24","date_gmt":"2025-11-03T07:45:24","guid":{"rendered":"https:\/\/www.ub.edu\/nouweb_grc_logos\/?page_id=13013"},"modified":"2025-11-16T21:46:06","modified_gmt":"2025-11-16T21:46:06","slug":"outreach","status":"publish","type":"page","link":"https:\/\/www.ub.edu\/grc_logos\/outreach\/","title":{"rendered":"Outreach"},"content":{"rendered":"<div class=\"gb-container gb-container-f432fc90\">\n<div class=\"gb-container gb-container-17f9b974\">\n<div class=\"gb-container gb-container-ec7a91c7\">\n<div class=\"gb-container gb-container-f374b38e\">\n\n<div class=\"gb-element-dfc72213\">\n<h2 class=\"wp-block-heading has-accent-color has-text-color\" style=\"font-size:38px\">Outreach<\/h2>\n\n\n\n<p>LOGOS engages in a variety of activities of outreach to the interested public, making philosophical issues more readily accessible and providing insights into the research done by its members.<\/p>\n\n\n\n<p>LOGOS regularly contributes to the University of Barcelona\u2019s <a href=\"https:\/\/www.barcelonapensa.cat\/\">BCN Pensa<\/a> outreach festival and lecture series for secondary school teachers organized by the <a href=\"https:\/\/scf.iec.cat\/category\/seccio-de-filosofia-contemporania\/grup-de-filosofia-analitica\/\">Catalan Society for Philosophy<\/a>.<\/p>\n<\/div>\n\n\n\n<div class=\"events_list_outreach\"><h2 style=\"margin-top:50px;\">Past events<\/h2><div class=\"outreach-list past\"><article class=\"outreach-item\"><span class=\"event-date em\"><span class=\"em-icon em-icon-calendar\"><\/span> &nbsp; 8 Apr 26 &nbsp; | &nbsp; <span class=\"em-icon em-icon-clock\"><\/span> &nbsp; 18:00<\/span><h3><a href=\"https:\/\/www.ub.edu\/grc_logos\/outreach-default\/manuel-perez-otero-universitat-de-barcelona-logos-biap-apariencias-y-apariencias-perceptivas\/\">Manuel P\u00e9rez Otero (Universitat de Barcelona\/Logos\/BIAP): &#8220;Apariencias y apariencias perceptivas&#8221;<\/a><\/h3><div class=\"out-location em\"><span class=\"em-icon em-icon-location\"><\/span><div class=\"out-text-location\"><p>Institut d\u2019Estudis Catalans (Carrer del Carme, 47, Barcelona)<\/p>\n<\/div><\/div><div class=\"out_additional_comments em\"><p><strong><a href=\"https:\/\/www.ub.edu\/gfa\/\" target=\"_blank\" rel=\"noopener\">XXIII Seminari Anual de la Secci\u00f3 de Filosofia Anal\u00edtica de la Societat Catalana de Filosofia. Saber, Actuar, \u00c9sser<\/a><\/strong><\/p>\n<\/div><\/article><article class=\"outreach-item\"><span class=\"event-date em\"><span class=\"em-icon em-icon-calendar\"><\/span> &nbsp; 4 Mar 26 &nbsp; | &nbsp; <span class=\"em-icon em-icon-clock\"><\/span> &nbsp; 18:00<\/span><h3><a href=\"https:\/\/www.ub.edu\/grc_logos\/outreach-default\/jose-martinez-universitat-de-barcelona-logos-biap-circularitat-viciosa-o-virtuosa\/\">Jos\u00e9 Mart\u00ednez (Universitat de Barcelona\/Logos\/BIAP): &#8220;Circularitat, viciosa o virtuosa?&#8221;<\/a><\/h3><div class=\"out-location em\"><span class=\"em-icon em-icon-location\"><\/span><div class=\"out-text-location\"><p>Institut d\u2019Estudis Catalans (Carrer del Carme, 47, Barcelona)<\/p>\n<\/div><\/div><div class=\"out_additional_comments em\"><p><strong><a href=\"https:\/\/www.ub.edu\/gfa\/\" target=\"_blank\" rel=\"noopener\">XXIII Seminari Anual de la Secci\u00f3 de Filosofia Anal\u00edtica de la Societat Catalana de Filosofia. Saber, Actuar, \u00c9sser<\/a><\/strong><\/p>\n<\/div><\/article><article class=\"outreach-item\"><span class=\"event-date em\"><span class=\"em-icon em-icon-calendar\"><\/span> &nbsp; 21 Jan 26 &nbsp; | &nbsp; <span class=\"em-icon em-icon-clock\"><\/span> &nbsp; 18:00<\/span><h3><a href=\"https:\/\/www.ub.edu\/grc_logos\/outreach-default\/marti-bridgewater-universitat-de-barcelona-logos-biap-una-vida-normal-es-una-vida-immoral\/\">Mart\u00ed Bridgewater (Universitat de Barcelona\/Logos\/BIAP): &#8220;Una vida normal \u00e9s una vida immoral?&#8221;<\/a><\/h3><div class=\"out-location em\"><span class=\"em-icon em-icon-location\"><\/span><div class=\"out-text-location\"><p>Institut d\u2019Estudis Catalans (Carrer del Carme, 47, Barcelona)<\/p>\n<\/div><\/div><div class=\"out_additional_comments em\"><p><strong><a href=\"https:\/\/www.ub.edu\/gfa\/\" target=\"_blank\" rel=\"noopener\">XXIII Seminari Anual de la Secci\u00f3 de Filosofia Anal\u00edtica de la Societat Catalana de Filosofia. Saber, Actuar, \u00c9sser<\/a><\/strong><\/p>\n<\/div><\/article><article class=\"outreach-item\"><span class=\"event-date em\"><span class=\"em-icon em-icon-calendar\"><\/span> &nbsp; 20 Jan 26 &nbsp; | &nbsp; <span class=\"em-icon em-icon-clock\"><\/span> &nbsp; 18:30<\/span><h3><a href=\"https:\/\/www.ub.edu\/grc_logos\/outreach-default\/biap-open-conversations-series-how-the-mind-develops-from-infants-to-language-users\/\">BIAP Open Conversations Series | How the Mind Develops: From Infants to Language Users<\/a><\/h3><div class=\"out-location em\"><span class=\"em-icon em-icon-location\"><\/span><div class=\"out-text-location\"><p>Ateneu Barcelon\u00e8s, Sala Verdaguer<br \/>\nCarrer de la Canuda 6, Ciutat Vella<br \/>\nBarcelona,\u00a0Barcelona\u00a008002\u00a0Spain<\/p>\n<\/div><\/div><div class=\"out-link em\"><span class=\"em-icon em-icon-exit\"><\/span> &nbsp;<a href=\"https:\/\/biap.ub.edu\/calendar\/biap-open-conversations-series-how-the-mind-develops-from-infants-to-language-users\/\" target=\"_blank\">https:\/\/biap.ub.edu\/calendar\/biap-open-conversations-series-how-the-mind-develops-from-infants-to-language-users\/<\/a><\/div><\/article><article class=\"outreach-item\"><span class=\"event-date em\"><span class=\"em-icon em-icon-calendar\"><\/span> &nbsp; 10 Dec 25 &nbsp; | &nbsp; <span class=\"em-icon em-icon-clock\"><\/span> &nbsp; 18:00<\/span><h3><a href=\"https:\/\/www.ub.edu\/grc_logos\/outreach-default\/marc-artiga-universitat-de-valencia-logos-research-associate-sobre-la-mentida-i-lengany\/\">Marc Artiga (Universitat de Val\u00e8ncia\/LOGOS Research associate): &#8220;Sobre la mentida i l\u2019engany&#8221;<\/a><\/h3><div class=\"out-location em\"><span class=\"em-icon em-icon-location\"><\/span><div class=\"out-text-location\"><p>Institut d\u2019Estudis Catalans (Carrer del Carme, 47, Barcelona)<\/p>\n<\/div><\/div><div class=\"out_additional_comments em\"><p><strong><a href=\"https:\/\/www.ub.edu\/gfa\/\" target=\"_blank\" rel=\"noopener\">XXIII Seminari Anual de la Secci\u00f3 de Filosofia Anal\u00edtica de la Societat Catalana de Filosofia. Saber, Actuar, \u00c9sser<\/a><\/strong><\/p>\n<\/div><\/article><article class=\"outreach-item\"><span class=\"event-date em\"><span class=\"em-icon em-icon-calendar\"><\/span> &nbsp; 26 Nov 25 &nbsp; | &nbsp; <span class=\"em-icon em-icon-clock\"><\/span> &nbsp; 18:00<\/span><h3><a href=\"https:\/\/www.ub.edu\/grc_logos\/outreach-default\/marta-campdelacreu-universitat-de-barcelona-logos-biap-qui-es-qui-identitat-personal-a-poor-things\/\">Marta Campdelacreu (Universitat de Barcelona\/Logos\/BIAP): &#8220;Qui \u00e9s qui? Identitat personal a Poor things&#8221;<\/a><\/h3><div class=\"out-location em\"><span class=\"em-icon em-icon-location\"><\/span><div class=\"out-text-location\"><p>Institut d\u2019Estudis Catalans (Carrer del Carme, 47, Barcelona)<\/p>\n<\/div><\/div><div class=\"out_additional_comments em\"><p><strong><a href=\"https:\/\/www.ub.edu\/gfa\/\" target=\"_blank\" rel=\"noopener\">XXIII Seminari Anual de la Secci\u00f3 de Filosofia Anal\u00edtica de la Societat Catalana de Filosofia. Saber, Actuar, \u00c9sser<\/a><\/strong><\/p>\n<\/div><\/article><article class=\"outreach-item\"><span class=\"event-date em\"><span class=\"em-icon em-icon-calendar\"><\/span> &nbsp; 21 Nov 25 &nbsp; | &nbsp; <span class=\"em-icon em-icon-clock\"><\/span> &nbsp; 11:00<\/span><h3><a href=\"https:\/\/www.ub.edu\/grc_logos\/outreach-default\/victor-verdejo-elena-martinez-marta-jorba-pol-herrero-daphne-bernues-comunicacio-parla-interna-i-salut-mental\/\">V\u00edctor Verdejo, Elena Mart\u00ednez, Marta Jorba, Pol Herrero &#038; Daphne Bernu\u00e9s: &#8220;Comunicaci\u00f3, parla interna i salut mental&#8221;<\/a><\/h3><div class=\"out-location em\"><span class=\"em-icon em-icon-location\"><\/span><div class=\"out-text-location\"><p>Pati Manning \u2013 Sala Plat\u00f3 (Carrer de Montalegre, 7, Ciutat Vella, 08001 Barcelona)<\/p>\n<\/div><\/div><div class=\"out_additional_comments em\"><p><strong><a href=\"https:\/\/www.barcelonapensa.cat\/\" target=\"_blank\" rel=\"noopener\">XII Barcelona Pensa, November 17-21<\/a><\/strong><\/p>\n<\/div><\/article><article class=\"outreach-item\"><span class=\"event-date em\"><span class=\"em-icon em-icon-calendar\"><\/span> &nbsp; 21 Nov 25 &nbsp; | &nbsp; <span class=\"em-icon em-icon-clock\"><\/span> &nbsp; 12:00<\/span><h3><a href=\"https:\/\/www.ub.edu\/grc_logos\/outreach-default\/amb-jose-diez-javier-santaolalla-albert-sole-la-divulgacio-cientifica-virtuts-i-limits\/\">Jose D\u00edez, Javier Santaolalla &#038; Albert Sol\u00e9: &#8220;La divulgaci\u00f3 cient\u00edfica: virtuts i l\u00edmits&#8221;<\/a><\/h3><div class=\"out-location em\"><span class=\"em-icon em-icon-location\"><\/span><div class=\"out-text-location\"><p>Centre C\u00edvic Casa Golferichs (Gran Via de les Corts Catalanes, 491, L&#8217;Eixample, 08015 Barcelona)<\/p>\n<\/div><\/div><div class=\"out_additional_comments em\"><p>Per assistir a aquesta activitat cal inscripci\u00f3 pr\u00e8via a trav\u00e9s d&#8217;aquest <a href=\"https:\/\/www.golferichs.org\/conferencies\/la-divulgacio-cientifica-virtuts-i-limits\/\" target=\"_blank\" rel=\"noopener\">enlla\u00e7<\/a>.<\/p>\n<p><strong><a href=\"https:\/\/www.barcelonapensa.cat\/\" target=\"_blank\" rel=\"noopener\">XII Barcelona Pensa, November 17-21<\/a><\/strong><\/p>\n<\/div><\/article><article class=\"outreach-item\"><span class=\"event-date em\"><span class=\"em-icon em-icon-calendar\"><\/span> &nbsp; 20 Nov 25 &nbsp; | &nbsp; <span class=\"em-icon em-icon-clock\"><\/span> &nbsp; 11:00<\/span><h3><a href=\"https:\/\/www.ub.edu\/grc_logos\/outreach-default\/andrea-rivadulla-com-afecta-la-imaginacio-a-les-nostres-creences\/\">Andrea Rivadulla: \u201cCom afecta la imaginaci\u00f3 a les nostres creences?\u201d<\/a><\/h3><div class=\"out-location em\"><span class=\"em-icon em-icon-location\"><\/span><div class=\"out-text-location\"><p>Sala Puig i Cadafalch, Institut d\u2019Estudis Catalans,<br \/>\nCarrer del Carme, 47, Barcelona.<\/p>\n<\/div><\/div><div class=\"out-link em\"><span class=\"em-icon em-icon-exit\"><\/span> &nbsp;<a href=\"https:\/\/www.ub.edu\/portal\/web\/dp-filosofia\/detall\/-\/detall\/xxii-seminari-de-la-seccio-de-filosofia-analitica-de-la-societat-catalana-de-filosofia-ie-3\" target=\"_blank\">https:\/\/www.ub.edu\/portal\/web\/dp-filosofia\/detall\/-\/detall\/xxii-seminari-de-la-seccio-de-filosofia-analitica-de-la-societat-catalana-de-filosofia-ie-3<\/a><\/div><div class=\"out_additional_comments em\"><p><strong><a href=\"https:\/\/www.ub.edu\/gfa\/\" target=\"_blank\" rel=\"noopener\">XXIII Seminari Anual de la Secci\u00f3 de Filosofia Anal\u00edtica de la Societat Catalana de Filosofia. Saber, Actuar, \u00c9sser<\/a><\/strong><\/p>\n<\/div><\/article><article class=\"outreach-item\"><span class=\"event-date em\"><span class=\"em-icon em-icon-calendar\"><\/span> &nbsp; 20 Nov 25 &nbsp; | &nbsp; <span class=\"em-icon em-icon-clock\"><\/span> &nbsp; 09:00<\/span><h3><a href=\"https:\/\/www.ub.edu\/grc_logos\/outreach-default\/lluis-aguilo-josep-macia-lorena-fuster-efemerides-gilles-deleuze-gottlob-frege-i-hannah-arendt\/\">Llu\u00eds Aguil\u00f3, Josep Maci\u00e0 &#038; Lorena Fuster: &#8220;Efem\u00e8rides. Gilles Deleuze, Gottlob Frege i Hannah Arendt&#8221;<\/a><\/h3><div class=\"out-location em\"><span class=\"em-icon em-icon-location\"><\/span><div class=\"out-text-location\"><p>Llibreria Calders (Passatge de Pere Calders, 9, L&#8217;Eixample, 08015 Barcelona)<\/p>\n<\/div><\/div><div class=\"out_additional_comments em\"><p><strong><a href=\"https:\/\/www.barcelonapensa.cat\/\" target=\"_blank\" rel=\"noopener\">XII Barcelona Pensa, November 17-21<\/a><\/strong><\/p>\n<\/div><\/article><article class=\"outreach-item\"><span class=\"event-date em\"><span class=\"em-icon em-icon-calendar\"><\/span> &nbsp; 20 Nov 25 &nbsp; | &nbsp; <span class=\"em-icon em-icon-clock\"><\/span> &nbsp; 16:00<\/span><h3><a href=\"https:\/\/www.ub.edu\/grc_logos\/outreach-default\/jose-diez-maria-dulcinea-mejide-marta-garcia-javier-martin-vide-aigua-clima-i-sostenibilitat\/\">Jos\u00e9 D\u00edez, Mar\u00eda Dulcinea Mejide, Marta Garcia &#038; Javier Mart\u00edn Vide: &#8220;Aigua, clima i sostenibilitat&#8221;<\/a><\/h3><div class=\"out-location em\"><span class=\"em-icon em-icon-location\"><\/span><div class=\"out-text-location\"><p>Edifici Josep Carner, Universitat de Barcelona \u2013 Aula 0.2 (C\/ Aribau, 4)<\/p>\n<\/div><\/div><div class=\"out-link em\"><span class=\"em-icon em-icon-exit\"><\/span> &nbsp;<a href=\"https:\/\/maps.app.goo.gl\/wygdt8ySiPkx9pLc6\" target=\"_blank\">https:\/\/maps.app.goo.gl\/wygdt8ySiPkx9pLc6<\/a><\/div><div class=\"out_additional_comments em\"><p><strong><a href=\"https:\/\/www.barcelonapensa.cat\/\" target=\"_blank\" rel=\"noopener\">XII Barcelona Pensa, November 17-21<\/a><\/strong><\/p>\n<\/div><\/article><article class=\"outreach-item\"><span class=\"event-date em\"><span class=\"em-icon em-icon-calendar\"><\/span> &nbsp; 20 Nov 25 &nbsp; | &nbsp; <span class=\"em-icon em-icon-clock\"><\/span> &nbsp; 18:00<\/span><h3><a href=\"https:\/\/www.ub.edu\/grc_logos\/outreach-default\/jose-diez-pablo-montosa-amistat-amor-i-gelosia\/\">Jos\u00e9 Diez &#038; Pablo Montosa: &#8220;Amistat, amor i gelosia&#8221;<\/a><\/h3><div class=\"out-location em\"><span class=\"em-icon em-icon-location\"><\/span><div class=\"out-text-location\"><p>Institut d\u2019Estudis Catalans (IEC) \u2013 Sala Pere i Joan Coromines (Carrer del Carme, 47, Ciutat Vella, 08001 Barcelona)<\/p>\n<\/div><\/div><div class=\"out_additional_comments em\"><p><strong><a href=\"https:\/\/www.barcelonapensa.cat\/\" target=\"_blank\" rel=\"noopener\">XII Barcelona Pensa, November 17-21<\/a><\/strong><\/p>\n<\/div><\/article><article class=\"outreach-item\"><span class=\"event-date em\"><span class=\"em-icon em-icon-calendar\"><\/span> &nbsp; 19 Nov 25 &nbsp; | &nbsp; <span class=\"em-icon em-icon-clock\"><\/span> &nbsp; 13:00<\/span><h3><a href=\"https:\/\/www.ub.edu\/grc_logos\/outreach-default\/andres-soria-ruiz-desinformacio-i-mitjans-de-comunicacio-negabilitat-i-biaixos-en-premsa-i-xarxes-socials\/\">Andr\u00e9s Soria Ruiz: &#8220;Desinformaci\u00f3 i mitjans de comunicaci\u00f3. Negabilitat i biaixos en premsa i xarxes socials&#8221;<\/a><\/h3><div class=\"out-location em\"><span class=\"em-icon em-icon-location\"><\/span><div class=\"out-text-location\"><p>Pati Manning (Carrer de Montalegre, 7, Ciutat Vella, 08001 Barcelona)<\/p>\n<\/div><\/div><div class=\"out_additional_comments em\"><p><strong><a href=\"https:\/\/www.barcelonapensa.cat\/\" target=\"_blank\" rel=\"noopener\">XII Barcelona Pensa, November 17-21<\/a><\/strong><\/p>\n<\/div><\/article><article class=\"outreach-item\"><span class=\"event-date em\"><span class=\"em-icon em-icon-calendar\"><\/span> &nbsp; 19 Nov 25 &nbsp; | &nbsp; <span class=\"em-icon em-icon-clock\"><\/span> &nbsp; 16:00<\/span><h3><a href=\"https:\/\/www.ub.edu\/grc_logos\/outreach-default\/alberto-carrera-jose-diez-sofia-falomir-jesus-maria-galech-susana-gomez-maria-antonia-gonzalez-valerio-filosofia-art-i-ciencia-dialegs-i-desafiaments-transdisciplinaris\/\">Alberto Carrera, Jos\u00e9 D\u00edez, Sof\u00eda Falomir, Jes\u00fas Mar\u00eda Galech, Susana G\u00f3mez &#038; Mar\u00eda Antonia Gonz\u00e1lez Valerio: &#8220;Filosofia, art i ci\u00e8ncia: di\u00e0legs i desafiaments transdisciplinaris&#8221;<\/a><\/h3><div class=\"out-location em\"><span class=\"em-icon em-icon-location\"><\/span><div class=\"out-text-location\"><p>Activitat en l\u00ednia<\/p>\n<\/div><\/div><div class=\"out-link em\"><span class=\"em-icon em-icon-exit\"><\/span> &nbsp;<a href=\"https:\/\/www.youtube.com\/@HumanidadesUNAM01\" target=\"_blank\">https:\/\/www.youtube.com\/@HumanidadesUNAM01<\/a><\/div><div class=\"out_additional_comments em\"><p><strong><a href=\"https:\/\/www.barcelonapensa.cat\/\" target=\"_blank\" rel=\"noopener\">XII Barcelona Pensa, November 17-21<\/a><\/strong><\/p>\n<\/div><\/article><article class=\"outreach-item\"><span class=\"event-date em\"><span class=\"em-icon em-icon-calendar\"><\/span> &nbsp; 18 Nov 25 &nbsp; | &nbsp; <span class=\"em-icon em-icon-clock\"><\/span> &nbsp; 18:30<\/span><h3>(with Marta Campdelacreu and Abel Mir\u00f3) Sobre l&#8217;omnipot\u00e8ncia divina<\/h3><\/article><article class=\"outreach-item\"><span class=\"event-date em\"><span class=\"em-icon em-icon-calendar\"><\/span> &nbsp; 18 Nov 25 &nbsp; | &nbsp; <span class=\"em-icon em-icon-clock\"><\/span> &nbsp; 18:20<\/span><h3><a href=\"https:\/\/www.ub.edu\/grc_logos\/outreach-default\/sobre-omnipotencia\/\">Adri\u00e0 Sol\u00eds, Marta Campdelacreu &#038; Abel Mir\u00f3: &#8220;Sobre l\u2019omnipot\u00e8ncia divina&#8221;<\/a><\/h3><div class=\"out-location em\"><span class=\"em-icon em-icon-location\"><\/span><div class=\"out-text-location\"><p>Llibreria Alibri (Carrer de Balmes, 26, L&#8217;Eixample, 08007 Barcelona)<\/p>\n<\/div><\/div><div class=\"out_additional_comments em\"><p><strong><a href=\"https:\/\/www.barcelonapensa.cat\/\" target=\"_blank\" rel=\"noopener\">XII Barcelona Pensa, November 17-21<\/a><\/strong><\/p>\n<\/div><\/article><article class=\"outreach-item\"><span class=\"event-date em\"><span class=\"em-icon em-icon-calendar\"><\/span> &nbsp; 17 Nov 25 - 21 Nov 25<\/span><h3><a href=\"https:\/\/www.ub.edu\/grc_logos\/outreach-default\/xii-festival-barcelona-pensa\/\">XII Festival Barcelona Pensa<\/a><\/h3><div class=\"out-link em\"><span class=\"em-icon em-icon-exit\"><\/span> &nbsp;<a href=\"https:\/\/www.barcelonapensa.cat\/\" target=\"_blank\">https:\/\/www.barcelonapensa.cat\/<\/a><\/div><\/article><article class=\"outreach-item\"><span class=\"event-date em\"><span class=\"em-icon em-icon-calendar\"><\/span> &nbsp; 17 Nov 25 &nbsp; | &nbsp; <span class=\"em-icon em-icon-clock\"><\/span> &nbsp; 18:00<\/span><h3><a href=\"https:\/\/www.ub.edu\/grc_logos\/outreach-default\/sobre-lestatus-moral-de-mentir-i-enganyar\/\">Andrea Huete &#038; Teresa Marques: &#8220;Sobre l&#8217;estatus moral de mentir i enganyar&#8221;<\/a><\/h3><div class=\"out-location em\"><span class=\"em-icon em-icon-location\"><\/span><div class=\"out-text-location\"><p>Llibreria la Mem\u00f2ria (Pla\u00e7a de la Vila de Gr\u00e0cia, 19, Gr\u00e0cia, 08012 Barcelona)<\/p>\n<\/div><\/div><div class=\"out_additional_comments em\"><p><strong><a href=\"https:\/\/www.barcelonapensa.cat\/\" target=\"_blank\" rel=\"noopener\">XII Barcelona Pensa, November 17-21<\/a><\/strong><\/p>\n<\/div><\/article><\/div>\n\n\n\n<hr class=\"wp-block-separator has-alpha-channel-opacity\"\/>\n\n\n<h2>Media<\/h2><div class=\"outreach-list category-media\"><article class=\"outreach-item\"><span class=\"event-date em\"><span class=\"em-icon em-icon-calendar\"><\/span> &nbsp; 9 Sep 25<\/span><h3>Riin K\u00f5iv: \u201cCan Genes Cause Because We Know They Cause?\u201d<\/h3><div class=\"out-link em\"><span class=\"em-icon em-icon-exit\"><\/span> &nbsp;<a href=\"https:\/\/openphilosophy.blog\/2025\/09\/09\/can-genes-cause-because-we-know-they-cause\/\" target=\"_blank\">https:\/\/openphilosophy.blog\/2025\/09\/09\/can-genes-cause-because-we-know-they-cause\/<\/a><\/div><div class=\"out_additional_comments em\"><p>Article in blog\u00a0<strong>\u201c<a href=\"https:\/\/openphilosophy.blog\/\">Open Philosophy<\/a>\u201c<\/strong>\u00a0(A blog about philosophical explorations supported by the Barcelona Institute of Analytic Philosophy, BIAP)<\/p>\n<\/div><\/article><article class=\"outreach-item\"><span class=\"event-date em\"><span class=\"em-icon em-icon-calendar\"><\/span> &nbsp; 12 Nov 25<\/span><h3>Oscar Piedrahita: \u201cIgnorance Isn\u2019t a Failure\u201d<\/h3><div class=\"out-link em\"><span class=\"em-icon em-icon-exit\"><\/span> &nbsp;<a href=\"https:\/\/openphilosophy.blog\/ignorance-isnt-a-failure\/\" target=\"_blank\">https:\/\/openphilosophy.blog\/ignorance-isnt-a-failure\/<\/a><\/div><div class=\"out_additional_comments em\"><p>Article in blog <strong>\u201c<a href=\"https:\/\/openphilosophy.blog\/\">Open Philosophy<\/a>\u201c<\/strong>\u00a0(A blog about philosophical explorations supported by the Barcelona Institute of Analytic Philosophy, BIAP)<\/p>\n<\/div><\/article><article class=\"outreach-item\"><h3>1 dissemination video by Filippo Contesi, YouTube channel \u201cArt, Language, Mind\u201d.<\/h3><div class=\"out-link em\"><span class=\"em-icon em-icon-exit\"><\/span> &nbsp;<a href=\"https:\/\/www.youtube.com\/channel\/UCsxFLTPBn83c40Icg-oWi7g\" target=\"_blank\">https:\/\/www.youtube.com\/channel\/UCsxFLTPBn83c40Icg-oWi7g<\/a><\/div><\/article><article class=\"outreach-item\"><h3>Susan Feagin Memorial, Filippo Contessi, American Society for Aesthetics Newsletter, Spring 2025, 5<\/h3><div class=\"out-link em\"><span class=\"em-icon em-icon-exit\"><\/span> &nbsp;<a href=\"https:\/\/cdn.ymaws.com\/aesthetics-online.org\/resource\/resmgr\/Newsletters\/45.1.pdf\" target=\"_blank\">https:\/\/cdn.ymaws.com\/aesthetics-online.org\/resource\/resmgr\/Newsletters\/45.1.pdf<\/a><\/div><\/article><article class=\"outreach-item\"><span class=\"event-date em\"><span class=\"em-icon em-icon-calendar\"><\/span> &nbsp; 9 Nov 25<\/span><h3>Constant Bonard (U. of Bern), Filippo Contesi (U. of Cagliari) and Teresa Marques (U. of Barcelona): \u201cWhat Is This Thing Called Propaganda?\u201d<\/h3><div class=\"out-link em\"><span class=\"em-icon em-icon-exit\"><\/span> &nbsp;<a href=\"https:\/\/openphilosophy.blog\/2025\/03\/25\/what-is-this-thing-called-propaganda\/\" target=\"_blank\">https:\/\/openphilosophy.blog\/2025\/03\/25\/what-is-this-thing-called-propaganda\/<\/a><\/div><div class=\"out_additional_comments em\"><p>Open Philosophy<\/p>\n<\/div><\/article><\/div>\n\n\n\n<hr class=\"wp-block-separator has-alpha-channel-opacity\"\/>\n\n\n<h2>Others<\/h2><div class=\"outreach-list category-others\"><article class=\"outreach-item\"><h3>\u201cLinguistic Justice &#038; Letting 100 Flowers Blossom\u201d, Interview with Filippo Contesi, Contralytic<\/h3><\/article><\/div>\n<\/div>\n\n<\/div>\n\n<div class=\"gb-container gb-container-c496489f archived-outreach\">\n\n<h2 class=\"wp-block-heading\">Archive <br><span style=\"font-size:22px;position:relative; top:-5px;\">since 2022\/2023<\/span><\/h2>\n\n\n<ul class=\"out-archive\">\n<li><a href=\"https:\/\/www.ub.edu\/grc_logos\/archived-outreach\/?academic_year=2024 \/ 2025\">2024\/2025<\/a><\/li>\n<li><a href=\"https:\/\/www.ub.edu\/grc_logos\/archived-outreach\/?academic_year=2023 \/ 2024\">2023\/2024<\/a><\/li>\n<li><a href=\"https:\/\/www.ub.edu\/grc_logos\/archived-outreach\/?academic_year=2022 \/ 2023\">2022\/2023<\/a><\/li>\n<\/ul>\n\n<\/div>\n<\/div>\n<\/div>\n<\/div>","protected":false},"excerpt":{"rendered":"<p>Outreach LOGOS engages in a variety of activities of outreach to the interested public, making philosophical issues more readily accessible and providing insights into the research done by its members. &#8230; <\/p>\n<p class=\"read-more-container\"><a title=\"\u201cLinguistic Justice &#038; Letting 100 Flowers Blossom\u201d, Interview with Filippo Contesi, Contralytic\" class=\"read-more button\" href=\"https:\/\/www.ub.edu\/grc_logos\/outreach-default\/linguistic-justice-letting-100-flowers-blossom-interview-with-filippo-contesi-contralytic\/#more-13268\" aria-label=\"Read more about \u201cLinguistic Justice &#038; Letting 100 Flowers Blossom\u201d, Interview with Filippo Contesi, Contralytic\">Read Moree<\/a><\/p>\n","protected":false},"author":1,"featured_media":0,"parent":0,"menu_order":0,"comment_status":"closed","ping_status":"closed","template":"","meta":{"_acf_changed":false,"footnotes":""},"class_list":["post-13013","page","type-page","status-publish","hentry"],"acf":[],"_links":{"self":[{"href":"https:\/\/www.ub.edu\/grc_logos\/wp-json\/wp\/v2\/pages\/13013","targetHints":{"allow":["GET"]}}],"collection":[{"href":"https:\/\/www.ub.edu\/grc_logos\/wp-json\/wp\/v2\/pages"}],"about":[{"href":"https:\/\/www.ub.edu\/grc_logos\/wp-json\/wp\/v2\/types\/page"}],"author":[{"embeddable":true,"href":"https:\/\/www.ub.edu\/grc_logos\/wp-json\/wp\/v2\/users\/1"}],"replies":[{"embeddable":true,"href":"https:\/\/www.ub.edu\/grc_logos\/wp-json\/wp\/v2\/comments?post=13013"}],"version-history":[{"count":39,"href":"https:\/\/www.ub.edu\/grc_logos\/wp-json\/wp\/v2\/pages\/13013\/revisions"}],"predecessor-version":[{"id":13423,"href":"https:\/\/www.ub.edu\/grc_logos\/wp-json\/wp\/v2\/pages\/13013\/revisions\/13423"}],"wp:attachment":[{"href":"https:\/\/www.ub.edu\/grc_logos\/wp-json\/wp\/v2\/media?parent=13013"}],"curies":[{"name":"wp","href":"https:\/\/api.w.org\/{rel}","templated":true}]}}