{"id":7412,"date":"2025-08-02T16:03:41","date_gmt":"2025-08-02T16:03:41","guid":{"rendered":"https:\/\/www.ub.edu\/nouweb_grc_logos\/?page_id=7412"},"modified":"2025-10-14T18:37:33","modified_gmt":"2025-10-14T18:37:33","slug":"publications-list","status":"publish","type":"page","link":"https:\/\/www.ub.edu\/grc_logos\/publications-list\/","title":{"rendered":"Publications"},"content":{"rendered":"<div class=\"sf_form_list\"><div  class=\"search-filter-base search-filter-field search-filter-field--id-1 search-filter-field--type-search search-filter-field--input-type-text search-filter-style--id-1 search-filter-style--search-text search-filter-field--width-100\"  data-search-filter-id=\"1\" ><\/div><div  class=\"search-filter-base search-filter-field search-filter-field--id-3 search-filter-field--type-choice search-filter-field--input-type-select search-filter-style--id-1 search-filter-style--choice-select search-filter-field--width-100\"  data-search-filter-id=\"3\" ><\/div><div  class=\"search-filter-base search-filter-field search-filter-field--id-4 search-filter-field--type-choice search-filter-field--input-type-select search-filter-style--id-1 search-filter-style--choice-select search-filter-field--width-100\"  data-search-filter-id=\"4\" ><\/div><div  class=\"search-filter-base search-filter-field search-filter-field--id-2 search-filter-field--type-control search-filter-field--control-type-submit search-filter-style--id-1 search-filter-style--control-submit search-filter-field--width-100\"  data-search-filter-id=\"2\" ><\/div><\/div>\n<div class=\"search-filter-results publications-results\"><article class=\"item_publication\"><div class=\"item_publication_pre\"><span class=\"item_publication_authors\"><a href=\"https:\/\/www.ub.edu\/grc_logos\/author\/sergi-oms\/\">Sergi Oms<\/a><\/span> &nbsp; | &nbsp; <span class=\"item_publication_year\">2026<\/span><\/div><h5 class=\"item_publication_title\">A Necessary Condition on Open-Mindedness<\/h5><div class=\"item_publication_ref\"><p><em>Disputatio<\/em> (forthcoming).<\/p>\n<\/div><\/article><article class=\"item_publication\"><div class=\"item_publication_pre\"><span class=\"item_publication_authors\"><a href=\"https:\/\/www.ub.edu\/grc_logos\/author\/esa-diaz-leon\/\">Esa D\u00edaz-Le\u00f3n<\/a><\/span> &nbsp; | &nbsp; <span class=\"item_publication_year\">2026<\/span><\/div><h5 class=\"item_publication_title\">Analytic Feminism<\/h5><div class=\"item_publication_ref\"><p><span class=\"C9DxTc \">In M. Rossberg (ed.) <\/span><span class=\"C9DxTc \">The Cambridge Handbook of Analytic Philosophy<\/span><span class=\"C9DxTc \">, Cambridge University Press, forthcoming.<\/span><\/p>\n<\/div><\/article><article class=\"item_publication\"><div class=\"item_publication_pre\"><span class=\"item_publication_authors\"><a href=\"https:\/\/www.ub.edu\/grc_logos\/author\/markel-kortabarria\/\">Markel Kortabarria<\/a>, <a href=\"https:\/\/www.ub.edu\/grc_logos\/author\/marcelino-botin\/\">Marcelino Bot\u00edn<\/a><\/span> &nbsp; | &nbsp; <span class=\"item_publication_year\">2026<\/span><\/div><h5 class=\"item_publication_title\"><a href=\"https:\/\/philpapers.org\/rec\/BOTGPA\" target=\"_blank\">Botin, M. &amp; Kortabarria, M. (2026) Grounding Physicalism and the New Challenge of Consciousness. Erkenntnis.<\/a><\/h5><\/article><article class=\"item_publication\"><div class=\"item_publication_pre\"><span class=\"item_publication_authors\"><a href=\"https:\/\/www.ub.edu\/grc_logos\/author\/esa-diaz-leon\/\">Esa D\u00edaz-Le\u00f3n<\/a><\/span> &nbsp; | &nbsp; <span class=\"item_publication_year\">2026<\/span><\/div><h5 class=\"item_publication_title\">Conceptual Engineering as Resistance: A Hybrid Account of Conceptual Revision<\/h5><div class=\"item_publication_ref\"><p class=\"zfr3Q CDt4Ke \" dir=\"ltr\" role=\"presentation\"><span class=\"C9DxTc \">In D. Lupin, J. Medina &amp; L. Townsend\u00a0 <\/span><span class=\"C9DxTc \">(eds.) <\/span><em><span class=\"C9DxTc \">Resistance<\/span><\/em><span class=\"C9DxTc \">, Oxford University Press, forthcoming.<\/span><\/p>\n<\/div><\/article><article class=\"item_publication\"><div class=\"item_publication_pre\"><span class=\"item_publication_authors\"><a href=\"https:\/\/www.ub.edu\/grc_logos\/author\/alvaro-mozota\/\">\u00c1lvaro Mozota Frauca<\/a><\/span> &nbsp; | &nbsp; <span class=\"item_publication_year\">2026<\/span><\/div><h5 class=\"item_publication_title\"><a href=\"https:\/\/link.springer.com\/article\/10.1007\/s10838-025-09754-4\" target=\"_blank\">Does Quantum Cosmology Predict the Age of the Universe?<\/a><\/h5><div class=\"item_publication_ref\"><p><i>J Gen Philos Sci<\/i>\u00a0(2026). https:\/\/doi.org\/10.1007\/s10838-025-09754-4<\/p>\n<\/div><\/article><article class=\"item_publication\"><div class=\"item_publication_pre\"><span class=\"item_publication_authors\"><a href=\"https:\/\/www.ub.edu\/grc_logos\/author\/martina-rosola\/\">Martina Rosola<\/a><\/span><span class=\"item_publication_no_logos_authors\">, Mara Floris, Daniela Ruzzante, Elena Sofia Safina, Igor Facchini, Giuseppe Di Dona, Giuliano Torrengo<\/span> &nbsp; | &nbsp; <span class=\"item_publication_year\">2026<\/span><\/div><h5 class=\"item_publication_title\">Double vowels, double fairness? Assessing the viability of diphthongs as novel strategies for gender fairness in Italian<\/h5><div class=\"item_publication_ref\"><p>Language Sciences. <a href=\"https:\/\/doi.org\/10.1016\/j.langsci.2026.101812\">https:\/\/doi.org\/10.1016\/j.langsci.2026.101812<\/a><\/p>\n<\/div><\/article><article class=\"item_publication\"><div class=\"item_publication_pre\"><span class=\"item_publication_authors\"><a href=\"https:\/\/www.ub.edu\/grc_logos\/author\/marta-jorba\/\">Marta Jorba<\/a><\/span> &nbsp; | &nbsp; <span class=\"item_publication_year\">2026<\/span><\/div><h5 class=\"item_publication_title\"><a href=\"https:\/\/www.researchgate.net\/publication\/391963643_Inner_Speech_and_Introspection\" target=\"_blank\">Introspection and Inner Speech<\/a><\/h5><div class=\"item_publication_ref\"><p>in Giustina, A. (Ed.). <em>Routledge Handbook of Introspection<\/em>. London. Routledge.<\/p>\n<\/div><\/article><article class=\"item_publication\"><div class=\"item_publication_pre\"><span class=\"item_publication_authors\"><a href=\"https:\/\/www.ub.edu\/grc_logos\/author\/teresa-marques\/\">Teresa Marques<\/a><\/span><span class=\"item_publication_no_logos_authors\">, Manuel Garc\u00eda-Carpintero<\/span> &nbsp; | &nbsp; <span class=\"item_publication_year\">2026<\/span><\/div><h5 class=\"item_publication_title\">Language, Words, and Linguistic Objects<\/h5><div class=\"item_publication_ref\"><p>Forthcoming in Stephanie Collins, Brian Epstein, Sally Haslanger &amp; Hans B. Schmid (editors), <em>Oxford Handbook of Social Ontology<\/em>. Oxford University Press.<\/p>\n<\/div><\/article><article class=\"item_publication\"><div class=\"item_publication_pre\"><span class=\"item_publication_authors\"><a href=\"https:\/\/www.ub.edu\/grc_logos\/author\/alvaro-mozota\/\">\u00c1lvaro Mozota Frauca<\/a><\/span> &nbsp; | &nbsp; <span class=\"item_publication_year\">2026<\/span><\/div><h5 class=\"item_publication_title\"><a href=\"https:\/\/www.revistas.usach.cl\/ojs\/index.php\/culturas\/article\/view\/7925\" target=\"_blank\">Los espacio-tiempos de la relatividad general no son (tan) especiales<\/a><\/h5><div class=\"item_publication_ref\"><p><i>Culturas Cient\u00edficas<\/i>,\u00a0<i>6<\/i>(1). \u00a02026. <a href=\"https:\/\/doi.org\/10.35588\/cc.v6d7925\">https:\/\/doi.org\/10.35588\/cc.v6d7925<\/a><\/p>\n<\/div><\/article><article class=\"item_publication\"><div class=\"item_publication_pre\"><span class=\"item_publication_authors\"><a href=\"https:\/\/www.ub.edu\/grc_logos\/author\/jose-antonio-diez\/\">Jos\u00e9 Antonio D\u00edez<\/a>, <a href=\"https:\/\/www.ub.edu\/grc_logos\/author\/albert-sole\/\">Albert Sol\u00e9<\/a><\/span> &nbsp; | &nbsp; <span class=\"item_publication_year\">2026<\/span><\/div><h5 class=\"item_publication_title\">Mec\u00e1nica bohmiana y explicaci\u00f3n: el caso de la interpretaci\u00f3n de la funci\u00f3n de onda.<\/h5><div class=\"item_publication_ref\"><p><em>Culturas Cient\u00edficas<\/em>, 6(1), pp. 200-222. <a href=\"https:\/\/doi.org\/10.35588\/cc.v6d7927\">https:\/\/doi.org\/10.35588\/cc.v6d7927<\/a><\/p>\n<\/div><\/article><article class=\"item_publication\"><div class=\"item_publication_pre\"><span class=\"item_publication_authors\"><a href=\"https:\/\/www.ub.edu\/grc_logos\/author\/esa-diaz-leon\/\">Esa D\u00edaz-Le\u00f3n<\/a><\/span> &nbsp; | &nbsp; <span class=\"item_publication_year\">2026<\/span><\/div><h5 class=\"item_publication_title\">Social Construction, Grounding, and Amelioration<\/h5><div class=\"item_publication_ref\"><p>In Y. Kappes, A. Passinsky, J. De Rizzo &amp; B. Schnieder (eds.) <em>Facets of Reality<\/em>, Berlin: De Gruyter, forthcoming.<\/p>\n<\/div><\/article><article class=\"item_publication\"><div class=\"item_publication_pre\"><span class=\"item_publication_authors\"><a href=\"https:\/\/www.ub.edu\/grc_logos\/author\/teresa-marques\/\">Teresa Marques<\/a><\/span> &nbsp; | &nbsp; <span class=\"item_publication_year\">2026<\/span><\/div><h5 class=\"item_publication_title\">The aptness of anger&#8217;s expression<\/h5><div class=\"item_publication_ref\"><p>forthcoming in <em>Emotions, Rationality, and Nationalism: Challenges to the European Project<\/em>, edited by Sabine D\u00f6hring and Thomas Sturm. London: Routledge.<\/p>\n<\/div><\/article><article class=\"item_publication\"><div class=\"item_publication_pre\"><span class=\"item_publication_authors\"><a href=\"https:\/\/www.ub.edu\/grc_logos\/author\/marta-jorba\/\">Marta Jorba<\/a><\/span><span class=\"item_publication_no_logos_authors\">, Bianca Cepollaro, Valentina Petrolini<\/span> &nbsp; | &nbsp; <span class=\"item_publication_year\">2026<\/span><\/div><h5 class=\"item_publication_title\">The Case of &lsquo;Autistic&rsquo;: Pejorative Uses and Reclamation<\/h5><div class=\"item_publication_ref\"><p>Ergo. An Open Access Journal of Philosophy.<\/p>\n<\/div><\/article><article class=\"item_publication\"><div class=\"item_publication_pre\"><span class=\"item_publication_authors\"><a href=\"https:\/\/www.ub.edu\/grc_logos\/author\/teresa-marques\/\">Teresa Marques<\/a><\/span> &nbsp; | &nbsp; <span class=\"item_publication_year\">2026<\/span><\/div><h5 class=\"item_publication_title\">The constitutive function of derogation<\/h5><div class=\"item_publication_ref\"><p><i>Topoi<\/i>. https:\/\/doi.org\/10.1007\/s11245-026-10382-w<\/p>\n<\/div><\/article><article class=\"item_publication\"><div class=\"item_publication_pre\"><span class=\"item_publication_authors\"><a href=\"https:\/\/www.ub.edu\/grc_logos\/author\/marta-jorba\/\">Marta Jorba<\/a><\/span><span class=\"item_publication_no_logos_authors\">, Alba Ravent\u00f3s, Ares Batlle, Alberto S\u00e1nchez, Agust\u00edn Vicente<\/span> &nbsp; | &nbsp; <span class=\"item_publication_year\">2026<\/span><\/div><h5 class=\"item_publication_title\"><a href=\"https:\/\/www.sciencedirect.com\/science\/article\/pii\/S0001691825013538\" target=\"_blank\">The inner speech and visualization in verbal autism questionnaire: A study and preliminary validation<\/a><\/h5><div class=\"item_publication_ref\"><p>Acta Psychologica 262, 106039<\/p>\n<\/div><\/article><article class=\"item_publication\"><div class=\"item_publication_pre\"><span class=\"item_publication_authors\"><a href=\"https:\/\/www.ub.edu\/grc_logos\/author\/marta-campdelacreu\/\">Marta Campdelacreu<\/a>, <a href=\"https:\/\/www.ub.edu\/grc_logos\/author\/sergi-oms\/\">Sergi Oms<\/a><\/span><span class=\"item_publication_no_logos_authors\">, Vanessa Trivi\u00f1o<\/span> &nbsp; | &nbsp; <span class=\"item_publication_year\">2026<\/span><\/div><h5 class=\"item_publication_title\">The Property-Inheritance Problem<\/h5><div class=\"item_publication_ref\"><p><em>The Journal of Philosophy<\/em> (forthcoming).<\/p>\n<\/div><\/article><article class=\"item_publication\"><div class=\"item_publication_pre\"><span class=\"item_publication_authors\"><a href=\"https:\/\/www.ub.edu\/grc_logos\/author\/teresa-marques\/\">Teresa Marques<\/a><\/span> &nbsp; | &nbsp; <span class=\"item_publication_year\">2026<\/span><\/div><h5 class=\"item_publication_title\">The responsibility of individuals<\/h5><div class=\"item_publication_ref\"><p>Forthcoming in Sally Haslanger, Karen Jones, Greg Restall, Fran\u00e7ois Schroeter &amp; Laura Schroeter (editors), <em>Mind, Language, and Social Hierarchy: Constructing a Shared Social World.\u00a0<\/em>Oxford University Press.<\/p>\n<\/div><\/article><article class=\"item_publication\"><div class=\"item_publication_pre\"><span class=\"item_publication_authors\"><a href=\"https:\/\/www.ub.edu\/grc_logos\/author\/manuel-garcia-carpintero\/\">Manuel Garc\u00eda-Carpintero<\/a><\/span> &nbsp; | &nbsp; <span class=\"item_publication_year\">2026<\/span><\/div><h5 class=\"item_publication_title\"><a href=\"https:\/\/www.cambridge.org\/core\/books\/truth-and-reference-in-the-making-of-fiction\/4D2D9C827D8990632B87770270D65198#:~:text=Book%20description,and%20state%20facts%20about%20it\" target=\"_blank\">Truth and Reference in the Making of Fiction<\/a><\/h5><div class=\"item_publication_ref\"><p>Cambridge, Cambridge University Press<\/p>\n<\/div><\/article><article class=\"item_publication\"><div class=\"item_publication_pre\"><span class=\"item_publication_authors\"><a href=\"https:\/\/www.ub.edu\/grc_logos\/author\/teresa-marques\/\">Teresa Marques<\/a><\/span> &nbsp; | &nbsp; <span class=\"item_publication_year\">2026<\/span><\/div><h5 class=\"item_publication_title\">What does &#8216;meaning&#8217; mean?<\/h5><div class=\"item_publication_ref\"><p class=\"p1\">in D. Pritchard (ed.) <em>What is This Thing Called Philosophy?<\/em>, 2nd edition, Part VI &#8211; Philosophy of Language. Routledge.<\/p>\n<\/div><\/article><article class=\"item_publication\"><div class=\"item_publication_pre\"><span class=\"item_publication_authors\"><a href=\"https:\/\/www.ub.edu\/grc_logos\/author\/teresa-marques\/\">Teresa Marques<\/a><\/span> &nbsp; | &nbsp; <span class=\"item_publication_year\">2026<\/span><\/div><h5 class=\"item_publication_title\">What people mean<\/h5><div class=\"item_publication_ref\"><p class=\"p1\">in D. Pritchard (ed.) <em>What is This Thing Called Philosophy<\/em>?, 2nd edition, Part VI &#8211; Philosophy of Language. Routledge.<\/p>\n<\/div><\/article><\/div><div class='paginator_sf_results'><span aria-current=\"page\" class=\"page-numbers current\">1<\/span>\n<a class=\"page-numbers\" href=\"https:\/\/www.ub.edu\/grc_logos\/wp-json\/wp\/v2\/pages\/7412\/page\/2\/?_sf_s&#038;_pub_year&#038;_pub_related_project\">2<\/a>\n<a class=\"page-numbers\" href=\"https:\/\/www.ub.edu\/grc_logos\/wp-json\/wp\/v2\/pages\/7412\/page\/3\/?_sf_s&#038;_pub_year&#038;_pub_related_project\">3<\/a>\n<span class=\"page-numbers dots\">&hellip;<\/span>\n<a class=\"page-numbers\" href=\"https:\/\/www.ub.edu\/grc_logos\/wp-json\/wp\/v2\/pages\/7412\/page\/64\/?_sf_s&#038;_pub_year&#038;_pub_related_project\">64<\/a>\n<a class=\"next page-numbers\" href=\"https:\/\/www.ub.edu\/grc_logos\/wp-json\/wp\/v2\/pages\/7412\/page\/2\/?_sf_s&#038;_pub_year&#038;_pub_related_project\">next \u00bb<\/a><\/div>\n\n\n\n<p><\/p>\n","protected":false},"excerpt":{"rendered":"","protected":false},"author":1,"featured_media":0,"parent":0,"menu_order":0,"comment_status":"closed","ping_status":"closed","template":"","meta":{"_acf_changed":false,"footnotes":""},"class_list":["post-7412","page","type-page","status-publish","hentry"],"acf":[],"_links":{"self":[{"href":"https:\/\/www.ub.edu\/grc_logos\/wp-json\/wp\/v2\/pages\/7412","targetHints":{"allow":["GET"]}}],"collection":[{"href":"https:\/\/www.ub.edu\/grc_logos\/wp-json\/wp\/v2\/pages"}],"about":[{"href":"https:\/\/www.ub.edu\/grc_logos\/wp-json\/wp\/v2\/types\/page"}],"author":[{"embeddable":true,"href":"https:\/\/www.ub.edu\/grc_logos\/wp-json\/wp\/v2\/users\/1"}],"replies":[{"embeddable":true,"href":"https:\/\/www.ub.edu\/grc_logos\/wp-json\/wp\/v2\/comments?post=7412"}],"version-history":[{"count":20,"href":"https:\/\/www.ub.edu\/grc_logos\/wp-json\/wp\/v2\/pages\/7412\/revisions"}],"predecessor-version":[{"id":12400,"href":"https:\/\/www.ub.edu\/grc_logos\/wp-json\/wp\/v2\/pages\/7412\/revisions\/12400"}],"wp:attachment":[{"href":"https:\/\/www.ub.edu\/grc_logos\/wp-json\/wp\/v2\/media?parent=7412"}],"curies":[{"name":"wp","href":"https:\/\/api.w.org\/{rel}","templated":true}]}}