{"id":7594,"date":"2025-08-16T18:40:50","date_gmt":"2025-08-16T18:40:50","guid":{"rendered":"https:\/\/www.ub.edu\/nouweb_grc_logos\/?page_id=7594"},"modified":"2025-10-27T11:43:28","modified_gmt":"2025-10-27T11:43:28","slug":"visitors","status":"publish","type":"page","link":"https:\/\/www.ub.edu\/grc_logos\/people\/visitors\/","title":{"rendered":"Visitors"},"content":{"rendered":"\n<div class=\"gb-element-35034102\">\n<p style=\"font-size:14px\"><a href=\"https:\/\/www.ub.edu\/grc_logos\/people\/\" data-type=\"link\" data-id=\"https:\/\/www.ub.edu\/grc_logos\/projects\/\">People<\/a> &nbsp; &gt; &nbsp; Visitors<\/p>\n<\/div>\n\n\n\n<div><div class=\"gb-container gb-container-9bc13744\">\n\n<h2 class=\"wp-block-heading\" id=\"senior-visitors\">Senior visitors <a href=\"https:\/\/www.ub.edu\/grc_logos\/people\/archived-visitors\/#senior-visitors\">View archived<\/a><\/h2>\n\n\n<div class=\"publishpress-visitors-list\"><ul><li class=\"guest-item\"><span><a href=\"https:\/\/www.uu.se\/en\/contact-and-organisation\/staff?query=N10-402\" target=\"_blank\">Eric Cullhed<\/a><\/span><span class='aut_afiliation_list'> &nbsp;|&nbsp; Uppsala<\/span><p class=\"guest-dates\">September 1, 2025 \u2013 September 1, 2026<\/p><\/li><li class=\"guest-item\"><span>Zhao Lei<\/span><span class='aut_afiliation_list'> &nbsp;|&nbsp; Institute of Science, Technology and Society Shanxi University<\/span><p class=\"guest-dates\">November 15, 2025 \u2013 November 14, 2026<\/p><\/li><li class=\"guest-item\"><span><a href=\"https:\/\/manuelalmagro.com\/\" target=\"_blank\">Manuel Almagro<\/a><\/span><span class='aut_afiliation_list'> &nbsp;|&nbsp; U. Valencia<\/span><p class=\"guest-dates\">February 1, 2026 \u2013 May 31, 2026<\/p><\/li><\/ul><\/div>\n\n<\/div><\/div>\n\n\n\n<div>\n<h2 class=\"wp-block-heading\" id=\"student-visitors\">Student visitors <a href=\"https:\/\/www.ub.edu\/grc_logos\/people\/archived-visitors\/#student-visitors\">View archived<\/a><\/h2>\n\n\n<div class=\"publishpress-visitors-list\"><ul><li class=\"guest-item\"><span>Edoardo Fazzini<\/span><span class='aut_afiliation_list'> &nbsp;|&nbsp; Universit\u00e4t Bern<\/span><p class=\"guest-dates\">February 1, 2026 \u2013 January 31, 2027<\/p><\/li><li class=\"guest-item\"><span>\u00c7a\u011fda\u015f Burak Karata\u015f<\/span><span class='aut_afiliation_list'> &nbsp;|&nbsp; Marmara University<\/span><p class=\"guest-dates\">March 2, 2026 \u2013 February 20, 2027<\/p><\/li><\/ul><\/div>\n<\/div>\n","protected":false},"excerpt":{"rendered":"<p>People &nbsp; &gt; &nbsp; Senior visitors View archived Student visitors View archived<\/p>\n","protected":false},"author":1,"featured_media":0,"parent":7193,"menu_order":0,"comment_status":"closed","ping_status":"closed","template":"","meta":{"_acf_changed":false,"footnotes":""},"class_list":["post-7594","page","type-page","status-publish"],"acf":[],"_links":{"self":[{"href":"https:\/\/www.ub.edu\/grc_logos\/wp-json\/wp\/v2\/pages\/7594","targetHints":{"allow":["GET"]}}],"collection":[{"href":"https:\/\/www.ub.edu\/grc_logos\/wp-json\/wp\/v2\/pages"}],"about":[{"href":"https:\/\/www.ub.edu\/grc_logos\/wp-json\/wp\/v2\/types\/page"}],"author":[{"embeddable":true,"href":"https:\/\/www.ub.edu\/grc_logos\/wp-json\/wp\/v2\/users\/1"}],"replies":[{"embeddable":true,"href":"https:\/\/www.ub.edu\/grc_logos\/wp-json\/wp\/v2\/comments?post=7594"}],"version-history":[{"count":18,"href":"https:\/\/www.ub.edu\/grc_logos\/wp-json\/wp\/v2\/pages\/7594\/revisions"}],"predecessor-version":[{"id":12879,"href":"https:\/\/www.ub.edu\/grc_logos\/wp-json\/wp\/v2\/pages\/7594\/revisions\/12879"}],"up":[{"embeddable":true,"href":"https:\/\/www.ub.edu\/grc_logos\/wp-json\/wp\/v2\/pages\/7193"}],"wp:attachment":[{"href":"https:\/\/www.ub.edu\/grc_logos\/wp-json\/wp\/v2\/media?parent=7594"}],"curies":[{"name":"wp","href":"https:\/\/api.w.org\/{rel}","templated":true}]}}