{"id":626,"date":"2025-08-24T16:21:45","date_gmt":"2025-08-24T16:21:45","guid":{"rendered":"https:\/\/www.ub.edu\/gredi\/?page_id=626"},"modified":"2026-04-28T22:53:37","modified_gmt":"2026-04-28T22:53:37","slug":"qui-som","status":"publish","type":"page","link":"https:\/\/www.ub.edu\/gredi\/qui-som\/","title":{"rendered":"Qui som"},"content":{"rendered":"\t\t<div data-elementor-type=\"wp-page\" data-elementor-id=\"626\" class=\"elementor elementor-626\">\n\t\t\t\t\t\t<section data-particle_enable=\"false\" data-particle-mobile-disabled=\"false\" class=\"elementor-section elementor-top-section elementor-element elementor-element-545f43b8 elementor-section-stretched elementor-section-full_width elementor-section-height-default elementor-section-height-default\" data-id=\"545f43b8\" data-element_type=\"section\" data-e-type=\"section\" data-settings=\"{&quot;stretch_section&quot;:&quot;section-stretched&quot;,&quot;background_background&quot;:&quot;classic&quot;}\">\n\t\t\t\t\t\t<div class=\"elementor-container elementor-column-gap-no\">\n\t\t\t\t\t<div class=\"elementor-column elementor-col-100 elementor-top-column elementor-element elementor-element-770248cc\" data-id=\"770248cc\" data-element_type=\"column\" data-e-type=\"column\">\n\t\t\t<div class=\"elementor-widget-wrap elementor-element-populated\">\n\t\t\t\t\t\t<section data-particle_enable=\"false\" data-particle-mobile-disabled=\"false\" class=\"elementor-section elementor-inner-section elementor-element elementor-element-50f3a134 elementor-section-boxed elementor-section-height-default elementor-section-height-default elementor-invisible\" data-id=\"50f3a134\" data-element_type=\"section\" data-e-type=\"section\" data-settings=\"{&quot;animation&quot;:&quot;fadeInUp&quot;}\">\n\t\t\t\t\t\t<div class=\"elementor-container elementor-column-gap-no\">\n\t\t\t\t\t<div class=\"elementor-column elementor-col-100 elementor-inner-column elementor-element elementor-element-6e772681\" data-id=\"6e772681\" data-element_type=\"column\" data-e-type=\"column\">\n\t\t\t<div class=\"elementor-widget-wrap elementor-element-populated\">\n\t\t\t\t\t\t<div class=\"elementor-element elementor-element-b00356e elementor-invisible elementor-widget elementor-widget-heading\" data-id=\"b00356e\" data-element_type=\"widget\" data-e-type=\"widget\" data-settings=\"{&quot;_animation&quot;:&quot;fadeInUp&quot;}\" data-widget_type=\"heading.default\">\n\t\t\t\t\t<h3 class=\"elementor-heading-title elementor-size-default\">Equip<\/h3>\t\t\t\t<\/div>\n\t\t\t\t<div class=\"elementor-element elementor-element-ef5a2f4 elementor-widget elementor-widget-text-editor\" data-id=\"ef5a2f4\" data-element_type=\"widget\" data-e-type=\"widget\" data-widget_type=\"text-editor.default\">\n\t\t\t\t\t\t\t\t\t<h3>El GREDI compta amb m\u00e9s de 30 anys de traject\u00f2ria acad\u00e8mica i cient\u00edfica.<\/h3><h3>Som un grup interuniversitari, interdiciplinar i interprofessional integrat per m\u00e9s de trenta investigadores i investigadors amb lideratge en recerca i col.laboracions amb altres institucions rellevants, nacionals i internacionals, en el nostre \u00e0mbit de coneixement.<\/h3>\t\t\t\t\t\t\t\t<\/div>\n\t\t\t\t<div class=\"elementor-element elementor-element-3accd17 elementor-widget elementor-widget-loop-grid\" data-id=\"3accd17\" data-element_type=\"widget\" data-e-type=\"widget\" data-widget_type=\"loop-grid.default\">\n\t\t\t\t<div class=\"elementor-widget-container\">\n\t\t\t\t\t \t\t\t\t<\/div>\n\t\t\t\t<\/div>\n\t\t\t\t\t<\/div>\n\t\t<\/div>\n\t\t\t\t\t<\/div>\n\t\t<\/section>\n\t\t\t\t<div class=\"elementor-element elementor-element-e986023 elementor-widget elementor-widget-loop-grid\" data-id=\"e986023\" data-element_type=\"widget\" data-e-type=\"widget\" data-widget_type=\"loop-grid.default\">\n\t\t\t\t<div class=\"elementor-widget-container\">\n\t\t\t\t\t \t\t\t\t<\/div>\n\t\t\t\t<\/div>\n\t\t\t\t\t<\/div>\n\t\t<\/div>\n\t\t\t\t\t<\/div>\n\t\t<\/section>\n\t\t<div data-particle_enable=\"false\" data-particle-mobile-disabled=\"false\" class=\"elementor-element elementor-element-5040683d e-flex e-con-boxed e-con e-parent\" data-id=\"5040683d\" data-element_type=\"container\" data-e-type=\"container\" data-settings=\"{&quot;background_background&quot;:&quot;classic&quot;}\">\n\t\t\t\t\t<div class=\"e-con-inner\">\n\t\t<div data-particle_enable=\"false\" data-particle-mobile-disabled=\"false\" class=\"elementor-element elementor-element-7f4a511a e-con-full e-flex e-con e-child\" data-id=\"7f4a511a\" data-element_type=\"container\" data-e-type=\"container\">\n\t\t\t\t<div class=\"elementor-element elementor-element-56e0d110 elementor-invisible elementor-widget elementor-widget-image\" data-id=\"56e0d110\" data-element_type=\"widget\" data-e-type=\"widget\" data-settings=\"{&quot;_animation&quot;:&quot;zoomIn&quot;}\" data-widget_type=\"image.default\">\n\t\t\t\t\t\t\t\t\t\t\t\t\t\t\t<img decoding=\"async\" src=\"https:\/\/www.ub.edu\/gredi\/wp-content\/uploads\/2020\/05\/FOTO-QUI-SOM-NOVA.png\" title=\"\" alt=\"\" loading=\"lazy\" \/>\t\t\t\t\t\t\t\t\t\t\t\t\t\t\t<\/div>\n\t\t\t\t<\/div>\n\t\t<div data-particle_enable=\"false\" data-particle-mobile-disabled=\"false\" class=\"elementor-element elementor-element-f7fce71 e-con-full e-flex e-con e-child\" data-id=\"f7fce71\" data-element_type=\"container\" data-e-type=\"container\">\n\t\t\t\t<div class=\"elementor-element elementor-element-1d12246 elementor-widget elementor-widget-text-editor\" data-id=\"1d12246\" data-element_type=\"widget\" data-e-type=\"widget\" data-widget_type=\"text-editor.default\">\n\t\t\t\t\t\t\t\t\t<h3 style=\"text-align: center;\">Des dels seus inicis, l\u2019any 1992, de la m\u00e0 de la Dra. Margarita Bartolom\u00e9 Pina, les nostres accions fonamentals s\u00f3n la investigaci\u00f3, la transfer\u00e8ncia, la difusi\u00f3 del coneixement, la innovaci\u00f3 i la formaci\u00f3, enriquides per la recerca. Seguint amb els valors i finalitats fundacionals del GREDI, els objectius del grup es defineixen des del seu comprom\u00eds amb la transformaci\u00f3 i millora de la societat en clau d\u2019equitat i cohesi\u00f3 social.<\/h3>\t\t\t\t\t\t\t\t<\/div>\n\t\t\t\t<\/div>\n\t\t\t\t\t<\/div>\n\t\t\t\t<\/div>\n\t\t\t\t<\/div>\n\t\t","protected":false},"excerpt":{"rendered":"<p>Equip El GREDI compta amb m\u00e9s de 30 anys de traject\u00f2ria acad\u00e8mica i cient\u00edfica. Som un grup interuniversitari, interdiciplinar i interprofessional integrat per m\u00e9s de trenta investigadores i investigadors amb lideratge en recerca i col.laboracions amb altres institucions rellevants, nacionals i internacionals, en el nostre \u00e0mbit de coneixement. Des dels seus inicis, l\u2019any 1992, de [&hellip;]<\/p>\n","protected":false},"author":1,"featured_media":0,"parent":0,"menu_order":0,"comment_status":"closed","ping_status":"closed","template":"elementor_header_footer","meta":{"footnotes":""},"class_list":["post-626","page","type-page","status-publish","hentry"],"_links":{"self":[{"href":"https:\/\/www.ub.edu\/gredi\/wp-json\/wp\/v2\/pages\/626","targetHints":{"allow":["GET"]}}],"collection":[{"href":"https:\/\/www.ub.edu\/gredi\/wp-json\/wp\/v2\/pages"}],"about":[{"href":"https:\/\/www.ub.edu\/gredi\/wp-json\/wp\/v2\/types\/page"}],"author":[{"embeddable":true,"href":"https:\/\/www.ub.edu\/gredi\/wp-json\/wp\/v2\/users\/1"}],"replies":[{"embeddable":true,"href":"https:\/\/www.ub.edu\/gredi\/wp-json\/wp\/v2\/comments?post=626"}],"version-history":[{"count":85,"href":"https:\/\/www.ub.edu\/gredi\/wp-json\/wp\/v2\/pages\/626\/revisions"}],"predecessor-version":[{"id":10659,"href":"https:\/\/www.ub.edu\/gredi\/wp-json\/wp\/v2\/pages\/626\/revisions\/10659"}],"wp:attachment":[{"href":"https:\/\/www.ub.edu\/gredi\/wp-json\/wp\/v2\/media?parent=626"}],"curies":[{"name":"wp","href":"https:\/\/api.w.org\/{rel}","templated":true}]}}