{"id":1052,"date":"2023-01-11T16:18:34","date_gmt":"2023-01-11T15:18:34","guid":{"rendered":"https:\/\/www.ub.edu\/greecs\/?page_id=1052"},"modified":"2026-02-23T15:58:23","modified_gmt":"2026-02-23T14:58:23","slug":"zoom","status":"publish","type":"page","link":"https:\/\/www.ub.edu\/greecs\/posgrado\/zoom\/","title":{"rendered":"Clases abiertas del posgrado: c\u00f3mo acceder"},"content":{"rendered":"\n<div class=\"wp-block-columns is-layout-flex wp-container-core-columns-is-layout-9d6595d7 wp-block-columns-is-layout-flex\">\n<div class=\"wp-block-column is-layout-flow wp-block-column-is-layout-flow\" style=\"flex-basis:100%\">\n<div class=\"wp-block-group\"><div class=\"wp-block-group__inner-container is-layout-constrained wp-block-group-is-layout-constrained\">\n<div class=\"wp-block-jetpack-tiled-gallery aligncenter is-style-columns\"><div class=\"\"><div class=\"tiled-gallery__gallery\"><div class=\"tiled-gallery__row\"><div class=\"tiled-gallery__col\" style=\"flex-basis:24.99418%\"><figure class=\"tiled-gallery__item\"><img decoding=\"async\" srcset=\"https:\/\/i0.wp.com\/www.ub.edu\/greecs\/wp-content\/uploads\/2023\/01\/cartel_sesion-publica_Bertomeu-709x1024.jpg?strip=info&#038;w=600&#038;ssl=1 600w,https:\/\/i0.wp.com\/www.ub.edu\/greecs\/wp-content\/uploads\/2023\/01\/cartel_sesion-publica_Bertomeu-709x1024.jpg?strip=info&#038;w=720&#038;ssl=1 720w\" alt=\"\" data-height=\"1040\" data-id=\"1059\" data-link=\"https:\/\/www.ub.edu\/greecs\/posgrado\/zoom\/cartel_sesion-publica_bertomeu\/\" data-url=\"https:\/\/www.ub.edu\/greecs\/wp-content\/uploads\/2023\/01\/cartel_sesion-publica_Bertomeu-709x1024.jpg\" data-width=\"720\" src=\"https:\/\/i0.wp.com\/www.ub.edu\/greecs\/wp-content\/uploads\/2023\/01\/cartel_sesion-publica_Bertomeu-709x1024.jpg?ssl=1\" data-amp-layout=\"responsive\"\/><\/figure><figure class=\"tiled-gallery__item\"><img decoding=\"async\" srcset=\"https:\/\/i0.wp.com\/www.ub.edu\/greecs\/wp-content\/uploads\/2023\/01\/cartel_sesion-publica-gourevitch-709x1024.jpg?strip=info&#038;w=600&#038;ssl=1 600w,https:\/\/i0.wp.com\/www.ub.edu\/greecs\/wp-content\/uploads\/2023\/01\/cartel_sesion-publica-gourevitch-709x1024.jpg?strip=info&#038;w=720&#038;ssl=1 720w\" alt=\"\" data-height=\"1040\" data-id=\"1060\" data-link=\"https:\/\/www.ub.edu\/greecs\/posgrado\/zoom\/cartel_sesion-publica-gourevitch\/\" data-url=\"https:\/\/www.ub.edu\/greecs\/wp-content\/uploads\/2023\/01\/cartel_sesion-publica-gourevitch-709x1024.jpg\" data-width=\"720\" src=\"https:\/\/i0.wp.com\/www.ub.edu\/greecs\/wp-content\/uploads\/2023\/01\/cartel_sesion-publica-gourevitch-709x1024.jpg?ssl=1\" data-amp-layout=\"responsive\"\/><\/figure><figure class=\"tiled-gallery__item\"><img decoding=\"async\" srcset=\"https:\/\/i0.wp.com\/www.ub.edu\/greecs\/wp-content\/uploads\/2023\/01\/carteles_sesion-publica_kratke-709x1024.jpg?strip=info&#038;w=600&#038;ssl=1 600w,https:\/\/i0.wp.com\/www.ub.edu\/greecs\/wp-content\/uploads\/2023\/01\/carteles_sesion-publica_kratke-709x1024.jpg?strip=info&#038;w=720&#038;ssl=1 720w\" alt=\"\" data-height=\"1040\" data-id=\"1064\" data-link=\"https:\/\/www.ub.edu\/greecs\/posgrado\/zoom\/carteles_sesion-publica_kratke\/\" data-url=\"https:\/\/www.ub.edu\/greecs\/wp-content\/uploads\/2023\/01\/carteles_sesion-publica_kratke-709x1024.jpg\" data-width=\"720\" src=\"https:\/\/i0.wp.com\/www.ub.edu\/greecs\/wp-content\/uploads\/2023\/01\/carteles_sesion-publica_kratke-709x1024.jpg?ssl=1\" data-amp-layout=\"responsive\"\/><\/figure><\/div><div class=\"tiled-gallery__col\" style=\"flex-basis:37.48313%\"><figure class=\"tiled-gallery__item\"><img decoding=\"async\" srcset=\"https:\/\/i0.wp.com\/www.ub.edu\/greecs\/wp-content\/uploads\/2023\/03\/cartel_sesion-publica_levy-709x1024.jpg?strip=info&#038;w=600&#038;ssl=1 600w,https:\/\/i0.wp.com\/www.ub.edu\/greecs\/wp-content\/uploads\/2023\/03\/cartel_sesion-publica_levy-709x1024.jpg?strip=info&#038;w=720&#038;ssl=1 720w\" alt=\"\" data-height=\"1040\" data-id=\"1074\" data-link=\"https:\/\/www.ub.edu\/greecs\/posgrado\/zoom\/cartel_sesion-publica_levy\/\" data-url=\"https:\/\/www.ub.edu\/greecs\/wp-content\/uploads\/2023\/03\/cartel_sesion-publica_levy-709x1024.jpg\" data-width=\"720\" src=\"https:\/\/i0.wp.com\/www.ub.edu\/greecs\/wp-content\/uploads\/2023\/03\/cartel_sesion-publica_levy-709x1024.jpg?ssl=1\" data-amp-layout=\"responsive\"\/><\/figure><figure class=\"tiled-gallery__item\"><img decoding=\"async\" srcset=\"https:\/\/i0.wp.com\/www.ub.edu\/greecs\/wp-content\/uploads\/2023\/06\/carteles_sesion-publica_raventos-707x1024.jpg?strip=info&#038;w=600&#038;ssl=1 600w,https:\/\/i0.wp.com\/www.ub.edu\/greecs\/wp-content\/uploads\/2023\/06\/carteles_sesion-publica_raventos-707x1024.jpg?strip=info&#038;w=900&#038;ssl=1 900w,https:\/\/i0.wp.com\/www.ub.edu\/greecs\/wp-content\/uploads\/2023\/06\/carteles_sesion-publica_raventos-707x1024.jpg?strip=info&#038;w=1200&#038;ssl=1 1200w,https:\/\/i0.wp.com\/www.ub.edu\/greecs\/wp-content\/uploads\/2023\/06\/carteles_sesion-publica_raventos-707x1024.jpg?strip=info&#038;w=1500&#038;ssl=1 1500w,https:\/\/i0.wp.com\/www.ub.edu\/greecs\/wp-content\/uploads\/2023\/06\/carteles_sesion-publica_raventos-707x1024.jpg?strip=info&#038;w=1768&#038;ssl=1 1768w\" alt=\"\" data-height=\"2560\" data-id=\"1088\" data-link=\"https:\/\/www.ub.edu\/greecs\/posgrado\/zoom\/carteles_sesion-publica_raventos\/\" data-url=\"https:\/\/www.ub.edu\/greecs\/wp-content\/uploads\/2023\/06\/carteles_sesion-publica_raventos-707x1024.jpg\" data-width=\"1768\" src=\"https:\/\/i0.wp.com\/www.ub.edu\/greecs\/wp-content\/uploads\/2023\/06\/carteles_sesion-publica_raventos-707x1024.jpg?ssl=1\" data-amp-layout=\"responsive\"\/><\/figure><\/div><div class=\"tiled-gallery__col\" style=\"flex-basis:37.52269%\"><figure class=\"tiled-gallery__item\"><img decoding=\"async\" srcset=\"https:\/\/i0.wp.com\/www.ub.edu\/greecs\/wp-content\/uploads\/2025\/03\/david-709x1024.jpg?strip=info&#038;w=600&#038;ssl=1 600w,https:\/\/i0.wp.com\/www.ub.edu\/greecs\/wp-content\/uploads\/2025\/03\/david-709x1024.jpg?strip=info&#038;w=900&#038;ssl=1 900w,https:\/\/i0.wp.com\/www.ub.edu\/greecs\/wp-content\/uploads\/2025\/03\/david-709x1024.jpg?strip=info&#038;w=1200&#038;ssl=1 1200w,https:\/\/i0.wp.com\/www.ub.edu\/greecs\/wp-content\/uploads\/2025\/03\/david-709x1024.jpg?strip=info&#038;w=1500&#038;ssl=1 1500w\" alt=\"\" data-height=\"2167\" data-id=\"1152\" data-link=\"https:\/\/www.ub.edu\/greecs\/posgrado\/zoom\/david\/\" data-url=\"https:\/\/www.ub.edu\/greecs\/wp-content\/uploads\/2025\/03\/david-709x1024.jpg\" data-width=\"1500\" src=\"https:\/\/i0.wp.com\/www.ub.edu\/greecs\/wp-content\/uploads\/2025\/03\/david-709x1024.jpg?ssl=1\" data-amp-layout=\"responsive\"\/><\/figure><figure class=\"tiled-gallery__item\"><img decoding=\"async\" srcset=\"https:\/\/i0.wp.com\/www.ub.edu\/greecs\/wp-content\/uploads\/2025\/03\/tom-709x1024.jpg?strip=info&#038;w=600&#038;ssl=1 600w,https:\/\/i0.wp.com\/www.ub.edu\/greecs\/wp-content\/uploads\/2025\/03\/tom-709x1024.jpg?strip=info&#038;w=900&#038;ssl=1 900w,https:\/\/i0.wp.com\/www.ub.edu\/greecs\/wp-content\/uploads\/2025\/03\/tom-709x1024.jpg?strip=info&#038;w=1200&#038;ssl=1 1200w,https:\/\/i0.wp.com\/www.ub.edu\/greecs\/wp-content\/uploads\/2025\/03\/tom-709x1024.jpg?strip=info&#038;w=1500&#038;ssl=1 1500w\" alt=\"\" data-height=\"2167\" data-id=\"1151\" data-link=\"https:\/\/www.ub.edu\/greecs\/posgrado\/zoom\/tom\/\" data-url=\"https:\/\/www.ub.edu\/greecs\/wp-content\/uploads\/2025\/03\/tom-709x1024.jpg\" data-width=\"1500\" src=\"https:\/\/i0.wp.com\/www.ub.edu\/greecs\/wp-content\/uploads\/2025\/03\/tom-709x1024.jpg?ssl=1\" data-amp-layout=\"responsive\"\/><\/figure><\/div><\/div><\/div><\/div><\/div>\n<\/div><\/div>\n<\/div>\n<\/div>\n\n\n\n<style>\n.tooltip {\n  position: relative;\n  display: inline-block;\n}\n\n.tooltip .tooltiptext {\n  text-align: justify;\n  text-justify: inter-word;\n  visibility: hidden;\n  width: 260px;\n  background-color: #555;\n  color: #fff;\n  font-size: 10px;\n  line-height : 10px;\n  border-radius: 6px;\n  padding: 8px;\n  position: absolute;\n  z-index: 1;\n  bottom: 125%;\n  left: 50%;\n  margin-left: -60px;\n  opacity: 0;\n  transition: opacity 0.3s;\n}\n\n.tooltip .tooltiptext::after {\n  content: \"\";\n  position: absolute;\n  top: 100%;\n  left: 50%;\n  margin-left: -5px;\n  border-width: 5px;\n  border-style: solid;\n  border-color: #555 transparent transparent transparent;\n}\n\n.tooltip:hover .tooltiptext {\n  visibility: visible;\n  opacity: 1;\n}\n<\/style>\n\n\n\n<div class=\"tooltip\">\n<p>Para poder acceder a las clases abiertas, debes apuntarte sin compromiso a nuestra newsletter para obtener el enlace de Zoom de nuestra aula virtual. Recibir\u00e1s un email con todos los datos para acceder unas horas antes de cada sesi\u00f3n abierta. Muy ocasionalmente, tambi\u00e9n recibir\u00e1s actualizaciones, anuncios de otras clases abiertas o eventos relacionados con el posgrado y notificaciones de fechas importantes de los periodos de matriculaci\u00f3n.<\/p>\n<div>\nRegistro: http:\/\/sinpermiso.info\/mailman\/listinfo\/novedadesposgradosp\n<span class=\"tooltiptext\">El <strong>responsable de tratamiento<\/strong> de tus datos es Asociaci\u00f3n SinPermiso. Para m\u00e1s informaci\u00f3n sobre protecci\u00f3n de datos seguir este: <a href=\"https:\/\/sinpermiso.info\/proteccion-datos\">sinpermiso.info\/proteccion-datos<\/a><\/span><\/div>\n\n\n\n<p><\/p>\n\n\n\n<p>Aqu\u00ed tienes toda la informaci\u00f3n sobre nuestro posgrado <a href=\"https:\/\/www.ub.edu\/greecs\/posgrado\/\" data-type=\"page\" data-id=\"903\">&#8220;An\u00e1lisis del capitalismo contempor\u00e1neo: herramientas republicano-socialistas&#8221;<\/a>.<\/p>\n","protected":false},"excerpt":{"rendered":"<p>Para poder acceder a las clases abiertas, debes apuntarte sin compromiso a nuestra newsletter para obtener el enlace de Zoom de nuestra aula virtual. Recibir\u00e1s un email con todos los datos para acceder unas horas antes de cada sesi\u00f3n abierta. Muy ocasionalmente, tambi\u00e9n recibir\u00e1s actualizaciones, anuncios de otras clases abiertas o eventos relacionados con el &hellip; <a href=\"https:\/\/www.ub.edu\/greecs\/posgrado\/zoom\/\" class=\"more-link\">Continue reading <span class=\"screen-reader-text\">Clases abiertas del posgrado: c\u00f3mo acceder<\/span><\/a><\/p>\n","protected":false},"author":2,"featured_media":0,"parent":903,"menu_order":1,"comment_status":"closed","ping_status":"closed","template":"","meta":{"footnotes":""},"tags":[],"class_list":["post-1052","page","type-page","status-publish","hentry","no-featured-image"],"jetpack_sharing_enabled":true,"_links":{"self":[{"href":"https:\/\/www.ub.edu\/greecs\/wp-json\/wp\/v2\/pages\/1052","targetHints":{"allow":["GET"]}}],"collection":[{"href":"https:\/\/www.ub.edu\/greecs\/wp-json\/wp\/v2\/pages"}],"about":[{"href":"https:\/\/www.ub.edu\/greecs\/wp-json\/wp\/v2\/types\/page"}],"author":[{"embeddable":true,"href":"https:\/\/www.ub.edu\/greecs\/wp-json\/wp\/v2\/users\/2"}],"replies":[{"embeddable":true,"href":"https:\/\/www.ub.edu\/greecs\/wp-json\/wp\/v2\/comments?post=1052"}],"version-history":[{"count":15,"href":"https:\/\/www.ub.edu\/greecs\/wp-json\/wp\/v2\/pages\/1052\/revisions"}],"predecessor-version":[{"id":1210,"href":"https:\/\/www.ub.edu\/greecs\/wp-json\/wp\/v2\/pages\/1052\/revisions\/1210"}],"up":[{"embeddable":true,"href":"https:\/\/www.ub.edu\/greecs\/wp-json\/wp\/v2\/pages\/903"}],"wp:attachment":[{"href":"https:\/\/www.ub.edu\/greecs\/wp-json\/wp\/v2\/media?parent=1052"}],"wp:term":[{"taxonomy":"post_tag","embeddable":true,"href":"https:\/\/www.ub.edu\/greecs\/wp-json\/wp\/v2\/tags?post=1052"}],"curies":[{"name":"wp","href":"https:\/\/api.w.org\/{rel}","templated":true}]}}