{"id":261,"date":"2020-02-13T19:25:09","date_gmt":"2020-02-13T18:25:09","guid":{"rendered":"https:\/\/greecsinfodata.wordpress.com\/?page_id=261"},"modified":"2024-02-13T12:05:40","modified_gmt":"2024-02-13T11:05:40","slug":"people","status":"publish","type":"page","link":"https:\/\/www.ub.edu\/greecs\/people\/","title":{"rendered":"People"},"content":{"rendered":"\n<div class=\"wp-block-group alignfull\"><div class=\"wp-block-group__inner-container is-layout-flow wp-block-group-is-layout-flow\">\n<div class=\"wp-block-jetpack-layout-grid alignfull column1-desktop-grid__span-3 column1-desktop-grid__start-4 column1-desktop-grid__row-1 column2-desktop-grid__span-3 column2-desktop-grid__start-7 column2-desktop-grid__row-1 column1-tablet-grid__span-4 column1-tablet-grid__row-1 column2-tablet-grid__span-4 column2-tablet-grid__start-5 column2-tablet-grid__row-1 column1-mobile-grid__span-4 column1-mobile-grid__row-1 column2-mobile-grid__span-4 column2-mobile-grid__row-2 wp-block-jetpack-layout-gutter__small\">\n<div class=\"wp-block-jetpack-layout-grid-column wp-block-jetpack-layout-grid__padding-medium\">\n<h4 class=\"wp-block-heading has-text-align-center\">Members<\/h4>\n\n\n\n<p class=\"has-text-align-center has-medium-font-size\"><a href=\"https:\/\/www.ub.edu\/greecs\/people\/david-casassas\/\" data-type=\"page\" data-id=\"388\">David Casassas<\/a><br><a href=\"https:\/\/www.ub.edu\/greecs\/people\/joan-domenech\/\" data-type=\"page\" data-id=\"633\">Joan Dom\u00e8nech-Abella<\/a><br><a href=\"https:\/\/www.ub.edu\/greecs\/people\/david-guerrero\/\" data-type=\"page\" data-id=\"391\">David Guerrero<\/a><br><a href=\"https:\/\/www.ub.edu\/greecs\/people\/bru-lain\/\" data-type=\"page\" data-id=\"394\">Bru La\u00edn<\/a><br><a href=\"https:\/\/www.ub.edu\/greecs\/people\/julio-martinez-cava\/\" data-type=\"page\" data-id=\"404\">Julio Mart\u00ednez-Cava<\/a><br><a href=\"https:\/\/www.ub.edu\/greecs\/people\/edgar-manjarin\/\" data-type=\"page\" data-id=\"401\">Edgar Manjar\u00edn<\/a><br><a href=\"https:\/\/www.ub.edu\/greecs\/people\/jaume-montes\/\" data-type=\"page\" data-id=\"1041\">Jaume Mont\u00e9s<\/a><br><a href=\"https:\/\/www.ub.edu\/greecs\/people\/jordi-mundo\/\" data-type=\"page\" data-id=\"377\">Jordi Mund\u00f3<\/a><br><a href=\"https:\/\/www.ub.edu\/greecs\/people\/daniel-raventos\/\" data-type=\"page\" data-id=\"410\">Daniel Ravent\u00f3s<\/a><br><a href=\"https:\/\/www.ub.edu\/greecs\/people\/sebastia-riutort\/\" data-type=\"page\" data-id=\"407\">Sebasti\u00e0 Riutort<\/a><br><a href=\"https:\/\/www.ub.edu\/greecs\/people\/gerard-serralabos\/\" data-type=\"page\" data-id=\"1108\">Gerard Serralab\u00f3s<\/a><\/p>\n<\/div>\n\n\n\n<div class=\"wp-block-jetpack-layout-grid-column wp-block-jetpack-layout-grid__padding-medium\">\n<h4 class=\"wp-block-heading has-text-align-center\">Collaborators<\/h4>\n\n\n\n<p class=\"has-text-align-center has-medium-font-size\"><a href=\"https:\/\/www.ub.edu\/greecs\/people\/maria-julia-bertomeu\/\" data-type=\"page\" data-id=\"413\">Mar\u00eda Julia Bertomeu<\/a><br><a href=\"https:\/\/www.ub.edu\/greecs\/people\/yannick-bosc\/\" data-type=\"page\" data-id=\"435\">Yannick Bosc<\/a><br><a href=\"https:\/\/www.ub.edu\/greecs\/people\/hernan-borisonik\/\" data-type=\"page\" data-id=\"650\">Hern\u00e1n Borisonik<\/a><br><a href=\"https:\/\/www.ub.edu\/greecs\/people\/consuelo-campos\/\" data-type=\"page\" data-id=\"555\">Consuelo Campos<\/a><br><a href=\"https:\/\/www.ub.edu\/greecs\/people\/juan-manuel-cincunegui\/\" data-type=\"page\" data-id=\"630\">Juan Manuel Cincunegui<\/a><br><a href=\"https:\/\/www.ub.edu\/greecs\/people\/benjamin-coriat\/\" data-type=\"page\" data-id=\"644\">Benjamin Coriat<\/a><br><a href=\"https:\/\/www.ub.edu\/greecs\/people\/florence-gauthier-2\/\" data-type=\"page\" data-id=\"655\">Florence Gauthier<\/a><br><a href=\"https:\/\/www.ub.edu\/greecs\/people\/christopher-hamel\/\" data-type=\"page\" data-id=\"436\">Christopher Hamel<\/a><br><a href=\"https:\/\/www.ub.edu\/greecs\/people\/michael-kratke\/\" data-type=\"page\" data-id=\"657\">Michael Kr\u00e4tke<\/a><br><a href=\"https:\/\/www.ub.edu\/greecs\/people\/fabienne-orsi\/\" data-type=\"page\" data-id=\"647\">Fabienne Orsi<\/a><\/p>\n<\/div>\n<\/div>\n\n\n\n<h4 class=\"wp-block-heading has-text-align-center\">Former members and collaborators<\/h4>\n\n\n\n<p class=\"has-text-align-center has-medium-font-size\"><a href=\"https:\/\/www.ub.edu\/greecs\/people\/antoni-domenech\/\" data-type=\"page\" data-id=\"737\">Antoni Dom\u00e8nech (1952-2017)<\/a><br><a href=\"https:\/\/www.ub.edu\/greecs\/people\/alejandro-nadal\/\" data-type=\"page\" data-id=\"741\">Alejandro Nadal (1945-2020)<\/a><\/p>\n<\/div><\/div>\n","protected":false},"excerpt":{"rendered":"<p>Members David CasassasJoan Dom\u00e8nech-AbellaDavid GuerreroBru La\u00ednJulio Mart\u00ednez-CavaEdgar Manjar\u00ednJaume Mont\u00e9sJordi Mund\u00f3Daniel Ravent\u00f3sSebasti\u00e0 RiutortGerard Serralab\u00f3s Collaborators Mar\u00eda Julia BertomeuYannick BoscHern\u00e1n BorisonikConsuelo CamposJuan Manuel CincuneguiBenjamin CoriatFlorence GauthierChristopher HamelMichael Kr\u00e4tkeFabienne Orsi Former members and collaborators Antoni Dom\u00e8nech (1952-2017)Alejandro Nadal (1945-2020)<\/p>\n","protected":false},"author":2,"featured_media":0,"parent":0,"menu_order":0,"comment_status":"closed","ping_status":"closed","template":"","meta":{"footnotes":""},"tags":[],"class_list":["post-261","page","type-page","status-publish","hentry","no-featured-image"],"jetpack_sharing_enabled":true,"_links":{"self":[{"href":"https:\/\/www.ub.edu\/greecs\/wp-json\/wp\/v2\/pages\/261","targetHints":{"allow":["GET"]}}],"collection":[{"href":"https:\/\/www.ub.edu\/greecs\/wp-json\/wp\/v2\/pages"}],"about":[{"href":"https:\/\/www.ub.edu\/greecs\/wp-json\/wp\/v2\/types\/page"}],"author":[{"embeddable":true,"href":"https:\/\/www.ub.edu\/greecs\/wp-json\/wp\/v2\/users\/2"}],"replies":[{"embeddable":true,"href":"https:\/\/www.ub.edu\/greecs\/wp-json\/wp\/v2\/comments?post=261"}],"version-history":[{"count":5,"href":"https:\/\/www.ub.edu\/greecs\/wp-json\/wp\/v2\/pages\/261\/revisions"}],"predecessor-version":[{"id":1112,"href":"https:\/\/www.ub.edu\/greecs\/wp-json\/wp\/v2\/pages\/261\/revisions\/1112"}],"wp:attachment":[{"href":"https:\/\/www.ub.edu\/greecs\/wp-json\/wp\/v2\/media?parent=261"}],"wp:term":[{"taxonomy":"post_tag","embeddable":true,"href":"https:\/\/www.ub.edu\/greecs\/wp-json\/wp\/v2\/tags?post=261"}],"curies":[{"name":"wp","href":"https:\/\/api.w.org\/{rel}","templated":true}]}}