{"id":407,"date":"2020-02-15T12:02:46","date_gmt":"2020-02-15T11:02:46","guid":{"rendered":"http:\/\/greecsinfo.data.blog\/?page_id=407"},"modified":"2022-10-17T17:50:12","modified_gmt":"2022-10-17T16:50:12","slug":"sebastia-riutort","status":"publish","type":"page","link":"https:\/\/www.ub.edu\/greecs\/people\/sebastia-riutort\/","title":{"rendered":"Sebasti\u00e0 Riutort"},"content":{"rendered":"\n<div class=\"wp-block-group alignfull\"><div class=\"wp-block-group__inner-container is-layout-flow wp-block-group-is-layout-flow\">\n<div class=\"wp-block-group alignfull\"><div class=\"wp-block-group__inner-container is-layout-flow wp-block-group-is-layout-flow\">\n<div class=\"wp-block-jetpack-layout-grid alignfull column1-desktop-grid__span-12 column1-desktop-grid__row-1 column1-tablet-grid__span-8 column1-tablet-grid__row-1 column1-mobile-grid__span-4 column1-mobile-grid__row-1\">\n<div class=\"wp-block-jetpack-layout-grid-column wp-block-jetpack-layout-grid__padding-none\">\n<p>PhD in Sociology. Part-time professor in the field of Economic Sociology and Welfare Policy (University of Barcelona) and researcher of the IERMB (The Barcelona Institute of Regional and Metropolitan Studies), where he works for innovative public policy projects promoted by the Area of Social Rights of the Barcelona City Council, such as the former international B-MINCOME (UIA) or URBinclusion (URBACT), \u00a0which ara among the most relevant ones. His main fields of work are innovation in social public policies and economic democracy. He was visiting PhD student at the Centre for Social Economy (Universit\u00e9 de Li\u00e8ge) and the Centre de Recherche sur les Innovations Sociales (Universit\u00e9 du Qu\u00e9bec \u00e0 Montr\u00e9al).<\/p>\n\n\n\n<p><strong>Contact:<\/strong> <a rel=\"noreferrer noopener\" href=\"mailto:sriutort@ub.edu\" target=\"_blank\">sriutort@ub.edu<\/a>; <a href=\"https:\/\/twitter.com\/sriutort\">@sriutort<\/a><br><strong>Further information: <\/strong><a href=\"https:\/\/iermb.uab.cat\/en\/the-institute\/staff\/\">IERMB<\/a><\/p>\n\n\n\n<h4 class=\"has-dark-yellow-color has-text-color wp-block-heading\">Featured publications<\/h4>\n\n\n\n<p>Torrens, L.;&nbsp;Riutort, S.; Juan, M. (2022). Towards a new social model of the city: Barcelona\u2019s integral superblocks. In O. Heckman (ed.).&nbsp;<em>Future Urban Habitation: : Transdisciplinary Perspectives, Conceptions, and Designs.<\/em>&nbsp;Hoboken, NJ i West Sussex, UK: John Wiley &amp; Sons Ltd, 25-36.&nbsp;<\/p>\n\n\n\n<p>Riutort, S.; Juli\u00e0, A.; La\u00edn, B.; Torrens, L. (2021).\u00a0<em>B-MINCOME pilot final results (2017-2019). Executive report<\/em>, Barcelona: Area of Social Rights, Global Justice, Feminism and LGBTI Affairs, Barcelona City Council. Available:\u00a0<a rel=\"noreferrer noopener\" href=\"https:\/\/ajuntament.barcelona.cat\/bmincome\/es\/informacion-ayudas-economicas\" target=\"_blank\">https:\/\/ajuntament.barcelona.cat\/bmincome\/es\/informacion-ayudas-economicas<\/a><\/p>\n\n\n\n<p>Cotarelo P.;\u00a0Riutort, S. (2020). Reduir desigualtats amb un pol\u00edtica energ\u00e8tica social.\u00a0<em>Barcelona Societat. Revista de coneixement i an\u00e0lisi social<\/em>,\u00a027, 84-93.\u00a0<\/p>\n\n\n\n<p>Wagenaar, H.; Healey, P.; Laino, G.; Healey, P.; Vigar, G.;\u00a0Riutort\u00a0Isern, S.; Honeck, T.; Beunderman, J.; van der Heijden, J.; Wagenaar, H. (2015).\u00a0The Transformative Potential of Civic Enterprise.\u00a0<em>Planning Theory and Practice<\/em>, 16 (4), 557-585.<\/p>\n<\/div>\n<\/div>\n<\/div><\/div>\n<\/div><\/div>\n","protected":false},"excerpt":{"rendered":"<p>PhD in Sociology. Part-time professor in the field of Economic Sociology and Welfare Policy (University of Barcelona) and researcher of the IERMB (The Barcelona Institute of Regional and Metropolitan Studies), where he works for innovative public policy projects promoted by the Area of Social Rights of the Barcelona City Council, such as the former international &hellip; <a href=\"https:\/\/www.ub.edu\/greecs\/people\/sebastia-riutort\/\" class=\"more-link\">Continue reading <span class=\"screen-reader-text\">Sebasti\u00e0 Riutort<\/span><\/a><\/p>\n","protected":false},"author":2,"featured_media":0,"parent":261,"menu_order":0,"comment_status":"closed","ping_status":"closed","template":"","meta":{"footnotes":""},"tags":[4],"class_list":["post-407","page","type-page","status-publish","hentry","tag-member","no-featured-image"],"jetpack_sharing_enabled":true,"_links":{"self":[{"href":"https:\/\/www.ub.edu\/greecs\/wp-json\/wp\/v2\/pages\/407","targetHints":{"allow":["GET"]}}],"collection":[{"href":"https:\/\/www.ub.edu\/greecs\/wp-json\/wp\/v2\/pages"}],"about":[{"href":"https:\/\/www.ub.edu\/greecs\/wp-json\/wp\/v2\/types\/page"}],"author":[{"embeddable":true,"href":"https:\/\/www.ub.edu\/greecs\/wp-json\/wp\/v2\/users\/2"}],"replies":[{"embeddable":true,"href":"https:\/\/www.ub.edu\/greecs\/wp-json\/wp\/v2\/comments?post=407"}],"version-history":[{"count":2,"href":"https:\/\/www.ub.edu\/greecs\/wp-json\/wp\/v2\/pages\/407\/revisions"}],"predecessor-version":[{"id":1040,"href":"https:\/\/www.ub.edu\/greecs\/wp-json\/wp\/v2\/pages\/407\/revisions\/1040"}],"up":[{"embeddable":true,"href":"https:\/\/www.ub.edu\/greecs\/wp-json\/wp\/v2\/pages\/261"}],"wp:attachment":[{"href":"https:\/\/www.ub.edu\/greecs\/wp-json\/wp\/v2\/media?parent=407"}],"wp:term":[{"taxonomy":"post_tag","embeddable":true,"href":"https:\/\/www.ub.edu\/greecs\/wp-json\/wp\/v2\/tags?post=407"}],"curies":[{"name":"wp","href":"https:\/\/api.w.org\/{rel}","templated":true}]}}