{"id":413,"date":"2020-02-15T12:06:14","date_gmt":"2020-02-15T11:06:14","guid":{"rendered":"http:\/\/greecsinfo.data.blog\/?page_id=413"},"modified":"2020-02-15T12:06:14","modified_gmt":"2020-02-15T11:06:14","slug":"maria-julia-bertomeu","status":"publish","type":"page","link":"https:\/\/www.ub.edu\/greecs\/people\/maria-julia-bertomeu\/","title":{"rendered":"Mar\u00eda Julia Bertomeu"},"content":{"rendered":"\n<div class=\"wp-block-group alignfull\"><div class=\"wp-block-group__inner-container is-layout-flow wp-block-group-is-layout-flow\">\n<div class=\"wp-block-jetpack-layout-grid alignfull column1-desktop-grid__span-12 column1-desktop-grid__row-1 column1-tablet-grid__span-8 column1-tablet-grid__row-1 column1-mobile-grid__span-4 column1-mobile-grid__row-1\">\n<div class=\"wp-block-jetpack-layout-grid-column wp-block-jetpack-layout-grid__padding-none\">\n<p>She was professor of ethics at the National University of La Plata, Argentina, and currently she is a researcher at the National Council of Scientific Research (CONICET) and the Centre for Philosophical Research (CIF), Buenos Aires, Argentina. She is a member of the Editorial Committee of <em>Sin Permiso<\/em> and of <em>Con-Textos-kantianos<\/em>, and member of the Advisory Committee of <em>P\u00e1ginas de Filosof\u00eda<\/em> of the Universidad Nacional del Comahue. She is the author of numerous works on political philosophy, history of philosophy, Kantian philosophy, intellectual property rights and patents. She was the secretary of the Argentine Network of Citizen Income.<\/p>\n\n\n\n<p><strong>Contact:<\/strong> <a href=\"mailto:mjbertomeu@gmail.com\">mjbertomeu@gmail.com<\/a>; <a href=\"mailto:cifrlf@retina.ar\">cifrlf@retina.ar<\/a><br><strong>Further information<\/strong>: <a href=\"https:\/\/cifnet.org.ar\/\">CIFNET<\/a>; <a href=\"https:\/\/scholar.google.es\/scholar?q=maria+julia+bertomeu&amp;hl=es\">Google Scholar<\/a><\/p>\n\n\n\n<h4 class=\"has-dark-yellow-color has-text-color wp-block-heading\">Featured publications<\/h4>\n\n\n\n<p>Bertomeu, M. J. and S\u00e1nchez Madrid, Nuria (2020). \u201cEin weites Feld. Revisitando al Kant pol\u00edtico y republicano\u201d. <em>Con-textos Kantianos. International Journal of Philosophy, 12<\/em>, 556-557.<\/p>\n\n\n\n<p>Bertomeu, M. J. and Ravent\u00f3s, Daniel (2020). \u201cRenta B\u00e1sica y Renta M\u00e1xima. Una concepci\u00f3n republicano-democr\u00e1tica\u201d. <em>Daimon<\/em>, <em>81<\/em>, 197-213.<\/p>\n\n\n\n<p>Bertomeu M. J. and Bergel, Salvador (2020). \u201cMedicamentos esenciales, patentes y licencias obligatorias. Doha no es la respuesta\u201d. <em>Enrahonar<\/em>. <em>An International Journal of Theoretical and Practical Reason,<\/em> <em>65<\/em>, 75-84.<\/p>\n\n\n\n<p>Bertomeu. M. J. (2018). El concepto de solidaridad y su multiplicidad sem\u00e0ntica. <em>Endoxa<\/em>, <em>41<\/em>, 213-238.<\/p>\n\n\n\n<p>Bertomeu, M. J. (2017). Pobreza y propiedad: \u00bfCara y cruz de la misma moneda? Una lectura desde el republicanismo kantiano, <em>Isegor\u00eda<\/em>, <em>57<\/em>, 477-504<\/p>\n<\/div>\n<\/div>\n<\/div><\/div>\n","protected":false},"excerpt":{"rendered":"<p>She was professor of ethics at the National University of La Plata, Argentina, and currently she is a researcher at the National Council of Scientific Research (CONICET) and the Centre for Philosophical Research (CIF), Buenos Aires, Argentina. She is a member of the Editorial Committee of Sin Permiso and of Con-Textos-kantianos, and member of the &hellip; <a href=\"https:\/\/www.ub.edu\/greecs\/people\/maria-julia-bertomeu\/\" class=\"more-link\">Continue reading <span class=\"screen-reader-text\">Mar\u00eda Julia Bertomeu<\/span><\/a><\/p>\n","protected":false},"author":2,"featured_media":0,"parent":261,"menu_order":0,"comment_status":"closed","ping_status":"closed","template":"","meta":{"footnotes":""},"tags":[4],"class_list":["post-413","page","type-page","status-publish","hentry","tag-member","no-featured-image"],"jetpack_sharing_enabled":true,"_links":{"self":[{"href":"https:\/\/www.ub.edu\/greecs\/wp-json\/wp\/v2\/pages\/413","targetHints":{"allow":["GET"]}}],"collection":[{"href":"https:\/\/www.ub.edu\/greecs\/wp-json\/wp\/v2\/pages"}],"about":[{"href":"https:\/\/www.ub.edu\/greecs\/wp-json\/wp\/v2\/types\/page"}],"author":[{"embeddable":true,"href":"https:\/\/www.ub.edu\/greecs\/wp-json\/wp\/v2\/users\/2"}],"replies":[{"embeddable":true,"href":"https:\/\/www.ub.edu\/greecs\/wp-json\/wp\/v2\/comments?post=413"}],"version-history":[{"count":0,"href":"https:\/\/www.ub.edu\/greecs\/wp-json\/wp\/v2\/pages\/413\/revisions"}],"up":[{"embeddable":true,"href":"https:\/\/www.ub.edu\/greecs\/wp-json\/wp\/v2\/pages\/261"}],"wp:attachment":[{"href":"https:\/\/www.ub.edu\/greecs\/wp-json\/wp\/v2\/media?parent=413"}],"wp:term":[{"taxonomy":"post_tag","embeddable":true,"href":"https:\/\/www.ub.edu\/greecs\/wp-json\/wp\/v2\/tags?post=413"}],"curies":[{"name":"wp","href":"https:\/\/api.w.org\/{rel}","templated":true}]}}