{"id":16030,"date":"2023-08-03T15:39:43","date_gmt":"2023-08-03T15:39:43","guid":{"rendered":"https:\/\/www.ub.edu\/grel\/?page_id=16030"},"modified":"2023-08-03T16:17:24","modified_gmt":"2023-08-03T16:17:24","slug":"galetes","status":"publish","type":"page","link":"https:\/\/www.ub.edu\/grel\/galetes\/","title":{"rendered":"Galetes"},"content":{"rendered":"[vc_row thb_divider_position=&#8221;bottom&#8221;][vc_column][vc_empty_space height=&#8221;132px&#8221;][vc_row_inner][vc_column_inner][vc_column_text]\n<h3>Pol\u00edtica de galetes<\/h3>\n<p>Qu\u00e8 \u00e9s una galeta?<br \/>\nUna galeta (cookie) \u00e9s un fitxer que es descarrega al dispositiu quan s\u2019accedeix a determinats llocs web (en aquest cas, al lloc web de la Universitat de Barcelona). Les galetes permeten que un lloc web, entre altres coses, emmagatzemi i recuperi informaci\u00f3 sobre els h\u00e0bits de navegaci\u00f3 de la persona usu\u00e0ria o del seu dispositiu i, segons la informaci\u00f3 que continguin o la manera com s\u2019utilitzi l\u2019equip, es poden fer servir per recon\u00e8ixer la persona usu\u00e0ria.<br \/>\nQuines galetes s\u2019instal\u00b7len, amb quina finalitat i durant quant temps?<br \/>\nQuan visiteu el lloc web de la Universitat de Barcelona i si heu donat el vostre consentiment, s\u2019instal\u00b7laran les galetes seg\u00fcents:<\/p>\n<p>Galetes de prefer\u00e8ncies: permeten recordar informaci\u00f3 perqu\u00e8 accediu al lloc web amb determinades caracter\u00edstiques que puguin diferenciar la vostra experi\u00e8ncia de la d\u2019altres persones usu\u00e0ries.<br \/>\nGaletes estad\u00edstiques: permeten analitzar com interactueu amb el lloc web.<br \/>\nGaletes de m\u00e0rqueting: permeten gestionar de la manera m\u00e9s efica\u00e7 possible la publicitat que s\u2019ofereix adequant el seu contingut en funci\u00f3 dels vostres h\u00e0bits de navegaci\u00f3 per tal de mostrar-vos publicitat rellevant per a vosaltres.<br \/>\nTant les galetes de prefer\u00e8ncies, com les estad\u00edstiques i les de m\u00e0rqueting es podran mantenir instal\u00b7lades en el dispositiu durant un termini m\u00e0xim de 2 anys.<\/p>\n<p>Algunes d\u2019aquestes galetes s\u00f3n instal\u00b7lades per tercers aliens a la Universitat de Barcelona, en concret, per Google (incloent Youtube i Doubleclick), Oracle (Addthis), i Microsoft (Bing), pertanyents a empreses ubicades als Estats Units d\u2019Am\u00e8rica que estan adherides al Privacy Shield, aix\u00ed com per Facebook que envia les dades al Pa\u00efsos Baixos.<\/p>\n<p>Al final del document, tamb\u00e9 podeu trobar informaci\u00f3 m\u00e9s detallada sobre les galetes utilitzades en el lloc web de la UB.<\/p>\n<p>Com puc configurar i desactivar les galetes?<br \/>\nPodeu configurar el vostre navegador perqu\u00e8 no permeti la instal\u00b7laci\u00f3 de galetes o les esborri cada cop que el tanqueu. Aquesta configuraci\u00f3 es pot modificar seguint les indicacions seg\u00fcents:<\/p>\n<p>Si utilitzeu Microsoft Internet Explorer: Eines &gt; Opcions d\u2019Internet &gt; Privadesa<br \/>\nSi utilitzeu Firefox: Eines &gt; Opcions &gt; Privadesa<br \/>\nSi utilitzeu Google Chrome: Chrome &gt;Prefer\u00e8ncies&gt; Privadesa i seguretat<br \/>\nSi utilitzeu Safari: Safari &gt; Prefer\u00e8ncies &gt; Privacitat<br \/>\nUs recordem que sempre podeu fer \u00fas de la secci\u00f3 Ajuda de la barra d\u2019eines de la majoria de navegadors per obtenir m\u00e9s informaci\u00f3 sobre la modificaci\u00f3 de la configuraci\u00f3 del navegador. Molts navegadors porten incorporat un mode de navegaci\u00f3 privat mitjan\u00e7ant el qual, quan es tanca el navegador, s\u2019esborra tota la informaci\u00f3 que s\u2019hagi pogut desar al terminal durant la navegaci\u00f3 (per exemple, les galetes). Depenent del navegador que estigueu utilitzant, aquest mode de navegaci\u00f3 rep noms diferents. Per als navegadors m\u00e9s comuns:<\/p>\n<p>Internet Explorer: navegaci\u00f3 InPrivate<br \/>\nFireFox: navegaci\u00f3 privada<br \/>\nGoogle Chrome: navegaci\u00f3 d\u2019inc\u00f2gnit<br \/>\nSafari: navegaci\u00f3 privada<br \/>\nPer saber com activar aquest mode de navegaci\u00f3, us recomanem que us adreceu a la secci\u00f3 d\u2019ajuda del vostre navegador.<\/p>\n<p><strong>Prefer\u00e8ncies<\/strong>: aquestes galetes ens ajuden a emmagatzemar la vostra configuraci\u00f3 i prefer\u00e8ncies de navegaci\u00f3 com les prefer\u00e8ncies d&#8217;idioma perqu\u00e8 tingueu una experi\u00e8ncia millor i efica\u00e7 en futures visites al lloc web.<\/p>\n<p>La llista seg\u00fcent detalla les cookies utilitzades al nostre lloc web.<\/p><table class=\"cookielawinfo-row-cat-table cookielawinfo-classic\"><thead><tr><th class=\"cookielawinfo-column-1\">Galeta<\/th><th class=\"cookielawinfo-column-4\">Descripci\u00f3<\/th><\/tr><\/thead><tbody><tr class=\"cookielawinfo-row\"><td class=\"cookielawinfo-column-1\">cookielawinfo-checkbox-advertisement<\/td><td class=\"cookielawinfo-column-4\">Set by the GDPR Cookie Consent plugin, this cookie records the user consent for the cookies in the \"Advertisement\" category.<\/td><\/tr><tr class=\"cookielawinfo-row\"><td class=\"cookielawinfo-column-1\">cookielawinfo-checkbox-analytics<\/td><td class=\"cookielawinfo-column-4\">Set by the GDPR Cookie Consent plugin, this cookie records the user consent for the cookies in the \"Analytics\" category.<\/td><\/tr><tr class=\"cookielawinfo-row\"><td class=\"cookielawinfo-column-1\">cookielawinfo-checkbox-functional<\/td><td class=\"cookielawinfo-column-4\">The GDPR Cookie Consent plugin sets the cookie to record the user consent for the cookies in the category \"Functional\".<\/td><\/tr><tr class=\"cookielawinfo-row\"><td class=\"cookielawinfo-column-1\">cookielawinfo-checkbox-necessary<\/td><td class=\"cookielawinfo-column-4\">Set by the GDPR Cookie Consent plugin, this cookie records the user consent for the cookies in the \"Necessary\" category.<\/td><\/tr><tr class=\"cookielawinfo-row\"><td class=\"cookielawinfo-column-1\">cookielawinfo-checkbox-others<\/td><td class=\"cookielawinfo-column-4\">Set by the GDPR Cookie Consent plugin, this cookie stores user consent for cookies in the category \"Others\".<\/td><\/tr><tr class=\"cookielawinfo-row\"><td class=\"cookielawinfo-column-1\">cookielawinfo-checkbox-performance<\/td><td class=\"cookielawinfo-column-4\">Set by the GDPR Cookie Consent plugin, this cookie stores the user consent for cookies in the category \"Performance\".<\/td><\/tr><tr class=\"cookielawinfo-row\"><td class=\"cookielawinfo-column-1\">CookieLawInfoConsent<\/td><td class=\"cookielawinfo-column-4\">CookieYes sets this cookie to record the default button state of the corresponding category and the status of CCPA. It works only in coordination with the primary cookie.<\/td><\/tr><tr class=\"cookielawinfo-row\"><td class=\"cookielawinfo-column-1\">wp-wpml_current_language<\/td><td class=\"cookielawinfo-column-4\">WordPress multilingual plugin sets this cookie to store the current language\/language settings.<\/td><\/tr><\/tbody><\/table>[\/vc_column_text][\/vc_column_inner][\/vc_row_inner][\/vc_column][\/vc_row]\n","protected":false},"excerpt":{"rendered":"<p>[vc_row thb_divider_position=&#8221;bottom&#8221;][vc_column][vc_empty_space height=&#8221;132px&#8221;][vc_row_inner][vc_column_inner][vc_column_text] Pol\u00edtica de galetes Qu\u00e8 \u00e9s una galeta? Una galeta (cookie) \u00e9s un fitxer que es descarrega al dispositiu quan s\u2019accedeix a determinats llocs web (en aquest cas, al lloc web de la Universitat de Barcelona). Les galetes permeten que un lloc web, entre altres coses, emmagatzemi i recuperi informaci\u00f3 sobre els h\u00e0bits&hellip;<\/p>\n","protected":false},"author":6,"featured_media":0,"parent":0,"menu_order":0,"comment_status":"closed","ping_status":"closed","template":"","meta":[],"blog_post_layout_featured_media_urls":{"thumbnail":"","full":""},"categories_names":null,"comments_number":"0","_links":{"self":[{"href":"https:\/\/www.ub.edu\/grel\/wp-json\/wp\/v2\/pages\/16030"}],"collection":[{"href":"https:\/\/www.ub.edu\/grel\/wp-json\/wp\/v2\/pages"}],"about":[{"href":"https:\/\/www.ub.edu\/grel\/wp-json\/wp\/v2\/types\/page"}],"author":[{"embeddable":true,"href":"https:\/\/www.ub.edu\/grel\/wp-json\/wp\/v2\/users\/6"}],"replies":[{"embeddable":true,"href":"https:\/\/www.ub.edu\/grel\/wp-json\/wp\/v2\/comments?post=16030"}],"version-history":[{"count":6,"href":"https:\/\/www.ub.edu\/grel\/wp-json\/wp\/v2\/pages\/16030\/revisions"}],"predecessor-version":[{"id":16036,"href":"https:\/\/www.ub.edu\/grel\/wp-json\/wp\/v2\/pages\/16030\/revisions\/16036"}],"wp:attachment":[{"href":"https:\/\/www.ub.edu\/grel\/wp-json\/wp\/v2\/media?parent=16030"}],"curies":[{"name":"wp","href":"https:\/\/api.w.org\/{rel}","templated":true}]}}