{"id":9620,"date":"2022-01-18T13:00:04","date_gmt":"2022-01-18T13:00:04","guid":{"rendered":"https:\/\/www.ub.edu\/grel\/?page_id=9620"},"modified":"2023-07-31T11:41:15","modified_gmt":"2023-07-31T11:41:15","slug":"arees-de-recerca","status":"publish","type":"page","link":"https:\/\/www.ub.edu\/grel\/arees-de-recerca\/","title":{"rendered":"\u00c0REES DE RECERCA"},"content":{"rendered":"[vc_row thb_full_width=&#8221;true&#8221; thb_divider_position=&#8221;bottom&#8221; css=&#8221;.vc_custom_1662826219763{background-image: url(http:\/\/www.ub.edu\/grel\/wp-content\/uploads\/2022\/09\/10-1.jpg?id=12485) !important;background-position: center !important;background-repeat: no-repeat !important;background-size: cover !important;}&#8221;][vc_column thb_color=&#8221;thb-light-column&#8221; css=&#8221;.vc_custom_1662825857390{margin-top: 133px !important;}&#8221;][vc_empty_space mobile_height=&#8221;55px&#8221; height=&#8221;75px&#8221;][vc_column_text]\n<h1 style=\"text-align: center;\">\u00c0rees de Recerca<\/h1>\n[\/vc_column_text][vc_empty_space mobile_height=&#8221;55px&#8221; height=&#8221;75px&#8221;][\/vc_column][\/vc_row][vc_row thb_full_width=&#8221;true&#8221; thb_row_padding=&#8221;true&#8221; thb_column_padding=&#8221;true&#8221; thb_divider_position=&#8221;bottom&#8221;][vc_column width=&#8221;1\/6&#8243;][\/vc_column][vc_column width=&#8221;2\/3&#8243;][vc_empty_space height=&#8221;80px&#8221;][vc_column_text animation=&#8221;animation fade-in&#8221;]\n<h4 style=\"text-align: center;\">Un equip multidisciplinar amb un ampli ventall d\u2019interessos de recerca<\/h4>\n[\/vc_column_text][vc_separator color=&#8221;custom&#8221; border_width=&#8221;3&#8243; el_width=&#8221;10&#8243; accent_color=&#8221;#006ac1&#8243;][vc_column_text animation=&#8221;animation fade-in&#8221;]\n<p style=\"text-align: center;\">La nostra principal motivaci\u00f3 \u00e9s l&#8217;an\u00e0lisi de les institucions i de les pol\u00edtiques p\u00fabliques locals, que s\u00f3n el vector compartit de les nostres \u00e0rees de recerca.<\/p>\n<p style=\"text-align: center;\">El treball del Grup de Recerca \u00e9s el d\u2019analitzar cada \u00e0rea recorrent a una an\u00e0lisi emp\u00edric, predominantment quantitatiu, que permeti la identificaci\u00f3 d\u2019evid\u00e8ncies i la creaci\u00f3 d\u2019un coneixement pr\u00e0ctic aplicable. El nombre de municipis a Espanya (m\u00e9s de 8.000) permet una an\u00e0lisi estad\u00edstic de molt valor pr\u00e0ctic, cosa que \u00e9s m\u00e9s dif\u00edcil amb altres unitats pol\u00edtiques com ara regions o estats.<\/p>\n[\/vc_column_text][vc_empty_space][\/vc_column][vc_column width=&#8221;1\/6&#8243;][\/vc_column][\/vc_row][vc_row thb_row_padding=&#8221;true&#8221; thb_column_padding=&#8221;true&#8221; thb_divider_position=&#8221;bottom&#8221;][vc_column][vc_column_text]\n<h6 style=\"text-align: center;\"><span style=\"color: #006ac1;\"><b>PRINCIPALS \u00c0REES DE RECERCA<\/b><\/span><\/h6>\n[\/vc_column_text][\/vc_column][\/vc_row][vc_row thb_full_width=&#8221;true&#8221; thb_row_padding=&#8221;true&#8221; thb_column_padding=&#8221;true&#8221; thb_divider_position=&#8221;bottom&#8221; el_class=&#8221;thb-iconbox-row&#8221;][vc_column][vc_row_inner thb_max_width=&#8221;max_width&#8221;][vc_column_inner thb_color=&#8221;thb-light-column&#8221; width=&#8221;1\/4&#8243; animation=&#8221;animation fade-in&#8221; thb_border_radius=&#8221;6px&#8221; css=&#8221;.vc_custom_1662720853154{margin-bottom: 20px !important;padding-top: 50px !important;padding-right: 50px !important;padding-bottom: 0px !important;padding-left: 50px !important;background-color: #479dcb !important;}&#8221;]\t<a id=\"thb-iconbox-69d52df0d2915\" class=\"has-link thb-iconbox top type1 has-img  text-left animation-off \" href=\"https:\/\/www.ub.edu\/grel\/magnitud-comunitat-i-institucions\/\" target=\"_self\" data-animation_speed=\"1.5\">\n\t\t\t\t\t\t<figure>\n\t\t\t\t\t\t\t<div class=\"iconbox-image\">\n\t\t\t\t\t<img width=\"100\" height=\"100\" src=\"data:image\/gif;base64,R0lGODlhAQABAAAAACH5BAEKAAEALAAAAAABAAEAAAICTAEAOw==\" class=\"thb_image lazyload attachment-full thb-lazyload lazyload\" alt=\"\" decoding=\"async\" loading=\"lazy\" sizes=\"(max-width: 100px) 100vw, 100px\" data-src=\"https:\/\/www.ub.edu\/grel\/wp-content\/uploads\/2022\/09\/grel-icono1.png\" data-sizes=\"auto\" data-srcset=\"https:\/\/www.ub.edu\/grel\/wp-content\/uploads\/2022\/09\/grel-icono1.png 100w, https:\/\/www.ub.edu\/grel\/wp-content\/uploads\/2022\/09\/grel-icono1-20x20.png 20w\" \/>\t\t\t\t\t\t\t\t\t<\/div>\n\t\t\t\t\t\t<\/figure>\n\t\t\t\t<div class=\"iconbox-content\">\n\t\t\t\t\t\t\t<h5>Magnitud, comunitat i representaci\u00f3<\/h5>\t\t\t<div class=\"thb-iconbox-text\">\n\t\t\t\t\t\t\t<\/div>\n\t\t<\/div>\n\t\t\t\t\t\t<style>\n\t\t\t\t\t\t\t\t\t\t\t\t\t#thb-iconbox-69d52df0d2915.thb-iconbox figure {\n\t\t\t\t\twidth: 58px;\n\t\t\t\t\theight: auto;\n\t\t\t\t}\n\t\t\t\t\t\t\t\t\t\t\t\t#thb-iconbox-69d52df0d2915.thb-iconbox .iconbox-content h5{\n\t\t\t\tcolor: #ffffff;\n\t\t\t}\n\t\t\t\t\t\t\t\t\t\/* Hover *\/\n\t\t\t\t\t\t#thb-iconbox-69d52df0d2915.thb-iconbox:hover .iconbox-content h5 {\n\t\t\t\tcolor: #000000;\n\t\t\t}\n\t\t\t\t\t\t\t\t\t\t\t<\/style>\n\t\t\t<\/a>\n\t[\/vc_column_inner][vc_column_inner width=&#8221;1\/4&#8243; animation=&#8221;animation fade-in&#8221; css=&#8221;.vc_custom_1662720872202{margin-bottom: 20px !important;padding-top: 40px !important;padding-right: 40px !important;padding-bottom: 0px !important;padding-left: 40px !important;background-color: #587ca3 !important;}&#8221; thb_border_radius=&#8221;6px&#8221; offset=&#8221;vc_col-xs-12&#8243;]\t<a id=\"thb-iconbox-69d52df0d31bd\" class=\"has-link thb-iconbox top type1 has-img  text-left animation-off \" href=\"https:\/\/www.ub.edu\/grel\/territori-i-metropolis\" target=\"_self\" data-animation_speed=\"1.5\">\n\t\t\t\t\t\t<figure>\n\t\t\t\t\t\t\t<div class=\"iconbox-image\">\n\t\t\t\t\t<img width=\"100\" height=\"100\" src=\"data:image\/gif;base64,R0lGODlhAQABAAAAACH5BAEKAAEALAAAAAABAAEAAAICTAEAOw==\" class=\"thb_image lazyload attachment-full thb-lazyload lazyload\" alt=\"\" decoding=\"async\" loading=\"lazy\" sizes=\"(max-width: 100px) 100vw, 100px\" data-src=\"https:\/\/www.ub.edu\/grel\/wp-content\/uploads\/2022\/09\/grel-icono2.png\" data-sizes=\"auto\" data-srcset=\"https:\/\/www.ub.edu\/grel\/wp-content\/uploads\/2022\/09\/grel-icono2.png 100w, https:\/\/www.ub.edu\/grel\/wp-content\/uploads\/2022\/09\/grel-icono2-20x20.png 20w\" \/>\t\t\t\t\t\t\t\t\t<\/div>\n\t\t\t\t\t\t<\/figure>\n\t\t\t\t<div class=\"iconbox-content\">\n\t\t\t\t\t\t\t<h5>Territori i Metr\u00f2polis<\/h5>\t\t\t<div class=\"thb-iconbox-text\">\n\t\t\t\t\t\t\t<\/div>\n\t\t<\/div>\n\t\t\t\t\t\t<style>\n\t\t\t\t\t\t\t\t\t\t\t\t\t#thb-iconbox-69d52df0d31bd.thb-iconbox figure {\n\t\t\t\t\twidth: 58px;\n\t\t\t\t\theight: auto;\n\t\t\t\t}\n\t\t\t\t\t\t\t\t\t\t\t\t#thb-iconbox-69d52df0d31bd.thb-iconbox .iconbox-content h5{\n\t\t\t\tcolor: #ffffff;\n\t\t\t}\n\t\t\t\t\t\t\t\t\t\/* Hover *\/\n\t\t\t\t\t\t#thb-iconbox-69d52df0d31bd.thb-iconbox:hover .iconbox-content h5 {\n\t\t\t\tcolor: #000000;\n\t\t\t}\n\t\t\t\t\t\t\t\t\t\t\t<\/style>\n\t\t\t<\/a>\n\t[\/vc_column_inner][vc_column_inner width=&#8221;1\/4&#8243; animation=&#8221;animation fade-in&#8221; css=&#8221;.vc_custom_1662720890058{margin-bottom: 20px !important;padding-top: 40px !important;padding-right: 40px !important;padding-bottom: 0px !important;padding-left: 40px !important;background-color: #5c97ae !important;}&#8221; thb_border_radius=&#8221;6px&#8221;]\t<a id=\"thb-iconbox-69d52df0d3769\" class=\"has-link thb-iconbox top type1 has-img  text-left animation-off \" href=\"https:\/\/www.ub.edu\/grel\/transparencia-municipal\" target=\"_self\" data-animation_speed=\"1.5\">\n\t\t\t\t\t\t<figure>\n\t\t\t\t\t\t\t<div class=\"iconbox-image\">\n\t\t\t\t\t<img width=\"100\" height=\"100\" src=\"data:image\/gif;base64,R0lGODlhAQABAAAAACH5BAEKAAEALAAAAAABAAEAAAICTAEAOw==\" class=\"thb_image lazyload attachment-full thb-lazyload lazyload\" alt=\"\" decoding=\"async\" loading=\"lazy\" sizes=\"(max-width: 100px) 100vw, 100px\" data-src=\"https:\/\/www.ub.edu\/grel\/wp-content\/uploads\/2022\/09\/grel-icono3.png\" data-sizes=\"auto\" data-srcset=\"https:\/\/www.ub.edu\/grel\/wp-content\/uploads\/2022\/09\/grel-icono3.png 100w, https:\/\/www.ub.edu\/grel\/wp-content\/uploads\/2022\/09\/grel-icono3-20x20.png 20w\" \/>\t\t\t\t\t\t\t\t\t<\/div>\n\t\t\t\t\t\t<\/figure>\n\t\t\t\t<div class=\"iconbox-content\">\n\t\t\t\t\t\t\t<h5>Transpar\u00e8ncia municipal<\/h5>\t\t\t<div class=\"thb-iconbox-text\">\n\t\t\t\t\t\t\t<\/div>\n\t\t<\/div>\n\t\t\t\t\t\t<style>\n\t\t\t\t\t\t\t\t\t\t\t\t\t#thb-iconbox-69d52df0d3769.thb-iconbox figure {\n\t\t\t\t\twidth: 58px;\n\t\t\t\t\theight: auto;\n\t\t\t\t}\n\t\t\t\t\t\t\t\t\t\t\t\t#thb-iconbox-69d52df0d3769.thb-iconbox .iconbox-content h5{\n\t\t\t\tcolor: #ffffff;\n\t\t\t}\n\t\t\t\t\t\t\t\t\t\/* Hover *\/\n\t\t\t\t\t\t#thb-iconbox-69d52df0d3769.thb-iconbox:hover .iconbox-content h5 {\n\t\t\t\tcolor: #000000;\n\t\t\t}\n\t\t\t\t\t\t\t\t\t\t\t<\/style>\n\t\t\t<\/a>\n\t[\/vc_column_inner][vc_column_inner width=&#8221;1\/4&#8243; animation=&#8221;animation fade-in&#8221; css=&#8221;.vc_custom_1662720912570{padding-top: 40px !important;padding-right: 40px !important;padding-left: 40px !important;background-color: #367bb1 !important;}&#8221; thb_border_radius=&#8221;6px&#8221;]\t<a id=\"thb-iconbox-69d52df0d3d7c\" class=\"has-link thb-iconbox top type1 has-img  text-left animation-off \" href=\"https:\/\/www.ub.edu\/grel\/politica-judicial-i-territori\/\" target=\"_self\" data-animation_speed=\"1.5\">\n\t\t\t\t\t\t<figure>\n\t\t\t\t\t\t\t<div class=\"iconbox-image\">\n\t\t\t\t\t<img width=\"100\" height=\"100\" src=\"data:image\/gif;base64,R0lGODlhAQABAAAAACH5BAEKAAEALAAAAAABAAEAAAICTAEAOw==\" class=\"thb_image lazyload attachment-full thb-lazyload lazyload\" alt=\"\" decoding=\"async\" loading=\"lazy\" sizes=\"(max-width: 100px) 100vw, 100px\" data-src=\"https:\/\/www.ub.edu\/grel\/wp-content\/uploads\/2022\/09\/grel-icono4.png\" data-sizes=\"auto\" data-srcset=\"https:\/\/www.ub.edu\/grel\/wp-content\/uploads\/2022\/09\/grel-icono4.png 100w, https:\/\/www.ub.edu\/grel\/wp-content\/uploads\/2022\/09\/grel-icono4-20x20.png 20w\" \/>\t\t\t\t\t\t\t\t\t<\/div>\n\t\t\t\t\t\t<\/figure>\n\t\t\t\t<div class=\"iconbox-content\">\n\t\t\t\t\t\t\t<h5>Judicial politics i territori<\/h5>\t\t\t<div class=\"thb-iconbox-text\">\n\t\t\t\t\t\t\t<\/div>\n\t\t<\/div>\n\t\t\t\t\t\t<style>\n\t\t\t\t\t\t\t\t\t\t\t\t\t#thb-iconbox-69d52df0d3d7c.thb-iconbox figure {\n\t\t\t\t\twidth: 58px;\n\t\t\t\t\theight: auto;\n\t\t\t\t}\n\t\t\t\t\t\t\t\t\t\t\t\t#thb-iconbox-69d52df0d3d7c.thb-iconbox .iconbox-content h5{\n\t\t\t\tcolor: #ffffff;\n\t\t\t}\n\t\t\t\t\t\t\t\t\t\/* Hover *\/\n\t\t\t\t\t\t#thb-iconbox-69d52df0d3d7c.thb-iconbox:hover .iconbox-content h5 {\n\t\t\t\tcolor: #000000;\n\t\t\t}\n\t\t\t\t\t\t\t\t\t\t\t<\/style>\n\t\t\t<\/a>\n\t[\/vc_column_inner][\/vc_row_inner][\/vc_column][\/vc_row][vc_row thb_full_width=&#8221;true&#8221; thb_column_padding=&#8221;true&#8221; content_placement=&#8221;middle&#8221; thb_divider_position=&#8221;bottom&#8221; css=&#8221;.vc_custom_1643221942726{margin-top: -13vh !important;background-color: #ececec !important;}&#8221;][vc_column][vc_empty_space height=&#8221;15vh&#8221;][vc_row_inner][vc_column_inner width=&#8221;1\/6&#8243;][\/vc_column_inner][vc_column_inner width=&#8221;2\/3&#8243;][vc_column_text][\/vc_column_text][vc_column_text]\n<p style=\"text-align: center;\">Per tal de dur a terme aquests objectius, el\u00a0<strong>GREL<\/strong> disposa d\u2019una estructura investigadora que li permet establir un di\u00e0leg plural i una col\u00b7laboraci\u00f3 permanent al si del grup. La composici\u00f3 mixta de l\u2019equip permet desenvolupar una visi\u00f3 transversal que uneix estad\u00edstica, ci\u00e8ncia pol\u00edtica, sociolog\u00eda, dret i altres ci\u00e8ncies socials.<\/p>\n<p style=\"text-align: center;\">El grup ha consolidat col\u00b7laboracions a Catalunya (amb la Fundaci\u00f3 Carles Pi i Sunyer d\u2019Estudis Auton\u00f2mics i Locals) i a Espanya (iniciant projectes amb el Grup de Recerca en govern local, administraci\u00f3 i pol\u00edtiques p\u00fabliques de la Universitat Aut\u00f2noma de Madrid o amb l\u2019Observatori Urban Red de la Universidad de Oviedo).<\/p>\n<p style=\"text-align: center;\">Tamb\u00e9 col\u00b7labora regularment amb xarxes internacionals, participant als grups estables sobre Govern Local i de Law &amp; Courts del European Consortium for Political Research (ECPR), a la xarxa International Comparative Law &amp; Courts, al CIRM (Centre for Interdisciplinary Research on Montr\u00e9al) o a l\u2019EURA (European Urban Research Association).<\/p>\n<p style=\"text-align: center;\">Aquesta connexi\u00f3 amb les xarxes europees i internacionals garanteix la comparabilitat i l\u2019harmonitzaci\u00f3 dels instruments i models cient\u00edfics.<\/p>\n[\/vc_column_text][\/vc_column_inner][vc_column_inner width=&#8221;1\/6&#8243;][\/vc_column_inner][\/vc_row_inner][vc_empty_space][\/vc_column][\/vc_row]\n","protected":false},"excerpt":{"rendered":"<p>[vc_row thb_full_width=&#8221;true&#8221; thb_divider_position=&#8221;bottom&#8221; css=&#8221;.vc_custom_1662826219763{background-image: url(http:\/\/www.ub.edu\/grel\/wp-content\/uploads\/2022\/09\/10-1.jpg?id=12485) !important;background-position: center !important;background-repeat: no-repeat !important;background-size: cover !important;}&#8221;][vc_column thb_color=&#8221;thb-light-column&#8221; css=&#8221;.vc_custom_1662825857390{margin-top: 133px !important;}&#8221;][vc_empty_space mobile_height=&#8221;55px&#8221; height=&#8221;75px&#8221;][vc_column_text] \u00c0rees de Recerca [\/vc_column_text][vc_empty_space mobile_height=&#8221;55px&#8221; height=&#8221;75px&#8221;][\/vc_column][\/vc_row][vc_row thb_full_width=&#8221;true&#8221; thb_row_padding=&#8221;true&#8221; thb_column_padding=&#8221;true&#8221; thb_divider_position=&#8221;bottom&#8221;][vc_column width=&#8221;1\/6&#8243;][\/vc_column][vc_column width=&#8221;2\/3&#8243;][vc_empty_space height=&#8221;80px&#8221;][vc_column_text animation=&#8221;animation fade-in&#8221;] Un equip multidisciplinar amb un ampli ventall d\u2019interessos de recerca [\/vc_column_text][vc_separator color=&#8221;custom&#8221; border_width=&#8221;3&#8243; el_width=&#8221;10&#8243; accent_color=&#8221;#006ac1&#8243;][vc_column_text animation=&#8221;animation fade-in&#8221;] La nostra principal motivaci\u00f3 \u00e9s&hellip;<\/p>\n","protected":false},"author":1,"featured_media":0,"parent":0,"menu_order":0,"comment_status":"closed","ping_status":"closed","template":"","meta":[],"blog_post_layout_featured_media_urls":{"thumbnail":"","full":""},"categories_names":null,"comments_number":"0","_links":{"self":[{"href":"https:\/\/www.ub.edu\/grel\/wp-json\/wp\/v2\/pages\/9620"}],"collection":[{"href":"https:\/\/www.ub.edu\/grel\/wp-json\/wp\/v2\/pages"}],"about":[{"href":"https:\/\/www.ub.edu\/grel\/wp-json\/wp\/v2\/types\/page"}],"author":[{"embeddable":true,"href":"https:\/\/www.ub.edu\/grel\/wp-json\/wp\/v2\/users\/1"}],"replies":[{"embeddable":true,"href":"https:\/\/www.ub.edu\/grel\/wp-json\/wp\/v2\/comments?post=9620"}],"version-history":[{"count":137,"href":"https:\/\/www.ub.edu\/grel\/wp-json\/wp\/v2\/pages\/9620\/revisions"}],"predecessor-version":[{"id":16022,"href":"https:\/\/www.ub.edu\/grel\/wp-json\/wp\/v2\/pages\/9620\/revisions\/16022"}],"wp:attachment":[{"href":"https:\/\/www.ub.edu\/grel\/wp-json\/wp\/v2\/media?parent=9620"}],"curies":[{"name":"wp","href":"https:\/\/api.w.org\/{rel}","templated":true}]}}