{"id":11891,"date":"2022-08-02T09:46:34","date_gmt":"2022-08-02T09:46:34","guid":{"rendered":"https:\/\/www.ub.edu\/grel\/?post_type=product&#038;p=11891"},"modified":"2022-09-09T11:17:22","modified_gmt":"2022-09-09T11:17:22","slug":"la-transparencia-municipal-catalana-de-la-lletra-de-les-normes-a-la-configuracio-duna-nova-cultura-organitzativa","status":"publish","type":"product","link":"https:\/\/www.ub.edu\/grel\/Publicacio\/la-transparencia-municipal-catalana-de-la-lletra-de-les-normes-a-la-configuracio-duna-nova-cultura-organitzativa\/","title":{"rendered":"La transpar\u00e8ncia municipal catalana, de la lletra de les normes a la configuraci\u00f3 d\u2019una nova cultura organitzativa"},"content":{"rendered":"","protected":false},"excerpt":{"rendered":"<p>Pano, E., Puiggr\u00f3s, C., Vi\u00f1as, A. (2015). La transpar\u00e8ncia municipal catalana, de la lletra de les normes a la configuraci\u00f3 d\u2019una nova cultura organitzativa. Anuari pol\u00edtic de Catalunya, (8), 115-145.<\/p>\n","protected":false},"featured_media":12487,"template":"","meta":[],"product_cat":[261],"product_tag":[412],"blog_post_layout_featured_media_urls":{"thumbnail":["https:\/\/www.ub.edu\/grel\/wp-content\/uploads\/2022\/09\/grel-publicacio03-150x150.png",150,150,true],"full":["https:\/\/www.ub.edu\/grel\/wp-content\/uploads\/2022\/09\/grel-publicacio03.png",1200,1200,false]},"categories":["84"],"categories_names":{"84":{"name":"external","link":"https:\/\/www.ub.edu\/grel\/?taxonomy=product_type&term=external"}},"comments_number":"0","_links":{"self":[{"href":"https:\/\/www.ub.edu\/grel\/wp-json\/wp\/v2\/product\/11891"}],"collection":[{"href":"https:\/\/www.ub.edu\/grel\/wp-json\/wp\/v2\/product"}],"about":[{"href":"https:\/\/www.ub.edu\/grel\/wp-json\/wp\/v2\/types\/product"}],"wp:featuredmedia":[{"embeddable":true,"href":"https:\/\/www.ub.edu\/grel\/wp-json\/wp\/v2\/media\/12487"}],"wp:attachment":[{"href":"https:\/\/www.ub.edu\/grel\/wp-json\/wp\/v2\/media?parent=11891"}],"wp:term":[{"taxonomy":"product_cat","embeddable":true,"href":"https:\/\/www.ub.edu\/grel\/wp-json\/wp\/v2\/product_cat?post=11891"},{"taxonomy":"product_tag","embeddable":true,"href":"https:\/\/www.ub.edu\/grel\/wp-json\/wp\/v2\/product_tag?post=11891"}],"curies":[{"name":"wp","href":"https:\/\/api.w.org\/{rel}","templated":true}]}}