{"id":11940,"date":"2022-08-03T10:32:08","date_gmt":"2022-08-03T10:32:08","guid":{"rendered":"https:\/\/www.ub.edu\/grel\/?post_type=product&#038;p=11940"},"modified":"2022-08-03T10:32:08","modified_gmt":"2022-08-03T10:32:08","slug":"els-governs-locals-de-catalunya-politica-i-govern-a-catalunya-de-la-transicio-a-lactualitat","status":"publish","type":"product","link":"https:\/\/www.ub.edu\/grel\/Publicacio\/els-governs-locals-de-catalunya-politica-i-govern-a-catalunya-de-la-transicio-a-lactualitat\/","title":{"rendered":"Els governs locals de Catalunya. Pol\u00edtica i Govern a Catalunya. De la transici\u00f3 a l\u2019actualitat"},"content":{"rendered":"<p>El llibre que teniu a les mans fa un recompte de la realitat pol\u00edtica catalana a quatre d\u00e8cades de la recuperaci\u00f3 de les institucions democr\u00e0tiques. La reinstauraci\u00f3 de la Generalitat de Catalunya, que es va produir abans de l\u2019aprovaci\u00f3 de la Constituci\u00f3 espanyola, va ser l\u2019inici del desplegament d\u2019un ampli autogovern que va ser molt actiu des dels seus inicis. Des d\u2019aleshores el sistema pol\u00edtic catal\u00e0 ha adquirit caracter\u00edstiques i din\u00e0miques pr\u00f2pies i singulars que mereixen una especial atenci\u00f3. Precisament per aquesta ra\u00f3 &#8211; i per la necessitat de fomentar el coneixement i el debat al voltant de les diferents peces que conformen el sistema pol\u00edtic catal\u00e0 \u2013 s\u2019ha elaborat aquesta obra col\u00b7lectiva, on participen acad\u00e8mics de l\u2019\u00e0mbit de les ci\u00e8ncies pol\u00edtiques i socials. El llibre es divideix en quatre grans apartats: el primer tracta la hist\u00f2ria recent, el segon descriu i analitza les institucions i lleis b\u00e0siques del desplegament estatutari, el tercer avalua la vida pol\u00edtica, i el darrer fa una an\u00e0lisi de les administracions i pol\u00edtiques p\u00fabliques; finalment s\u2019adjunta un petit text on es presenta la complexa situaci\u00f3 que viu avui el nostre pa\u00eds. Aquest manual est\u00e0 dirigit a estudiants de disciplines de les ci\u00e8ncies socials aix\u00ed com tamb\u00e9 a aquella ciutadania interessada per la cosa p\u00fablica.<\/p>\n","protected":false},"excerpt":{"rendered":"<p> Pano, E., Magre, J. (2018) Els governs locals de Catalunya. Pol\u00edtica i Govern a Catalunya. De la transici\u00f3 a l\u2019actualitat. In Pol\u00edtica i govern a Catalunya De la transici\u00f3 a l&#8217;actualitat. Los Libros de la Catarata.<\/p>\n","protected":false},"featured_media":11166,"template":"","meta":[],"product_cat":[434],"product_tag":[357],"blog_post_layout_featured_media_urls":{"thumbnail":["https:\/\/www.ub.edu\/grel\/wp-content\/uploads\/2016\/11\/grel-publicacio01-150x150.png",150,150,true],"full":["https:\/\/www.ub.edu\/grel\/wp-content\/uploads\/2016\/11\/grel-publicacio01.png",1200,1200,false]},"categories":["84"],"categories_names":{"84":{"name":"external","link":"https:\/\/www.ub.edu\/grel\/?taxonomy=product_type&term=external"}},"comments_number":"0","_links":{"self":[{"href":"https:\/\/www.ub.edu\/grel\/wp-json\/wp\/v2\/product\/11940"}],"collection":[{"href":"https:\/\/www.ub.edu\/grel\/wp-json\/wp\/v2\/product"}],"about":[{"href":"https:\/\/www.ub.edu\/grel\/wp-json\/wp\/v2\/types\/product"}],"wp:featuredmedia":[{"embeddable":true,"href":"https:\/\/www.ub.edu\/grel\/wp-json\/wp\/v2\/media\/11166"}],"wp:attachment":[{"href":"https:\/\/www.ub.edu\/grel\/wp-json\/wp\/v2\/media?parent=11940"}],"wp:term":[{"taxonomy":"product_cat","embeddable":true,"href":"https:\/\/www.ub.edu\/grel\/wp-json\/wp\/v2\/product_cat?post=11940"},{"taxonomy":"product_tag","embeddable":true,"href":"https:\/\/www.ub.edu\/grel\/wp-json\/wp\/v2\/product_tag?post=11940"}],"curies":[{"name":"wp","href":"https:\/\/api.w.org\/{rel}","templated":true}]}}