{"id":11955,"date":"2022-08-03T10:32:10","date_gmt":"2022-08-03T10:32:10","guid":{"rendered":"https:\/\/www.ub.edu\/grel\/?post_type=product&#038;p=11955"},"modified":"2022-09-09T11:57:18","modified_gmt":"2022-09-09T11:57:18","slug":"foment-a-lemprenedoria-social-de-les-dones","status":"publish","type":"product","link":"https:\/\/www.ub.edu\/grel\/Publicacio\/foment-a-lemprenedoria-social-de-les-dones\/","title":{"rendered":"Foment a l&#8217;emprenedoria (social) de les dones"},"content":{"rendered":"","protected":false},"excerpt":{"rendered":"<p>P\u00e9rez Quintana, A., Sabata, A., Ginesta, V. (2018) Foment a l&#8217;emprenedoria (social) de les dones. Ciutats i Persones: Innovacions locals contra la desigualtat de g\u00e8nere a l&#8217;ocupaci\u00f3, N.36, pp. 183-220. Barcelona: Institut de Ci\u00e8ncies Pol\u00edtiques i Socials. <\/p>\n","protected":false},"featured_media":12489,"template":"","meta":[],"product_cat":[94],"product_tag":[357],"blog_post_layout_featured_media_urls":{"thumbnail":["https:\/\/www.ub.edu\/grel\/wp-content\/uploads\/2022\/08\/grel-publicacio05-150x150.png",150,150,true],"full":["https:\/\/www.ub.edu\/grel\/wp-content\/uploads\/2022\/08\/grel-publicacio05.png",1200,1200,false]},"categories":["84"],"categories_names":{"84":{"name":"external","link":"https:\/\/www.ub.edu\/grel\/?taxonomy=product_type&term=external"}},"comments_number":"0","_links":{"self":[{"href":"https:\/\/www.ub.edu\/grel\/wp-json\/wp\/v2\/product\/11955"}],"collection":[{"href":"https:\/\/www.ub.edu\/grel\/wp-json\/wp\/v2\/product"}],"about":[{"href":"https:\/\/www.ub.edu\/grel\/wp-json\/wp\/v2\/types\/product"}],"wp:featuredmedia":[{"embeddable":true,"href":"https:\/\/www.ub.edu\/grel\/wp-json\/wp\/v2\/media\/12489"}],"wp:attachment":[{"href":"https:\/\/www.ub.edu\/grel\/wp-json\/wp\/v2\/media?parent=11955"}],"wp:term":[{"taxonomy":"product_cat","embeddable":true,"href":"https:\/\/www.ub.edu\/grel\/wp-json\/wp\/v2\/product_cat?post=11955"},{"taxonomy":"product_tag","embeddable":true,"href":"https:\/\/www.ub.edu\/grel\/wp-json\/wp\/v2\/product_tag?post=11955"}],"curies":[{"name":"wp","href":"https:\/\/api.w.org\/{rel}","templated":true}]}}