{"id":11962,"date":"2022-08-03T10:32:11","date_gmt":"2022-08-03T10:32:11","guid":{"rendered":"https:\/\/www.ub.edu\/grel\/?post_type=product&#038;p=11962"},"modified":"2022-09-09T11:12:50","modified_gmt":"2022-09-09T11:12:50","slug":"la-gouvernance-metropolitaine-dans-lagenda-urbain-espagnol-et-europeen","status":"publish","type":"product","link":"https:\/\/www.ub.edu\/grel\/Publicacio\/la-gouvernance-metropolitaine-dans-lagenda-urbain-espagnol-et-europeen\/","title":{"rendered":"La gouvernance m\u00e9tropolitaine dans l\u2019agenda urbain espagnol et europ\u00e9en."},"content":{"rendered":"","protected":false},"excerpt":{"rendered":"<p>Tom\u00e0s, M. (2018). La gouvernance m\u00e9tropolitaine dans l\u2019agenda urbain espagnol et europ\u00e9en.  In M\u00e9tropoles en chantiers 2. Ambitions m\u00e9tropolitaines, r\u00e9alit\u00e9s territoriales. (47-64). Berger-Levrault.<\/p>\n","protected":false},"featured_media":12477,"template":"","meta":[],"product_cat":[331],"product_tag":[357],"blog_post_layout_featured_media_urls":{"thumbnail":["https:\/\/www.ub.edu\/grel\/wp-content\/uploads\/2022\/08\/grel-publicacio02-150x150.png",150,150,true],"full":["https:\/\/www.ub.edu\/grel\/wp-content\/uploads\/2022\/08\/grel-publicacio02.png",1200,1200,false]},"categories":["84"],"categories_names":{"84":{"name":"external","link":"https:\/\/www.ub.edu\/grel\/?taxonomy=product_type&term=external"}},"comments_number":"0","_links":{"self":[{"href":"https:\/\/www.ub.edu\/grel\/wp-json\/wp\/v2\/product\/11962"}],"collection":[{"href":"https:\/\/www.ub.edu\/grel\/wp-json\/wp\/v2\/product"}],"about":[{"href":"https:\/\/www.ub.edu\/grel\/wp-json\/wp\/v2\/types\/product"}],"wp:featuredmedia":[{"embeddable":true,"href":"https:\/\/www.ub.edu\/grel\/wp-json\/wp\/v2\/media\/12477"}],"wp:attachment":[{"href":"https:\/\/www.ub.edu\/grel\/wp-json\/wp\/v2\/media?parent=11962"}],"wp:term":[{"taxonomy":"product_cat","embeddable":true,"href":"https:\/\/www.ub.edu\/grel\/wp-json\/wp\/v2\/product_cat?post=11962"},{"taxonomy":"product_tag","embeddable":true,"href":"https:\/\/www.ub.edu\/grel\/wp-json\/wp\/v2\/product_tag?post=11962"}],"curies":[{"name":"wp","href":"https:\/\/api.w.org\/{rel}","templated":true}]}}