{"id":11963,"date":"2022-08-03T10:32:11","date_gmt":"2022-08-03T10:32:11","guid":{"rendered":"https:\/\/www.ub.edu\/grel\/?post_type=product&#038;p=11963"},"modified":"2022-09-09T11:11:36","modified_gmt":"2022-09-09T11:11:36","slug":"existe-t-il-un-modele-barcelonais-retour-sur-quarante-annees-de-politiques-urbaines-a-barcelone-1976-2016","status":"publish","type":"product","link":"https:\/\/www.ub.edu\/grel\/Publicacio\/existe-t-il-un-modele-barcelonais-retour-sur-quarante-annees-de-politiques-urbaines-a-barcelone-1976-2016\/","title":{"rendered":"Existe-t-il un mod\u00e8le barcelonais ? Retour sur quarante ann\u00e9es de politiques urbaines \u00e0 Barcelone (1976-2016)"},"content":{"rendered":"","protected":false},"excerpt":{"rendered":"<p>Tom\u00e0s, M., N\u00e9grier, E. \u00ab Existe-t-il un mod\u00e8le barcelonais ? Retour sur quarante ann\u00e9es de politiques urbaines \u00e0 Barcelone (1976-2016) \u00bb, M\u00e9tropoles [En ligne], 22 | 2018, mis en ligne le 25 avril 2018, consult\u00e9 le 12 juillet 2022. URL : http:\/\/journals.openedition.org\/metropoles\/5613 ; DOI : https:\/\/doi.org\/10.4000\/metropoles.5613<\/p>\n","protected":false},"featured_media":12477,"template":"","meta":[],"product_cat":[331],"product_tag":[412],"blog_post_layout_featured_media_urls":{"thumbnail":["https:\/\/www.ub.edu\/grel\/wp-content\/uploads\/2022\/08\/grel-publicacio02-150x150.png",150,150,true],"full":["https:\/\/www.ub.edu\/grel\/wp-content\/uploads\/2022\/08\/grel-publicacio02.png",1200,1200,false]},"categories":["84"],"categories_names":{"84":{"name":"external","link":"https:\/\/www.ub.edu\/grel\/?taxonomy=product_type&term=external"}},"comments_number":"0","_links":{"self":[{"href":"https:\/\/www.ub.edu\/grel\/wp-json\/wp\/v2\/product\/11963"}],"collection":[{"href":"https:\/\/www.ub.edu\/grel\/wp-json\/wp\/v2\/product"}],"about":[{"href":"https:\/\/www.ub.edu\/grel\/wp-json\/wp\/v2\/types\/product"}],"wp:featuredmedia":[{"embeddable":true,"href":"https:\/\/www.ub.edu\/grel\/wp-json\/wp\/v2\/media\/12477"}],"wp:attachment":[{"href":"https:\/\/www.ub.edu\/grel\/wp-json\/wp\/v2\/media?parent=11963"}],"wp:term":[{"taxonomy":"product_cat","embeddable":true,"href":"https:\/\/www.ub.edu\/grel\/wp-json\/wp\/v2\/product_cat?post=11963"},{"taxonomy":"product_tag","embeddable":true,"href":"https:\/\/www.ub.edu\/grel\/wp-json\/wp\/v2\/product_tag?post=11963"}],"curies":[{"name":"wp","href":"https:\/\/api.w.org\/{rel}","templated":true}]}}