{"id":11965,"date":"2022-08-03T10:32:11","date_gmt":"2022-08-03T10:32:11","guid":{"rendered":"https:\/\/www.ub.edu\/grel\/?post_type=product&#038;p=11965"},"modified":"2022-11-12T18:18:48","modified_gmt":"2022-11-12T18:18:48","slug":"autonomia-y-organizacion-en-el-sistema-judicial-espanol","status":"publish","type":"product","link":"https:\/\/www.ub.edu\/grel\/Publicacio\/autonomia-y-organizacion-en-el-sistema-judicial-espanol\/","title":{"rendered":"Autonomia y organizaci\u00f3n en el sistema judicial espa\u00f1ol"},"content":{"rendered":"","protected":false},"excerpt":{"rendered":"<p>Vallb\u00e9, J.J. (2018). Autonomia y organizaci\u00f3n en el sistema judicial espa\u00f1ol. In Sistema pol\u00edtico espa\u00f1ol 2a edici\u00f3n. HUYGENS EDITORIAL<\/p>\n","protected":false},"featured_media":12488,"template":"","meta":[],"product_cat":[508,94],"product_tag":[357],"blog_post_layout_featured_media_urls":{"thumbnail":["https:\/\/www.ub.edu\/grel\/wp-content\/uploads\/2022\/08\/grel-publicacio04-150x150.png",150,150,true],"full":["https:\/\/www.ub.edu\/grel\/wp-content\/uploads\/2022\/08\/grel-publicacio04.png",1200,1200,false]},"categories":["84"],"categories_names":{"84":{"name":"external","link":"https:\/\/www.ub.edu\/grel\/?taxonomy=product_type&term=external"}},"comments_number":"0","_links":{"self":[{"href":"https:\/\/www.ub.edu\/grel\/wp-json\/wp\/v2\/product\/11965"}],"collection":[{"href":"https:\/\/www.ub.edu\/grel\/wp-json\/wp\/v2\/product"}],"about":[{"href":"https:\/\/www.ub.edu\/grel\/wp-json\/wp\/v2\/types\/product"}],"wp:featuredmedia":[{"embeddable":true,"href":"https:\/\/www.ub.edu\/grel\/wp-json\/wp\/v2\/media\/12488"}],"wp:attachment":[{"href":"https:\/\/www.ub.edu\/grel\/wp-json\/wp\/v2\/media?parent=11965"}],"wp:term":[{"taxonomy":"product_cat","embeddable":true,"href":"https:\/\/www.ub.edu\/grel\/wp-json\/wp\/v2\/product_cat?post=11965"},{"taxonomy":"product_tag","embeddable":true,"href":"https:\/\/www.ub.edu\/grel\/wp-json\/wp\/v2\/product_tag?post=11965"}],"curies":[{"name":"wp","href":"https:\/\/api.w.org\/{rel}","templated":true}]}}