{"id":11971,"date":"2022-08-03T10:32:12","date_gmt":"2022-08-03T10:32:12","guid":{"rendered":"https:\/\/www.ub.edu\/grel\/?post_type=product&#038;p=11971"},"modified":"2022-09-09T11:19:04","modified_gmt":"2022-09-09T11:19:04","slug":"la-transparencia-municipal-en-cataluna","status":"publish","type":"product","link":"https:\/\/www.ub.edu\/grel\/Publicacio\/la-transparencia-municipal-en-cataluna\/","title":{"rendered":"La transparencia municipal en Catalu\u00f1a"},"content":{"rendered":"","protected":false},"excerpt":{"rendered":"<p>Magre, J., Puiggr\u00f2s, C. (2017). La transparencia municipal en Catalu\u00f1a. In Buen gobierno, transparencia e integridad institucional en el gobierno local (pp. 153-180). Tecnos.<\/p>\n","protected":false},"featured_media":12487,"template":"","meta":[],"product_cat":[261],"product_tag":[357],"blog_post_layout_featured_media_urls":{"thumbnail":["https:\/\/www.ub.edu\/grel\/wp-content\/uploads\/2022\/09\/grel-publicacio03-150x150.png",150,150,true],"full":["https:\/\/www.ub.edu\/grel\/wp-content\/uploads\/2022\/09\/grel-publicacio03.png",1200,1200,false]},"categories":["84"],"categories_names":{"84":{"name":"external","link":"https:\/\/www.ub.edu\/grel\/?taxonomy=product_type&term=external"}},"comments_number":"0","_links":{"self":[{"href":"https:\/\/www.ub.edu\/grel\/wp-json\/wp\/v2\/product\/11971"}],"collection":[{"href":"https:\/\/www.ub.edu\/grel\/wp-json\/wp\/v2\/product"}],"about":[{"href":"https:\/\/www.ub.edu\/grel\/wp-json\/wp\/v2\/types\/product"}],"wp:featuredmedia":[{"embeddable":true,"href":"https:\/\/www.ub.edu\/grel\/wp-json\/wp\/v2\/media\/12487"}],"wp:attachment":[{"href":"https:\/\/www.ub.edu\/grel\/wp-json\/wp\/v2\/media?parent=11971"}],"wp:term":[{"taxonomy":"product_cat","embeddable":true,"href":"https:\/\/www.ub.edu\/grel\/wp-json\/wp\/v2\/product_cat?post=11971"},{"taxonomy":"product_tag","embeddable":true,"href":"https:\/\/www.ub.edu\/grel\/wp-json\/wp\/v2\/product_tag?post=11971"}],"curies":[{"name":"wp","href":"https:\/\/api.w.org\/{rel}","templated":true}]}}