{"id":11973,"date":"2022-08-03T10:32:12","date_gmt":"2022-08-03T10:32:12","guid":{"rendered":"https:\/\/www.ub.edu\/grel\/?post_type=product&#038;p=11973"},"modified":"2022-12-04T20:09:18","modified_gmt":"2022-12-04T20:09:18","slug":"el-perfil-de-los-alcaldes-y-las-alcaldesas-en-espana-rasgos-y-percepciones-de-los-lideres-politicos-locales-en-municipios-de-mas-de-10-000-habitantes","status":"publish","type":"product","link":"https:\/\/www.ub.edu\/grel\/Publicacio\/el-perfil-de-los-alcaldes-y-las-alcaldesas-en-espana-rasgos-y-percepciones-de-los-lideres-politicos-locales-en-municipios-de-mas-de-10-000-habitantes\/","title":{"rendered":"El perfil de los alcaldes y las alcaldesas en Espa\u00f1a. Rasgos y percepciones de los l\u00edderes pol\u00edticos locales en municipios de m\u00e1s de 10.000 habitantes"},"content":{"rendered":"<p>The mayoral office is, in the Spanish system, the center of the local political organiza tion. And yet, we lack consistent information of the profile and activities of mayors: what is their social profile? How does their political career evolve? What is their position in the local governance network? What are the challenges they face and the priorities the come to office with? This contribution attempts to fill this gap with information gathered from a survey conducted in municipalities larger than 10.000 inhabitants. Building on mayors\u2019 responses to a questionnaire, we can build knowledge on their traits, trajectories and the conditions of their work.<\/p>\n<p><em>En el sistema local espa\u00f1ol, la alcald\u00eda es la figura central de la organizaci\u00f3n pol\u00edtica municipal. Sin embargo, no disponemos de mucha informaci\u00f3n sobre el perfil y la activi dad de los alcaldes y alcaldesas; \u00bfqu\u00e9 caracter\u00edsticas socio-demogr\u00e1ficas les definen? \u00bfQu\u00e9 trayectoria pol\u00edtica siguen? \u00bfQu\u00e9 posici\u00f3n ocupan en la gobernanza local? \u00bfA qu\u00e9 retos se enfrentan y qu\u00e9 prioridades de pol\u00edticas p\u00fablicas identifican? El presente art\u00edculo pretende llenar parte de este hueco con datos procedentes de la realizaci\u00f3n de una encuesta a los propios alcaldes de municipios mayores de 10.000 habitantes. A partir de las respuestas obtenidas, podemos contestar algunos de los interrogantes sobre la principal figura de la pol\u00edtica local, analizando sus caracter\u00edsticas, recorridos y las condiciones en que desarrollan sus tareas.<\/em><\/p>\n","protected":false},"excerpt":{"rendered":"<p>Navarro, C., Medir, Ll., Mart\u00ednez, R. (2017). El perfil de los alcaldes y las alcaldesas en Espa\u00f1a. Rasgos y percepciones de los l\u00edderes pol\u00edticos locales en municipios de m\u00e1s de 10.000 habitantes. Anuario de derecho municipal, (10), 139-161.<\/p>\n","protected":false},"featured_media":11166,"template":"","meta":[],"product_cat":[434],"product_tag":[412],"blog_post_layout_featured_media_urls":{"thumbnail":["https:\/\/www.ub.edu\/grel\/wp-content\/uploads\/2016\/11\/grel-publicacio01-150x150.png",150,150,true],"full":["https:\/\/www.ub.edu\/grel\/wp-content\/uploads\/2016\/11\/grel-publicacio01.png",1200,1200,false]},"categories":["84"],"categories_names":{"84":{"name":"external","link":"https:\/\/www.ub.edu\/grel\/?taxonomy=product_type&term=external"}},"comments_number":"0","_links":{"self":[{"href":"https:\/\/www.ub.edu\/grel\/wp-json\/wp\/v2\/product\/11973"}],"collection":[{"href":"https:\/\/www.ub.edu\/grel\/wp-json\/wp\/v2\/product"}],"about":[{"href":"https:\/\/www.ub.edu\/grel\/wp-json\/wp\/v2\/types\/product"}],"wp:featuredmedia":[{"embeddable":true,"href":"https:\/\/www.ub.edu\/grel\/wp-json\/wp\/v2\/media\/11166"}],"wp:attachment":[{"href":"https:\/\/www.ub.edu\/grel\/wp-json\/wp\/v2\/media?parent=11973"}],"wp:term":[{"taxonomy":"product_cat","embeddable":true,"href":"https:\/\/www.ub.edu\/grel\/wp-json\/wp\/v2\/product_cat?post=11973"},{"taxonomy":"product_tag","embeddable":true,"href":"https:\/\/www.ub.edu\/grel\/wp-json\/wp\/v2\/product_tag?post=11973"}],"curies":[{"name":"wp","href":"https:\/\/api.w.org\/{rel}","templated":true}]}}