{"id":11980,"date":"2022-08-03T10:32:13","date_gmt":"2022-08-03T10:32:13","guid":{"rendered":"https:\/\/www.ub.edu\/grel\/?post_type=product&#038;p=11980"},"modified":"2022-09-09T09:48:18","modified_gmt":"2022-09-09T09:48:18","slug":"el-valor-del-territori-la-fragmentacio-municipal-com-un-actiu-de-futur","status":"publish","type":"product","link":"https:\/\/www.ub.edu\/grel\/Publicacio\/el-valor-del-territori-la-fragmentacio-municipal-com-un-actiu-de-futur\/","title":{"rendered":"El valor del territori: la fragmentaci\u00f3 municipal com un actiu de futur."},"content":{"rendered":"","protected":false},"excerpt":{"rendered":"<p>Vi\u00f1as, A., Pano, E., Barbal, M., Magre, J. (2016). El valor del territori: la fragmentaci\u00f3 municipal com un actiu de futur. Anuari pol\u00edtic de Catalunya, (10), 91-113.<\/p>\n","protected":false},"featured_media":12477,"template":"","meta":[],"product_cat":[331],"product_tag":[412],"blog_post_layout_featured_media_urls":{"thumbnail":["https:\/\/www.ub.edu\/grel\/wp-content\/uploads\/2022\/08\/grel-publicacio02-150x150.png",150,150,true],"full":["https:\/\/www.ub.edu\/grel\/wp-content\/uploads\/2022\/08\/grel-publicacio02.png",1200,1200,false]},"categories":["84"],"categories_names":{"84":{"name":"external","link":"https:\/\/www.ub.edu\/grel\/?taxonomy=product_type&term=external"}},"comments_number":"0","_links":{"self":[{"href":"https:\/\/www.ub.edu\/grel\/wp-json\/wp\/v2\/product\/11980"}],"collection":[{"href":"https:\/\/www.ub.edu\/grel\/wp-json\/wp\/v2\/product"}],"about":[{"href":"https:\/\/www.ub.edu\/grel\/wp-json\/wp\/v2\/types\/product"}],"wp:featuredmedia":[{"embeddable":true,"href":"https:\/\/www.ub.edu\/grel\/wp-json\/wp\/v2\/media\/12477"}],"wp:attachment":[{"href":"https:\/\/www.ub.edu\/grel\/wp-json\/wp\/v2\/media?parent=11980"}],"wp:term":[{"taxonomy":"product_cat","embeddable":true,"href":"https:\/\/www.ub.edu\/grel\/wp-json\/wp\/v2\/product_cat?post=11980"},{"taxonomy":"product_tag","embeddable":true,"href":"https:\/\/www.ub.edu\/grel\/wp-json\/wp\/v2\/product_tag?post=11980"}],"curies":[{"name":"wp","href":"https:\/\/api.w.org\/{rel}","templated":true}]}}