{"id":12015,"date":"2022-08-03T11:18:34","date_gmt":"2022-08-03T11:18:34","guid":{"rendered":"https:\/\/www.ub.edu\/grel\/?post_type=product&#038;p=12015"},"modified":"2022-08-03T11:18:34","modified_gmt":"2022-08-03T11:18:34","slug":"una-politica-de-vivienda-municipal-innovadora-el-programa-de-apoyo-a-las-cooperativas-de-cesion-de-uso-en-barcelona","status":"publish","type":"product","link":"https:\/\/www.ub.edu\/grel\/Publicacio\/una-politica-de-vivienda-municipal-innovadora-el-programa-de-apoyo-a-las-cooperativas-de-cesion-de-uso-en-barcelona\/","title":{"rendered":"Una pol\u00edtica de vivienda municipal innovadora: el programa de apoyo a las cooperativas de cesi\u00f3n de uso en Barcelona."},"content":{"rendered":"","protected":false},"excerpt":{"rendered":"<p>Mart\u00ed-Costa, M., &#038; Ferreri, M. (2021). Una pol\u00edtica de vivienda municipal innovadora: el programa de apoyo a las cooperativas de cesi\u00f3n de uso en Barcelona. In Nuevos retos para las pol\u00edticas urbanas: innovaci\u00f3n, gobernanza, servicios municipales y pol\u00edticas sectoriales (pp. 87-102). Tirant Humanidades.<\/p>\n","protected":false},"featured_media":11166,"template":"","meta":[],"product_cat":[94],"product_tag":[357],"blog_post_layout_featured_media_urls":{"thumbnail":["https:\/\/www.ub.edu\/grel\/wp-content\/uploads\/2016\/11\/grel-publicacio01-150x150.png",150,150,true],"full":["https:\/\/www.ub.edu\/grel\/wp-content\/uploads\/2016\/11\/grel-publicacio01.png",1200,1200,false]},"categories":["84"],"categories_names":{"84":{"name":"external","link":"https:\/\/www.ub.edu\/grel\/?taxonomy=product_type&term=external"}},"comments_number":"0","_links":{"self":[{"href":"https:\/\/www.ub.edu\/grel\/wp-json\/wp\/v2\/product\/12015"}],"collection":[{"href":"https:\/\/www.ub.edu\/grel\/wp-json\/wp\/v2\/product"}],"about":[{"href":"https:\/\/www.ub.edu\/grel\/wp-json\/wp\/v2\/types\/product"}],"wp:featuredmedia":[{"embeddable":true,"href":"https:\/\/www.ub.edu\/grel\/wp-json\/wp\/v2\/media\/11166"}],"wp:attachment":[{"href":"https:\/\/www.ub.edu\/grel\/wp-json\/wp\/v2\/media?parent=12015"}],"wp:term":[{"taxonomy":"product_cat","embeddable":true,"href":"https:\/\/www.ub.edu\/grel\/wp-json\/wp\/v2\/product_cat?post=12015"},{"taxonomy":"product_tag","embeddable":true,"href":"https:\/\/www.ub.edu\/grel\/wp-json\/wp\/v2\/product_tag?post=12015"}],"curies":[{"name":"wp","href":"https:\/\/api.w.org\/{rel}","templated":true}]}}