{"id":12975,"date":"2022-09-23T11:41:11","date_gmt":"2022-09-23T11:41:11","guid":{"rendered":"https:\/\/www.ub.edu\/grel\/?post_type=product&#038;p=12975"},"modified":"2022-09-23T11:41:11","modified_gmt":"2022-09-23T11:41:11","slug":"les-escoles-bressol-municipals-estat-de-la-questio","status":"publish","type":"product","link":"https:\/\/www.ub.edu\/grel\/Publicacio\/les-escoles-bressol-municipals-estat-de-la-questio\/","title":{"rendered":"Les escoles bressol municipals: estat de la q\u00fcesti\u00f3"},"content":{"rendered":"<p>Aquesta publicaci\u00f3 recull i analitza els resultats de la quarta edici\u00f3 del Panel sobre l\u2019escola bressol a la demarcaci\u00f3 de Barcelona correspo nent al curs 2015-2016. El Panel sobre l\u2019escola bressol, forma part del sistema d\u2019informaci\u00f3 de la Ger\u00e8ncia de Serveis d\u2019Educaci\u00f3. En aquest marc, l\u2019Observatori de l\u2019educaci\u00f3 local elabora els diferents Panels d\u2019educaci\u00f3. Es tracta de productes que, mitjan\u00e7ant enquestes longitudinals adre\u00e7ades a les corporacions locals i\/o als centres educatius, aporten dades sobre les pol\u00edtiques educatives dels ajuntaments, aix\u00ed com sobre l\u2019oferta i el fun cionament dels centres i serveis educatius de titularitat municipal a la demarcaci\u00f3 de Barcelona. En aquest Panel, s\u2019han formulat preguntes relacionades amb el mapa d\u2019escoles bressol, les compet\u00e8ncies assumides pels ajuntaments, els infants que en s\u00f3n usuaris i els professionals que hi treballen. Aix\u00ed mateix, tamb\u00e9 s\u2019han recollit dades sobre el model de gesti\u00f3 d\u2019aquests serveis i el seu finan\u00e7ament.<\/p>\n","protected":false},"excerpt":{"rendered":"<p>Medir, Ll. (2019) Les escoles bressol municipals: estat de la q\u00fcesti\u00f3, Diputaci\u00f3 de Barcelona, Barcelona (Espanya), on-line at: https:\/\/www.diba.cat\/documents\/94105123\/115195250\/EBM-Estat2019.pdf\/a62ed073-c67c-4f96-be24-a50136296088<\/p>\n","protected":false},"featured_media":12489,"template":"","meta":[],"product_cat":[94],"product_tag":[454],"blog_post_layout_featured_media_urls":{"thumbnail":["https:\/\/www.ub.edu\/grel\/wp-content\/uploads\/2022\/08\/grel-publicacio05-150x150.png",150,150,true],"full":["https:\/\/www.ub.edu\/grel\/wp-content\/uploads\/2022\/08\/grel-publicacio05.png",1200,1200,false]},"categories":["81"],"categories_names":{"81":{"name":"simple","link":"https:\/\/www.ub.edu\/grel\/?taxonomy=product_type&term=simple"}},"comments_number":"0","_links":{"self":[{"href":"https:\/\/www.ub.edu\/grel\/wp-json\/wp\/v2\/product\/12975"}],"collection":[{"href":"https:\/\/www.ub.edu\/grel\/wp-json\/wp\/v2\/product"}],"about":[{"href":"https:\/\/www.ub.edu\/grel\/wp-json\/wp\/v2\/types\/product"}],"wp:featuredmedia":[{"embeddable":true,"href":"https:\/\/www.ub.edu\/grel\/wp-json\/wp\/v2\/media\/12489"}],"wp:attachment":[{"href":"https:\/\/www.ub.edu\/grel\/wp-json\/wp\/v2\/media?parent=12975"}],"wp:term":[{"taxonomy":"product_cat","embeddable":true,"href":"https:\/\/www.ub.edu\/grel\/wp-json\/wp\/v2\/product_cat?post=12975"},{"taxonomy":"product_tag","embeddable":true,"href":"https:\/\/www.ub.edu\/grel\/wp-json\/wp\/v2\/product_tag?post=12975"}],"curies":[{"name":"wp","href":"https:\/\/api.w.org\/{rel}","templated":true}]}}