{"id":12977,"date":"2022-09-23T11:41:11","date_gmt":"2022-09-23T11:41:11","guid":{"rendered":"https:\/\/www.ub.edu\/grel\/?post_type=product&#038;p=12977"},"modified":"2022-09-23T11:41:11","modified_gmt":"2022-09-23T11:41:11","slug":"derecho-electoral-espanol","status":"publish","type":"product","link":"https:\/\/www.ub.edu\/grel\/Publicacio\/derecho-electoral-espanol\/","title":{"rendered":"Derecho Electoral Espa\u00f1ol"},"content":{"rendered":"<p>El libro Derecho electoral espa\u00f1ol ofrece una panor\u00e1mica completa del r\u00e9gimen jur\u00eddico de las elecciones en Espa\u00f1a, tratando todas las cuestiones que afectan a la secuencia electoral, que constituye, sin duda el eje fundamental de la democracia representativa. Partiendo de las diversas formas de participaci\u00f3n pol\u00edtica y de la configuraci\u00f3n del derecho de sufragio, el libro analiza los sistemas electorales que se utilizan en Espa\u00f1a en todos los niveles institucionales. Junto con ello, se estudian los diversos actores que intervienen en el proceso y se describe detalladamente el procedimiento electoral en todas sus fases, la financiaci\u00f3n de las elecciones y las garant\u00edas que ofrece el ordenamiento jur\u00eddico. Se trata, por tanto, de una obra que pretende ser una referencia en los estudios electorales por la amplitud de la tem\u00e1tica abordada y por el enfoque que adopta, fundamentalmente jur\u00eddico, pero con un lenguaje comprensible para los no iniciados. Adem\u00e1s, se incorpora un Anexo con diversos materiales y documentos pr\u00e1cticos que completan la informaci\u00f3n ofrecida en el texto.<\/p>\n","protected":false},"excerpt":{"rendered":"<p>P\u00e9rez, M., Garrote, M., Pano, E. (2019). Derecho electoral espa\u00f1o. Oport: Jurua Editorial.<\/p>\n","protected":false},"featured_media":12489,"template":"","meta":[],"product_cat":[94],"product_tag":[395],"blog_post_layout_featured_media_urls":{"thumbnail":["https:\/\/www.ub.edu\/grel\/wp-content\/uploads\/2022\/08\/grel-publicacio05-150x150.png",150,150,true],"full":["https:\/\/www.ub.edu\/grel\/wp-content\/uploads\/2022\/08\/grel-publicacio05.png",1200,1200,false]},"categories":["81"],"categories_names":{"81":{"name":"simple","link":"https:\/\/www.ub.edu\/grel\/?taxonomy=product_type&term=simple"}},"comments_number":"0","_links":{"self":[{"href":"https:\/\/www.ub.edu\/grel\/wp-json\/wp\/v2\/product\/12977"}],"collection":[{"href":"https:\/\/www.ub.edu\/grel\/wp-json\/wp\/v2\/product"}],"about":[{"href":"https:\/\/www.ub.edu\/grel\/wp-json\/wp\/v2\/types\/product"}],"wp:featuredmedia":[{"embeddable":true,"href":"https:\/\/www.ub.edu\/grel\/wp-json\/wp\/v2\/media\/12489"}],"wp:attachment":[{"href":"https:\/\/www.ub.edu\/grel\/wp-json\/wp\/v2\/media?parent=12977"}],"wp:term":[{"taxonomy":"product_cat","embeddable":true,"href":"https:\/\/www.ub.edu\/grel\/wp-json\/wp\/v2\/product_cat?post=12977"},{"taxonomy":"product_tag","embeddable":true,"href":"https:\/\/www.ub.edu\/grel\/wp-json\/wp\/v2\/product_tag?post=12977"}],"curies":[{"name":"wp","href":"https:\/\/api.w.org\/{rel}","templated":true}]}}