{"id":12980,"date":"2022-09-23T11:41:11","date_gmt":"2022-09-23T11:41:11","guid":{"rendered":"https:\/\/www.ub.edu\/grel\/?post_type=product&#038;p=12980"},"modified":"2022-09-23T12:20:10","modified_gmt":"2022-09-23T12:20:10","slug":"una-mirada-als-resultats-de-les-eleccions-de-maig-del-2019-els-municipis-catalans-40-anys-despres-de-les-primeres-eleccions-democratiques","status":"publish","type":"product","link":"https:\/\/www.ub.edu\/grel\/Publicacio\/una-mirada-als-resultats-de-les-eleccions-de-maig-del-2019-els-municipis-catalans-40-anys-despres-de-les-primeres-eleccions-democratiques\/","title":{"rendered":"Una mirada als resultats de les eleccions de maig del 2019. Els municipis catalans 40 anys despr\u00e9s de les primeres eleccions democr\u00e0tiques."},"content":{"rendered":"","protected":false},"excerpt":{"rendered":"<p>Puey, E. P., Barbar, M. A., &#038; Ferran, J. M. (2019). Una mirada als resultats de les eleccions de maig del 2019: els municipis catalans 40 anys despr\u00e9s de les primeres eleccions democr\u00e0tiques. Anuari pol\u00edtic de Catalunya, (13), 139-164.<\/p>\n","protected":false},"featured_media":11166,"template":"","meta":[],"product_cat":[434],"product_tag":[412],"blog_post_layout_featured_media_urls":{"thumbnail":["https:\/\/www.ub.edu\/grel\/wp-content\/uploads\/2016\/11\/grel-publicacio01-150x150.png",150,150,true],"full":["https:\/\/www.ub.edu\/grel\/wp-content\/uploads\/2016\/11\/grel-publicacio01.png",1200,1200,false]},"categories":["81"],"categories_names":{"81":{"name":"simple","link":"https:\/\/www.ub.edu\/grel\/?taxonomy=product_type&term=simple"}},"comments_number":"0","_links":{"self":[{"href":"https:\/\/www.ub.edu\/grel\/wp-json\/wp\/v2\/product\/12980"}],"collection":[{"href":"https:\/\/www.ub.edu\/grel\/wp-json\/wp\/v2\/product"}],"about":[{"href":"https:\/\/www.ub.edu\/grel\/wp-json\/wp\/v2\/types\/product"}],"wp:featuredmedia":[{"embeddable":true,"href":"https:\/\/www.ub.edu\/grel\/wp-json\/wp\/v2\/media\/11166"}],"wp:attachment":[{"href":"https:\/\/www.ub.edu\/grel\/wp-json\/wp\/v2\/media?parent=12980"}],"wp:term":[{"taxonomy":"product_cat","embeddable":true,"href":"https:\/\/www.ub.edu\/grel\/wp-json\/wp\/v2\/product_cat?post=12980"},{"taxonomy":"product_tag","embeddable":true,"href":"https:\/\/www.ub.edu\/grel\/wp-json\/wp\/v2\/product_tag?post=12980"}],"curies":[{"name":"wp","href":"https:\/\/api.w.org\/{rel}","templated":true}]}}