{"id":12987,"date":"2022-09-23T11:41:12","date_gmt":"2022-09-23T11:41:12","guid":{"rendered":"https:\/\/www.ub.edu\/grel\/?post_type=product&#038;p=12987"},"modified":"2022-11-12T13:07:45","modified_gmt":"2022-11-12T13:07:45","slug":"la-remunicipalizacion-de-la-gestion-del-agua-en-espana-barreras-legales-frente-a-narrativas-exitosas","status":"publish","type":"product","link":"https:\/\/www.ub.edu\/grel\/Publicacio\/la-remunicipalizacion-de-la-gestion-del-agua-en-espana-barreras-legales-frente-a-narrativas-exitosas\/","title":{"rendered":"La remunicipalizaci\u00f3n de la gesti\u00f3n del agua en Espa\u00f1a: barreras legales frente a narrativas exitosas."},"content":{"rendered":"[vc_row thb_divider_position=&#8221;bottom&#8221;][vc_column][vc_column_text]Como plasmaci\u00f3n de las pol\u00edticas de austeridad aplicadas en Europa tras la crisis econ\u00f3mica global, algunas de las propuestas de la Nueva Gesti\u00f3n P\u00fablica volvieron a reactivarse, particularmente la externalizaci\u00f3n de servicios p\u00fablicos. Dadas las consecuencias negativas e imprevistas, observadas en muchos casos tras su implementaci\u00f3n, surge un conjunto de reformas de signo contrario al mejorar la situaci\u00f3n econ\u00f3mica. As\u00ed, aparecen las estrategias de remunicipalizaci\u00f3n o de vuelta a manos p\u00fablicas de servicios previamente privatizados o externalizados, especialmente en el nivel municipal de gobierno. Sin embargo, en pa\u00edses como Espa\u00f1a, se observa un desfase entre la abundancia de discursos pol\u00edticos que apoyan la remunicipalizaci\u00f3n y el bajo nivel de consecuci\u00f3n efectiva de estas reformas. Tomando la gesti\u00f3n del agua como caso de an\u00e1lisis emp\u00edrico, este trabajo profundiza en estos procesos, interrog\u00e1ndose sobre su alcance, trayectoria y razones del desfase.<\/p>\n<p><em>As a result of the austerity policies applied in Europe after the global economic crisis, some of the New Public Management proposals were reactivated, particularly the outsourcing of public services. Given the negative and unforeseen consequences, observed in many cases after its implementation, a set of opposite reforms emerged as the economic situation improved. Re-municipalization strategies or return to public hands of previously privatized or outsourced services appear, especially at the municipal level. However, in countries like Spain, there is a gap between the abundance of political speeches that support re municipalization and the low effectiveness of these reforms. Taking water management as a case of empirical analysis, this work deepens in these processes, questioning their scope, trajectory and the reasons of the gap. <\/em><\/p>\n<p>&nbsp;<\/p>\n[\/vc_column_text][\/vc_column][\/vc_row]\n","protected":false},"excerpt":{"rendered":"<p>Villoria, M., Navarro, C., &amp; Puey, E. P. (2020). La remunicipalizaci\u00f3n de la gesti\u00f3n del agua en Espa\u00f1a: barreras legales frente a narrativas exitosas. Revista del CLAD Reforma y Democracia, (76), 109-144.<\/p>\n","protected":false},"featured_media":11166,"template":"","meta":[],"product_cat":[434],"product_tag":[412],"blog_post_layout_featured_media_urls":{"thumbnail":["https:\/\/www.ub.edu\/grel\/wp-content\/uploads\/2016\/11\/grel-publicacio01-150x150.png",150,150,true],"full":["https:\/\/www.ub.edu\/grel\/wp-content\/uploads\/2016\/11\/grel-publicacio01.png",1200,1200,false]},"categories":["81"],"categories_names":{"81":{"name":"simple","link":"https:\/\/www.ub.edu\/grel\/?taxonomy=product_type&term=simple"}},"comments_number":"0","_links":{"self":[{"href":"https:\/\/www.ub.edu\/grel\/wp-json\/wp\/v2\/product\/12987"}],"collection":[{"href":"https:\/\/www.ub.edu\/grel\/wp-json\/wp\/v2\/product"}],"about":[{"href":"https:\/\/www.ub.edu\/grel\/wp-json\/wp\/v2\/types\/product"}],"wp:featuredmedia":[{"embeddable":true,"href":"https:\/\/www.ub.edu\/grel\/wp-json\/wp\/v2\/media\/11166"}],"wp:attachment":[{"href":"https:\/\/www.ub.edu\/grel\/wp-json\/wp\/v2\/media?parent=12987"}],"wp:term":[{"taxonomy":"product_cat","embeddable":true,"href":"https:\/\/www.ub.edu\/grel\/wp-json\/wp\/v2\/product_cat?post=12987"},{"taxonomy":"product_tag","embeddable":true,"href":"https:\/\/www.ub.edu\/grel\/wp-json\/wp\/v2\/product_tag?post=12987"}],"curies":[{"name":"wp","href":"https:\/\/api.w.org\/{rel}","templated":true}]}}