{"id":12989,"date":"2022-09-23T11:41:12","date_gmt":"2022-09-23T11:41:12","guid":{"rendered":"https:\/\/www.ub.edu\/grel\/?post_type=product&#038;p=12989"},"modified":"2022-09-23T11:53:12","modified_gmt":"2022-09-23T11:53:12","slug":"las-elecciones-municipales-de-2019-en-espana","status":"publish","type":"product","link":"https:\/\/www.ub.edu\/grel\/Publicacio\/las-elecciones-municipales-de-2019-en-espana\/","title":{"rendered":"Las elecciones municipales de 2019 en Espa\u00f1a"},"content":{"rendered":"","protected":false},"excerpt":{"rendered":"<p>Ferr\u00e1n, J. M., &#038; Sotillos, I. D. (2019). Las elecciones municipales de 2019 en Espa\u00f1a. Anuario del Gobierno Local, (1), 93-122.<\/p>\n","protected":false},"featured_media":11166,"template":"","meta":[],"product_cat":[434],"product_tag":[412],"blog_post_layout_featured_media_urls":{"thumbnail":["https:\/\/www.ub.edu\/grel\/wp-content\/uploads\/2016\/11\/grel-publicacio01-150x150.png",150,150,true],"full":["https:\/\/www.ub.edu\/grel\/wp-content\/uploads\/2016\/11\/grel-publicacio01.png",1200,1200,false]},"categories":["81"],"categories_names":{"81":{"name":"simple","link":"https:\/\/www.ub.edu\/grel\/?taxonomy=product_type&term=simple"}},"comments_number":"0","_links":{"self":[{"href":"https:\/\/www.ub.edu\/grel\/wp-json\/wp\/v2\/product\/12989"}],"collection":[{"href":"https:\/\/www.ub.edu\/grel\/wp-json\/wp\/v2\/product"}],"about":[{"href":"https:\/\/www.ub.edu\/grel\/wp-json\/wp\/v2\/types\/product"}],"wp:featuredmedia":[{"embeddable":true,"href":"https:\/\/www.ub.edu\/grel\/wp-json\/wp\/v2\/media\/11166"}],"wp:attachment":[{"href":"https:\/\/www.ub.edu\/grel\/wp-json\/wp\/v2\/media?parent=12989"}],"wp:term":[{"taxonomy":"product_cat","embeddable":true,"href":"https:\/\/www.ub.edu\/grel\/wp-json\/wp\/v2\/product_cat?post=12989"},{"taxonomy":"product_tag","embeddable":true,"href":"https:\/\/www.ub.edu\/grel\/wp-json\/wp\/v2\/product_tag?post=12989"}],"curies":[{"name":"wp","href":"https:\/\/api.w.org\/{rel}","templated":true}]}}