{"id":12992,"date":"2022-09-23T11:41:13","date_gmt":"2022-09-23T11:41:13","guid":{"rendered":"https:\/\/www.ub.edu\/grel\/?post_type=product&#038;p=12992"},"modified":"2022-09-23T11:58:49","modified_gmt":"2022-09-23T11:58:49","slug":"el-gobierno-local-en-espana","status":"publish","type":"product","link":"https:\/\/www.ub.edu\/grel\/Publicacio\/el-gobierno-local-en-espana\/","title":{"rendered":"El gobierno local en Espa\u00f1a"},"content":{"rendered":"","protected":false},"excerpt":{"rendered":"<p>Magre, J., Navarro, C., Zafra, M. (2019). 20. El gobierno local en Espa\u00f1a. In Gobierno y pol\u00edtica en Espa\u00f1a (pp. 679-704). Tirant lo Blanch.<\/p>\n","protected":false},"featured_media":11166,"template":"","meta":[],"product_cat":[434],"product_tag":[357],"blog_post_layout_featured_media_urls":{"thumbnail":["https:\/\/www.ub.edu\/grel\/wp-content\/uploads\/2016\/11\/grel-publicacio01-150x150.png",150,150,true],"full":["https:\/\/www.ub.edu\/grel\/wp-content\/uploads\/2016\/11\/grel-publicacio01.png",1200,1200,false]},"categories":["81"],"categories_names":{"81":{"name":"simple","link":"https:\/\/www.ub.edu\/grel\/?taxonomy=product_type&term=simple"}},"comments_number":"0","_links":{"self":[{"href":"https:\/\/www.ub.edu\/grel\/wp-json\/wp\/v2\/product\/12992"}],"collection":[{"href":"https:\/\/www.ub.edu\/grel\/wp-json\/wp\/v2\/product"}],"about":[{"href":"https:\/\/www.ub.edu\/grel\/wp-json\/wp\/v2\/types\/product"}],"wp:featuredmedia":[{"embeddable":true,"href":"https:\/\/www.ub.edu\/grel\/wp-json\/wp\/v2\/media\/11166"}],"wp:attachment":[{"href":"https:\/\/www.ub.edu\/grel\/wp-json\/wp\/v2\/media?parent=12992"}],"wp:term":[{"taxonomy":"product_cat","embeddable":true,"href":"https:\/\/www.ub.edu\/grel\/wp-json\/wp\/v2\/product_cat?post=12992"},{"taxonomy":"product_tag","embeddable":true,"href":"https:\/\/www.ub.edu\/grel\/wp-json\/wp\/v2\/product_tag?post=12992"}],"curies":[{"name":"wp","href":"https:\/\/api.w.org\/{rel}","templated":true}]}}