{"id":12994,"date":"2022-09-23T11:41:13","date_gmt":"2022-09-23T11:41:13","guid":{"rendered":"https:\/\/www.ub.edu\/grel\/?post_type=product&#038;p=12994"},"modified":"2022-09-23T11:41:13","modified_gmt":"2022-09-23T11:41:13","slug":"les-eleccions-del-21d-algunes-regularitats-empiriques","status":"publish","type":"product","link":"https:\/\/www.ub.edu\/grel\/Publicacio\/les-eleccions-del-21d-algunes-regularitats-empiriques\/","title":{"rendered":"Les eleccions del 21D. Algunes regularitats emp\u00edriques"},"content":{"rendered":"<p>This article analyses some of the principal regularities around voter behaviour in the elections to the Catalan  Parliament of 21 December 2017. These elections were exceptional due both to the reasons for calling them (the Spanish  government\u2019s intervention in that of Catalonia, which was followed by the dissolving of the Catalan Parliament) and to  some of the aspects of its workings (participation) and its results. To provide a structured analysis, the article employs  a strategy that begins with aggregate data and then descends by unit of observation (including municipal-level results)  to conclude with the analysis of individual data. Its main conclusion is that, despite the context, voter behaviour in  Catalonia did not vary between the elections of 2015 and those of 2017. Nevertheless, the increase in participation had  a significant impact upon the results. Lastly, it notes strong activation of cleavage by origin, leading to almost perfect  alignment with regard to the type of candidates chosen by Catalonia\u2019s voters. Aquest article fa una an\u00e0lisi d\u2019algunes de les principals regularitats emp\u00edriques al voltant del comportament electoral en  les eleccions al Parlament de Catalunya del 21 de desembre de 2017. Aquelles eleccions foren excepcionals tant per les  causes que les propiciaren (la intervenci\u00f3 del Govern de la Generalitat per part del Govern espanyol, que fou seguida  d\u2019una dissoluci\u00f3 del Parlament de Catalunya) com per alguns dels elements del seu funcionament (la participaci\u00f3) i  els seus resultats. Per presentar una an\u00e0lisi ordenada, l\u2019article segueix una estrat\u00e8gia d\u2019an\u00e0lisi que comen\u00e7a amb dades  agregades i va baixant d\u2019unitat d\u2019observaci\u00f3 (passant pels resultats a nivell municipal) fins a acabar en l\u2019an\u00e0lisi de dades  individuals. La principal conclusi\u00f3 de l\u2019article \u00e9s que, malgrat aquest context, el comportament electoral dels catalans  entre les eleccions de 2015 i les de 2017 no ha canviat. Tanmateix, l\u2019augment de la participaci\u00f3 va tenir un impacte  notable sobre els resultats electorals. Finalment, l\u2019article constata una forta activaci\u00f3 de la clivella d\u2019origen, que t\u00e9 com  a conseq\u00fc\u00e8ncia un alineament quasi perfecte respecte del tipus de candidatura a la qual voten els electors catalans.<\/p>\n","protected":false},"excerpt":{"rendered":"<p>Vallb\u00e9, J. J. (2019). Les eleccions del 21D. Algunes regularitats emp\u00edriques. . Revista Catalana de Dret  P\u00fablic, (n\u00famero especial), 115-136. http:\/\/dx.doi.org\/10.2436\/rcdp.i0.2019.3252<\/p>\n","protected":false},"featured_media":11166,"template":"","meta":[],"product_cat":[434],"product_tag":[412],"blog_post_layout_featured_media_urls":{"thumbnail":["https:\/\/www.ub.edu\/grel\/wp-content\/uploads\/2016\/11\/grel-publicacio01-150x150.png",150,150,true],"full":["https:\/\/www.ub.edu\/grel\/wp-content\/uploads\/2016\/11\/grel-publicacio01.png",1200,1200,false]},"categories":["81"],"categories_names":{"81":{"name":"simple","link":"https:\/\/www.ub.edu\/grel\/?taxonomy=product_type&term=simple"}},"comments_number":"0","_links":{"self":[{"href":"https:\/\/www.ub.edu\/grel\/wp-json\/wp\/v2\/product\/12994"}],"collection":[{"href":"https:\/\/www.ub.edu\/grel\/wp-json\/wp\/v2\/product"}],"about":[{"href":"https:\/\/www.ub.edu\/grel\/wp-json\/wp\/v2\/types\/product"}],"wp:featuredmedia":[{"embeddable":true,"href":"https:\/\/www.ub.edu\/grel\/wp-json\/wp\/v2\/media\/11166"}],"wp:attachment":[{"href":"https:\/\/www.ub.edu\/grel\/wp-json\/wp\/v2\/media?parent=12994"}],"wp:term":[{"taxonomy":"product_cat","embeddable":true,"href":"https:\/\/www.ub.edu\/grel\/wp-json\/wp\/v2\/product_cat?post=12994"},{"taxonomy":"product_tag","embeddable":true,"href":"https:\/\/www.ub.edu\/grel\/wp-json\/wp\/v2\/product_tag?post=12994"}],"curies":[{"name":"wp","href":"https:\/\/api.w.org\/{rel}","templated":true}]}}