{"id":12995,"date":"2022-09-23T11:41:13","date_gmt":"2022-09-23T11:41:13","guid":{"rendered":"https:\/\/www.ub.edu\/grel\/?post_type=product&#038;p=12995"},"modified":"2022-09-23T11:41:13","modified_gmt":"2022-09-23T11:41:13","slug":"les-estructures-municipals-de-joventut-i-la-seva-institucionalitzacio","status":"publish","type":"product","link":"https:\/\/www.ub.edu\/grel\/Publicacio\/les-estructures-municipals-de-joventut-i-la-seva-institucionalitzacio\/","title":{"rendered":"Les estructures municipals de Joventut I la seva institucionalitzaci\u00f3."},"content":{"rendered":"","protected":false},"excerpt":{"rendered":"<p>Salvador, M., Pano, E. (2019)  Les estructures municipals de Joventut I la seva institucionalitzaci\u00f3. In LA SITUACI\u00d3 DE LES POL\u00cdTIQUES<br \/>\nMUNICIPALS DE JOVENTUT<br \/>\nA CATALUNYA<br \/>\nUna an\u00e0lisi del desplegament del PNJCat<br \/>\na trav\u00e9s de les dades de l\u2019Enquesta a municipis<br \/>\ni comarques 2016-2017 (29-71). Online at: a www.gencat.cat\/joventut\/observatori. <\/p>\n","protected":false},"featured_media":11166,"template":"","meta":[],"product_cat":[434],"product_tag":[357],"blog_post_layout_featured_media_urls":{"thumbnail":["https:\/\/www.ub.edu\/grel\/wp-content\/uploads\/2016\/11\/grel-publicacio01-150x150.png",150,150,true],"full":["https:\/\/www.ub.edu\/grel\/wp-content\/uploads\/2016\/11\/grel-publicacio01.png",1200,1200,false]},"categories":["81"],"categories_names":{"81":{"name":"simple","link":"https:\/\/www.ub.edu\/grel\/?taxonomy=product_type&term=simple"}},"comments_number":"0","_links":{"self":[{"href":"https:\/\/www.ub.edu\/grel\/wp-json\/wp\/v2\/product\/12995"}],"collection":[{"href":"https:\/\/www.ub.edu\/grel\/wp-json\/wp\/v2\/product"}],"about":[{"href":"https:\/\/www.ub.edu\/grel\/wp-json\/wp\/v2\/types\/product"}],"wp:featuredmedia":[{"embeddable":true,"href":"https:\/\/www.ub.edu\/grel\/wp-json\/wp\/v2\/media\/11166"}],"wp:attachment":[{"href":"https:\/\/www.ub.edu\/grel\/wp-json\/wp\/v2\/media?parent=12995"}],"wp:term":[{"taxonomy":"product_cat","embeddable":true,"href":"https:\/\/www.ub.edu\/grel\/wp-json\/wp\/v2\/product_cat?post=12995"},{"taxonomy":"product_tag","embeddable":true,"href":"https:\/\/www.ub.edu\/grel\/wp-json\/wp\/v2\/product_tag?post=12995"}],"curies":[{"name":"wp","href":"https:\/\/api.w.org\/{rel}","templated":true}]}}