{"id":13006,"date":"2022-09-23T11:41:15","date_gmt":"2022-09-23T11:41:15","guid":{"rendered":"https:\/\/www.ub.edu\/grel\/?post_type=product&#038;p=13006"},"modified":"2022-09-23T11:41:15","modified_gmt":"2022-09-23T11:41:15","slug":"impacto-de-la-crisis-del-covid-19-en-las-grandes-areas-urbanas-y-metropolitanas","status":"publish","type":"product","link":"https:\/\/www.ub.edu\/grel\/Publicacio\/impacto-de-la-crisis-del-covid-19-en-las-grandes-areas-urbanas-y-metropolitanas\/","title":{"rendered":"Impacto de la crisis del COVID-19 en las grandes \u00e1reas urbanas y metropolitanas"},"content":{"rendered":"","protected":false},"excerpt":{"rendered":"<p>Tom\u00e0s, M. (2020). Impacto de la crisis del COVID-19 en las grandes \u00e1reas urbanas y metropolitanas. Anuario del Gobierno Local, (1), 73-89.<\/p>\n","protected":false},"featured_media":12477,"template":"","meta":[],"product_cat":[331],"product_tag":[412],"blog_post_layout_featured_media_urls":{"thumbnail":["https:\/\/www.ub.edu\/grel\/wp-content\/uploads\/2022\/08\/grel-publicacio02-150x150.png",150,150,true],"full":["https:\/\/www.ub.edu\/grel\/wp-content\/uploads\/2022\/08\/grel-publicacio02.png",1200,1200,false]},"categories":["81"],"categories_names":{"81":{"name":"simple","link":"https:\/\/www.ub.edu\/grel\/?taxonomy=product_type&term=simple"}},"comments_number":"0","_links":{"self":[{"href":"https:\/\/www.ub.edu\/grel\/wp-json\/wp\/v2\/product\/13006"}],"collection":[{"href":"https:\/\/www.ub.edu\/grel\/wp-json\/wp\/v2\/product"}],"about":[{"href":"https:\/\/www.ub.edu\/grel\/wp-json\/wp\/v2\/types\/product"}],"wp:featuredmedia":[{"embeddable":true,"href":"https:\/\/www.ub.edu\/grel\/wp-json\/wp\/v2\/media\/12477"}],"wp:attachment":[{"href":"https:\/\/www.ub.edu\/grel\/wp-json\/wp\/v2\/media?parent=13006"}],"wp:term":[{"taxonomy":"product_cat","embeddable":true,"href":"https:\/\/www.ub.edu\/grel\/wp-json\/wp\/v2\/product_cat?post=13006"},{"taxonomy":"product_tag","embeddable":true,"href":"https:\/\/www.ub.edu\/grel\/wp-json\/wp\/v2\/product_tag?post=13006"}],"curies":[{"name":"wp","href":"https:\/\/api.w.org\/{rel}","templated":true}]}}