{"id":13009,"date":"2022-09-23T11:41:15","date_gmt":"2022-09-23T11:41:15","guid":{"rendered":"https:\/\/www.ub.edu\/grel\/?post_type=product&#038;p=13009"},"modified":"2022-09-23T11:41:15","modified_gmt":"2022-09-23T11:41:15","slug":"por-un-derecho-a-la-ciudad-metropolitana-un-analisis-institucional","status":"publish","type":"product","link":"https:\/\/www.ub.edu\/grel\/Publicacio\/por-un-derecho-a-la-ciudad-metropolitana-un-analisis-institucional\/","title":{"rendered":"Por un derecho a la ciudad metropolitana: un an\u00e1lisis institucional"},"content":{"rendered":"<p>: Metropolitan areas have become  the battleground for human rights, particu larly the \u201cright to the city\u201d. The New Urban  Agenda (NUA) recognises this principle as  an ideal way to build a city for all. The Sus tainable Development Goals (SDGs) pre sent a sustainable (also urban) development  model with multiple economic, social and  environmental aspects. How does the met ropolitan institutional framework influence  the implementation of the SDGs? Do the  necessary resources and competencies ex ist to meet the ideal expressed in the NUA?  Using examples from all continents, the pa per examines the extent to which actions  and objectives aimed at sustainable urban  development take a metropolitan approach  and how institutional variables (i. e. metro politan governance, fragmentation, degree  of decentralisation and local autonomy,  and role of the state) enhance or jeopardise  these processes. Las \u00e1reas metropolitanas se han convertido en el campo de batalla de los derechos humanos y en concreto del \u00abderecho a la ciudad\u00bb. La Nueva Agenda Urbana (NAU) reconoce este principio como un ideal para construir una ciudad para todos. Los Objetivos de Desarrollo Sostenible (ODS) plantean un modelo de desarrollo sostenible (tambi\u00e9n urbano) en sus m\u00faltiples vertientes (econ\u00f3mica, social y ambiental). \u00bfC\u00f3mo influye el marco institucional metropolitano en la implementaci\u00f3n de los ODS? \u00bfExisten los recursos necesarios y las competencias para poder dar cumplimiento al ideal expresado en la NAU? Mediante ejemplos en todos los continentes, se examina hasta qu\u00e9 punto la creaci\u00f3n de acciones y objetivos dirigidos a un desarrollo urbano sostenible se realiza en clave metropolitana y c\u00f3mo las variables institucionales (gobernanza metropolitana, fragmentaci\u00f3n institucional, grado de descentralizaci\u00f3n y autonom\u00eda local, papel del Estado) fortalecen y limitan estos procesos.<\/p>\n","protected":false},"excerpt":{"rendered":"<p>Tom\u00e0s, M.  (2019). Por un derecho a la ciudad metropolitana. Revista CIDOB d&#8217;Afers Internacionals, (123), 69-92. https:\/\/doi.org\/10.24241\/rcai.2019.123.3.69<\/p>\n","protected":false},"featured_media":12477,"template":"","meta":[],"product_cat":[331],"product_tag":[412],"blog_post_layout_featured_media_urls":{"thumbnail":["https:\/\/www.ub.edu\/grel\/wp-content\/uploads\/2022\/08\/grel-publicacio02-150x150.png",150,150,true],"full":["https:\/\/www.ub.edu\/grel\/wp-content\/uploads\/2022\/08\/grel-publicacio02.png",1200,1200,false]},"categories":["81"],"categories_names":{"81":{"name":"simple","link":"https:\/\/www.ub.edu\/grel\/?taxonomy=product_type&term=simple"}},"comments_number":"0","_links":{"self":[{"href":"https:\/\/www.ub.edu\/grel\/wp-json\/wp\/v2\/product\/13009"}],"collection":[{"href":"https:\/\/www.ub.edu\/grel\/wp-json\/wp\/v2\/product"}],"about":[{"href":"https:\/\/www.ub.edu\/grel\/wp-json\/wp\/v2\/types\/product"}],"wp:featuredmedia":[{"embeddable":true,"href":"https:\/\/www.ub.edu\/grel\/wp-json\/wp\/v2\/media\/12477"}],"wp:attachment":[{"href":"https:\/\/www.ub.edu\/grel\/wp-json\/wp\/v2\/media?parent=13009"}],"wp:term":[{"taxonomy":"product_cat","embeddable":true,"href":"https:\/\/www.ub.edu\/grel\/wp-json\/wp\/v2\/product_cat?post=13009"},{"taxonomy":"product_tag","embeddable":true,"href":"https:\/\/www.ub.edu\/grel\/wp-json\/wp\/v2\/product_tag?post=13009"}],"curies":[{"name":"wp","href":"https:\/\/api.w.org\/{rel}","templated":true}]}}