{"id":13010,"date":"2022-09-23T11:41:15","date_gmt":"2022-09-23T11:41:15","guid":{"rendered":"https:\/\/www.ub.edu\/grel\/?post_type=product&#038;p=13010"},"modified":"2022-09-23T11:41:15","modified_gmt":"2022-09-23T11:41:15","slug":"gobernanza-metropolitana-modelos-y-elementos-clave","status":"publish","type":"product","link":"https:\/\/www.ub.edu\/grel\/Publicacio\/gobernanza-metropolitana-modelos-y-elementos-clave\/","title":{"rendered":"Gobernanza metropolitana: modelos y elementos clave"},"content":{"rendered":"<p>El gobierno de las \u00e1reas metropolitanas es una cuesti\u00f3n recurrente en la agenda pol\u00edtica. No existe una f\u00f3rmula \u00fanica porque cada metr\u00f3poli tiene, por razones hist\u00f3ricas y pol\u00edticas, sus particularidades. El debate sobre qu\u00e9 modelo hay que aplicar a menudo es pol\u00e9mico porque entran en conflicto ideolog\u00edas, intereses y varias maneras de concebir el espacio metropolitano. Para abordar la gobernanza metropolitana, es necesaria una visi\u00f3n compartida de todos los actores implicados.<\/p>\n","protected":false},"excerpt":{"rendered":"<p>Tom\u00e0s, M. (2019). Gobernanza metropolitana: modelos y elementos clave. Barcelona Metropolis. Revista d&#8217;Informaci\u00f3 i Pensament Urbans, 2019, vol. 111, num. Abril, p. 8-13. Online: http:\/\/diposit.ub.edu\/dspace\/handle\/2445\/146967<\/p>\n","protected":false},"featured_media":12477,"template":"","meta":[],"product_cat":[331],"product_tag":[412],"blog_post_layout_featured_media_urls":{"thumbnail":["https:\/\/www.ub.edu\/grel\/wp-content\/uploads\/2022\/08\/grel-publicacio02-150x150.png",150,150,true],"full":["https:\/\/www.ub.edu\/grel\/wp-content\/uploads\/2022\/08\/grel-publicacio02.png",1200,1200,false]},"categories":["81"],"categories_names":{"81":{"name":"simple","link":"https:\/\/www.ub.edu\/grel\/?taxonomy=product_type&term=simple"}},"comments_number":"0","_links":{"self":[{"href":"https:\/\/www.ub.edu\/grel\/wp-json\/wp\/v2\/product\/13010"}],"collection":[{"href":"https:\/\/www.ub.edu\/grel\/wp-json\/wp\/v2\/product"}],"about":[{"href":"https:\/\/www.ub.edu\/grel\/wp-json\/wp\/v2\/types\/product"}],"wp:featuredmedia":[{"embeddable":true,"href":"https:\/\/www.ub.edu\/grel\/wp-json\/wp\/v2\/media\/12477"}],"wp:attachment":[{"href":"https:\/\/www.ub.edu\/grel\/wp-json\/wp\/v2\/media?parent=13010"}],"wp:term":[{"taxonomy":"product_cat","embeddable":true,"href":"https:\/\/www.ub.edu\/grel\/wp-json\/wp\/v2\/product_cat?post=13010"},{"taxonomy":"product_tag","embeddable":true,"href":"https:\/\/www.ub.edu\/grel\/wp-json\/wp\/v2\/product_tag?post=13010"}],"curies":[{"name":"wp","href":"https:\/\/api.w.org\/{rel}","templated":true}]}}