{"id":13012,"date":"2022-09-23T11:41:15","date_gmt":"2022-09-23T11:41:15","guid":{"rendered":"https:\/\/www.ub.edu\/grel\/?post_type=product&#038;p=13012"},"modified":"2022-09-23T11:41:15","modified_gmt":"2022-09-23T11:41:15","slug":"quines-politiques-per-a-quina-metropoli-reptes-i-propostes-per-millorar-el-govern-els-serveis-i-la-participacio-en-lambit-metropolita-de-barcelona","status":"publish","type":"product","link":"https:\/\/www.ub.edu\/grel\/Publicacio\/quines-politiques-per-a-quina-metropoli-reptes-i-propostes-per-millorar-el-govern-els-serveis-i-la-participacio-en-lambit-metropolita-de-barcelona\/","title":{"rendered":"Quines pol\u00edtiques per a quina metr\u00f2poli? Reptes i propostes per millorar el govern, els serveis i la participaci\u00f3 en l&#8217;\u00e0mbit metropolit\u00e0 de Barcelona."},"content":{"rendered":"<p>El document exposa els principals reptes de la governan\u00e7a de l&#8217;AMB agrupats en tres grans temes: (1) el territori, (2) les institucions i (3) les pol\u00edtiques i projectes. I tot seguit presenta un llistat de 30 propostes per a fer front a aquestes necessitats i millorar la governan\u00e7a de la realitat metropolitana de Barcelona. Les propostes van des de com afrontar les relacions en el govern multinivell, fins a com refor\u00e7ar la legitimitat democr\u00e0tica metropolitana, o la necessitat de reformar el sistema fiscal i el sistema de finan\u00e7ament de l&#8217;AMB. Aix\u00ed com la imperiosa necessitat de desenvolupar pol\u00edtiques amb visi\u00f3 realment metropolitana, especialment en determinades mat\u00e8ries urgents: En ESTRAT\u00c8GIA ECON\u00d2MICA compartida que reforci la recerca en economia local i la innovaci\u00f3. En HABITATGE que contribueixi a coordinar les pol\u00edtiques existents i a difondre els coneixements sobre la situaci\u00f3 de l&#8217;habitatge i de la segregaci\u00f3 residencial dels barris metropolitans. En COHESI\u00d3 SOCIAL que contribueixi a aturar el creixement de les desigualtats socials metropolitanes.<\/p>\n","protected":false},"excerpt":{"rendered":"<p>Tom\u00e0s, M. (2019) Quines pol\u00edtiques per a quina metr\u00f2poli? Reptes i propostes per millorar el govern, els serveis i la participaci\u00f3 en l&#8217;\u00e0mbit metropolit\u00e0 de Barcelona. Online at: https:\/\/pemb.cat\/public\/docs\/1089_ar_comprimit_aaffinformefetmetropolitapembv5.pdf<\/p>\n","protected":false},"featured_media":12477,"template":"","meta":[],"product_cat":[331],"product_tag":[454],"blog_post_layout_featured_media_urls":{"thumbnail":["https:\/\/www.ub.edu\/grel\/wp-content\/uploads\/2022\/08\/grel-publicacio02-150x150.png",150,150,true],"full":["https:\/\/www.ub.edu\/grel\/wp-content\/uploads\/2022\/08\/grel-publicacio02.png",1200,1200,false]},"categories":["81"],"categories_names":{"81":{"name":"simple","link":"https:\/\/www.ub.edu\/grel\/?taxonomy=product_type&term=simple"}},"comments_number":"0","_links":{"self":[{"href":"https:\/\/www.ub.edu\/grel\/wp-json\/wp\/v2\/product\/13012"}],"collection":[{"href":"https:\/\/www.ub.edu\/grel\/wp-json\/wp\/v2\/product"}],"about":[{"href":"https:\/\/www.ub.edu\/grel\/wp-json\/wp\/v2\/types\/product"}],"wp:featuredmedia":[{"embeddable":true,"href":"https:\/\/www.ub.edu\/grel\/wp-json\/wp\/v2\/media\/12477"}],"wp:attachment":[{"href":"https:\/\/www.ub.edu\/grel\/wp-json\/wp\/v2\/media?parent=13012"}],"wp:term":[{"taxonomy":"product_cat","embeddable":true,"href":"https:\/\/www.ub.edu\/grel\/wp-json\/wp\/v2\/product_cat?post=13012"},{"taxonomy":"product_tag","embeddable":true,"href":"https:\/\/www.ub.edu\/grel\/wp-json\/wp\/v2\/product_tag?post=13012"}],"curies":[{"name":"wp","href":"https:\/\/api.w.org\/{rel}","templated":true}]}}