{"id":13015,"date":"2022-09-23T11:41:16","date_gmt":"2022-09-23T11:41:16","guid":{"rendered":"https:\/\/www.ub.edu\/grel\/?post_type=product&#038;p=13015"},"modified":"2022-09-23T12:07:00","modified_gmt":"2022-09-23T12:07:00","slug":"la-implementacion-y-los-efectos-de-la-normativa-de-transparencia-en-los-gobiernos-locales-de-mayor-poblacion","status":"publish","type":"product","link":"https:\/\/www.ub.edu\/grel\/Publicacio\/la-implementacion-y-los-efectos-de-la-normativa-de-transparencia-en-los-gobiernos-locales-de-mayor-poblacion\/","title":{"rendered":"La implementaci\u00f3n y los efectos de la normativa de transparencia en los Gobiernos locales de mayor poblaci\u00f3n"},"content":{"rendered":"<p>: Review of the book La implementaci\u00f3n y los efectos de la normativa de  transparencia en los Gobiernos locales de mayor poblaci\u00f3n, Jaume Magre, Llu\u00eds  Medir, Esther Pano, Joan Josep Vallb\u00e9 y Jos\u00e9 Lu\u00eds Mart\u00ednez-Alonso, published in  2021 by Instituto Nacional de Administraci\u00f3n P\u00fablica. : Recensi\u00f3n del libro \u00abLa implementaci\u00f3n y los efectos de la normativa de  transparencia en los Gobiernos locales de mayor poblaci\u00f3n\u00bb, Jaume Magre, Llu\u00eds  Medir, Esther Pano, Joan Josep Vallb\u00e9 y Jos\u00e9 Lu\u00eds Mart\u00ednez-Alonso, publicado en  2021 por el Instituto Nacional de Administraci\u00f3n P\u00fablica.<\/p>\n","protected":false},"excerpt":{"rendered":"<p>Villodre, J. (2022). La implementaci\u00f3n y los efectos de la normativa de transparencia en los Gobiernos locales de mayor poblaci\u00f3n (2021): Jaume Magre, Lluis Medir, Esther Pano, Joan Josep Vallb\u00e9 y Jos\u00e9 Luis Mart\u00ednez-Alonso. Revista espa\u00f1ola de la transparencia, (14), 255-259.<\/p>\n","protected":false},"featured_media":12487,"template":"","meta":[],"product_cat":[261],"product_tag":[491],"blog_post_layout_featured_media_urls":{"thumbnail":["https:\/\/www.ub.edu\/grel\/wp-content\/uploads\/2022\/09\/grel-publicacio03-150x150.png",150,150,true],"full":["https:\/\/www.ub.edu\/grel\/wp-content\/uploads\/2022\/09\/grel-publicacio03.png",1200,1200,false]},"categories":["81"],"categories_names":{"81":{"name":"simple","link":"https:\/\/www.ub.edu\/grel\/?taxonomy=product_type&term=simple"}},"comments_number":"0","_links":{"self":[{"href":"https:\/\/www.ub.edu\/grel\/wp-json\/wp\/v2\/product\/13015"}],"collection":[{"href":"https:\/\/www.ub.edu\/grel\/wp-json\/wp\/v2\/product"}],"about":[{"href":"https:\/\/www.ub.edu\/grel\/wp-json\/wp\/v2\/types\/product"}],"wp:featuredmedia":[{"embeddable":true,"href":"https:\/\/www.ub.edu\/grel\/wp-json\/wp\/v2\/media\/12487"}],"wp:attachment":[{"href":"https:\/\/www.ub.edu\/grel\/wp-json\/wp\/v2\/media?parent=13015"}],"wp:term":[{"taxonomy":"product_cat","embeddable":true,"href":"https:\/\/www.ub.edu\/grel\/wp-json\/wp\/v2\/product_cat?post=13015"},{"taxonomy":"product_tag","embeddable":true,"href":"https:\/\/www.ub.edu\/grel\/wp-json\/wp\/v2\/product_tag?post=13015"}],"curies":[{"name":"wp","href":"https:\/\/api.w.org\/{rel}","templated":true}]}}