{"id":13018,"date":"2022-09-23T11:41:17","date_gmt":"2022-09-23T11:41:17","guid":{"rendered":"https:\/\/www.ub.edu\/grel\/?post_type=product&#038;p=13018"},"modified":"2022-09-23T12:23:38","modified_gmt":"2022-09-23T12:23:38","slug":"la-gestio-en-el-centre-del-debat-el-retorn-del-pendol-2","status":"publish","type":"product","link":"https:\/\/www.ub.edu\/grel\/Publicacio\/la-gestio-en-el-centre-del-debat-el-retorn-del-pendol-2\/","title":{"rendered":"La gesti\u00f3 en el centre del debat, el retorn del p\u00e8ndol?"},"content":{"rendered":"","protected":false},"excerpt":{"rendered":"<p>Pano, E., Barbal, M., Ravent\u00f3s, L., Magre, J. (2019). La gesti\u00f3 en el centre del debat, el retorn del p\u00e8ndol?. Anuari pol\u00edtic de Catalunya, (12), 119-141. On-line at: https:\/\/www.icps.cat\/archivos\/APC\/anuari2018.pdf?noga=1<\/p>\n","protected":false},"featured_media":12487,"template":"","meta":[],"product_cat":[261],"product_tag":[412],"blog_post_layout_featured_media_urls":{"thumbnail":["https:\/\/www.ub.edu\/grel\/wp-content\/uploads\/2022\/09\/grel-publicacio03-150x150.png",150,150,true],"full":["https:\/\/www.ub.edu\/grel\/wp-content\/uploads\/2022\/09\/grel-publicacio03.png",1200,1200,false]},"categories":["81"],"categories_names":{"81":{"name":"simple","link":"https:\/\/www.ub.edu\/grel\/?taxonomy=product_type&term=simple"}},"comments_number":"0","_links":{"self":[{"href":"https:\/\/www.ub.edu\/grel\/wp-json\/wp\/v2\/product\/13018"}],"collection":[{"href":"https:\/\/www.ub.edu\/grel\/wp-json\/wp\/v2\/product"}],"about":[{"href":"https:\/\/www.ub.edu\/grel\/wp-json\/wp\/v2\/types\/product"}],"wp:featuredmedia":[{"embeddable":true,"href":"https:\/\/www.ub.edu\/grel\/wp-json\/wp\/v2\/media\/12487"}],"wp:attachment":[{"href":"https:\/\/www.ub.edu\/grel\/wp-json\/wp\/v2\/media?parent=13018"}],"wp:term":[{"taxonomy":"product_cat","embeddable":true,"href":"https:\/\/www.ub.edu\/grel\/wp-json\/wp\/v2\/product_cat?post=13018"},{"taxonomy":"product_tag","embeddable":true,"href":"https:\/\/www.ub.edu\/grel\/wp-json\/wp\/v2\/product_tag?post=13018"}],"curies":[{"name":"wp","href":"https:\/\/api.w.org\/{rel}","templated":true}]}}