{"id":15836,"date":"2023-02-08T17:23:45","date_gmt":"2023-02-08T17:23:45","guid":{"rendered":"https:\/\/www.ub.edu\/grel\/?post_type=product&#038;p=15836"},"modified":"2023-02-08T17:28:10","modified_gmt":"2023-02-08T17:28:10","slug":"proces-dadmissio-de-lalumnat-a-la-ciutat-de-barcelona-avaluacio-del-disseny-i-la-implementacio","status":"publish","type":"product","link":"https:\/\/www.ub.edu\/grel\/Publicacio\/proces-dadmissio-de-lalumnat-a-la-ciutat-de-barcelona-avaluacio-del-disseny-i-la-implementacio\/","title":{"rendered":"Proc\u00e9s d\u2019admissi\u00f3 de l\u2019alumnat a la ciutat de Barcelona. Avaluaci\u00f3 del disseny i la implementaci\u00f3"},"content":{"rendered":"","protected":false},"excerpt":{"rendered":"<p>Segura, A., Todeschini, F. &amp; Pizarro, P. (2020). Proc\u00e9s d\u2019admissi\u00f3 de l\u2019alumnat a la ciutat de Barcelona. Avaluaci\u00f3 del disseny i la implementaci\u00f3. Avaluaci\u00f3 realitzada per Iv\u00e0lua (Institut Catal\u00e0 d\u2019Avaluaci\u00f3 de Pol\u00edtiques P\u00fabliques), 2020<\/p>\n","protected":false},"featured_media":12489,"template":"","meta":[],"product_cat":[94],"product_tag":[454],"blog_post_layout_featured_media_urls":{"thumbnail":["https:\/\/www.ub.edu\/grel\/wp-content\/uploads\/2022\/08\/grel-publicacio05-150x150.png",150,150,true],"full":["https:\/\/www.ub.edu\/grel\/wp-content\/uploads\/2022\/08\/grel-publicacio05.png",1200,1200,false]},"categories":["81"],"categories_names":{"81":{"name":"simple","link":"https:\/\/www.ub.edu\/grel\/?taxonomy=product_type&term=simple"}},"comments_number":"0","_links":{"self":[{"href":"https:\/\/www.ub.edu\/grel\/wp-json\/wp\/v2\/product\/15836"}],"collection":[{"href":"https:\/\/www.ub.edu\/grel\/wp-json\/wp\/v2\/product"}],"about":[{"href":"https:\/\/www.ub.edu\/grel\/wp-json\/wp\/v2\/types\/product"}],"wp:featuredmedia":[{"embeddable":true,"href":"https:\/\/www.ub.edu\/grel\/wp-json\/wp\/v2\/media\/12489"}],"wp:attachment":[{"href":"https:\/\/www.ub.edu\/grel\/wp-json\/wp\/v2\/media?parent=15836"}],"wp:term":[{"taxonomy":"product_cat","embeddable":true,"href":"https:\/\/www.ub.edu\/grel\/wp-json\/wp\/v2\/product_cat?post=15836"},{"taxonomy":"product_tag","embeddable":true,"href":"https:\/\/www.ub.edu\/grel\/wp-json\/wp\/v2\/product_tag?post=15836"}],"curies":[{"name":"wp","href":"https:\/\/api.w.org\/{rel}","templated":true}]}}