{"id":605,"date":"2021-01-26T13:53:38","date_gmt":"2021-01-26T11:53:38","guid":{"rendered":"https:\/\/www.ub.edu\/gret\/?page_id=605"},"modified":"2022-10-20T15:40:46","modified_gmt":"2022-10-20T13:40:46","slug":"inici","status":"publish","type":"page","link":"https:\/\/www.ub.edu\/gret\/ca\/inici\/","title":{"rendered":"Inici"},"content":{"rendered":"<h1>GRET<\/h1>\n<p>Grup de Recerca en Toxicologia<\/p>\n<p>\t\t\t<a href=\"#\" role=\"button\"><br \/>\n\t\t\t\t\t\tUneix-te al grup<br \/>\n\t\t\t\t\t<\/a><br \/>\n\t\t\t<a href=\"http:\/\/ub.edu\/gret\/ca\/grup\/\" role=\"button\"><br \/>\n\t\t\t\t\t\tSobre el grup<br \/>\n\t\t\t\t\t<\/a><br \/>\n\t\t\t\t\t\t\t\t\t\t\t\t<img width=\"768\" height=\"279\" src=\"https:\/\/www.ub.edu\/gret\/wp-content\/uploads\/2022\/10\/Tesi_britta-768x279.png\" alt=\"\" loading=\"lazy\" srcset=\"https:\/\/www.ub.edu\/gret\/wp-content\/uploads\/2022\/10\/Tesi_britta-768x279.png 768w, https:\/\/www.ub.edu\/gret\/wp-content\/uploads\/2022\/10\/Tesi_britta-300x109.png 300w, https:\/\/www.ub.edu\/gret\/wp-content\/uploads\/2022\/10\/Tesi_britta-1024x372.png 1024w, https:\/\/www.ub.edu\/gret\/wp-content\/uploads\/2022\/10\/Tesi_britta.png 1316w\" sizes=\"(max-width: 768px) 100vw, 768px\" \/>\t\t\t\t\t\t\t\t\t\t\t\t\t\t<\/p>\n<p><strong>Avaluaci\u00f3 del consum de productes a base de plantes durant l&#8217;embar\u00e0s i la lact\u00e0ncia<\/strong><\/p>\n<p>\t\t\t<a href=\"https:\/\/www.ub.edu\/gret\/ca\/2021\/05\/25\/estudi-avaluacio-consum-productes-base-plantes\/\" role=\"button\"><br \/>\n\t\t\t\t\t\tParticipa ara<br \/>\n\t\t\t\t\t<\/a><\/p>\n","protected":false},"excerpt":{"rendered":"<p>GRET Grup de Recerca en Toxicologia Uneix-te al grup Sobre el grup Avaluaci\u00f3 del consum de productes a base de plantes durant l&#8217;embar\u00e0s i la lact\u00e0ncia Participa ara<\/p>\n","protected":false},"author":3,"featured_media":0,"parent":0,"menu_order":0,"comment_status":"closed","ping_status":"closed","template":"","meta":{"site-sidebar-layout":"no-sidebar","site-content-layout":"page-builder","ast-main-header-display":"","ast-hfb-above-header-display":"","ast-hfb-below-header-display":"","ast-hfb-mobile-header-display":"","site-post-title":"disabled","ast-breadcrumbs-content":"","ast-featured-img":"disabled","footer-sml-layout":"","theme-transparent-header-meta":"disabled","adv-header-id-meta":"","stick-header-meta":"","header-above-stick-meta":"","header-main-stick-meta":"","header-below-stick-meta":""},"_links":{"self":[{"href":"https:\/\/www.ub.edu\/gret\/wp-json\/wp\/v2\/pages\/605"}],"collection":[{"href":"https:\/\/www.ub.edu\/gret\/wp-json\/wp\/v2\/pages"}],"about":[{"href":"https:\/\/www.ub.edu\/gret\/wp-json\/wp\/v2\/types\/page"}],"author":[{"embeddable":true,"href":"https:\/\/www.ub.edu\/gret\/wp-json\/wp\/v2\/users\/3"}],"replies":[{"embeddable":true,"href":"https:\/\/www.ub.edu\/gret\/wp-json\/wp\/v2\/comments?post=605"}],"version-history":[{"count":9,"href":"https:\/\/www.ub.edu\/gret\/wp-json\/wp\/v2\/pages\/605\/revisions"}],"predecessor-version":[{"id":942,"href":"https:\/\/www.ub.edu\/gret\/wp-json\/wp\/v2\/pages\/605\/revisions\/942"}],"wp:attachment":[{"href":"https:\/\/www.ub.edu\/gret\/wp-json\/wp\/v2\/media?parent=605"}],"curies":[{"name":"wp","href":"https:\/\/api.w.org\/{rel}","templated":true}]}}