{"id":630,"date":"2021-01-26T15:32:17","date_gmt":"2021-01-26T13:32:17","guid":{"rendered":"https:\/\/www.ub.edu\/gret\/?page_id=630"},"modified":"2022-01-25T12:43:47","modified_gmt":"2022-01-25T10:43:47","slug":"contacto","status":"publish","type":"page","link":"https:\/\/www.ub.edu\/gret\/es\/contacto\/","title":{"rendered":"Contacto"},"content":{"rendered":"<h1>Contacto<\/h1>\n<h2>Informaci\u00f3n de contacto<\/h2>\n<p><b>Departamento de Farmacologia, Toxicolog\u00eda y Qu\u00edmica Terapeutica<\/b><br \/>Unidad de Toxicolog\u00eda<br \/>Facultad de Farmacia y Ciencias de la Alimentaci\u00f3n<br \/>Universidad de Barcelona<br \/>Av. Joan XXIII, 27-31<br \/>08028 Barcelona<\/p>\n<h3>Telefono<\/h3>\n<ul>\n<li>\n\t\t\t\t\t\t\t\t\t\t\t<a href=\"tel:%20+34934035816\"><br \/>\n\t\t\t\t\t\t\t\t\t\t\t<\/a>\n\t\t\t\t\t\t\t\t\t<\/li>\n<li>\n\t\t\t\t\t\t\t\t\t\t\t<a href=\"tel:%20+34934020277\"><br \/>\n\t\t\t\t\t\t\t\t\t\t\t<\/a>\n\t\t\t\t\t\t\t\t\t<\/li>\n<\/ul>\n<h3>Envia un email<\/h3>\n<ul>\n<li>\n\t\t\t\t\t\t\t\t\t\t\t<a href=\"mailto:eteixido1511@ub.edu\"><br \/>\n\t\t\t\t\t\t\t\t\t\t\t<\/a>\n\t\t\t\t\t\t\t\t\t<\/li>\n<li>\n\t\t\t\t\t\t\t\t\t\t\t<a href=\"mailto:mbarenys@ub.edu\"><br \/>\n\t\t\t\t\t\t\t\t\t\t\t<\/a>\n\t\t\t\t\t\t\t\t\t<\/li>\n<\/ul>\n<p>\t\t\t<iframe frameborder=\"0\" scrolling=\"no\" marginheight=\"0\" marginwidth=\"0\"\n\t\t\t\t\tsrc=\"https:\/\/maps.google.com\/maps?q=Facultat%20de%20Farmacia%20i%20ciencies%20de%20l%27alimentaci%C3%B3&#038;t=m&#038;z=16&#038;output=embed&#038;iwloc=near\"\n\t\t\t\t\ttitle=\"Facultat de Farmacia i ciencies de l&#039;alimentaci\u00f3\"\n\t\t\t\t\taria-label=\"Facultat de Farmacia i ciencies de l&#039;alimentaci\u00f3\"\n\t\t\t><\/iframe><\/p>\n","protected":false},"excerpt":{"rendered":"<p>Contacto Informaci\u00f3n de contacto Departamento de Farmacologia, Toxicolog\u00eda y Qu\u00edmica TerapeuticaUnidad de Toxicolog\u00edaFacultad de Farmacia y Ciencias de la Alimentaci\u00f3nUniversidad de BarcelonaAv. Joan XXIII, 27-3108028 Barcelona Telefono Envia un email<\/p>\n","protected":false},"author":3,"featured_media":0,"parent":0,"menu_order":0,"comment_status":"closed","ping_status":"closed","template":"","meta":{"site-sidebar-layout":"no-sidebar","site-content-layout":"page-builder","ast-main-header-display":"","ast-hfb-above-header-display":"","ast-hfb-below-header-display":"","ast-hfb-mobile-header-display":"","site-post-title":"disabled","ast-breadcrumbs-content":"","ast-featured-img":"","footer-sml-layout":"","theme-transparent-header-meta":"disabled","adv-header-id-meta":"","stick-header-meta":"","header-above-stick-meta":"","header-main-stick-meta":"","header-below-stick-meta":""},"_links":{"self":[{"href":"https:\/\/www.ub.edu\/gret\/wp-json\/wp\/v2\/pages\/630"}],"collection":[{"href":"https:\/\/www.ub.edu\/gret\/wp-json\/wp\/v2\/pages"}],"about":[{"href":"https:\/\/www.ub.edu\/gret\/wp-json\/wp\/v2\/types\/page"}],"author":[{"embeddable":true,"href":"https:\/\/www.ub.edu\/gret\/wp-json\/wp\/v2\/users\/3"}],"replies":[{"embeddable":true,"href":"https:\/\/www.ub.edu\/gret\/wp-json\/wp\/v2\/comments?post=630"}],"version-history":[{"count":10,"href":"https:\/\/www.ub.edu\/gret\/wp-json\/wp\/v2\/pages\/630\/revisions"}],"predecessor-version":[{"id":933,"href":"https:\/\/www.ub.edu\/gret\/wp-json\/wp\/v2\/pages\/630\/revisions\/933"}],"wp:attachment":[{"href":"https:\/\/www.ub.edu\/gret\/wp-json\/wp\/v2\/media?parent=630"}],"curies":[{"name":"wp","href":"https:\/\/api.w.org\/{rel}","templated":true}]}}