{"id":745,"date":"2021-02-13T10:34:57","date_gmt":"2021-02-13T08:34:57","guid":{"rendered":"https:\/\/www.ub.edu\/gret\/?page_id=745"},"modified":"2021-05-25T20:01:03","modified_gmt":"2021-05-25T18:01:03","slug":"the-team","status":"publish","type":"page","link":"https:\/\/www.ub.edu\/gret\/the-team\/","title":{"rendered":"The team"},"content":{"rendered":"<h1>Our team<\/h1>\n<p>\t\t\t\t\t<img loading=\"lazy\" width=\"215\" height=\"300\" src=\"https:\/\/www.ub.edu\/gret\/wp-content\/uploads\/2021\/05\/001170-001463_jesus-215x300.jpg\" alt=\"\" \/>\t\t\t\t<!-- .profile-header END --><\/p>\n<h2>\n\t\t\t\t\t\t\t\t\t\t\tJes\u00fas G\u00f3mez Catal\u00e1n\t\t\t\t\t\t\t\t\t\t<\/h2>\n<p>Group Director<\/p>\n<p>Full professor<\/p>\n<p>\t\t\t\t\t\t\t\t\t<!-- .profile-body END --><\/p>\n<ul>\n<li>\n\t\t\t<a href=\"mailto:jesusgomez@ub.edu\"><br \/>\n\t\t\t\t\t\t\t<\/a>\n\t\t<\/li>\n<li>\n\t\t\t<a href=\"http:\/\/webgrec.ub.edu\/webpages\/000003\/cat\/jesusgomez.ub.edu.html\"><br \/>\n\t\t\t\t\t\t\t<\/a>\n\t\t<\/li>\n<\/ul>\n<p>\t\t\t\t\t<img loading=\"lazy\" width=\"300\" height=\"300\" src=\"https:\/\/www.ub.edu\/gret\/wp-content\/uploads\/2021\/05\/001765-001234_marta.jpg\" alt=\"\" \/>\t\t\t\t<!-- .profile-header END --><\/p>\n<h2>\n\t\t\t\t\t\t\t\t\t\t\tMarta Barenys\t\t\t\t\t\t\t\t\t\t<\/h2>\n<p>Group Researcher<\/p>\n<p>Titular professor<\/p>\n<p>\t\t\t\t\t\t\t\t\t<!-- .profile-body END --><\/p>\n<ul>\n<li>\n\t\t\t<a href=\"https:\/\/es.linkedin.com\/in\/marta-barenys-0a808714\"><br \/>\n\t\t\t\t\t\t\t<\/a>\n\t\t<\/li>\n<li>\n\t\t\t<a href=\"https:\/\/webgrec.ub.edu\/webpages\/000003\/cat\/mbarenys.ub.edu.html\"><br \/>\n\t\t\t\t\t\t\t<\/a>\n\t\t<\/li>\n<\/ul>\n<p>\t\t\t\t\t<img loading=\"lazy\" width=\"203\" height=\"300\" src=\"https:\/\/www.ub.edu\/gret\/wp-content\/uploads\/2021\/02\/eteixido-203x300.jpg\" alt=\"\" \/>\t\t\t\t<!-- .profile-header END --><\/p>\n<h2>\n\t\t\t\t\t\t\t\t\t\t\tElisabet Teixid\u00f3\t\t\t\t\t\t\t\t\t\t<\/h2>\n<p>Group Researcher<\/p>\n<p>Tenure-eligible lecturer Serra Hunter<\/p>\n<p>\t\t\t\t\t\t\t\t\t<!-- .profile-body END --><\/p>\n<ul>\n<li>\n\t\t\t<a href=\"https:\/\/es.linkedin.com\/in\/elisabet-teixido-condomines\"><br \/>\n\t\t\t\t\t\t\t<\/a>\n\t\t<\/li>\n<li>\n\t\t\t<a href=\"https:\/\/webgrec.ub.edu\/webpages\/000003\/cas\/eteixido1511.ub.edu.html\"><br \/>\n\t\t\t\t\t\t\t<\/a>\n\t\t<\/li>\n<\/ul>\n<p>\t\t\t\t\t\t\t\t\t<!-- .profile-header END --><\/p>\n<h2>\n\t\t\t\t\t\t\t\t\t\t\tBritta K\u00fchne\t\t\t\t\t\t\t\t\t\t<\/h2>\n<p>PhD Student<\/p>\n<p>\t\t\t\t\t\t\t\t\t<!-- .profile-body END --><\/p>\n<ul>\n<li>\n\t\t\t<a href=\"https:\/\/linkedin.com\"><br \/>\n\t\t\t\t\t\t\t<\/a>\n\t\t<\/li>\n<\/ul>\n<p>\t\t\t\t\t\t\t\t\t<!-- .profile-header END --><\/p>\n<h2>\n\t\t\t\t\t\t\t\t\t\t\tLaura Guzm\u00e1n\t\t\t\t\t\t\t\t\t\t<\/h2>\n<p>PhD Student<\/p>\n<p>APIF fellowship<\/p>\n<p>\t\t\t\t\t\t\t\t\t<!-- .profile-body END --><\/p>\n<ul>\n<li>\n\t\t\t<a href=\"https:\/\/linkedin.com\"><br \/>\n\t\t\t\t\t\t\t<\/a>\n\t\t<\/li>\n<\/ul>\n<p>\t\t\t\t\t\t\t\t\t<!-- .profile-header END --><\/p>\n<h2>\n\t\t\t\t\t\t\t\t\t\t\tNoelia Romero\t\t\t\t\t\t\t\t\t\t<\/h2>\n<p>PhD Student<\/p>\n<p>\t\t\t\t\t\t\t\t\t<!-- .profile-body END --><\/p>\n<ul>\n<li>\n\t\t\t<a href=\"https:\/\/linkedin.com\"><br \/>\n\t\t\t\t\t\t\t<\/a>\n\t\t<\/li>\n<\/ul>\n","protected":false},"excerpt":{"rendered":"<p>Our team Jes\u00fas G\u00f3mez Catal\u00e1n Group Director Full professor Marta Barenys Group Researcher Titular professor Elisabet Teixid\u00f3 Group Researcher Tenure-eligible lecturer Serra Hunter Britta K\u00fchne PhD Student Laura Guzm\u00e1n PhD Student APIF fellowship Noelia Romero PhD Student<\/p>\n","protected":false},"author":3,"featured_media":0,"parent":0,"menu_order":0,"comment_status":"closed","ping_status":"closed","template":"","meta":{"site-sidebar-layout":"no-sidebar","site-content-layout":"page-builder","ast-main-header-display":"","ast-hfb-above-header-display":"","ast-hfb-below-header-display":"","ast-hfb-mobile-header-display":"","site-post-title":"disabled","ast-breadcrumbs-content":"","ast-featured-img":"disabled","footer-sml-layout":"","theme-transparent-header-meta":"default","adv-header-id-meta":"","stick-header-meta":"","header-above-stick-meta":"","header-main-stick-meta":"","header-below-stick-meta":""},"_links":{"self":[{"href":"https:\/\/www.ub.edu\/gret\/wp-json\/wp\/v2\/pages\/745"}],"collection":[{"href":"https:\/\/www.ub.edu\/gret\/wp-json\/wp\/v2\/pages"}],"about":[{"href":"https:\/\/www.ub.edu\/gret\/wp-json\/wp\/v2\/types\/page"}],"author":[{"embeddable":true,"href":"https:\/\/www.ub.edu\/gret\/wp-json\/wp\/v2\/users\/3"}],"replies":[{"embeddable":true,"href":"https:\/\/www.ub.edu\/gret\/wp-json\/wp\/v2\/comments?post=745"}],"version-history":[{"count":30,"href":"https:\/\/www.ub.edu\/gret\/wp-json\/wp\/v2\/pages\/745\/revisions"}],"predecessor-version":[{"id":880,"href":"https:\/\/www.ub.edu\/gret\/wp-json\/wp\/v2\/pages\/745\/revisions\/880"}],"wp:attachment":[{"href":"https:\/\/www.ub.edu\/gret\/wp-json\/wp\/v2\/media?parent=745"}],"curies":[{"name":"wp","href":"https:\/\/api.w.org\/{rel}","templated":true}]}}