{"id":882,"date":"2021-05-25T20:15:04","date_gmt":"2021-05-25T18:15:04","guid":{"rendered":"https:\/\/www.ub.edu\/gret\/?page_id=882"},"modified":"2021-05-25T20:23:57","modified_gmt":"2021-05-25T18:23:57","slug":"grup","status":"publish","type":"page","link":"https:\/\/www.ub.edu\/gret\/ca\/grup\/","title":{"rendered":"El grup"},"content":{"rendered":"<h1>Sobre el grup<\/h1>\n<h2>Grup de Recerca en Toxicologia<\/h2>\n<p><em>Membres de la Unitat de Toxicologia del Departament de Farmacologia, Toxicologia i Qu\u00edmica Terap\u00e8utica del GRET: Grup de Recerca en Toxicologia.<\/em><\/p>\n<p>GRET \u00e9s un <strong>grup de recerca consolidat<\/strong> <strong>AGAUR<\/strong> des del 2005, renovat el 2009 i el 2014 (2014SGR566) i despr\u00e9s renovat en cada convocat\u00f2ria competitiva fins avui (2017SGR6).<\/p>\n<p>Com a grup de recerca, GRET tamb\u00e9 forma part de l\u2019Institut de Recerca en Nutrici\u00f3 i Seguretat Aliment\u00e0ria de la UB (<strong>INSA<\/strong>). Liderat pel doctor Jes\u00fas G\u00f3mez-Catal\u00e1n, GRET desenvolupa diversos projectes de recerca amb fons p\u00fablics i privats, aix\u00ed com serveis contractuals per a empreses de diferents camps relacionats amb l\u2019avaluaci\u00f3 de la toxicitat i l\u2019avaluaci\u00f3 del risc.<\/p>\n<p>El GRET forma, juntament amb la Unitat de Toxicologia Experimental i Ecotoxicologia (<a href=\"https:\/\/www.pcb.ub.edu\/en\/serveis\/utox\/\"><strong>UTOX<\/strong><\/a>) del Parc Cient\u00edfic de Barcelona (PCB), el Centre de Recerca en Toxicologia (<strong>CERETOX<\/strong>), integrat a la xarxa <strong>TECNIO<\/strong> impulsada per la Generalitat de Catalunya.<\/p>\n<h2>L\u00ednies de recerca generals<\/h2>\n<h3>\n\t\t\t\t\t Avaluaci\u00f3 de la toxicitat del desenvolupament mitjan\u00e7ant models alternatius<br \/>\n\t\t\t\t<\/h3>\n<h3>\n\t\t\t\t\tAvaluaci\u00f3 del risc per a la salut per l&#8217;exposici\u00f3 a subst\u00e0ncies t\u00f2xiques<br \/>\n\t\t\t\t<\/h3>\n","protected":false},"excerpt":{"rendered":"<p>Sobre el grup Grup de Recerca en Toxicologia Membres de la Unitat de Toxicologia del Departament de Farmacologia, Toxicologia i Qu\u00edmica Terap\u00e8utica del GRET: Grup de Recerca en Toxicologia. GRET \u00e9s un grup de recerca consolidat AGAUR des del 2005, renovat el 2009 i el 2014 (2014SGR566) i despr\u00e9s renovat en cada convocat\u00f2ria competitiva fins &hellip;<\/p>\n<p class=\"read-more\"> <a class=\"\" href=\"https:\/\/www.ub.edu\/gret\/ca\/grup\/\"> <span class=\"screen-reader-text\">El grup<\/span> Read More &raquo;<\/a><\/p>\n","protected":false},"author":3,"featured_media":0,"parent":0,"menu_order":0,"comment_status":"closed","ping_status":"closed","template":"","meta":{"site-sidebar-layout":"no-sidebar","site-content-layout":"page-builder","ast-main-header-display":"","ast-hfb-above-header-display":"","ast-hfb-below-header-display":"","ast-hfb-mobile-header-display":"","site-post-title":"disabled","ast-breadcrumbs-content":"","ast-featured-img":"disabled","footer-sml-layout":"","theme-transparent-header-meta":"disabled","adv-header-id-meta":"","stick-header-meta":"","header-above-stick-meta":"","header-main-stick-meta":"","header-below-stick-meta":""},"_links":{"self":[{"href":"https:\/\/www.ub.edu\/gret\/wp-json\/wp\/v2\/pages\/882"}],"collection":[{"href":"https:\/\/www.ub.edu\/gret\/wp-json\/wp\/v2\/pages"}],"about":[{"href":"https:\/\/www.ub.edu\/gret\/wp-json\/wp\/v2\/types\/page"}],"author":[{"embeddable":true,"href":"https:\/\/www.ub.edu\/gret\/wp-json\/wp\/v2\/users\/3"}],"replies":[{"embeddable":true,"href":"https:\/\/www.ub.edu\/gret\/wp-json\/wp\/v2\/comments?post=882"}],"version-history":[{"count":6,"href":"https:\/\/www.ub.edu\/gret\/wp-json\/wp\/v2\/pages\/882\/revisions"}],"predecessor-version":[{"id":891,"href":"https:\/\/www.ub.edu\/gret\/wp-json\/wp\/v2\/pages\/882\/revisions\/891"}],"wp:attachment":[{"href":"https:\/\/www.ub.edu\/gret\/wp-json\/wp\/v2\/media?parent=882"}],"curies":[{"name":"wp","href":"https:\/\/api.w.org\/{rel}","templated":true}]}}