{"id":894,"date":"2021-05-25T20:39:20","date_gmt":"2021-05-25T18:39:20","guid":{"rendered":"https:\/\/www.ub.edu\/gret\/?page_id=894"},"modified":"2021-05-25T20:39:23","modified_gmt":"2021-05-25T18:39:23","slug":"grupo","status":"publish","type":"page","link":"https:\/\/www.ub.edu\/gret\/es\/grupo\/","title":{"rendered":"grupo"},"content":{"rendered":"<h1>Acerca del grupo<\/h1>\n<h2>Grup de Recerca en Toxicologia<\/h2>\n<p><em>Miembros de la Unidad de Toxicolog\u00eda del Departamento de Farmacolog\u00eda, Toxicolog\u00eda y Qu\u00edmica Terap\u00e9utica del GRET: Grupo de Investigaci\u00f3n en Toxicolog\u00eda.<\/em><\/p>\n<p>GRET es un grupo de <strong>investigaci\u00f3n consolidado AGAUR<\/strong> desde 2005, renovado en 2009 y 2014 (2014SGR566) y luego renovado en cada convocatoria competitiva hasta la fecha (2017SGR6).<\/p>\n<p>Como grupo de investigaci\u00f3n, GRET tambi\u00e9n forma parte del Instituto de Investigaci\u00f3n en Nutrici\u00f3n y Seguridad Alimentaria de la UB (<strong>INSA<\/strong>). Liderado por el doctor Jes\u00fas G\u00f3mez-Catal\u00e1n, GRET desarrolla diversos proyectos de investigaci\u00f3n con fondos p\u00fablicos y privados, as\u00ed como servicios contractuales para empresas de diferentes campos relacionados con la evaluaci\u00f3n de la toxicidad y la evaluaci\u00f3n del riesgo.<\/p>\n<p>El GRET forma, junto con la Unidad de Toxicolog\u00eda Experimental y Ecotoxicolog\u00eda (<a href=\"https:\/\/www.pcb.ub.edu\/en\/serveis\/utox\/\"><strong>UTOX<\/strong><\/a>) del Parque Cient\u00edfico de Barcelona (PCB), el Centro de Investigaci\u00f3n en Toxicolog\u00eda (CERETOX), integrado en la red TECNIO impulsada por la Generalitat de Catalu\u00f1a.<\/p>\n<h2>Linias de investigaci\u00f3n generales<\/h2>\n<h3>\n\t\t\t\t\tEvaluaci\u00f3n de la toxicidad del desarrollo mediante modelos alternativos<\/h3>\n<h3>\n\t\t\t\t\tEvaluaci\u00f3n del riesgo para la salud por la exposici\u00f3n a sustancias t\u00f3xicas<\/h3>\n","protected":false},"excerpt":{"rendered":"<p>Acerca del grupo Grup de Recerca en Toxicologia Miembros de la Unidad de Toxicolog\u00eda del Departamento de Farmacolog\u00eda, Toxicolog\u00eda y Qu\u00edmica Terap\u00e9utica del GRET: Grupo de Investigaci\u00f3n en Toxicolog\u00eda. GRET es un grupo de investigaci\u00f3n consolidado AGAUR desde 2005, renovado en 2009 y 2014 (2014SGR566) y luego renovado en cada convocatoria competitiva hasta la fecha &hellip;<\/p>\n<p class=\"read-more\"> <a class=\"\" href=\"https:\/\/www.ub.edu\/gret\/es\/grupo\/\"> <span class=\"screen-reader-text\">grupo<\/span> Read More &raquo;<\/a><\/p>\n","protected":false},"author":3,"featured_media":0,"parent":0,"menu_order":0,"comment_status":"closed","ping_status":"closed","template":"","meta":{"site-sidebar-layout":"no-sidebar","site-content-layout":"page-builder","ast-main-header-display":"","ast-hfb-above-header-display":"","ast-hfb-below-header-display":"","ast-hfb-mobile-header-display":"","site-post-title":"disabled","ast-breadcrumbs-content":"","ast-featured-img":"disabled","footer-sml-layout":"","theme-transparent-header-meta":"disabled","adv-header-id-meta":"","stick-header-meta":"","header-above-stick-meta":"","header-main-stick-meta":"","header-below-stick-meta":""},"_links":{"self":[{"href":"https:\/\/www.ub.edu\/gret\/wp-json\/wp\/v2\/pages\/894"}],"collection":[{"href":"https:\/\/www.ub.edu\/gret\/wp-json\/wp\/v2\/pages"}],"about":[{"href":"https:\/\/www.ub.edu\/gret\/wp-json\/wp\/v2\/types\/page"}],"author":[{"embeddable":true,"href":"https:\/\/www.ub.edu\/gret\/wp-json\/wp\/v2\/users\/3"}],"replies":[{"embeddable":true,"href":"https:\/\/www.ub.edu\/gret\/wp-json\/wp\/v2\/comments?post=894"}],"version-history":[{"count":2,"href":"https:\/\/www.ub.edu\/gret\/wp-json\/wp\/v2\/pages\/894\/revisions"}],"predecessor-version":[{"id":896,"href":"https:\/\/www.ub.edu\/gret\/wp-json\/wp\/v2\/pages\/894\/revisions\/896"}],"wp:attachment":[{"href":"https:\/\/www.ub.edu\/gret\/wp-json\/wp\/v2\/media?parent=894"}],"curies":[{"name":"wp","href":"https:\/\/api.w.org\/{rel}","templated":true}]}}