{"id":860,"date":"2015-03-18T13:34:53","date_gmt":"2015-03-18T13:34:53","guid":{"rendered":"http:\/\/www.ub.edu\/grevia\/nouweb\/?page_id=860"},"modified":"2024-10-29T11:58:50","modified_gmt":"2024-10-29T11:58:50","slug":"home","status":"publish","type":"page","link":"https:\/\/www.ub.edu\/grevia\/home\/","title":{"rendered":"GReVIA"},"content":{"rendered":"<p>&nbsp;<\/p>\n<hr>\n<p>[tblock tcuscolor=\u00bb#5a3dff\u00bb title=\u00bb\u00bfQu\u00e9 es el GReVIA?\u00bb tag=\u00bbh3&#8243;\/]<\/p>\n<p>El <strong>Grup de Recerca en Victimitzaci\u00f3 Infantil i Adolescent<\/strong> (GReVIA) nace en 2009, vinculado a la Facultad de Psicolog\u00eda de la Universidad de Barcelona.<\/p>\n<hr>\n<p>&nbsp;<\/p>\n<p>[one_half][tblock tcuscolor=\u00bb#5a3dff\u00bb title=\u00bb\u00bfQui\u00e9nes somos?\u00bb tag=\u00bbh3&#8243;\/]<\/p>\n<p>Las componentes del <strong>GReVIA<\/strong> son profesoras de universidad e investigadoras especialistas en tres campos de trabajo complementarios, como son la victimolog\u00eda infantojuvenil; la evaluaci\u00f3n psicol\u00f3gica y el estudio de los factores de protecci\u00f3n o resiliencia; y la epidemiolog\u00eda y metodolog\u00eda de las ciencias del comportamiento.<\/p>\n<p>La integraci\u00f3n de estas tres perspectivas profesionales favorece que el grupo de investigaci\u00f3n pueda llevar a cabo estudios de relevancia social, desde el m\u00e1ximo rigor acad\u00e9mico.<\/p>\n<p>El equipo ha colaborado a lo largo de los a\u00f1os de forma fruct\u00edfera, encontrando una l\u00ednea de trabajo com\u00fan, que basa su desarrollo en la funci\u00f3n social de la investigaci\u00f3n.<\/p>\n<p>El objetivo final del <strong>GReVIA<\/strong> es investigar y crear nuevo conocimiento, sin olvidar la aplicabilidad de los estudios y proyectos a la realidad de la infancia y adolescencia.<\/p>\n<p>[\/one_half]<\/p>\n<p>[one_half][tblock tcuscolor=\u00bb#5a3dff\u00bb title=\u00bb\u00bfQu\u00e9 hacemos?\u00bb tag=\u00bbh3&#8243;\/]<\/p>\n<p>Desde su configuraci\u00f3n, el <strong>GReVIA<\/strong> ha recibido varias ayudas para el desarrollo de investigaciones vinculadas al \u00e1mbito de la violencia dirigida a ni\u00f1os, ni\u00f1as y j\u00f3venes, como las concedidas por la Organizaci\u00f3n Mundial de la Salud, el Ministerio de Econom\u00eda y Competitividad, la Fundaci\u00f3n Obra Social \u2018la Caixa\u2019, la Direcci\u00f3n General de Atenci\u00f3n a la Infancia y la Adolescencia, el Centro de Estudios Jur\u00eddicos y Formaci\u00f3n Especializada y el Instituto Catal\u00e1n de la Mujer de la Generalitat de Catalunya, o la propia Universidad de Barcelona.<\/p>\n<p>A la vez, cumpliendo con el objetivo principal del grupo, que pretende acercar la investigaci\u00f3n acad\u00e9mica a las necesidades y realidades sociales vinculadas al \u00e1mbito de la infancia, el <strong>GReVIA<\/strong> ha publicado varios trabajos dirigidos a profesionales que trabajan directamente con menores v\u00edctimas en nuestro pa\u00eds, sin olvidar la divulgaci\u00f3n cient\u00edfica de la realidad nacional.<\/p>\n<p>[\/one_half]<\/p>\n<p>&nbsp;<\/p>\n<p>&nbsp;<\/p>\n<hr>\n<p>&nbsp;<\/p>\n<p><script>\n    window.location.href = \"https:\/\/www.ub.edu\/grevia\/index_es.html\";\n<\/script><\/p>\n","protected":false},"excerpt":{"rendered":"<p>&nbsp; [tblock tcuscolor=\u00bb#5a3dff\u00bb title=\u00bb\u00bfQu\u00e9 es el GReVIA?\u00bb tag=\u00bbh3&#8243;\/] El Grup de Recerca en Victimitzaci\u00f3 Infantil i Adolescent (GReVIA) nace en 2009, vinculado a la Facultad de Psicolog\u00eda de la Universidad de Barcelona. &nbsp; [one_half][tblock tcuscolor=\u00bb#5a3dff\u00bb title=\u00bb\u00bfQui\u00e9nes somos?\u00bb tag=\u00bbh3&#8243;\/] Las componentes del GReVIA son profesoras de universidad e investigadoras especialistas en tres campos de trabajo complementarios, [&hellip;]<\/p>\n","protected":false},"author":1,"featured_media":0,"parent":0,"menu_order":0,"comment_status":"open","ping_status":"closed","template":"","meta":{"footnotes":""},"_links":{"self":[{"href":"https:\/\/www.ub.edu\/grevia\/wp-json\/wp\/v2\/pages\/860"}],"collection":[{"href":"https:\/\/www.ub.edu\/grevia\/wp-json\/wp\/v2\/pages"}],"about":[{"href":"https:\/\/www.ub.edu\/grevia\/wp-json\/wp\/v2\/types\/page"}],"author":[{"embeddable":true,"href":"https:\/\/www.ub.edu\/grevia\/wp-json\/wp\/v2\/users\/1"}],"replies":[{"embeddable":true,"href":"https:\/\/www.ub.edu\/grevia\/wp-json\/wp\/v2\/comments?post=860"}],"version-history":[{"count":14,"href":"https:\/\/www.ub.edu\/grevia\/wp-json\/wp\/v2\/pages\/860\/revisions"}],"predecessor-version":[{"id":3401,"href":"https:\/\/www.ub.edu\/grevia\/wp-json\/wp\/v2\/pages\/860\/revisions\/3401"}],"wp:attachment":[{"href":"https:\/\/www.ub.edu\/grevia\/wp-json\/wp\/v2\/media?parent=860"}],"curies":[{"name":"wp","href":"https:\/\/api.w.org\/{rel}","templated":true}]}}