{"id":2,"date":"2024-09-25T08:44:33","date_gmt":"2024-09-25T06:44:33","guid":{"rendered":"http:\/\/hweb-x-0-fe-03.fe.cpd.local\/grindofi\/?page_id=2"},"modified":"2025-03-18T18:37:47","modified_gmt":"2025-03-18T16:37:47","slug":"pagina-exemple","status":"publish","type":"page","link":"https:\/\/www.ub.edu\/grindofi\/","title":{"rendered":"Inici"},"content":{"rendered":"\n<p class=\"has-text-align-center has-primary-color has-text-color has-link-color has-medium-font-size wp-elements-695081af9e2622be25ecbe27218cb0e8\"><strong>Benvingut a la p\u00e0gina del Grup d\u2019Innovaci\u00f3 Docent en Fisiologia (GrInDoFi) <\/strong><\/p>\n\n\n\n<p class=\"has-text-align-center has-primary-color has-text-color has-link-color has-medium-font-size wp-elements-7d6cff7036d5ce0176b6b68fe0f86036\"><br>La traject\u00f2ria del grup, que es va constitu\u00ed l&#8217;any 1990, reflecteix el comprom\u00eds amb la transformaci\u00f3 del model educatiu tradicional, promovent un aprenentatge actiu, una formaci\u00f3 m\u00e9s integral i m\u00e9s professionalitzant, per als estudiants de l\u2019\u00e0mbit de la Fisiologia.<\/p>\n\n\n\n<div class=\"wp-block-group is-nowrap is-layout-flex wp-container-core-group-is-layout-6c531013 wp-block-group-is-layout-flex\"><\/div>\n\n\n\n<div class=\"wp-block-group is-nowrap is-layout-flex wp-container-core-group-is-layout-6c531013 wp-block-group-is-layout-flex\"><\/div>\n\n\n\n<p class=\"has-text-align-center has-primary-color has-text-color has-link-color has-medium-font-size wp-elements-12a6907f62610be271c1f7938048e96e\"><\/p>\n\n\n\n<figure class=\"wp-block-image aligncenter size-large is-resized\"><img loading=\"lazy\" decoding=\"async\" width=\"1024\" height=\"747\" src=\"https:\/\/www.ub.edu\/grindofi\/wp-content\/uploads\/2024\/10\/PICT0009-sin-Guti-1024x747.jpg\" alt=\"\" class=\"wp-image-152\" style=\"width:333px;height:auto\" srcset=\"https:\/\/www.ub.edu\/grindofi\/wp-content\/uploads\/2024\/10\/PICT0009-sin-Guti-1024x747.jpg 1024w, https:\/\/www.ub.edu\/grindofi\/wp-content\/uploads\/2024\/10\/PICT0009-sin-Guti-300x219.jpg 300w, https:\/\/www.ub.edu\/grindofi\/wp-content\/uploads\/2024\/10\/PICT0009-sin-Guti-768x560.jpg 768w, https:\/\/www.ub.edu\/grindofi\/wp-content\/uploads\/2024\/10\/PICT0009-sin-Guti.jpg 1277w\" sizes=\"auto, (max-width: 1024px) 100vw, 1024px\" \/><\/figure>\n\n\n\n<p class=\"has-text-align-center has-primary-color has-background-background-color has-text-color has-background has-link-color wp-elements-cfdcd74f779d60946de719c4543cd338\" style=\"font-size:0.8rem;line-height:1.3\">Lliurament al grup de la \u00ab<strong>Distinci\u00f3 Jaume Vicens Vives 2007 a la Qualitat Docent<\/strong>\u00ab<\/p>\n\n\n\n<div class=\"wp-block-group is-nowrap is-layout-flex wp-container-core-group-is-layout-6c531013 wp-block-group-is-layout-flex\"><\/div>\n\n\n\n<div class=\"wp-block-group is-nowrap is-layout-flex wp-container-core-group-is-layout-6c531013 wp-block-group-is-layout-flex\"><\/div>\n\n\n\n<div class=\"wp-block-group is-nowrap is-layout-flex wp-container-core-group-is-layout-6c531013 wp-block-group-is-layout-flex\"><\/div>\n\n\n\n<figure class=\"wp-block-gallery aligncenter has-nested-images columns-default is-cropped wp-block-gallery-1 is-layout-flex wp-block-gallery-is-layout-flex\">\n<figure class=\"wp-block-image aligncenter size-full\"><img loading=\"lazy\" decoding=\"async\" width=\"694\" height=\"105\" data-id=\"294\" src=\"https:\/\/www.ub.edu\/grindofi\/wp-content\/uploads\/2024\/10\/Adreca-i-logo-UB.jpg\" alt=\"\" class=\"wp-image-294\" srcset=\"https:\/\/www.ub.edu\/grindofi\/wp-content\/uploads\/2024\/10\/Adreca-i-logo-UB.jpg 694w, https:\/\/www.ub.edu\/grindofi\/wp-content\/uploads\/2024\/10\/Adreca-i-logo-UB-300x45.jpg 300w\" sizes=\"auto, (max-width: 694px) 100vw, 694px\" \/><\/figure>\n<\/figure>\n\n\n\n<p><\/p>\n","protected":false},"excerpt":{"rendered":"<p>Benvingut a la p\u00e0gina del Grup d\u2019Innovaci\u00f3 Docent en Fisiologia (GrInDoFi) La traject\u00f2ria del grup, que es va constitu\u00ed l&#8217;any 1990, reflecteix el comprom\u00eds amb la transformaci\u00f3 del model educatiu tradicional, promovent un aprenentatge actiu, una formaci\u00f3 m\u00e9s integral i m\u00e9s professionalitzant, per als estudiants de l\u2019\u00e0mbit de la Fisiologia. Lliurament al grup de la [&hellip;]<\/p>\n","protected":false},"author":1,"featured_media":0,"parent":0,"menu_order":0,"comment_status":"closed","ping_status":"closed","template":"","meta":{"footnotes":""},"class_list":["post-2","page","type-page","status-publish","hentry"],"_links":{"self":[{"href":"https:\/\/www.ub.edu\/grindofi\/wp-json\/wp\/v2\/pages\/2","targetHints":{"allow":["GET"]}}],"collection":[{"href":"https:\/\/www.ub.edu\/grindofi\/wp-json\/wp\/v2\/pages"}],"about":[{"href":"https:\/\/www.ub.edu\/grindofi\/wp-json\/wp\/v2\/types\/page"}],"author":[{"embeddable":true,"href":"https:\/\/www.ub.edu\/grindofi\/wp-json\/wp\/v2\/users\/1"}],"replies":[{"embeddable":true,"href":"https:\/\/www.ub.edu\/grindofi\/wp-json\/wp\/v2\/comments?post=2"}],"version-history":[{"count":47,"href":"https:\/\/www.ub.edu\/grindofi\/wp-json\/wp\/v2\/pages\/2\/revisions"}],"predecessor-version":[{"id":917,"href":"https:\/\/www.ub.edu\/grindofi\/wp-json\/wp\/v2\/pages\/2\/revisions\/917"}],"wp:attachment":[{"href":"https:\/\/www.ub.edu\/grindofi\/wp-json\/wp\/v2\/media?parent=2"}],"curies":[{"name":"wp","href":"https:\/\/api.w.org\/{rel}","templated":true}]}}