{"id":53,"date":"2024-10-21T14:36:43","date_gmt":"2024-10-21T12:36:43","guid":{"rendered":"https:\/\/www.ub.edu\/grindofi\/?page_id=53"},"modified":"2025-03-11T17:29:39","modified_gmt":"2025-03-11T15:29:39","slug":"conferencies","status":"publish","type":"page","link":"https:\/\/www.ub.edu\/grindofi\/conferencies\/","title":{"rendered":"\u00c0mbits treball"},"content":{"rendered":"\n<figure class=\"wp-block-image aligncenter size-large\"><img loading=\"lazy\" decoding=\"async\" width=\"1024\" height=\"619\" src=\"https:\/\/www.ub.edu\/grindofi\/wp-content\/uploads\/2025\/03\/Creatividad-e-innovacion-1030x687-apaisada-1024x619.jpg\" alt=\"\" class=\"wp-image-869\" srcset=\"https:\/\/www.ub.edu\/grindofi\/wp-content\/uploads\/2025\/03\/Creatividad-e-innovacion-1030x687-apaisada-1024x619.jpg 1024w, https:\/\/www.ub.edu\/grindofi\/wp-content\/uploads\/2025\/03\/Creatividad-e-innovacion-1030x687-apaisada-300x181.jpg 300w, https:\/\/www.ub.edu\/grindofi\/wp-content\/uploads\/2025\/03\/Creatividad-e-innovacion-1030x687-apaisada-768x465.jpg 768w, https:\/\/www.ub.edu\/grindofi\/wp-content\/uploads\/2025\/03\/Creatividad-e-innovacion-1030x687-apaisada.jpg 1030w\" sizes=\"auto, (max-width: 1024px) 100vw, 1024px\" \/><\/figure>\n\n\n\n<div style=\"height:31px\" aria-hidden=\"true\" class=\"wp-block-spacer\"><\/div>\n\n\n\n<p class=\"has-text-align-center has-primary-color has-text-color has-link-color wp-elements-a30c17994fdf2ba9a1e19d6df33eea17\" style=\"font-size:1.5rem\"><strong>\u00c0mbits de treball<\/strong><\/p>\n\n\n\n<p class=\"has-primary-color has-text-color has-link-color wp-elements-21bb02abdbf91e9edb061d1f187af272\">El nostre grup treballa en diversos \u00e0mbits per millorar l&#8217;ensenyament i l&#8217;aprenentatge de la fisiologia. <\/p>\n\n\n\n<p class=\"has-primary-color has-text-color has-link-color wp-elements-6a8c421957df95473b38de194e11f119\">L&#8217;objectiu del nostre treball es canviar la manera d&#8217;aprendre dels estudiants, adaptant-lo a les necessitats actuals, promovent un paper m\u00e9s actiu de l&#8217;estudiant i una formaci\u00f3 integral, que els prepari per a la seva professionalitzaci\u00f3 futura.<\/p>\n\n\n\n<hr class=\"wp-block-separator has-alpha-channel-opacity\"\/>\n\n\n\n<div class=\"wp-block-group is-nowrap is-layout-flex wp-container-core-group-is-layout-6c531013 wp-block-group-is-layout-flex\">\n<div class=\"wp-block-media-text is-stacked-on-mobile\" style=\"grid-template-columns:20% auto\"><figure class=\"wp-block-media-text__media\"><img loading=\"lazy\" decoding=\"async\" width=\"1024\" height=\"964\" src=\"https:\/\/www.ub.edu\/grindofi\/wp-content\/uploads\/2025\/03\/light-bulb-with-drawing-graph-1024x964.jpg\" alt=\"\" class=\"wp-image-942 size-full\" srcset=\"https:\/\/www.ub.edu\/grindofi\/wp-content\/uploads\/2025\/03\/light-bulb-with-drawing-graph-1024x964.jpg 1024w, https:\/\/www.ub.edu\/grindofi\/wp-content\/uploads\/2025\/03\/light-bulb-with-drawing-graph-300x282.jpg 300w, https:\/\/www.ub.edu\/grindofi\/wp-content\/uploads\/2025\/03\/light-bulb-with-drawing-graph-768x723.jpg 768w, https:\/\/www.ub.edu\/grindofi\/wp-content\/uploads\/2025\/03\/light-bulb-with-drawing-graph-1536x1446.jpg 1536w, https:\/\/www.ub.edu\/grindofi\/wp-content\/uploads\/2025\/03\/light-bulb-with-drawing-graph-2048x1928.jpg 2048w\" sizes=\"auto, (max-width: 1024px) 100vw, 1024px\" \/><\/figure><div class=\"wp-block-media-text__content\">\n<p class=\"has-primary-color has-text-color has-link-color wp-elements-c14e4183d9cbbe8f41944b9f9e9d563a\"><strong>Innovaci\u00f3 metodol\u00f2gica<\/strong><\/p>\n\n\n\n<ul class=\"wp-block-list\">\n<li class=\"has-primary-color has-text-color has-link-color wp-elements-7052afc4af24b0383e4fd84dd80949cb\">Transformaci\u00f3 del rol docent cap a un enfocament de tutor-guia en el proc\u00e9s de formaci\u00f3 dels estudiants.<\/li>\n\n\n\n<li class=\"has-primary-color has-text-color has-link-color wp-elements-8f4daa05f1518cdff8e56fe43de07664\">Implementaci\u00f3 de metodologies actives per millorar l\u2019aprenentatge i l\u2019avaluaci\u00f3 dels estudiants.<\/li>\n\n\n\n<li class=\"has-primary-color has-text-color has-link-color wp-elements-02b7562e8c72dd61fa738b08708dc455\">Desenvolupament de simulacions de pr\u00e0ctiques i casos exemplars per a la presa de decisions.<\/li>\n<\/ul>\n<\/div><\/div>\n<\/div>\n\n\n\n<div class=\"wp-block-media-text is-stacked-on-mobile\" style=\"grid-template-columns:20% auto\"><figure class=\"wp-block-media-text__media\"><img loading=\"lazy\" decoding=\"async\" width=\"626\" height=\"358\" src=\"https:\/\/www.ub.edu\/grindofi\/wp-content\/uploads\/2025\/03\/fondo-ilustracion-tecnologia-educativa_624163-1442-2.jpg\" alt=\"\" class=\"wp-image-932 size-full\" srcset=\"https:\/\/www.ub.edu\/grindofi\/wp-content\/uploads\/2025\/03\/fondo-ilustracion-tecnologia-educativa_624163-1442-2.jpg 626w, https:\/\/www.ub.edu\/grindofi\/wp-content\/uploads\/2025\/03\/fondo-ilustracion-tecnologia-educativa_624163-1442-2-300x172.jpg 300w\" sizes=\"auto, (max-width: 626px) 100vw, 626px\" \/><\/figure><div class=\"wp-block-media-text__content\">\n<p class=\"has-primary-color has-text-color has-link-color wp-elements-73e4c2beccdc0bef66d318eee071fc7c\"><strong>Tecnologia educativa<\/strong><\/p>\n\n\n\n<ul class=\"wp-block-list\">\n<li class=\"has-primary-color has-text-color has-link-color wp-elements-0591b002059bcfbef341cfc206fd2f66\">Implementaci\u00f3 i avaluaci\u00f3 d\u2019entorns virtuals d\u2019aprenentatge i recursos educatius oberts.<\/li>\n\n\n\n<li class=\"has-primary-color has-text-color has-link-color wp-elements-63a43c052c450926616eec2aa2429907\">Integraci\u00f3 de tecnologies educatives en el proc\u00e9s d\u2019ensenyament-aprenentatge, explorant l\u2019\u00fas de recursos digitals i eines de comunicaci\u00f3 en l\u00ednia.<\/li>\n<\/ul>\n<\/div><\/div>\n\n\n\n<div class=\"wp-block-media-text is-stacked-on-mobile is-vertically-aligned-center\" style=\"grid-template-columns:19% auto\"><figure class=\"wp-block-media-text__media\"><img loading=\"lazy\" decoding=\"async\" width=\"684\" height=\"1024\" src=\"https:\/\/www.ub.edu\/grindofi\/wp-content\/uploads\/2025\/03\/guy-making-table-paper-684x1024.jpg\" alt=\"\" class=\"wp-image-962 size-full\" srcset=\"https:\/\/www.ub.edu\/grindofi\/wp-content\/uploads\/2025\/03\/guy-making-table-paper-684x1024.jpg 684w, https:\/\/www.ub.edu\/grindofi\/wp-content\/uploads\/2025\/03\/guy-making-table-paper-200x300.jpg 200w, https:\/\/www.ub.edu\/grindofi\/wp-content\/uploads\/2025\/03\/guy-making-table-paper-768x1150.jpg 768w, https:\/\/www.ub.edu\/grindofi\/wp-content\/uploads\/2025\/03\/guy-making-table-paper-1025x1536.jpg 1025w, https:\/\/www.ub.edu\/grindofi\/wp-content\/uploads\/2025\/03\/guy-making-table-paper-1367x2048.jpg 1367w, https:\/\/www.ub.edu\/grindofi\/wp-content\/uploads\/2025\/03\/guy-making-table-paper-scaled.jpg 1709w\" sizes=\"auto, (max-width: 684px) 100vw, 684px\" \/><\/figure><div class=\"wp-block-media-text__content\">\n<p class=\"has-primary-color has-text-color has-link-color wp-elements-97fede9f82880c1da7e6abe6417b844b\"><strong>Avaluaci\u00f3 i autoavaluaci\u00f3<\/strong><\/p>\n\n\n\n<ul class=\"wp-block-list\">\n<li class=\"has-primary-color has-text-color has-link-color wp-elements-8d84bc8f40e333376ddf7a57748edd10\">Implementaci\u00f3 d\u2019estrat\u00e8gies d\u2019autoavaluaci\u00f3 per facilitar l\u2019aven\u00e7 aut\u00f2nom dels estudiants en el proc\u00e9s d\u2019aprenentatge.<\/li>\n\n\n\n<li class=\"has-primary-color has-text-color has-link-color wp-elements-63287dcbe2c190dde13b88836b6e66e0\">Disseny i aplicaci\u00f3 de sistemes d\u2019avaluaci\u00f3.<\/li>\n<\/ul>\n<\/div><\/div>\n\n\n\n<div class=\"wp-block-group is-nowrap is-layout-flex wp-container-core-group-is-layout-6c531013 wp-block-group-is-layout-flex\">\n<div class=\"wp-block-media-text is-stacked-on-mobile\" style=\"grid-template-columns:20% auto\"><figure class=\"wp-block-media-text__media\"><img loading=\"lazy\" decoding=\"async\" width=\"644\" height=\"288\" src=\"https:\/\/www.ub.edu\/grindofi\/wp-content\/uploads\/2025\/03\/Clipboard01.jpg\" alt=\"\" class=\"wp-image-946 size-full\" srcset=\"https:\/\/www.ub.edu\/grindofi\/wp-content\/uploads\/2025\/03\/Clipboard01.jpg 644w, https:\/\/www.ub.edu\/grindofi\/wp-content\/uploads\/2025\/03\/Clipboard01-300x134.jpg 300w\" sizes=\"auto, (max-width: 644px) 100vw, 644px\" \/><\/figure><div class=\"wp-block-media-text__content\">\n<p class=\"has-primary-color has-text-color has-link-color wp-elements-cb89fb88927bb2d0a17c336982244f42\"><strong>Desenvolupament de compet\u00e8ncies transversals<\/strong><\/p>\n\n\n\n<ul class=\"wp-block-list\">\n<li class=\"has-primary-color has-text-color has-link-color wp-elements-1790815bf2581f2f0d2bcb71260b593f\">Desenvolupament d\u2019estrat\u00e8gies per a la professionalitzaci\u00f3 dels alumnes, preparant-los per a la futura carrera en el \u00e0mbit de la fisiologia.<\/li>\n\n\n\n<li class=\"has-primary-color has-text-color has-link-color wp-elements-d00062fa442d8c925a6edefceb6e4cc4\">Foment d\u2019habilitats com el pensament cr\u00edtic, la capacitat de raonament i la resoluci\u00f3 de problemes i el treball col\u00b7laboratiu.<\/li>\n\n\n\n<li class=\"has-primary-color has-text-color has-link-color wp-elements-66f8cb19b6732c0ae540f9c8b4c8da68\">Aplicaci\u00f3 d\u2019estrat\u00e8gies d\u2019aprenentatge col\u00b7laboratiu i treball en equip.<\/li>\n<\/ul>\n<\/div><\/div>\n<\/div>\n\n\n\n<div class=\"wp-block-group is-nowrap is-layout-flex wp-container-core-group-is-layout-6c531013 wp-block-group-is-layout-flex\">\n<div class=\"wp-block-media-text is-stacked-on-mobile is-vertically-aligned-center\" style=\"grid-template-columns:20% auto\"><figure class=\"wp-block-media-text__media\"><img loading=\"lazy\" decoding=\"async\" width=\"1024\" height=\"683\" src=\"https:\/\/www.ub.edu\/grindofi\/wp-content\/uploads\/2025\/03\/pushpin-tracks-thread-close-up-1024x683.jpg\" alt=\"\" class=\"wp-image-950 size-full\" srcset=\"https:\/\/www.ub.edu\/grindofi\/wp-content\/uploads\/2025\/03\/pushpin-tracks-thread-close-up-1024x683.jpg 1024w, https:\/\/www.ub.edu\/grindofi\/wp-content\/uploads\/2025\/03\/pushpin-tracks-thread-close-up-300x200.jpg 300w, https:\/\/www.ub.edu\/grindofi\/wp-content\/uploads\/2025\/03\/pushpin-tracks-thread-close-up-768x512.jpg 768w, https:\/\/www.ub.edu\/grindofi\/wp-content\/uploads\/2025\/03\/pushpin-tracks-thread-close-up-1536x1024.jpg 1536w, https:\/\/www.ub.edu\/grindofi\/wp-content\/uploads\/2025\/03\/pushpin-tracks-thread-close-up-2048x1365.jpg 2048w\" sizes=\"auto, (max-width: 1024px) 100vw, 1024px\" \/><\/figure><div class=\"wp-block-media-text__content\">\n<p class=\"has-primary-color has-text-color has-link-color wp-elements-5d65f0a128cb67264848e90e306281d9\"><strong>Creaci\u00f3 i compartici\u00f3 de recursos<\/strong><\/p>\n\n\n\n<ul class=\"wp-block-list\">\n<li class=\"has-primary-color has-text-color has-link-color wp-elements-8426fd65af154c7ca1f5540e4082f6b8\">Participaci\u00f3 en xarxes de col\u00b7laboraci\u00f3 per compartir i validar recursos docents.<\/li>\n\n\n\n<li class=\"has-primary-color has-text-color has-link-color wp-elements-be122f5c4054bb44026889aeffce2662\">Desenvolupament d\u2019aplicacions i materials docents.<\/li>\n<\/ul>\n<\/div><\/div>\n<\/div>\n\n\n\n<div class=\"wp-block-group is-nowrap is-layout-flex wp-container-core-group-is-layout-6c531013 wp-block-group-is-layout-flex\">\n<div class=\"wp-block-media-text is-stacked-on-mobile\" style=\"grid-template-columns:22% auto\"><figure class=\"wp-block-media-text__media\"><img loading=\"lazy\" decoding=\"async\" width=\"232\" height=\"148\" src=\"https:\/\/www.ub.edu\/grindofi\/wp-content\/uploads\/2025\/03\/Imagen1-1.png\" alt=\"\" class=\"wp-image-933 size-full\"\/><\/figure><div class=\"wp-block-media-text__content\">\n<p class=\"has-primary-color has-text-color has-link-color wp-elements-89787f2ce00d0752e4d64f693db3b3b1\"><strong>Formaci\u00f3 docent<\/strong><\/p>\n\n\n\n<ul class=\"wp-block-list\">\n<li class=\"has-primary-color has-text-color has-link-color wp-elements-2b9fc0d68ea5480a15e460fb9537abd8\">Mentories i gesti\u00f3 del coneixement.<\/li>\n\n\n\n<li class=\"has-primary-color has-text-color has-link-color wp-elements-7b265f38c49f7746a2ae3bb4928f212b\">Orientaci\u00f3 sobre pautes docents adequades per a l\u2019\u00fas de nous recursos i metodologies.<\/li>\n<\/ul>\n<\/div><\/div>\n<\/div>\n\n\n\n<p><\/p>\n","protected":false},"excerpt":{"rendered":"<p>\u00c0mbits de treball El nostre grup treballa en diversos \u00e0mbits per millorar l&#8217;ensenyament i l&#8217;aprenentatge de la fisiologia. L&#8217;objectiu del nostre treball es canviar la manera d&#8217;aprendre dels estudiants, adaptant-lo a les necessitats actuals, promovent un paper m\u00e9s actiu de l&#8217;estudiant i una formaci\u00f3 integral, que els prepari per a la seva professionalitzaci\u00f3 futura. Innovaci\u00f3 [&hellip;]<\/p>\n","protected":false},"author":1,"featured_media":0,"parent":0,"menu_order":0,"comment_status":"closed","ping_status":"closed","template":"","meta":{"footnotes":""},"class_list":["post-53","page","type-page","status-publish","hentry"],"_links":{"self":[{"href":"https:\/\/www.ub.edu\/grindofi\/wp-json\/wp\/v2\/pages\/53","targetHints":{"allow":["GET"]}}],"collection":[{"href":"https:\/\/www.ub.edu\/grindofi\/wp-json\/wp\/v2\/pages"}],"about":[{"href":"https:\/\/www.ub.edu\/grindofi\/wp-json\/wp\/v2\/types\/page"}],"author":[{"embeddable":true,"href":"https:\/\/www.ub.edu\/grindofi\/wp-json\/wp\/v2\/users\/1"}],"replies":[{"embeddable":true,"href":"https:\/\/www.ub.edu\/grindofi\/wp-json\/wp\/v2\/comments?post=53"}],"version-history":[{"count":23,"href":"https:\/\/www.ub.edu\/grindofi\/wp-json\/wp\/v2\/pages\/53\/revisions"}],"predecessor-version":[{"id":973,"href":"https:\/\/www.ub.edu\/grindofi\/wp-json\/wp\/v2\/pages\/53\/revisions\/973"}],"wp:attachment":[{"href":"https:\/\/www.ub.edu\/grindofi\/wp-json\/wp\/v2\/media?parent=53"}],"curies":[{"name":"wp","href":"https:\/\/api.w.org\/{rel}","templated":true}]}}