{"id":3800,"date":"2019-07-11T12:13:53","date_gmt":"2019-07-11T11:13:53","guid":{"rendered":"http:\/\/www.ub.edu\/grop\/?page_id=3800"},"modified":"2026-02-09T13:20:09","modified_gmt":"2026-02-09T12:20:09","slug":"publicacions-de-tesis-doctorals","status":"publish","type":"page","link":"https:\/\/www.ub.edu\/grop\/publicacions-de-tesis-doctorals\/","title":{"rendered":"PUBLICACIONS DE TESIS DOCTORALS"},"content":{"rendered":"\t\t<div data-elementor-type=\"wp-post\" data-elementor-id=\"3800\" class=\"elementor elementor-3800\">\n\t\t\t\t\t\t<section class=\"elementor-section elementor-top-section elementor-element elementor-element-5ade71d elementor-section-boxed elementor-section-height-default elementor-section-height-default\" data-id=\"5ade71d\" data-element_type=\"section\" data-e-type=\"section\">\n\t\t\t\t\t\t<div class=\"elementor-container elementor-column-gap-default\">\n\t\t\t\t\t<div class=\"elementor-column elementor-col-100 elementor-top-column elementor-element elementor-element-172d1ed\" data-id=\"172d1ed\" data-element_type=\"column\" data-e-type=\"column\">\n\t\t\t<div class=\"elementor-widget-wrap elementor-element-populated\">\n\t\t\t\t\t\t<div class=\"elementor-element elementor-element-955dc3b elementor-widget elementor-widget-image\" data-id=\"955dc3b\" data-element_type=\"widget\" data-e-type=\"widget\" data-widget_type=\"image.default\">\n\t\t\t\t<div class=\"elementor-widget-container\">\n\t\t\t\t\t\t\t\t\t\t\t\t\t\t\t<img fetchpriority=\"high\" decoding=\"async\" width=\"1505\" height=\"500\" src=\"https:\/\/www.ub.edu\/grop\/wp-content\/uploads\/2024\/12\/Tesis.jpg\" class=\"attachment-full size-full wp-image-7327\" alt=\"\" srcset=\"https:\/\/www.ub.edu\/grop\/wp-content\/uploads\/2024\/12\/Tesis.jpg 1505w, https:\/\/www.ub.edu\/grop\/wp-content\/uploads\/2024\/12\/Tesis-300x100.jpg 300w, https:\/\/www.ub.edu\/grop\/wp-content\/uploads\/2024\/12\/Tesis-1024x340.jpg 1024w, https:\/\/www.ub.edu\/grop\/wp-content\/uploads\/2024\/12\/Tesis-768x255.jpg 768w\" sizes=\"(max-width: 1505px) 100vw, 1505px\" \/>\t\t\t\t\t\t\t\t\t\t\t\t\t\t\t<\/div>\n\t\t\t\t<\/div>\n\t\t\t\t\t<\/div>\n\t\t<\/div>\n\t\t\t\t\t<\/div>\n\t\t<\/section>\n\t\t\t\t<section class=\"elementor-section elementor-top-section elementor-element elementor-element-c4bcd27 elementor-section-boxed elementor-section-height-default elementor-section-height-default\" data-id=\"c4bcd27\" data-element_type=\"section\" data-e-type=\"section\">\n\t\t\t\t\t\t<div class=\"elementor-container elementor-column-gap-default\">\n\t\t\t\t\t<div class=\"elementor-column elementor-col-100 elementor-top-column elementor-element elementor-element-dcdf7dc\" data-id=\"dcdf7dc\" data-element_type=\"column\" data-e-type=\"column\">\n\t\t\t<div class=\"elementor-widget-wrap elementor-element-populated\">\n\t\t\t\t\t\t<div class=\"elementor-element elementor-element-330f97a elementor-widget elementor-widget-heading\" data-id=\"330f97a\" data-element_type=\"widget\" data-e-type=\"widget\" data-widget_type=\"heading.default\">\n\t\t\t\t<div class=\"elementor-widget-container\">\n\t\t\t\t\t<h2 class=\"elementor-heading-title elementor-size-medium\">TESIS DOCTORALS<\/h2>\t\t\t\t<\/div>\n\t\t\t\t<\/div>\n\t\t\t\t\t<\/div>\n\t\t<\/div>\n\t\t\t\t\t<\/div>\n\t\t<\/section>\n\t\t\t\t<section class=\"elementor-section elementor-top-section elementor-element elementor-element-e4de58e elementor-section-boxed elementor-section-height-default elementor-section-height-default\" data-id=\"e4de58e\" data-element_type=\"section\" data-e-type=\"section\">\n\t\t\t\t\t\t<div class=\"elementor-container elementor-column-gap-default\">\n\t\t\t\t\t<div class=\"elementor-column elementor-col-100 elementor-top-column elementor-element elementor-element-e29e75d\" data-id=\"e29e75d\" data-element_type=\"column\" data-e-type=\"column\">\n\t\t\t<div class=\"elementor-widget-wrap elementor-element-populated\">\n\t\t\t\t\t\t<div class=\"elementor-element elementor-element-52cf7ce elementor-widget elementor-widget-heading\" data-id=\"52cf7ce\" data-element_type=\"widget\" data-e-type=\"widget\" data-widget_type=\"heading.default\">\n\t\t\t\t<div class=\"elementor-widget-container\">\n\t\t\t\t\t<h2 class=\"elementor-heading-title elementor-size-medium\">2025<\/h2>\t\t\t\t<\/div>\n\t\t\t\t<\/div>\n\t\t\t\t<div class=\"elementor-element elementor-element-19a626b elementor-widget elementor-widget-text-editor\" data-id=\"19a626b\" data-element_type=\"widget\" data-e-type=\"widget\" data-widget_type=\"text-editor.default\">\n\t\t\t\t<div class=\"elementor-widget-container\">\n\t\t\t\t\t\t\t\t\t<p>Gomis, Raquel. <em>Educar las emociones: Implementaci\u00f3n y Evaluaci\u00f3n de un Programa de Educaci\u00f3n Emocional.<\/em> Directores: Gemma Filella Guiu i Agn\u00e8s Ros Morente. Lleida: Universitat de Lleida, Departament de Pedagogia i Psicologia, 2025.<\/p>\t\t\t\t\t\t\t\t<\/div>\n\t\t\t\t<\/div>\n\t\t\t\t<div class=\"elementor-element elementor-element-9520397 elementor-widget elementor-widget-heading\" data-id=\"9520397\" data-element_type=\"widget\" data-e-type=\"widget\" data-widget_type=\"heading.default\">\n\t\t\t\t<div class=\"elementor-widget-container\">\n\t\t\t\t\t<h2 class=\"elementor-heading-title elementor-size-medium\">2024<\/h2>\t\t\t\t<\/div>\n\t\t\t\t<\/div>\n\t\t\t\t<div class=\"elementor-element elementor-element-0ba7e1f elementor-widget elementor-widget-text-editor\" data-id=\"0ba7e1f\" data-element_type=\"widget\" data-e-type=\"widget\" data-widget_type=\"text-editor.default\">\n\t\t\t\t<div class=\"elementor-widget-container\">\n\t\t\t\t\t\t\t\t\t<p>Estrada Fern\u00e1ndez, Xavier (2024). <em>Estudi i exploraci\u00f3 de les funcions cognitives i el comportament hum\u00e0 en l\u2019\u00e0mbit formal i no formal. La seva influencia en els processos d\u2019aprenentatge, i el seu impacte amb (peak brain performance) l\u2019alt rendiment esportiu, acad\u00e8mic i el benestar<\/em>. Directores: Agn\u00e8s Ros Morente i Carles Alsinet Mora. Lleida: Universitat de Lleida, Departament de Pedagogia i Psicologia,2024<\/p><p>Priego Ojeda, Mar\u00eda. <em>Exploring emotional competencies and well-being in families: Effects of a serious game program and a proposal for new measures. <\/em>Directores: Gemma Filella Guiu i N\u00faria P\u00e9rez Escoda. Lleida: Universitat de Lleida, Departament de Pedagogia i Psicologia, 2024.<\/p>\t\t\t\t\t\t\t\t<\/div>\n\t\t\t\t<\/div>\n\t\t\t\t<div class=\"elementor-element elementor-element-bc07840 elementor-widget elementor-widget-heading\" data-id=\"bc07840\" data-element_type=\"widget\" data-e-type=\"widget\" data-widget_type=\"heading.default\">\n\t\t\t\t<div class=\"elementor-widget-container\">\n\t\t\t\t\t<h2 class=\"elementor-heading-title elementor-size-medium\">2023<\/h2>\t\t\t\t<\/div>\n\t\t\t\t<\/div>\n\t\t\t\t<div class=\"elementor-element elementor-element-08242a3 elementor-widget elementor-widget-text-editor\" data-id=\"08242a3\" data-element_type=\"widget\" data-e-type=\"widget\" data-widget_type=\"text-editor.default\">\n\t\t\t\t<div class=\"elementor-widget-container\">\n\t\t\t\t\t\t\t\t\t<p>Garcia-Blanc, N\u00faria. <em>The effect of socio affective variables on emotional competencies: Implementation and evaluation of an emotional competences program.<\/em> Directores: Gemma Filella Guiu i Agn\u00e8s Ros Morente. Lleida: Universitat de Lleida, Departament de Pedagogia i Psicologia, 2023.<\/p><p>Santiveri, Albert. <em>Aplicaci\u00f3n y evaluaci\u00f3n de un programa de gesti\u00f3n emocional y resoluci\u00f3n de conflictos en la empresa<\/em>. Directores: Gemma Filella Guiu i Agn\u00e8s Ros Morente. Lleida: Universitat de Lleida, Departament de Pedagogia i Psicologia, 2023.<\/p><p>M\u00f3nica Coronel, M\u00f3nica. <em>Relaci\u00f3n entre inteligencia emocional y rendimiento profesional<\/em>. Directores: Jos\u00e9 Lu\u00eds Gallizo i Gemma Filella Guiu. Lleida: Universitat de Lleida, Departament de Pedagogia i Psicologia, 2023.<\/p><p>Farr\u00e9 Sopena, M\u00edriam. <em>Implementaci\u00f3n y avaluaci\u00f3n del programa Happy Sport 8-12 de educaci\u00f3n emocional gamificado<\/em>. Directores: Gemma Filella Guiu i Agn\u00e8s Ros Morente. Lleida: Universitat de Lleida, Departament de Pedagogia i Psicologia, 2023.<\/p>\t\t\t\t\t\t\t\t<\/div>\n\t\t\t\t<\/div>\n\t\t\t\t<div class=\"elementor-element elementor-element-979113f elementor-widget elementor-widget-heading\" data-id=\"979113f\" data-element_type=\"widget\" data-e-type=\"widget\" data-widget_type=\"heading.default\">\n\t\t\t\t<div class=\"elementor-widget-container\">\n\t\t\t\t\t<h2 class=\"elementor-heading-title elementor-size-medium\">2021<\/h2>\t\t\t\t<\/div>\n\t\t\t\t<\/div>\n\t\t\t\t<div class=\"elementor-element elementor-element-a28ebe3 elementor-widget elementor-widget-text-editor\" data-id=\"a28ebe3\" data-element_type=\"widget\" data-e-type=\"widget\" data-widget_type=\"text-editor.default\">\n\t\t\t\t<div class=\"elementor-widget-container\">\n\t\t\t\t\t\t\t\t\t<p style=\"text-align: justify;\">\u00c1lvarez Justel, Josefina. <em><a href=\"https:\/\/www.tdx.cat\/handle\/10803\/672416?locale-attribute=es\">Las dimensiones emocional, cognitiva y social de la toma de decisiones en secundaria<\/a><\/em>. Directores: N\u00faria P\u00e9rez Escoda i Gemma Filella Guiu . Lleida: Universitat de Lleida, Departament de Pedagogia i Psicologia, 2021.<\/p><p>Estrada, Ver\u00f3nica (2021). <em>Intervenci\u00f3n de la Memoria y las Funciones Ejecutivas mediante juegos de mesa en ni\u00f1os en etapa escolar: ni\u00f1os en poblaci\u00f3n general, TDAH y disl\u00e8xia.<\/em> Directores: Agn\u00e8s Ros Morente i Jorge Moya Higueras. Lleida: Universitat de Lleida, Departament de Pedagogia i Psicologia, 2021.<\/p>\t\t\t\t\t\t\t\t<\/div>\n\t\t\t\t<\/div>\n\t\t\t\t<div class=\"elementor-element elementor-element-bded7df elementor-widget elementor-widget-heading\" data-id=\"bded7df\" data-element_type=\"widget\" data-e-type=\"widget\" data-widget_type=\"heading.default\">\n\t\t\t\t<div class=\"elementor-widget-container\">\n\t\t\t\t\t<h2 class=\"elementor-heading-title elementor-size-medium\">2019<\/h2>\t\t\t\t<\/div>\n\t\t\t\t<\/div>\n\t\t\t\t<div class=\"elementor-element elementor-element-cfe9908 elementor-widget elementor-widget-text-editor\" data-id=\"cfe9908\" data-element_type=\"widget\" data-e-type=\"widget\" data-widget_type=\"text-editor.default\">\n\t\t\t\t<div class=\"elementor-widget-container\">\n\t\t\t\t\t\t\t\t\t<p style=\"text-align: justify;\">Cabello Cuenca, Enric. <em><a href=\"https:\/\/www.tesisenred.net\/handle\/10803\/667818#page=1\">Implementaci\u00f3 i Avaluaci\u00f3 del programa Happy 8 12 d&#8217;educaci\u00f3 emocional Gammificat<\/a><\/em>. Directores: Gemma Filella Guiu i N\u00faria P\u00e9rez Escoda. Lleida: Universitat de Lleida, Departament de Pedagogia i Psicologia, 2019.<\/p>\t\t\t\t\t\t\t\t<\/div>\n\t\t\t\t<\/div>\n\t\t\t\t<div class=\"elementor-element elementor-element-15b90d6 elementor-widget elementor-widget-text-editor\" data-id=\"15b90d6\" data-element_type=\"widget\" data-e-type=\"widget\" data-widget_type=\"text-editor.default\">\n\t\t\t\t<div class=\"elementor-widget-container\">\n\t\t\t\t\t\t\t\t\t<p style=\"text-align: justify;\">Sylva Lazo, Maritza Yesenia. <em><a href=\"https:\/\/www.tdx.cat\/handle\/10803\/667837\">La inteligencia emocional para la prevenci\u00f3n y desarrollo emocional en la formaci\u00f3n del profesorado del nivel de 3 a 5 a\u00f1os de educaci\u00f3n inicial en Ecuador<\/a><\/em>. Directors: \u00c8lia L\u00f3pez Cass\u00e0 i Francesc Mart\u00ednez Olmo. Barcelona: Universitat de Barcelona, Departament de M\u00e8todes d&#8217;Investigaci\u00f3 i Diagn\u00f2stic en Educaci\u00f3, 2019.<\/p>\t\t\t\t\t\t\t\t<\/div>\n\t\t\t\t<\/div>\n\t\t\t\t<div class=\"elementor-element elementor-element-1898260 elementor-widget elementor-widget-heading\" data-id=\"1898260\" data-element_type=\"widget\" data-e-type=\"widget\" data-widget_type=\"heading.default\">\n\t\t\t\t<div class=\"elementor-widget-container\">\n\t\t\t\t\t<h2 class=\"elementor-heading-title elementor-size-medium\">2017<\/h2>\t\t\t\t<\/div>\n\t\t\t\t<\/div>\n\t\t\t\t<div class=\"elementor-element elementor-element-b839096 elementor-widget elementor-widget-text-editor\" data-id=\"b839096\" data-element_type=\"widget\" data-e-type=\"widget\" data-widget_type=\"text-editor.default\">\n\t\t\t\t<div class=\"elementor-widget-container\">\n\t\t\t\t\t\t\t\t\t<p style=\"text-align: justify;\">Garc\u00eda Navarro, Esther. <em><a href=\"https:\/\/hdl.handle.net\/10803\/454728\">Formaci\u00f3n del profesorado en educaci\u00f3n emocional: dise\u00f1o, apliaci\u00f3n y evaluaci\u00f3n<\/a><\/em>. Directorrs: N\u00faria P\u00e9rez Escoda i Rafael Bisquerra Alzina. Barcelona: Universitat de Barcelona, Departament de M\u00e8todes d&#8217;Investigaci\u00f3 i Diagn\u00f2stic en Educaci\u00f3, 2017.<\/p>\t\t\t\t\t\t\t\t<\/div>\n\t\t\t\t<\/div>\n\t\t\t\t<div class=\"elementor-element elementor-element-137ef7b elementor-widget elementor-widget-text-editor\" data-id=\"137ef7b\" data-element_type=\"widget\" data-e-type=\"widget\" data-widget_type=\"text-editor.default\">\n\t\t\t\t<div class=\"elementor-widget-container\">\n\t\t\t\t\t\t\t\t\t<p style=\"text-align: justify;\">Mart\u00ednez Ruiz, Victor. <em><a href=\"https:\/\/www.tesisenred.net\/handle\/10803\/403951\">Formaci\u00f3n ciudadana de docentes del suroccidente colombiano desde una perspectiva participativa<\/a><\/em>. Directora: N\u00faria P\u00e9rez Escoda. Barcelona: Universitat de Barcelona, Departament de M\u00e8todes d&#8217;Investigaci\u00f3 i Diagn\u00f2stic en Educaci\u00f3, 2017.<\/p>\t\t\t\t\t\t\t\t<\/div>\n\t\t\t\t<\/div>\n\t\t\t\t<div class=\"elementor-element elementor-element-18a83a0 elementor-widget elementor-widget-text-editor\" data-id=\"18a83a0\" data-element_type=\"widget\" data-e-type=\"widget\" data-widget_type=\"text-editor.default\">\n\t\t\t\t<div class=\"elementor-widget-container\">\n\t\t\t\t\t\t\t\t\t<p style=\"text-align: justify;\">Oriola Requena, Salvador. <em><a href=\"https:\/\/hdl.handle.net\/10803\/405944\">Las Agrupaciones musicales juveniles y su contribuci\u00f3n al desarrollo de competencias socioemocionales. El fen\u00f3meno de las bandas en la Comunidad de Valencia y los Coros en Catalunya<\/a><\/em>. Directors: Gemma Filella Guiu y Josep Gustems Carceler. Lleida: Universitat de Lleida, Departament de Pedagogia i Psicologia, 2017.<\/p>\t\t\t\t\t\t\t\t<\/div>\n\t\t\t\t<\/div>\n\t\t\t\t<div class=\"elementor-element elementor-element-26a6e15 elementor-widget elementor-widget-text-editor\" data-id=\"26a6e15\" data-element_type=\"widget\" data-e-type=\"widget\" data-widget_type=\"text-editor.default\">\n\t\t\t\t<div class=\"elementor-widget-container\">\n\t\t\t\t\t\t\t\t\t<p style=\"text-align: justify;\">Rueda Carcel\u00e9n, Pilar. <a href=\"https:\/\/www.tesisenred.net\/handle\/10803\/462037#page=1\">Dise\u00f1o, implementaci\u00f3n y evaluaci\u00f3n del programa gamificado de Educaci\u00f3n Emocional Happy 12-16<\/a>. Directora: Gemma Filella Guiu. Lleida: Universitat de Lleida, Departament de Pedagogia i Psicologia, 2017.<\/p>\t\t\t\t\t\t\t\t<\/div>\n\t\t\t\t<\/div>\n\t\t\t\t<div class=\"elementor-element elementor-element-8347cc3 elementor-widget elementor-widget-heading\" data-id=\"8347cc3\" data-element_type=\"widget\" data-e-type=\"widget\" data-widget_type=\"heading.default\">\n\t\t\t\t<div class=\"elementor-widget-container\">\n\t\t\t\t\t<h2 class=\"elementor-heading-title elementor-size-medium\">2013<\/h2>\t\t\t\t<\/div>\n\t\t\t\t<\/div>\n\t\t\t\t<div class=\"elementor-element elementor-element-2f9e863 elementor-widget elementor-widget-text-editor\" data-id=\"2f9e863\" data-element_type=\"widget\" data-e-type=\"widget\" data-widget_type=\"text-editor.default\">\n\t\t\t\t<div class=\"elementor-widget-container\">\n\t\t\t\t\t\t\t\t\t<p style=\"text-align: justify;\">Miralles Pascual, Rosa. <em><a href=\"https:\/\/www.tdx.cat\/bitstream\/handle\/10803\/121510\/Trmp1de1.pdf?sequence=2\" target=\"_blank\" rel=\"noopener noreferrer\">La relaci\u00f3 entre els Jocs Motors i les Emocions al cicle superior de prim\u00e0ria: ajudant als mestres a prendre decisions<\/a><\/em>. Directors: Gemma Filella Guiu i Pere Lavega Burgu\u00e9s. Lleida: Universitat de Lleida, Departament de Pedagogia i Psicologia, 2013.<\/p><p>Oriol Granado, Xavier. <em>J\u00f3venes delincuentes tutelados: perfiles delictivos, desarrollo emocional y apego<\/em>. Directores: Gemma Filella Guiu i Josefina Sala. Lleida: Universitat de Lleida, Departament de Pedagogia i Psicologia, 2013.<\/p>\t\t\t\t\t\t\t\t<\/div>\n\t\t\t\t<\/div>\n\t\t\t\t<div class=\"elementor-element elementor-element-61ccc4d elementor-widget elementor-widget-heading\" data-id=\"61ccc4d\" data-element_type=\"widget\" data-e-type=\"widget\" data-widget_type=\"heading.default\">\n\t\t\t\t<div class=\"elementor-widget-container\">\n\t\t\t\t\t<h2 class=\"elementor-heading-title elementor-size-medium\">2011<\/h2>\t\t\t\t<\/div>\n\t\t\t\t<\/div>\n\t\t\t\t<div class=\"elementor-element elementor-element-60ae98c elementor-widget elementor-widget-text-editor\" data-id=\"60ae98c\" data-element_type=\"widget\" data-e-type=\"widget\" data-widget_type=\"text-editor.default\">\n\t\t\t\t<div class=\"elementor-widget-container\">\n\t\t\t\t\t\t\t\t\t<p>Giner Tarrida, Antoni. <em><a href=\"https:\/\/www.tesisenred.net\/handle\/10803\/51514\" target=\"_blank\" rel=\"noopener noreferrer\">Construcci\u00f3 de la identitat professional del tutor o tutora<\/a>.\u00a0<\/em> Directors: Joan Mateo Andr\u00e9s i Miquel Mart\u00ednez Mart\u00edn. Barcelona: Universitat de Barcelona, Departament de M\u00e8todes d&#8217;Investigaci\u00f3 i Diagn\u00f2stic en Educaci\u00f3, 2011.<\/p>\t\t\t\t\t\t\t\t<\/div>\n\t\t\t\t<\/div>\n\t\t\t\t<div class=\"elementor-element elementor-element-c89c602 elementor-widget elementor-widget-heading\" data-id=\"c89c602\" data-element_type=\"widget\" data-e-type=\"widget\" data-widget_type=\"heading.default\">\n\t\t\t\t<div class=\"elementor-widget-container\">\n\t\t\t\t\t<h2 class=\"elementor-heading-title elementor-size-medium\">2010<\/h2>\t\t\t\t<\/div>\n\t\t\t\t<\/div>\n\t\t\t\t<div class=\"elementor-element elementor-element-cc95357 elementor-widget elementor-widget-text-editor\" data-id=\"cc95357\" data-element_type=\"widget\" data-e-type=\"widget\" data-widget_type=\"text-editor.default\">\n\t\t\t\t<div class=\"elementor-widget-container\">\n\t\t\t\t\t\t\t\t\t<p>L\u00f3pez Gonz\u00e1lez, Luis.<a href=\"https:\/\/www.tdx.cat\/bitstream\/handle\/10803\/2364\/LLG_TESI.pdf?sequence=1\" target=\"_blank\" rel=\"noopener noreferrer\"> <em>Disseny i desenvolupament d\u2019un programa de relaxaci\u00f3 vivencial aplicada a al\u2019aula<\/em><\/a>. Directors: Rafael Bisquerra Alzina i Manuel \u00c1lvarez Gonz\u00e1lez. Barcelona: Universitat de Barcelona, Departament de M\u00e8todes d&#8217;Investigaci\u00f3 i Diagn\u00f2stic en Educaci\u00f3, 2010.<\/p>\t\t\t\t\t\t\t\t<\/div>\n\t\t\t\t<\/div>\n\t\t\t\t<div class=\"elementor-element elementor-element-8968da7 elementor-widget elementor-widget-heading\" data-id=\"8968da7\" data-element_type=\"widget\" data-e-type=\"widget\" data-widget_type=\"heading.default\">\n\t\t\t\t<div class=\"elementor-widget-container\">\n\t\t\t\t\t<h2 class=\"elementor-heading-title elementor-size-medium\">2007<\/h2>\t\t\t\t<\/div>\n\t\t\t\t<\/div>\n\t\t\t\t<div class=\"elementor-element elementor-element-98c5c1a elementor-widget elementor-widget-text-editor\" data-id=\"98c5c1a\" data-element_type=\"widget\" data-e-type=\"widget\" data-widget_type=\"text-editor.default\">\n\t\t\t\t<div class=\"elementor-widget-container\">\n\t\t\t\t\t\t\t\t\t<p style=\"text-align: justify;\">L\u00f3pez Cass\u00e0, \u00c8lia. <em>La educaci\u00f3n emocional en el segundo ciclo de la educaci\u00f3n infantil. Dise\u00f1o, desarrollo y evaluaci\u00f3n de un programa de educaci\u00f3n emocional para la prevenci\u00f3n y el desarrollo humano<\/em>. Barcelona: Universitat de Barcelona, 2007. (No publicada).<\/p>\t\t\t\t\t\t\t\t<\/div>\n\t\t\t\t<\/div>\n\t\t\t\t<div class=\"elementor-element elementor-element-b83b1fe elementor-widget elementor-widget-text-editor\" data-id=\"b83b1fe\" data-element_type=\"widget\" data-e-type=\"widget\" data-widget_type=\"text-editor.default\">\n\t\t\t\t<div class=\"elementor-widget-container\">\n\t\t\t\t\t\t\t\t\t<p>Soldevila Benet, Anna. <em>Dise\u00f1o, desarrollo y evaluaci\u00f3n de un programa de educaci\u00f3n emocional para personas mayores<\/em>.\u00a0 Lleida: Universitat de Lleida, 2007. (No publicada).<\/p>\t\t\t\t\t\t\t\t<\/div>\n\t\t\t\t<\/div>\n\t\t\t\t<div class=\"elementor-element elementor-element-dd5bf3d elementor-widget elementor-widget-heading\" data-id=\"dd5bf3d\" data-element_type=\"widget\" data-e-type=\"widget\" data-widget_type=\"heading.default\">\n\t\t\t\t<div class=\"elementor-widget-container\">\n\t\t\t\t\t<h2 class=\"elementor-heading-title elementor-size-medium\">2005<\/h2>\t\t\t\t<\/div>\n\t\t\t\t<\/div>\n\t\t\t\t<div class=\"elementor-element elementor-element-1630a65 elementor-widget elementor-widget-text-editor\" data-id=\"1630a65\" data-element_type=\"widget\" data-e-type=\"widget\" data-widget_type=\"text-editor.default\">\n\t\t\t\t<div class=\"elementor-widget-container\">\n\t\t\t\t\t\t\t\t\t<p>Obiols Soler, Meritxell. (2005).<a href=\"https:\/\/www.tdx.cat\/handle\/10803\/2347\" target=\"_blank\" rel=\"noopener noreferrer\"> <em>Disseny, desenvolupament i avaluaci\u00f3 d\u2019un programa d\u2019educaci\u00f3\u00a0 emocional en un centre educatiu<\/em><\/a>.\u00a0 Directors: Joan Mateo Andr\u00e9s i Rafael Bisquerra Alzina. Barcelona: Universitat de Barcelona, Departament de M\u00e8todes d&#8217;Investigaci\u00f3 i Diagn\u00f2stic en Educaci\u00f3, 2005.<\/p>\t\t\t\t\t\t\t\t<\/div>\n\t\t\t\t<\/div>\n\t\t\t\t<div class=\"elementor-element elementor-element-be554d3 elementor-widget elementor-widget-text-editor\" data-id=\"be554d3\" data-element_type=\"widget\" data-e-type=\"widget\" data-widget_type=\"text-editor.default\">\n\t\t\t\t<div class=\"elementor-widget-container\">\n\t\t\t\t\t\t\t\t\t<p style=\"text-align: justify;\">Mu\u00f1oz de Morales, M. <em>Dise\u00f1o, desarrollo y evaluaci\u00f3n de un programa de educaci\u00f3n emocional para la prevenci\u00f3n del estr\u00e9s psicosocial<\/em>. Barcelona: Universitat de Barcelona, 2005. (No publicada).<\/p>\t\t\t\t\t\t\t\t<\/div>\n\t\t\t\t<\/div>\n\t\t\t\t<div class=\"elementor-element elementor-element-54035e3 elementor-widget elementor-widget-heading\" data-id=\"54035e3\" data-element_type=\"widget\" data-e-type=\"widget\" data-widget_type=\"heading.default\">\n\t\t\t\t<div class=\"elementor-widget-container\">\n\t\t\t\t\t<h2 class=\"elementor-heading-title elementor-size-medium\">2003<\/h2>\t\t\t\t<\/div>\n\t\t\t\t<\/div>\n\t\t\t\t<div class=\"elementor-element elementor-element-82dbcb9 elementor-widget elementor-widget-text-editor\" data-id=\"82dbcb9\" data-element_type=\"widget\" data-e-type=\"widget\" data-widget_type=\"text-editor.default\">\n\t\t\t\t<div class=\"elementor-widget-container\">\n\t\t\t\t\t\t\t\t\t<p style=\"text-align: justify;\">Abarca Castillo, Maria Mireya. <em><a href=\"https:\/\/www.tesisenred.net\/handle\/10803\/2349\" target=\"_blank\" rel=\"noopener noreferrer\">La educaci\u00f3n emocional en la educaci\u00f3n primaria: curriculum y pr\u00e1ctica<\/a>. <\/em>Directors: Josefina Sala Roca i Rafael Bisquerra Alzina. Barcelona: Universitat de Barcelona, Departament de M\u00e8todes d&#8217;Investigaci\u00f3 i Diagn\u00f2stic en Educaci\u00f3, 2003.<\/p><p>Agull\u00f3 Morera, M. Jes\u00fas.\u00a0 <em>La Educaci\u00f3n Emocional en el ciclo medio de primaria: aplicaci\u00f3n y evaluaci\u00f3n de un programa de intervenci\u00f3n educativa para la prevenci\u00f3n y el desarrollo humano<\/em>. Directors: Gemma Filella Guiu i Jaume Sanuy. \u00a0Universitat de Lleida, Departament de Pedagogia i Psicologia, 2003.<\/p>\t\t\t\t\t\t\t\t<\/div>\n\t\t\t\t<\/div>\n\t\t\t\t\t<\/div>\n\t\t<\/div>\n\t\t\t\t\t<\/div>\n\t\t<\/section>\n\t\t\t\t<\/div>\n\t\t","protected":false},"excerpt":{"rendered":"<p>TESIS DOCTORALS 2025 Gomis, Raquel. Educar las emociones: Implementaci\u00f3n y Evaluaci\u00f3n de un Programa de Educaci\u00f3n Emocional. Directores: Gemma Filella Guiu i Agn\u00e8s Ros Morente. Lleida: Universitat de Lleida, Departament de Pedagogia i Psicologia, 2025. 2024 Estrada Fern\u00e1ndez, Xavier (2024). Estudi i exploraci\u00f3 de les funcions cognitives i el comportament hum\u00e0 en l\u2019\u00e0mbit formal i [&hellip;]<\/p>\n","protected":false},"author":1,"featured_media":0,"parent":0,"menu_order":0,"comment_status":"closed","ping_status":"closed","template":"elementor_canvas","meta":{"footnotes":""},"class_list":["post-3800","page","type-page","status-publish","hentry"],"_links":{"self":[{"href":"https:\/\/www.ub.edu\/grop\/wp-json\/wp\/v2\/pages\/3800","targetHints":{"allow":["GET"]}}],"collection":[{"href":"https:\/\/www.ub.edu\/grop\/wp-json\/wp\/v2\/pages"}],"about":[{"href":"https:\/\/www.ub.edu\/grop\/wp-json\/wp\/v2\/types\/page"}],"author":[{"embeddable":true,"href":"https:\/\/www.ub.edu\/grop\/wp-json\/wp\/v2\/users\/1"}],"replies":[{"embeddable":true,"href":"https:\/\/www.ub.edu\/grop\/wp-json\/wp\/v2\/comments?post=3800"}],"version-history":[{"count":15,"href":"https:\/\/www.ub.edu\/grop\/wp-json\/wp\/v2\/pages\/3800\/revisions"}],"predecessor-version":[{"id":7562,"href":"https:\/\/www.ub.edu\/grop\/wp-json\/wp\/v2\/pages\/3800\/revisions\/7562"}],"wp:attachment":[{"href":"https:\/\/www.ub.edu\/grop\/wp-json\/wp\/v2\/media?parent=3800"}],"curies":[{"name":"wp","href":"https:\/\/api.w.org\/{rel}","templated":true}]}}