{"id":4186,"date":"2019-10-28T13:10:38","date_gmt":"2019-10-28T12:10:38","guid":{"rendered":"http:\/\/www.ub.edu\/grop\/?page_id=4186"},"modified":"2026-03-19T10:16:10","modified_gmt":"2026-03-19T09:16:10","slug":"presentacio-grop","status":"publish","type":"page","link":"https:\/\/www.ub.edu\/grop\/","title":{"rendered":"PRESENTACI\u00d3 GROP"},"content":{"rendered":"\t\t<div data-elementor-type=\"wp-post\" data-elementor-id=\"4186\" class=\"elementor elementor-4186\">\n\t\t\t\t\t\t<section class=\"elementor-section elementor-top-section elementor-element elementor-element-d939656 elementor-section-boxed elementor-section-height-default elementor-section-height-default\" data-id=\"d939656\" data-element_type=\"section\" data-e-type=\"section\" data-settings=\"{&quot;background_background&quot;:&quot;classic&quot;}\">\n\t\t\t\t\t\t<div class=\"elementor-container elementor-column-gap-default\">\n\t\t\t\t\t<div class=\"elementor-column elementor-col-100 elementor-top-column elementor-element elementor-element-fe04ba9\" data-id=\"fe04ba9\" data-element_type=\"column\" data-e-type=\"column\">\n\t\t\t<div class=\"elementor-widget-wrap elementor-element-populated\">\n\t\t\t\t\t\t<div class=\"elementor-element elementor-element-840149f elementor-widget elementor-widget-image\" data-id=\"840149f\" data-element_type=\"widget\" data-e-type=\"widget\" data-widget_type=\"image.default\">\n\t\t\t\t<div class=\"elementor-widget-container\">\n\t\t\t\t\t\t\t\t\t\t\t\t\t\t\t<img fetchpriority=\"high\" decoding=\"async\" width=\"2268\" height=\"759\" src=\"https:\/\/www.ub.edu\/grop\/wp-content\/uploads\/2026\/03\/Noubanner2.png\" class=\"attachment-full size-full wp-image-7752\" alt=\"\" srcset=\"https:\/\/www.ub.edu\/grop\/wp-content\/uploads\/2026\/03\/Noubanner2.png 2268w, https:\/\/www.ub.edu\/grop\/wp-content\/uploads\/2026\/03\/Noubanner2-300x100.png 300w, https:\/\/www.ub.edu\/grop\/wp-content\/uploads\/2026\/03\/Noubanner2-1024x343.png 1024w, https:\/\/www.ub.edu\/grop\/wp-content\/uploads\/2026\/03\/Noubanner2-768x257.png 768w, https:\/\/www.ub.edu\/grop\/wp-content\/uploads\/2026\/03\/Noubanner2-1536x514.png 1536w, https:\/\/www.ub.edu\/grop\/wp-content\/uploads\/2026\/03\/Noubanner2-2048x685.png 2048w\" sizes=\"(max-width: 2268px) 100vw, 2268px\" \/>\t\t\t\t\t\t\t\t\t\t\t\t\t\t\t<\/div>\n\t\t\t\t<\/div>\n\t\t\t\t<div class=\"elementor-element elementor-element-5a8318b elementor-widget elementor-widget-text-editor\" data-id=\"5a8318b\" data-element_type=\"widget\" data-e-type=\"widget\" data-widget_type=\"text-editor.default\">\n\t\t\t\t<div class=\"elementor-widget-container\">\n\t\t\t\t\t\t\t\t\t<p><span data-contrast=\"auto\">El\u202f<\/span><b><span data-contrast=\"auto\">GROP<\/span><\/b><span data-contrast=\"auto\"> (Grup de Recerca en Orientaci\u00f3 Psicopedag\u00f2gica) \u00e9s un grup interuniversitari<\/span> <span data-contrast=\"auto\">de recerca consolidat i reconegut per la Generalitat de Catalunya (2021SGR 00243).\u00a0<\/span><span data-ccp-props=\"{&quot;134233117&quot;:false,&quot;134233118&quot;:false,&quot;201341983&quot;:0,&quot;335551550&quot;:6,&quot;335551620&quot;:6,&quot;335559738&quot;:0,&quot;335559739&quot;:360,&quot;335559740&quot;:240}\">\u00a0<\/span><\/p><p><span data-contrast=\"auto\">\u00c9s un grup integrat per professionals de diverses disciplines de la Universitat de Barcelona (UB) i la Universitat de Lleida (UdL). Aix\u00ed, el\u202f<\/span><span data-contrast=\"auto\">GROP de la UB<\/span><span data-contrast=\"auto\">\u202f\u00e9s dirigit per la Dra. \u00c8lia L\u00f3pez-Cass\u00e0, mentre que a la UdL \u00e9s liderat per la Dra. Gemma Filella Guiu.<\/span><span data-ccp-props=\"{&quot;134233117&quot;:false,&quot;134233118&quot;:false,&quot;201341983&quot;:0,&quot;335551550&quot;:6,&quot;335551620&quot;:6,&quot;335559738&quot;:0,&quot;335559739&quot;:360,&quot;335559740&quot;:240}\">\u00a0<\/span><\/p><p><span data-contrast=\"auto\">La l\u00ednia general de recerca del grup se centra en l\u2019orientaci\u00f3 psicopedag\u00f2gica i es focalitza en dues l\u00ednies principals d\u2019investigaci\u00f3: L\u2019Educaci\u00f3 emocional i l\u2019Orientaci\u00f3 educativa.<\/span><\/p>\t\t\t\t\t\t\t\t<\/div>\n\t\t\t\t<\/div>\n\t\t\t\t<div class=\"elementor-element elementor-element-7c5c7da elementor-widget elementor-widget-spacer\" data-id=\"7c5c7da\" data-element_type=\"widget\" data-e-type=\"widget\" data-widget_type=\"spacer.default\">\n\t\t\t\t<div class=\"elementor-widget-container\">\n\t\t\t\t\t\t\t<div class=\"elementor-spacer\">\n\t\t\t<div class=\"elementor-spacer-inner\"><\/div>\n\t\t<\/div>\n\t\t\t\t\t\t<\/div>\n\t\t\t\t<\/div>\n\t\t\t\t\t<\/div>\n\t\t<\/div>\n\t\t\t\t\t<\/div>\n\t\t<\/section>\n\t\t\t\t<section class=\"elementor-section elementor-top-section elementor-element elementor-element-c1f25f5 elementor-section-boxed elementor-section-height-default elementor-section-height-default\" data-id=\"c1f25f5\" data-element_type=\"section\" data-e-type=\"section\">\n\t\t\t\t\t\t<div class=\"elementor-container elementor-column-gap-default\">\n\t\t\t\t\t<div class=\"elementor-column elementor-col-100 elementor-top-column elementor-element elementor-element-fef54c1\" data-id=\"fef54c1\" data-element_type=\"column\" data-e-type=\"column\">\n\t\t\t<div class=\"elementor-widget-wrap elementor-element-populated\">\n\t\t\t\t\t\t<div class=\"elementor-element elementor-element-6390e84 elementor-widget elementor-widget-html\" data-id=\"6390e84\" data-element_type=\"widget\" data-e-type=\"widget\" data-widget_type=\"html.default\">\n\t\t\t\t<div class=\"elementor-widget-container\">\n\t\t\t\t\t<video width=\"100%\" controls=\"true\"  poster=\"https:\/\/cdnsecakmi.kaltura.com\/p\/3221703\/thumbnail\/entry_id\/1_3ja87xsw\/format\/webp\/width\/2048\">\r\n  <source src=\"https:\/\/cdnapi.kaltura.com\/p\/3221703\/sp\/322170300\/playManifest\/entryId\/1_3ja87xsw\/format\/download\/protocol\/https\/flavorParamIds\/487061\" type=\"video\/mp4\">\r\n  <\/video>\t\t\t\t<\/div>\n\t\t\t\t<\/div>\n\t\t\t\t\t<\/div>\n\t\t<\/div>\n\t\t\t\t\t<\/div>\n\t\t<\/section>\n\t\t\t\t<section class=\"elementor-section elementor-top-section elementor-element elementor-element-cf89fac elementor-section-boxed elementor-section-height-default elementor-section-height-default\" data-id=\"cf89fac\" data-element_type=\"section\" data-e-type=\"section\">\n\t\t\t\t\t\t<div class=\"elementor-container elementor-column-gap-default\">\n\t\t\t\t\t<div class=\"elementor-column elementor-col-100 elementor-top-column elementor-element elementor-element-db1f9c3\" data-id=\"db1f9c3\" data-element_type=\"column\" data-e-type=\"column\">\n\t\t\t<div class=\"elementor-widget-wrap\">\n\t\t\t\t\t\t\t<\/div>\n\t\t<\/div>\n\t\t\t\t\t<\/div>\n\t\t<\/section>\n\t\t\t\t<section class=\"elementor-section elementor-top-section elementor-element elementor-element-98ad6af elementor-section-boxed elementor-section-height-default elementor-section-height-default\" data-id=\"98ad6af\" data-element_type=\"section\" data-e-type=\"section\">\n\t\t\t\t\t\t<div class=\"elementor-container elementor-column-gap-default\">\n\t\t\t\t\t<div class=\"elementor-column elementor-col-100 elementor-top-column elementor-element elementor-element-435e9b7\" data-id=\"435e9b7\" data-element_type=\"column\" data-e-type=\"column\">\n\t\t\t<div class=\"elementor-widget-wrap elementor-element-populated\">\n\t\t\t\t\t\t<div class=\"elementor-element elementor-element-66df2ee elementor-shape-rounded elementor-grid-0 e-grid-align-center elementor-widget elementor-widget-social-icons\" data-id=\"66df2ee\" data-element_type=\"widget\" data-e-type=\"widget\" data-widget_type=\"social-icons.default\">\n\t\t\t\t<div class=\"elementor-widget-container\">\n\t\t\t\t\t\t\t<div class=\"elementor-social-icons-wrapper elementor-grid\" role=\"list\">\n\t\t\t\t\t\t\t<span class=\"elementor-grid-item\" role=\"listitem\">\n\t\t\t\t\t<a class=\"elementor-icon elementor-social-icon elementor-social-icon-instagram elementor-repeater-item-afaa607\" href=\"https:\/\/www.instagram.com\/gropub\/\" target=\"_blank\">\n\t\t\t\t\t\t<span class=\"elementor-screen-only\">Instagram<\/span>\n\t\t\t\t\t\t<i aria-hidden=\"true\" class=\"fab fa-instagram\"><\/i>\t\t\t\t\t<\/a>\n\t\t\t\t<\/span>\n\t\t\t\t\t\t\t<span class=\"elementor-grid-item\" role=\"listitem\">\n\t\t\t\t\t<a class=\"elementor-icon elementor-social-icon elementor-social-icon-twitter elementor-repeater-item-64f562a\" href=\"https:\/\/x.com\/GROPbarcelona\" target=\"_blank\">\n\t\t\t\t\t\t<span class=\"elementor-screen-only\">Twitter<\/span>\n\t\t\t\t\t\t<i aria-hidden=\"true\" class=\"fab fa-twitter\"><\/i>\t\t\t\t\t<\/a>\n\t\t\t\t<\/span>\n\t\t\t\t\t\t\t<span class=\"elementor-grid-item\" role=\"listitem\">\n\t\t\t\t\t<a class=\"elementor-icon elementor-social-icon elementor-social-icon-linkedin elementor-repeater-item-c769243\" href=\"http:\/\/www.linkedin.com\/in\/gropubarcelona\" target=\"_blank\">\n\t\t\t\t\t\t<span class=\"elementor-screen-only\">Linkedin<\/span>\n\t\t\t\t\t\t<i aria-hidden=\"true\" class=\"fab fa-linkedin\"><\/i>\t\t\t\t\t<\/a>\n\t\t\t\t<\/span>\n\t\t\t\t\t\t\t<span class=\"elementor-grid-item\" role=\"listitem\">\n\t\t\t\t\t<a class=\"elementor-icon elementor-social-icon elementor-social-icon-facebook elementor-repeater-item-509ed0c\" href=\"https:\/\/www.facebook.com\/gropub\" target=\"_blank\">\n\t\t\t\t\t\t<span class=\"elementor-screen-only\">Facebook<\/span>\n\t\t\t\t\t\t<i aria-hidden=\"true\" class=\"fab fa-facebook\"><\/i>\t\t\t\t\t<\/a>\n\t\t\t\t<\/span>\n\t\t\t\t\t<\/div>\n\t\t\t\t\t\t<\/div>\n\t\t\t\t<\/div>\n\t\t\t\t\t<\/div>\n\t\t<\/div>\n\t\t\t\t\t<\/div>\n\t\t<\/section>\n\t\t\t\t<\/div>\n\t\t","protected":false},"excerpt":{"rendered":"<p>El\u202fGROP (Grup de Recerca en Orientaci\u00f3 Psicopedag\u00f2gica) \u00e9s un grup interuniversitari de recerca consolidat i reconegut per la Generalitat de Catalunya (2021SGR 00243).\u00a0\u00a0 \u00c9s un grup integrat per professionals de diverses disciplines de la Universitat de Barcelona (UB) i la Universitat de Lleida (UdL). Aix\u00ed, el\u202fGROP de la UB\u202f\u00e9s dirigit per la Dra. \u00c8lia L\u00f3pez-Cass\u00e0, [&hellip;]<\/p>\n","protected":false},"author":1,"featured_media":0,"parent":0,"menu_order":0,"comment_status":"closed","ping_status":"closed","template":"elementor_canvas","meta":{"footnotes":""},"class_list":["post-4186","page","type-page","status-publish","hentry"],"_links":{"self":[{"href":"https:\/\/www.ub.edu\/grop\/wp-json\/wp\/v2\/pages\/4186","targetHints":{"allow":["GET"]}}],"collection":[{"href":"https:\/\/www.ub.edu\/grop\/wp-json\/wp\/v2\/pages"}],"about":[{"href":"https:\/\/www.ub.edu\/grop\/wp-json\/wp\/v2\/types\/page"}],"author":[{"embeddable":true,"href":"https:\/\/www.ub.edu\/grop\/wp-json\/wp\/v2\/users\/1"}],"replies":[{"embeddable":true,"href":"https:\/\/www.ub.edu\/grop\/wp-json\/wp\/v2\/comments?post=4186"}],"version-history":[{"count":18,"href":"https:\/\/www.ub.edu\/grop\/wp-json\/wp\/v2\/pages\/4186\/revisions"}],"predecessor-version":[{"id":7762,"href":"https:\/\/www.ub.edu\/grop\/wp-json\/wp\/v2\/pages\/4186\/revisions\/7762"}],"wp:attachment":[{"href":"https:\/\/www.ub.edu\/grop\/wp-json\/wp\/v2\/media?parent=4186"}],"curies":[{"name":"wp","href":"https:\/\/api.w.org\/{rel}","templated":true}]}}